{"id":1040,"date":"2017-12-14T09:04:53","date_gmt":"2017-12-14T08:04:53","guid":{"rendered":"http:\/\/www.uach.sav.sk\/sk\/?page_id=1040"},"modified":"2017-12-14T15:29:50","modified_gmt":"2017-12-14T14:29:50","slug":"riaditelia-uach","status":"publish","type":"page","link":"https:\/\/uach.sav.sk\/sk\/o-ustave\/fotogaleria\/riaditelia-uach\/","title":{"rendered":"Riaditelia \u00daACH"},"content":{"rendered":"<div class=\"wonderplugingallery-container\" id=\"wonderplugingallery-container-2\" style=\"max-width:640px;margin:0 auto;\"><div class=\"wonderplugingallery\" id=\"wonderplugingallery-2\" data-galleryid=\"2\" data-width=\"640\" data-height=\"360\" data-skin=\"gallery\" data-random=\"false\" data-autoslide=\"false\" data-autoplayvideo=\"false\" data-schemamarkup=\"false\" data-hidetitlewhenvideoisplaying=\"false\" data-disablehovereventontouch=\"false\" data-autoslideandplayafterfirstplayed=\"false\" data-html5player=\"true\" data-responsive=\"true\" data-fullwidth=\"false\" data-showtitle=\"true\" data-showdescription=\"true\" data-showplaybutton=\"true\" data-showfullscreenbutton=\"true\" data-showtimer=\"true\" data-showcarousel=\"true\" data-galleryshadow=\"false\" data-slideshadow=\"true\" data-thumbshowtitle=\"true\" data-thumbshadow=\"true\" data-lightboxshowtitle=\"true\" data-lightboxshowdescription=\"true\" data-specifyid=\"true\" data-donotinit=\"false\" data-addinitscript=\"false\" data-triggerresize=\"false\" data-thumbcolumnsresponsive=\"false\" data-showimgtitle=\"false\" data-titlesmallscreen=\"false\" data-initsocial=\"true\" data-showsocial=\"false\" data-showemail=\"false\" data-showfacebook=\"true\" data-showtwitter=\"true\" data-showpinterest=\"true\" data-socialrotateeffect=\"true\" data-doshortcodeontext=\"false\" data-duration=\"1500\" data-slideduration=\"1000\" data-slideshowinterval=\"6000\" data-googleanalyticsaccount=\"\" data-resizemode=\"fill\" data-imagetoolboxmode=\"mouseover\" data-effect=\"fade\" data-padding=\"12\" data-bgcolor=\"\" data-bgimage=\"\" data-thumbwidth=\"120\" data-thumbheight=\"60\" data-thumbgap=\"8\" data-thumbrowgap=\"16\" data-lightboxtextheight=\"72\" data-lightboxtitlecss=\"{color:#333333; font:bold 12px Arial,Helvetica,sans-serif; overflow:hidden; white-space:normal; line-height:18px;}\" data-lightboxdescriptioncss=\"{color:#333333; font:normal 12px Arial,Helvetica,sans-serif; overflow:hidden; white-space:normal; line-height:14px;}\" data-titlecss=\"{color:#ffffff; font-size:14px; font-family:Armata, sans-serif, Arial; overflow:hidden; text-align:left; padding:10px 0px 10px 10px; background:rgb(102, 102, 102) transparent; background:rgba(102, 102, 102, 0.6);}\" data-descriptioncss=\"{color:#ffffff; font-size:13px; font-family:Armata, sans-serif, Arial; overflow:hidden; text-align:left; padding:0px 0px 10px 10px; background:rgb(102, 102, 102) transparent; background:rgba(102, 102, 102, 0.6);}\" data-titleheight=\"72\" data-titlesmallscreenwidth=\"640\" data-titleheightsmallscreen=\"148\" data-socialmode=\"mouseover\" data-socialposition=\"position:absolute;top:8px;right:8px;\" data-socialpositionlightbox=\"position:absolute;top:8px;right:8px;\" data-socialdirection=\"horizontal\" data-socialbuttonsize=\"32\" data-socialbuttonfontsize=\"18\" data-triggerresizedelay=\"100\" data-thumbmediumsize=\"800\" data-thumbsmallsize=\"480\" data-thumbmediumwidth=\"64\" data-thumbmediumheight=\"64\" data-thumbsmallwidth=\"48\" data-thumbsmallheight=\"48\" data-imgtitle=\"title\" data-jsfolder=\"https:\/\/uach.sav.sk\/sk\/wp-content\/plugins\/wonderplugin-gallery\/engine\/\" style=\"display:none;\" ><a class=\"html5galleryimglink\" href=\"https:\/\/uach.sav.sk\/sk\/wp-content\/uploads\/sites\/2\/1_Gregor.jpg\" data-mediatype=1 rel=\"lightbox[1040]\"><img decoding=\"async\" class=\"html5galleryimg html5gallery-tn-image\" src=\"https:\/\/uach.sav.sk\/sk\/wp-content\/uploads\/sites\/2\/1_Gregor-150x150.jpg\" alt=\"prof. dr. Ing. RNDr. Mikul\u00e1\u0161 Gregor, DrSc.\" data-description=\"1953-1963\"><\/a><div class=\"html5gallery-info\"><div class=\"html5gallery-title\">prof. dr. Ing. RNDr. Mikul\u00e1\u0161 Gregor, DrSc.<\/div><div class=\"html5gallery-description\">1953-1963<\/div><\/div><a class=\"html5galleryimglink\" href=\"https:\/\/uach.sav.sk\/sk\/wp-content\/uploads\/sites\/2\/3_hanic.jpg\" data-mediatype=1 rel=\"lightbox[1040]\"><img decoding=\"async\" class=\"html5galleryimg html5gallery-tn-image\" src=\"https:\/\/uach.sav.sk\/sk\/wp-content\/uploads\/sites\/2\/3_hanic-150x150.jpg\" alt=\"doc. Ing. Franti\u0161ek Hanic, DrSc.\" data-description=\"1963-1970\"><\/a><div class=\"html5gallery-info\"><div class=\"html5gallery-title\">doc. Ing. Franti\u0161ek Hanic, DrSc.<\/div><div class=\"html5gallery-description\">1963-1970<\/div><\/div><a class=\"html5galleryimglink\" href=\"https:\/\/uach.sav.sk\/sk\/wp-content\/uploads\/sites\/2\/3_kanclir.jpg\" data-mediatype=1 rel=\"lightbox[1040]\"><img decoding=\"async\" class=\"html5galleryimg html5gallery-tn-image\" src=\"https:\/\/uach.sav.sk\/sk\/wp-content\/uploads\/sites\/2\/3_kanclir-150x150.jpg\" alt=\"dr. Ing. Edmund Kancl\u00ed\u0159, DrSc.\" data-description=\"1970-1982\"><\/a><div class=\"html5gallery-info\"><div class=\"html5gallery-title\">dr. Ing. Edmund Kancl\u00ed\u0159, DrSc.<\/div><div class=\"html5gallery-description\">1970-1982<\/div><\/div><a class=\"html5galleryimglink\" href=\"https:\/\/uach.sav.sk\/sk\/wp-content\/uploads\/sites\/2\/4_zikmund.jpg\" data-mediatype=1 rel=\"lightbox[1040]\"><img decoding=\"async\" class=\"html5galleryimg html5gallery-tn-image\" src=\"https:\/\/uach.sav.sk\/sk\/wp-content\/uploads\/sites\/2\/4_zikmund-150x150.jpg\" alt=\"Ing. Miroslav Zikmund, CSc.\" data-description=\"1982-1990\"><\/a><div class=\"html5gallery-info\"><div class=\"html5gallery-title\">Ing. Miroslav Zikmund, CSc.<\/div><div class=\"html5gallery-description\">1982-1990<\/div><\/div><a class=\"html5galleryimglink\" href=\"https:\/\/uach.sav.sk\/sk\/wp-content\/uploads\/sites\/2\/5_cicel.jpg\" data-mediatype=1 rel=\"lightbox[1040]\"><img decoding=\"async\" class=\"html5galleryimg html5gallery-tn-image\" src=\"https:\/\/uach.sav.sk\/sk\/wp-content\/uploads\/sites\/2\/5_cicel-150x150.jpg\" alt=\"Ing. Blahoslav \u010c\u00ed\u010del, DrSc.\" data-description=\"1990-1991\"><\/a><div class=\"html5gallery-info\"><div class=\"html5gallery-title\">Ing. Blahoslav \u010c\u00ed\u010del, DrSc.<\/div><div class=\"html5gallery-description\">1990-1991<\/div><\/div><a class=\"html5galleryimglink\" href=\"https:\/\/uach.sav.sk\/sk\/wp-content\/uploads\/sites\/2\/6_Danek.jpg\" data-mediatype=1 rel=\"lightbox[1040]\"><img decoding=\"async\" class=\"html5galleryimg html5gallery-tn-image\" src=\"https:\/\/uach.sav.sk\/sk\/wp-content\/uploads\/sites\/2\/6_Danek-150x150.jpg\" alt=\"doc. Ing. Vladim\u00edr Dan\u011bk, DrSc.\" data-description=\"1991-1995\"><\/a><div class=\"html5gallery-info\"><div class=\"html5gallery-title\">doc. Ing. Vladim\u00edr Dan\u011bk, DrSc.<\/div><div class=\"html5gallery-description\">1991-1995<\/div><\/div><a class=\"html5galleryimglink\" href=\"https:\/\/uach.sav.sk\/sk\/wp-content\/uploads\/sites\/2\/7_Noga1.jpg\" data-mediatype=1 rel=\"lightbox[1040]\"><img decoding=\"async\" class=\"html5galleryimg html5gallery-tn-image\" src=\"https:\/\/uach.sav.sk\/sk\/wp-content\/uploads\/sites\/2\/7_Noga1-150x150.jpg\" alt=\"prof. RNDr. Jozef Noga, DrSc.\" data-description=\"1995-1999\"><\/a><div class=\"html5gallery-info\"><div class=\"html5gallery-title\">prof. RNDr. Jozef Noga, DrSc.<\/div><div class=\"html5gallery-description\">1995-1999<\/div><\/div><a class=\"html5galleryimglink\" href=\"https:\/\/uach.sav.sk\/sk\/wp-content\/uploads\/sites\/2\/8_Pavol_Sajgalik.jpg\" data-mediatype=1 rel=\"lightbox[1040]\"><img decoding=\"async\" class=\"html5galleryimg html5gallery-tn-image\" src=\"https:\/\/uach.sav.sk\/sk\/wp-content\/uploads\/sites\/2\/8_Pavol_Sajgalik-150x150.jpg\" alt=\"prof. RNDr. Pavol \u0160ajgal\u00edk, DrSc.\" data-description=\"1999-2013\"><\/a><div class=\"html5gallery-info\"><div class=\"html5gallery-title\">prof. RNDr. Pavol \u0160ajgal\u00edk, DrSc.<\/div><div class=\"html5gallery-description\">1999-2013<\/div><\/div><a class=\"html5galleryimglink\" href=\"https:\/\/uach.sav.sk\/sk\/wp-content\/uploads\/sites\/2\/1_M-Boca.jpg\" data-mediatype=1 rel=\"lightbox[1040]\"><img decoding=\"async\" class=\"html5galleryimg html5gallery-tn-image\" src=\"https:\/\/uach.sav.sk\/sk\/wp-content\/uploads\/sites\/2\/1_M-Boca-150x150.jpg\" alt=\"doc. Ing. Miroslav Bo\u010da, DrSc.\" data-description=\"2013-\"><\/a><div class=\"html5gallery-info\"><div class=\"html5gallery-title\">doc. Ing. Miroslav Bo\u010da, DrSc.<\/div><div class=\"html5gallery-description\">2013-<\/div><\/div><div class=\"wonderplugin-engine\"><a href=\"http:\/\/www.wonderplugin.com\/wordpress-gallery\/\" title=\"Responsive WordPress YouTube Gallery Plugin\">Responsive WordPress YouTube Gallery Plugin<\/a><\/div><\/div><\/div>\n","protected":false},"excerpt":{"rendered":"","protected":false},"author":1,"featured_media":0,"parent":25,"menu_order":10,"comment_status":"closed","ping_status":"closed","template":"","meta":{"footnotes":"","_links_to":"","_links_to_target":""},"class_list":["post-1040","page","type-page","status-publish","hentry"],"_links":{"self":[{"href":"https:\/\/uach.sav.sk\/sk\/wp-json\/wp\/v2\/pages\/1040","targetHints":{"allow":["GET"]}}],"collection":[{"href":"https:\/\/uach.sav.sk\/sk\/wp-json\/wp\/v2\/pages"}],"about":[{"href":"https:\/\/uach.sav.sk\/sk\/wp-json\/wp\/v2\/types\/page"}],"author":[{"embeddable":true,"href":"https:\/\/uach.sav.sk\/sk\/wp-json\/wp\/v2\/users\/1"}],"replies":[{"embeddable":true,"href":"https:\/\/uach.sav.sk\/sk\/wp-json\/wp\/v2\/comments?post=1040"}],"version-history":[{"count":4,"href":"https:\/\/uach.sav.sk\/sk\/wp-json\/wp\/v2\/pages\/1040\/revisions"}],"predecessor-version":[{"id":1059,"href":"https:\/\/uach.sav.sk\/sk\/wp-json\/wp\/v2\/pages\/1040\/revisions\/1059"}],"up":[{"embeddable":true,"href":"https:\/\/uach.sav.sk\/sk\/wp-json\/wp\/v2\/pages\/25"}],"wp:attachment":[{"href":"https:\/\/uach.sav.sk\/sk\/wp-json\/wp\/v2\/media?parent=1040"}],"curies":[{"name":"wp","href":"https:\/\/api.w.org\/{rel}","templated":true}]}}