{"id":1043,"date":"2017-12-14T09:08:24","date_gmt":"2017-12-14T08:08:24","guid":{"rendered":"http:\/\/www.uach.sav.sk\/sk\/?page_id=1043"},"modified":"2017-12-14T15:52:57","modified_gmt":"2017-12-14T14:52:57","slug":"ocenenia","status":"publish","type":"page","link":"https:\/\/uach.sav.sk\/sk\/o-ustave\/fotogaleria\/ocenenia\/","title":{"rendered":"Ocenenia"},"content":{"rendered":"<p><span style=\"color: #008080;\"><strong>2013-2016<\/strong><\/span><\/p>\n<div class=\"wonderplugingallery-container\" id=\"wonderplugingallery-container-3\" style=\"max-width:640px;margin:0 auto;\"><div class=\"wonderplugingallery\" id=\"wonderplugingallery-3\" data-galleryid=\"3\" data-width=\"640\" data-height=\"360\" data-skin=\"gallery\" data-random=\"false\" data-autoslide=\"false\" data-autoplayvideo=\"false\" data-schemamarkup=\"false\" data-hidetitlewhenvideoisplaying=\"false\" data-disablehovereventontouch=\"false\" data-autoslideandplayafterfirstplayed=\"false\" data-html5player=\"true\" data-responsive=\"true\" data-fullwidth=\"false\" data-showtitle=\"true\" data-showdescription=\"true\" data-showplaybutton=\"true\" data-showfullscreenbutton=\"true\" data-showtimer=\"true\" data-showcarousel=\"true\" data-galleryshadow=\"false\" data-slideshadow=\"true\" data-thumbshowtitle=\"true\" data-thumbshadow=\"true\" data-lightboxshowtitle=\"true\" data-lightboxshowdescription=\"true\" data-specifyid=\"true\" data-donotinit=\"false\" data-addinitscript=\"false\" data-triggerresize=\"false\" data-thumbcolumnsresponsive=\"false\" data-showimgtitle=\"false\" data-titlesmallscreen=\"false\" data-initsocial=\"true\" data-showsocial=\"false\" data-showemail=\"false\" data-showfacebook=\"true\" data-showtwitter=\"true\" data-showpinterest=\"true\" data-socialrotateeffect=\"true\" data-doshortcodeontext=\"false\" data-duration=\"1500\" data-slideduration=\"1000\" data-slideshowinterval=\"6000\" data-googleanalyticsaccount=\"\" data-resizemode=\"fill\" data-imagetoolboxmode=\"mouseover\" data-effect=\"fade\" data-padding=\"12\" data-bgcolor=\"\" data-bgimage=\"\" data-thumbwidth=\"120\" data-thumbheight=\"60\" data-thumbgap=\"8\" data-thumbrowgap=\"16\" data-lightboxtextheight=\"72\" data-lightboxtitlecss=\"{color:#333333; font:bold 12px Arial,Helvetica,sans-serif; overflow:hidden; white-space:normal; line-height:18px;}\" data-lightboxdescriptioncss=\"{color:#333333; font:normal 12px Arial,Helvetica,sans-serif; overflow:hidden; white-space:normal; line-height:14px;}\" data-titlecss=\"{color:#ffffff; font-size:14px; font-family:Armata, sans-serif, Arial; overflow:hidden; text-align:left; padding:10px 0px 10px 10px; background:rgb(102, 102, 102) transparent; background:rgba(102, 102, 102, 0.6);}\" data-descriptioncss=\"{color:#ffffff; font-size:13px; font-family:Armata, sans-serif, Arial; overflow:hidden; text-align:left; padding:0px 0px 10px 10px; background:rgb(102, 102, 102) transparent; background:rgba(102, 102, 102, 0.6);}\" data-titleheight=\"72\" data-titlesmallscreenwidth=\"640\" data-titleheightsmallscreen=\"148\" data-socialmode=\"mouseover\" data-socialposition=\"position:absolute;top:8px;right:8px;\" data-socialpositionlightbox=\"position:absolute;top:8px;right:8px;\" data-socialdirection=\"horizontal\" data-socialbuttonsize=\"32\" data-socialbuttonfontsize=\"18\" data-triggerresizedelay=\"100\" data-thumbmediumsize=\"800\" data-thumbsmallsize=\"480\" data-thumbmediumwidth=\"64\" data-thumbmediumheight=\"64\" data-thumbsmallwidth=\"48\" data-thumbsmallheight=\"48\" data-imgtitle=\"title\" data-jsfolder=\"https:\/\/uach.sav.sk\/sk\/wp-content\/plugins\/wonderplugin-gallery\/engine\/\" style=\"display:none;\" ><a class=\"html5galleryimglink\" href=\"https:\/\/uach.sav.sk\/sk\/wp-content\/uploads\/sites\/2\/Ocenenie-Bujdak.jpg\" data-mediatype=1 rel=\"lightbox[1043]\"><img decoding=\"async\" class=\"html5galleryimg html5gallery-tn-image\" src=\"https:\/\/uach.sav.sk\/sk\/wp-content\/uploads\/sites\/2\/Ocenenie-Bujdak-150x150.jpg\" alt=\"Juraj Bujd\u00e1k (v\u013eavo)\" data-description=\"\u010cestn\u00e1 plaketa SAV Dion\u00fdza \u0160t\u00fara (2015)\"><\/a><div class=\"html5gallery-info\"><div class=\"html5gallery-title\">Juraj Bujd\u00e1k (v\u013eavo)<\/div><div class=\"html5gallery-description\">\u010cestn\u00e1 plaketa SAV Dion\u00fdza \u0160t\u00fara (2015)<\/div><\/div><a class=\"html5galleryimglink\" href=\"https:\/\/uach.sav.sk\/sk\/wp-content\/uploads\/sites\/2\/image_thumb-2.jpg\" data-mediatype=1 rel=\"lightbox[1043]\"><img decoding=\"async\" class=\"html5galleryimg html5gallery-tn-image\" src=\"https:\/\/uach.sav.sk\/sk\/wp-content\/uploads\/sites\/2\/image_thumb-2-150x150.jpg\" alt=\"Zolt\u00e1n Len\u010d\u00e9\u0161\" data-description=\"\u010cestn\u00e1 plaketa SAV Dion\u00fdza Ilkovi\u010da (2015)\"><\/a><div class=\"html5gallery-info\"><div class=\"html5gallery-title\">Zolt\u00e1n Len\u010d\u00e9\u0161<\/div><div class=\"html5gallery-description\">\u010cestn\u00e1 plaketa SAV Dion\u00fdza Ilkovi\u010da (2015)<\/div><\/div><a class=\"html5galleryimglink\" href=\"https:\/\/uach.sav.sk\/sk\/wp-content\/uploads\/sites\/2\/sajgalik-ocenenie-1.jpg\" data-mediatype=1 rel=\"lightbox[1043]\"><img decoding=\"async\" class=\"html5galleryimg html5gallery-tn-image\" src=\"https:\/\/uach.sav.sk\/sk\/wp-content\/uploads\/sites\/2\/sajgalik-ocenenie-1-150x150.jpg\" alt=\"Pavol \u0160ajgal\u00edk\" data-description=\"Rad \u013dudov\u00edta \u0160t\u00fara III. triedy za mimoriadne z\u00e1sluhy o rozvoj vedy, techniky a \u0161kolstva (2015)\"><\/a><div class=\"html5gallery-info\"><div class=\"html5gallery-title\">Pavol \u0160ajgal\u00edk<\/div><div class=\"html5gallery-description\">Rad \u013dudov\u00edta \u0160t\u00fara III. triedy za mimoriadne z\u00e1sluhy o rozvoj vedy, techniky a \u0161kolstva (2015)<\/div><\/div><a class=\"html5galleryimglink\" href=\"https:\/\/uach.sav.sk\/sk\/wp-content\/uploads\/sites\/2\/2_Award_Juraj-Bujdak.jpg\" data-mediatype=1 rel=\"lightbox[1043]\"><img decoding=\"async\" class=\"html5galleryimg html5gallery-tn-image\" src=\"https:\/\/uach.sav.sk\/sk\/wp-content\/uploads\/sites\/2\/2_Award_Juraj-Bujdak-150x150.jpg\" alt=\"Juraj Bujd\u00e1k (vpravo)\" data-description=\"Gerhard-Lagaly-Award of the DTTG (2014)\"><\/a><div class=\"html5gallery-info\"><div class=\"html5gallery-title\">Juraj Bujd\u00e1k (vpravo)<\/div><div class=\"html5gallery-description\">Gerhard-Lagaly-Award of the DTTG (2014)<\/div><\/div><a class=\"html5galleryimglink\" href=\"https:\/\/uach.sav.sk\/sk\/wp-content\/uploads\/sites\/2\/2_Award_P-Sajgalik.jpg\" data-mediatype=1 rel=\"lightbox[1043]\"><img decoding=\"async\" class=\"html5galleryimg html5gallery-tn-image\" src=\"https:\/\/uach.sav.sk\/sk\/wp-content\/uploads\/sites\/2\/2_Award_P-Sajgalik-150x150.jpg\" alt=\"Pavol \u0160ajgal\u00edk (v\u013eavo)\" data-description=\"Stujts Award of the European Ceramic Society (2013)\"><\/a><div class=\"html5gallery-info\"><div class=\"html5gallery-title\">Pavol \u0160ajgal\u00edk (v\u013eavo)<\/div><div class=\"html5gallery-description\">Stujts Award of the European Ceramic Society (2013)<\/div><\/div><div class=\"wonderplugin-engine\"><a href=\"http:\/\/www.wonderplugin.com\/wordpress-gallery\/\" title=\"Responsive WordPress YouTube Gallery Plugin\">Responsive WordPress YouTube Gallery Plugin<\/a><\/div><\/div><\/div>\n","protected":false},"excerpt":{"rendered":"<p>2013-2016<\/p>\n","protected":false},"author":1,"featured_media":0,"parent":25,"menu_order":20,"comment_status":"closed","ping_status":"closed","template":"","meta":{"footnotes":"","_links_to":"","_links_to_target":""},"class_list":["post-1043","page","type-page","status-publish","hentry"],"_links":{"self":[{"href":"https:\/\/uach.sav.sk\/sk\/wp-json\/wp\/v2\/pages\/1043","targetHints":{"allow":["GET"]}}],"collection":[{"href":"https:\/\/uach.sav.sk\/sk\/wp-json\/wp\/v2\/pages"}],"about":[{"href":"https:\/\/uach.sav.sk\/sk\/wp-json\/wp\/v2\/types\/page"}],"author":[{"embeddable":true,"href":"https:\/\/uach.sav.sk\/sk\/wp-json\/wp\/v2\/users\/1"}],"replies":[{"embeddable":true,"href":"https:\/\/uach.sav.sk\/sk\/wp-json\/wp\/v2\/comments?post=1043"}],"version-history":[{"count":3,"href":"https:\/\/uach.sav.sk\/sk\/wp-json\/wp\/v2\/pages\/1043\/revisions"}],"predecessor-version":[{"id":1071,"href":"https:\/\/uach.sav.sk\/sk\/wp-json\/wp\/v2\/pages\/1043\/revisions\/1071"}],"up":[{"embeddable":true,"href":"https:\/\/uach.sav.sk\/sk\/wp-json\/wp\/v2\/pages\/25"}],"wp:attachment":[{"href":"https:\/\/uach.sav.sk\/sk\/wp-json\/wp\/v2\/media?parent=1043"}],"curies":[{"name":"wp","href":"https:\/\/api.w.org\/{rel}","templated":true}]}}