{"id":11,"date":"2017-02-15T12:23:59","date_gmt":"2017-02-15T11:23:59","guid":{"rendered":"http:\/\/www.uach.sav.sk\/?page_id=11"},"modified":"2026-03-08T20:33:56","modified_gmt":"2026-03-08T19:33:56","slug":"historia","status":"publish","type":"page","link":"https:\/\/uach.sav.sk\/sk\/o-ustave\/historia\/","title":{"rendered":"Hist\u00f3ria"},"content":{"rendered":"<p>Zakladate\u013e a prv\u00fd riadite\u013e \u00fastavu profesor Mikul\u00e1\u0161 Gregor 27. j\u00fana 1953 na zasadnut\u00ed Oddelenia pr\u00edrodn\u00fdch a matematick\u00fdch vied Slovenskej akad\u00e9mie vied obh\u00e1jil vedeck\u00fa koncepciu Laborat\u00f3ria anorganickej ch\u00e9mie. Tento de\u0148 sa pova\u017euje za za\u010diatok hist\u00f3rie \u00fastavu. Vedeck\u00e1 koncepcia laborat\u00f3ria bola orientovan\u00e1 na potreby a po\u017eiadavky vtedaj\u0161ieho priemyslu, preto bola zameran\u00e1 na chemick\u00e9 postupy spracovania anorganick\u00fdch surov\u00edn, predov\u0161etk\u00fdm na v\u00fdrobu cementov, \u017eiaruvzdorn\u00fdch materi\u00e1lov a akt\u00edvnych smektitov. Okrem tohto bola venovan\u00e1 pozornos\u0165 v\u00fdskumu s\u00favisiaceho s v\u00fdrobou hlin\u00edka. V roku 1960 sa z laborat\u00f3ria stal \u00dastav anorganickej ch\u00e9mie SAV, samostatn\u00e1 organiza\u010dn\u00e1 jednotka Slovenskej akad\u00e9mie vied. V tom \u010dase \u00fastav pozost\u00e1val zo \u0161tyroch oddelen\u00ed: Oddelenia silik\u00e1tovej ch\u00e9mie, Oddelenia hydrosilik\u00e1tov, Oddelenia so\u013en\u00fdch taven\u00edn a Oddelenia synt\u00e9z a \u0161trukt\u00farnej ch\u00e9mie. V jemne modifikovan\u00fdch form\u00e1ch s\u00fa tieto \u0161tyri oddelenia doteraz prirodzenou s\u00fa\u010das\u0165ou \u00fastavu.<\/p>\n<p>Po\u010das vy\u0161e 60-ro\u010dnej hist\u00f3rie st\u00e1lo na \u010dele \u00fastavu desa\u0165 riadite\u013eov. Ka\u017ed\u00fd z nich priniesol so sebou nov\u00e9 my\u0161lienky a posunul \u00fastav smerom k vy\u0161\u0161ej n\u00e1rodnej a medzin\u00e1rodnej vedeckej reput\u00e1cii. Im patr\u00ed na\u0161e najvy\u0161\u0161ie uznanie. \u00dastav sa vyvinul do modernej v\u00fdskumnej in\u0161tit\u00facie s dobre definovan\u00fdmi cie\u013emi a \u0161irokou medzin\u00e1rodnou spolupr\u00e1cou a reput\u00e1ciou.<\/p>\n<p>\u00dastav anorganickej ch\u00e9mie je jednou zo 70 in\u0161tit\u00faci\u00ed zastre\u0161uj\u00facich v\u00fdskumn\u00e9 aktivity Slovenskej akad\u00e9mie vied. Je za\u010dlenen\u00fd do II. oddelenia vied o \u017eivej pr\u00edrode a chemick\u00fdch ved\u00e1ch. Toto oddelenie koordinuje aktivity 22 vedecko-v\u00fdskumn\u00fdch \u00fastavov. V s\u00fa\u010dasnosti s\u00fa vedeck\u00e9 aktivity \u00fastavu zameran\u00e9 na v\u00fdskum anorganick\u00fdch a bioanorganick\u00fdch s\u00fastav vhodn\u00fdch na v\u00fdvoj nov\u00fdch materi\u00e1lov a technol\u00f3gi\u00ed, ktor\u00fd \u00fazko s\u00favis\u00ed s v\u00fdvojom nov\u00fdch teoretick\u00fdch a experiment\u00e1lnych met\u00f3d.<\/p>\n","protected":false},"excerpt":{"rendered":"<p>Zakladate\u013e a prv\u00fd riadite\u013e \u00fastavu profesor Mikul\u00e1\u0161 Gregor 27. j\u00fana 1953 na zasadnut\u00ed Oddelenia pr\u00edrodn\u00fdch a matematick\u00fdch vied Slovenskej akad\u00e9mie vied obh\u00e1jil vedeck\u00fa koncepciu Laborat\u00f3ria&#8230;<\/p>\n","protected":false},"author":1,"featured_media":0,"parent":7,"menu_order":20,"comment_status":"closed","ping_status":"closed","template":"","meta":{"footnotes":"","_links_to":"","_links_to_target":""},"class_list":["post-11","page","type-page","status-publish","hentry"],"_links":{"self":[{"href":"https:\/\/uach.sav.sk\/sk\/wp-json\/wp\/v2\/pages\/11","targetHints":{"allow":["GET"]}}],"collection":[{"href":"https:\/\/uach.sav.sk\/sk\/wp-json\/wp\/v2\/pages"}],"about":[{"href":"https:\/\/uach.sav.sk\/sk\/wp-json\/wp\/v2\/types\/page"}],"author":[{"embeddable":true,"href":"https:\/\/uach.sav.sk\/sk\/wp-json\/wp\/v2\/users\/1"}],"replies":[{"embeddable":true,"href":"https:\/\/uach.sav.sk\/sk\/wp-json\/wp\/v2\/comments?post=11"}],"version-history":[{"count":7,"href":"https:\/\/uach.sav.sk\/sk\/wp-json\/wp\/v2\/pages\/11\/revisions"}],"predecessor-version":[{"id":4222,"href":"https:\/\/uach.sav.sk\/sk\/wp-json\/wp\/v2\/pages\/11\/revisions\/4222"}],"up":[{"embeddable":true,"href":"https:\/\/uach.sav.sk\/sk\/wp-json\/wp\/v2\/pages\/7"}],"wp:attachment":[{"href":"https:\/\/uach.sav.sk\/sk\/wp-json\/wp\/v2\/media?parent=11"}],"curies":[{"name":"wp","href":"https:\/\/api.w.org\/{rel}","templated":true}]}}