{"id":1581,"date":"2019-04-28T10:54:07","date_gmt":"2019-04-28T08:54:07","guid":{"rendered":"http:\/\/www.uach.sav.sk\/sk\/?page_id=1581"},"modified":"2019-04-28T11:17:02","modified_gmt":"2019-04-28T09:17:02","slug":"projekty-podane-v-op-vai","status":"publish","type":"page","link":"https:\/\/uach.sav.sk\/sk\/veda-a-vyskum\/projekty-podane-v-op-vai\/","title":{"rendered":"Projekty podane v OP VaI"},"content":{"rendered":"<p><span style=\"color: #008080;\"><strong>\u00daACH SAV<\/strong><\/span> ako jeden z partnerov zapojil do\u00a0<span style=\"color: #ff6600;\">V\u00ddZVY NA PODPORU DLHODOB\u00c9HO STRATEGICK\u00c9HO V\u00ddSKUMU<\/span> (DSV) &#8211; Dopravn\u00e9 prostriedky pre 21. storo\u010die, ktor\u00fdm nadv\u00e4zuje na \u010dinnos\u0165 <strong><a href=\"http:\/\/www.cav.sav.sk\/aktuality\/\" target=\"_blank\" rel=\"noopener\">CAV<\/a><\/strong> (Centra aplikovan\u00e9ho v\u00fdskumu).<\/p>\n<p>&nbsp;<\/p>\n<p>Zoznam podan\u00fdch projektov (Opera\u010dn\u00fd program v\u00fdskum a inov\u00e1cie, k\u00f3d OPVaI-VA\/DP\/2018\/1.2.1-04, <a href=\"https:\/\/www.opvai.sk\/media\/100590\/zoznam-zonfp-vo-vyzvach-dsv_142019_opraven%C3%A9.pdf\" target=\"_blank\" rel=\"noopener\">\u010falej &#8230;.<\/a>)<\/p>\n<ul>\n<li>Materi\u00e1ly pre efekt\u00edvnu v\u00fdrobu, konverziu, transport, uskladnenie a bezpe\u010dn\u00e9 vyu\u017e\u00edvanie energie (M4E), \u017eiadate\u013e &#8211; Univerzita Pavla Jozefa \u0160af\u00e1rika v Ko\u0161iciach<\/li>\n<li>V\u00fdskum vyu\u017eite\u013enosti nekovov\u00fdch materi\u00e1lov pre v\u00fdrobu akumul\u00e1torov tepelnej energie a pre v\u00fdrobu energetickej pil\u00f3ty, \u017eiadate\u013e &#8211; PREFA ALFA, a.s<\/li>\n<li>V\u00fdskum efekt\u00edvneho vyu\u017eitia plazmov\u00e9ho pulzu pre kon\u0161trukciu nerota\u010dn\u00e9ho horizont\u00e1lneho raziaceho syst\u00e9mu v kry\u0161talick\u00fdch hornin\u00e1ch, \u017eiadate\u013e &#8211; VUNAR a.s<\/li>\n<li>Gama radia\u010dn\u00e1 z\u00e1\u0165a\u017e sklovl\u00e1knit\u00fdch izol\u00e1ci\u00ed a bezpe\u010dn\u00e9 chladenie pri \u0165a\u017ek\u00fdch hav\u00e1ri\u00e1ch v JE (GA\u0164AH), \u017eiadate\u013e &#8211; V\u00daEZ, a.s.<\/li>\n<li>V\u00fdskum fyzik\u00e1lnych, technick\u00fdch a materi\u00e1lov\u00fdch aspektov r\u00fdchleho plynom chladen\u00e9ho reaktora IV. gener\u00e1cie ALLEGRO, \u017eiadate\u013e &#8211; VUJE, a. s. (<a href=\"http:\/\/www.vca.sav.sk\/\" target=\"_blank\" rel=\"noopener\">webstr\u00e1nka<\/a>)<\/li>\n<li>V\u00fdskum ve\u013ekokapacitn\u00e9ho skladovania energie vo forme vod\u00edka v geologick\u00fdch \u0161trukt\u00farach, \u017eiadate\u013e &#8211; \u00dastav vied o Zemi Slovenskej akad\u00e9mie vied<\/li>\n<\/ul>\n","protected":false},"excerpt":{"rendered":"<p>\u00daACH SAV ako jeden z partnerov zapojil do\u00a0V\u00ddZVY NA PODPORU DLHODOB\u00c9HO STRATEGICK\u00c9HO V\u00ddSKUMU (DSV) &#8211; Dopravn\u00e9 prostriedky pre 21. storo\u010die, ktor\u00fdm nadv\u00e4zuje na \u010dinnos\u0165 CAV&#8230;<\/p>\n","protected":false},"author":1,"featured_media":0,"parent":27,"menu_order":60,"comment_status":"closed","ping_status":"closed","template":"","meta":{"footnotes":"","_links_to":"","_links_to_target":""},"class_list":["post-1581","page","type-page","status-publish","hentry"],"_links":{"self":[{"href":"https:\/\/uach.sav.sk\/sk\/wp-json\/wp\/v2\/pages\/1581","targetHints":{"allow":["GET"]}}],"collection":[{"href":"https:\/\/uach.sav.sk\/sk\/wp-json\/wp\/v2\/pages"}],"about":[{"href":"https:\/\/uach.sav.sk\/sk\/wp-json\/wp\/v2\/types\/page"}],"author":[{"embeddable":true,"href":"https:\/\/uach.sav.sk\/sk\/wp-json\/wp\/v2\/users\/1"}],"replies":[{"embeddable":true,"href":"https:\/\/uach.sav.sk\/sk\/wp-json\/wp\/v2\/comments?post=1581"}],"version-history":[{"count":4,"href":"https:\/\/uach.sav.sk\/sk\/wp-json\/wp\/v2\/pages\/1581\/revisions"}],"predecessor-version":[{"id":1588,"href":"https:\/\/uach.sav.sk\/sk\/wp-json\/wp\/v2\/pages\/1581\/revisions\/1588"}],"up":[{"embeddable":true,"href":"https:\/\/uach.sav.sk\/sk\/wp-json\/wp\/v2\/pages\/27"}],"wp:attachment":[{"href":"https:\/\/uach.sav.sk\/sk\/wp-json\/wp\/v2\/media?parent=1581"}],"curies":[{"name":"wp","href":"https:\/\/api.w.org\/{rel}","templated":true}]}}