{"id":16,"date":"2017-02-15T12:25:20","date_gmt":"2017-02-15T11:25:20","guid":{"rendered":"http:\/\/www.uach.sav.sk\/?page_id=16"},"modified":"2026-03-03T14:06:47","modified_gmt":"2026-03-03T13:06:47","slug":"vedenie-ustavu","status":"publish","type":"page","link":"https:\/\/uach.sav.sk\/sk\/o-ustave\/organizacna-struktura\/vedenie-ustavu\/","title":{"rendered":"Vedenie \u00fastavu"},"content":{"rendered":"<p>&nbsp;<\/p>\n<table>\n<tbody>\n<tr>\n<td colspan=\"3\"><strong><b>Riadite\u013e \u00fastavu<\/b><\/strong><\/td>\n<\/tr>\n<tr>\n<td style=\"width: 35%;\">Ing. Peter Tatarko, PhD<\/td>\n<td>tel:<\/td>\n<td style=\"width: 55%;\"><\/td>\n<\/tr>\n<tr>\n<td><\/td>\n<td>email:<\/td>\n<td>peter.tatarko@savba.sk<\/td>\n<\/tr>\n<tr>\n<td colspan=\"3\"><strong><b>Z\u00e1stupca riadite\u013ea<\/b><\/strong><\/td>\n<\/tr>\n<tr>\n<td>PhDr. Ing. Igor V\u00e1clav, PhD.<\/td>\n<td>tel:<\/td>\n<td>+421 2 59410 458<\/td>\n<\/tr>\n<tr>\n<td><\/td>\n<td>email:<\/td>\n<td>igor.vaclav@savba.sk<\/td>\n<\/tr>\n<tr>\n<td colspan=\"3\"><strong><b>Predseda vedeckej rady<\/b><\/strong><\/td>\n<\/tr>\n<tr>\n<td>Mgr. Monika Tatarkov\u00e1, PhD.<\/td>\n<td>tel:<\/td>\n<td>+421\u00a02\u00a059410\u00a0474<\/td>\n<\/tr>\n<tr>\n<td><\/td>\n<td>email:<\/td>\n<td>monika.tatarkova@savba.sk<\/td>\n<\/tr>\n<tr>\n<td colspan=\"3\"><strong><b>Vedeck\u00fd tajomn\u00edk<\/b><\/strong><\/td>\n<\/tr>\n<tr>\n<td>doc. Ing. Zolt\u00e1n Len\u010d\u00e9\u0161, PhD.<\/td>\n<td>tel:<\/td>\n<td>+421\u00a02\u00a059410\u00a0408<\/td>\n<\/tr>\n<tr>\n<td><\/td>\n<td>email:<\/td>\n<td>zoltan.lences@savba.sk<\/td>\n<\/tr>\n<tr>\n<td colspan=\"3\"><strong><b>Tajomn\u00edk pre vzdel\u00e1vanie<\/b><\/strong><\/td>\n<\/tr>\n<tr>\n<td>Ing. Blanka Kub\u00edkov\u00e1, PhD.<\/td>\n<td>tel:<\/td>\n<td>+421 2 59410 421<\/td>\n<\/tr>\n<tr>\n<td><\/td>\n<td>email:<\/td>\n<td>blanka.kubikova@savba.sk<\/td>\n<\/tr>\n<\/tbody>\n<\/table>\n","protected":false},"excerpt":{"rendered":"<p>&nbsp; Riadite\u013e \u00fastavu Ing. Peter Tatarko, PhD tel: email: peter.tatarko@savba.sk Z\u00e1stupca riadite\u013ea PhDr. Ing. Igor V\u00e1clav, PhD. tel: +421 2 59410 458 email: igor.vaclav@savba.sk Predseda&#8230;<\/p>\n","protected":false},"author":1,"featured_media":0,"parent":13,"menu_order":10,"comment_status":"closed","ping_status":"closed","template":"","meta":{"footnotes":"","_links_to":"","_links_to_target":""},"class_list":["post-16","page","type-page","status-publish","hentry"],"_links":{"self":[{"href":"https:\/\/uach.sav.sk\/sk\/wp-json\/wp\/v2\/pages\/16","targetHints":{"allow":["GET"]}}],"collection":[{"href":"https:\/\/uach.sav.sk\/sk\/wp-json\/wp\/v2\/pages"}],"about":[{"href":"https:\/\/uach.sav.sk\/sk\/wp-json\/wp\/v2\/types\/page"}],"author":[{"embeddable":true,"href":"https:\/\/uach.sav.sk\/sk\/wp-json\/wp\/v2\/users\/1"}],"replies":[{"embeddable":true,"href":"https:\/\/uach.sav.sk\/sk\/wp-json\/wp\/v2\/comments?post=16"}],"version-history":[{"count":6,"href":"https:\/\/uach.sav.sk\/sk\/wp-json\/wp\/v2\/pages\/16\/revisions"}],"predecessor-version":[{"id":4153,"href":"https:\/\/uach.sav.sk\/sk\/wp-json\/wp\/v2\/pages\/16\/revisions\/4153"}],"up":[{"embeddable":true,"href":"https:\/\/uach.sav.sk\/sk\/wp-json\/wp\/v2\/pages\/13"}],"wp:attachment":[{"href":"https:\/\/uach.sav.sk\/sk\/wp-json\/wp\/v2\/media?parent=16"}],"curies":[{"name":"wp","href":"https:\/\/api.w.org\/{rel}","templated":true}]}}