{"id":1780,"date":"2020-04-01T18:13:15","date_gmt":"2020-04-01T16:13:15","guid":{"rendered":"http:\/\/www.uach.sav.sk\/sk\/?page_id=1780"},"modified":"2025-04-15T10:21:52","modified_gmt":"2025-04-15T08:21:52","slug":"medzinarodny-poradny-vybor","status":"publish","type":"page","link":"https:\/\/uach.sav.sk\/sk\/o-ustave\/organizacna-struktura\/medzinarodny-poradny-vybor\/","title":{"rendered":"Medzin\u00e1rodn\u00fd poradn\u00fd v\u00fdbor"},"content":{"rendered":"<p>Vedeck\u00e1 rada \u00dastavu anorganickej ch\u00e9mie SAV d\u0148a 17. 3. 2025 schv\u00e1lila \u010dlenov Medzin\u00e1rodn\u00e9ho poradn\u00e9ho v\u00fdboru \u00daACH SAV:<\/p>\n<ul>\n<li><strong>Dr. Samuel Bernard<\/strong><br \/>\nInstitut de recherche sur les c\u00e9ramiques (IRCER), CNRS-Centre Europ\u00e9en de la C\u00e9ramique, Limoges Cedex, France<\/li>\n<li><strong>prof. Enrico Bernardo<\/strong><br \/>\nUniversita&#8216; degli Studi di Padova. Dipartimento di Ingegneria Industriale, Edificio Ex Fisica Tecnica, Padova, Italy<\/li>\n<li><strong>prof. Jocelyne Brendl\u00e9<\/strong><br \/>\nInstitut de Science des Mat\u00e9riaux de Mulhouse, Universit\u00e9 de Haute Alsace, Mulhouse Cedex, France<\/li>\n<li><span style=\"color: #000000;\"><strong>Ing. Kamil Lang, CSc., DSc.<\/strong><\/span><br \/>\n\u00dastav anorganick\u00e9 chemie AV \u010cR, v.v.i.,\u00a0Husinec-\u0158e\u017e, \u010cesk\u00e1 republika<\/li>\n<li><span style=\"color: #000000;\"><strong>prof. RNDr. Karel Maca, Dr.<\/strong><\/span><br \/>\n\u00dastav materi\u00e1lov\u00fdch v\u011bd a in\u017een\u00fdrstv\u00ed, Brno, \u010cesk\u00e1 republika<\/li>\n<li><span style=\"color: #000000;\"><strong>prof. Ralf Riedl<\/strong><\/span><br \/>\nDepartment of\u00a0Materials\u00a0and Geosciences, Technische Universit\u00e4t\u00a0Darmstadt,\u00a0Nemecko<\/li>\n<\/ul>\n<p>&nbsp;<\/p>\n<p>D\u0148a <span style=\"color: #ff6600;\"><strong>6. decembra 2024<\/strong>\u00a0<\/span>sa uskuto\u010dnilo spolo\u010dn\u00e9 stretnutie Medzin\u00e1rodn\u00e9ho poradn\u00e9ho v\u00fdboru s \u010dlenmi vedenia a vedeckej rady \u00daACH. Stru\u010dn\u00e9 zhrnutie tohto stretnutia si m\u00f4\u017eete pozrie\u0165 v z\u00e1pisnici.<\/p>\n","protected":false},"excerpt":{"rendered":"<p>Vedeck\u00e1 rada \u00dastavu anorganickej ch\u00e9mie SAV d\u0148a 17. 3. 2025 schv\u00e1lila \u010dlenov Medzin\u00e1rodn\u00e9ho poradn\u00e9ho v\u00fdboru \u00daACH SAV: Dr. Samuel Bernard Institut de recherche sur les&#8230;<\/p>\n","protected":false},"author":1,"featured_media":0,"parent":13,"menu_order":30,"comment_status":"closed","ping_status":"closed","template":"","meta":{"footnotes":"","_links_to":"","_links_to_target":""},"class_list":["post-1780","page","type-page","status-publish","hentry"],"_links":{"self":[{"href":"https:\/\/uach.sav.sk\/sk\/wp-json\/wp\/v2\/pages\/1780","targetHints":{"allow":["GET"]}}],"collection":[{"href":"https:\/\/uach.sav.sk\/sk\/wp-json\/wp\/v2\/pages"}],"about":[{"href":"https:\/\/uach.sav.sk\/sk\/wp-json\/wp\/v2\/types\/page"}],"author":[{"embeddable":true,"href":"https:\/\/uach.sav.sk\/sk\/wp-json\/wp\/v2\/users\/1"}],"replies":[{"embeddable":true,"href":"https:\/\/uach.sav.sk\/sk\/wp-json\/wp\/v2\/comments?post=1780"}],"version-history":[{"count":15,"href":"https:\/\/uach.sav.sk\/sk\/wp-json\/wp\/v2\/pages\/1780\/revisions"}],"predecessor-version":[{"id":3935,"href":"https:\/\/uach.sav.sk\/sk\/wp-json\/wp\/v2\/pages\/1780\/revisions\/3935"}],"up":[{"embeddable":true,"href":"https:\/\/uach.sav.sk\/sk\/wp-json\/wp\/v2\/pages\/13"}],"wp:attachment":[{"href":"https:\/\/uach.sav.sk\/sk\/wp-json\/wp\/v2\/media?parent=1780"}],"curies":[{"name":"wp","href":"https:\/\/api.w.org\/{rel}","templated":true}]}}