{"id":18,"date":"2017-02-15T12:25:22","date_gmt":"2017-02-15T11:25:22","guid":{"rendered":"http:\/\/www.uach.sav.sk\/?page_id=18"},"modified":"2026-04-07T17:48:12","modified_gmt":"2026-04-07T15:48:12","slug":"vedecka-rada","status":"publish","type":"page","link":"https:\/\/uach.sav.sk\/sk\/o-ustave\/organizacna-struktura\/vedecka-rada\/","title":{"rendered":"Vedeck\u00e1 rada"},"content":{"rendered":"<p>&nbsp;<\/p>\n<table>\n<tbody>\n<tr>\n<td style=\"width: 30%;\"><strong><b>Predseda<\/b><\/strong><\/td>\n<td style=\"width: 70%;\"><b>Tajomn\u00edk<\/b><\/td>\n<\/tr>\n<tr>\n<td>Mgr. Monika Tatarkov\u00e1, PhD.<\/td>\n<td>doc. Ing. Zolt\u00e1n Len\u010d\u00e9\u0161, PhD.<\/td>\n<\/tr>\n<tr>\n<td>&nbsp;<\/p>\n<p><strong><b>\u010clenovia z \u00daACH<\/b><\/strong><\/td>\n<td>&nbsp;<\/p>\n<p><strong><b>Extern\u00ed \u010dlenovia<\/b><\/strong><\/td>\n<\/tr>\n<tr>\n<td>doc. RNDr. Juraj Bujd\u00e1k, DrSc.<\/td>\n<td>prof. Ing. J\u00e1n H\u00edve\u0161, PhD.<\/td>\n<\/tr>\n<tr>\n<td>prof. Ing. Du\u0161an Galusek, DrSc.<\/td>\n<td>Ing. Mari\u00e1n Kuchar\u00edk, PhD.<\/td>\n<\/tr>\n<tr>\n<td>Mgr. Stanislav Komorovsk\u00fd, PhD.<\/td>\n<td>prof. RNDr. Jozef Noga, DrSc.<\/td>\n<\/tr>\n<tr>\n<td>Ing. Franti\u0161ek \u0160imko, PhD.<\/td>\n<td><\/td>\n<\/tr>\n<tr>\n<td><\/td>\n<td><\/td>\n<\/tr>\n<\/tbody>\n<\/table>\n<p><span style=\"color: #808080;\">\u00a0 \u00a0 \u00a0 \u00a0 \u00a0 \u00a0 \u00a0 \u00a0 \u00a0 \u00a0 \u00a0 \u00a0 \u00a0 \u00a0 \u00a0 \u00a0 \u00a0 \u00a0 \u00a0 \u00a0 \u00a0 \u00a0 \u00a0 \u00a0 \u00a0 \u00a0 \u00a0 \u00a0 \u00a0 \u00a0 \u00a0 \u00a0 \u00a0 \u00a0 \u00a0 \u00a0 \u00a0 \u00a0 \u00a0 \u00a0 \u00a0 \u00a0Vo\u013eby do vedeckej rady sa uskuto\u010dnili: 20. 4. 2022<\/span><\/p>\n<p><span style=\"color: #999999;\">\u00a0 \u00a0 \u00a0 \u00a0 \u00a0 \u00a0 \u00a0 \u00a0 \u00a0 \u00a0 \u00a0 \u00a0 \u00a0 \u00a0 \u00a0 \u00a0 \u00a0 \u00a0 \u00a0 \u00a0 \u00a0 \u00a0 \u00a0 \u00a0 \u00a0 \u00a0 \u00a0 \u00a0 \u00a0 \u00a0 \u00a0 \u00a0 \u00a0 \u00a0 \u00a0 \u00a0 \u00a0 \u00a0 \u00a0 \u00a0 \u00a0 <span style=\"color: #808080;\">\u00a0Funk\u010dn\u00e9 obdobie 2022-2025<\/span><\/span><\/p>\n","protected":false},"excerpt":{"rendered":"<p>&nbsp; Predseda Tajomn\u00edk Mgr. Monika Tatarkov\u00e1, PhD. doc. Ing. Zolt\u00e1n Len\u010d\u00e9\u0161, PhD. &nbsp; \u010clenovia z \u00daACH &nbsp; Extern\u00ed \u010dlenovia doc. RNDr. Juraj Bujd\u00e1k, DrSc. prof&#8230;.<\/p>\n","protected":false},"author":1,"featured_media":0,"parent":13,"menu_order":20,"comment_status":"closed","ping_status":"closed","template":"","meta":{"footnotes":"","_links_to":"","_links_to_target":""},"class_list":["post-18","page","type-page","status-publish","hentry"],"_links":{"self":[{"href":"https:\/\/uach.sav.sk\/sk\/wp-json\/wp\/v2\/pages\/18","targetHints":{"allow":["GET"]}}],"collection":[{"href":"https:\/\/uach.sav.sk\/sk\/wp-json\/wp\/v2\/pages"}],"about":[{"href":"https:\/\/uach.sav.sk\/sk\/wp-json\/wp\/v2\/types\/page"}],"author":[{"embeddable":true,"href":"https:\/\/uach.sav.sk\/sk\/wp-json\/wp\/v2\/users\/1"}],"replies":[{"embeddable":true,"href":"https:\/\/uach.sav.sk\/sk\/wp-json\/wp\/v2\/comments?post=18"}],"version-history":[{"count":13,"href":"https:\/\/uach.sav.sk\/sk\/wp-json\/wp\/v2\/pages\/18\/revisions"}],"predecessor-version":[{"id":4238,"href":"https:\/\/uach.sav.sk\/sk\/wp-json\/wp\/v2\/pages\/18\/revisions\/4238"}],"up":[{"embeddable":true,"href":"https:\/\/uach.sav.sk\/sk\/wp-json\/wp\/v2\/pages\/13"}],"wp:attachment":[{"href":"https:\/\/uach.sav.sk\/sk\/wp-json\/wp\/v2\/media?parent=18"}],"curies":[{"name":"wp","href":"https:\/\/api.w.org\/{rel}","templated":true}]}}