{"id":2253,"date":"2022-05-04T09:31:40","date_gmt":"2022-05-04T07:31:40","guid":{"rendered":"http:\/\/www.uach.sav.sk\/sk\/?page_id=2253"},"modified":"2022-05-04T15:29:00","modified_gmt":"2022-05-04T13:29:00","slug":"ochrana-osobnych-udajov-gdpr","status":"publish","type":"page","link":"https:\/\/uach.sav.sk\/sk\/o-ustave\/ochrana-osobnych-udajov-gdpr\/","title":{"rendered":"Ochrana osobn\u00fdch \u00fadajov \u2013 GDPR"},"content":{"rendered":"<p>V s\u00favislosti s nariaden\u00edm Eur\u00f3pskeho parlamentu a Rady E\u00da 2016\/679 z 27.\u00a0apr\u00edla 2016 o ochrane fyzick\u00fdch os\u00f4b pri sprac\u00favan\u00ed osobn\u00fdch \u00fadajov a o vo\u013enom pohybe tak\u00fdchto \u00fadajov, ktor\u00fdm sa zru\u0161uje smernica 95\/46\/ES\u00a0(v\u0161eobecn\u00e9 nariadenie o ochrane \u00fadajov) a z\u00e1konom \u010d. 18\/2018 Z. z o\u00a0ochrane osobn\u00fdch \u00fadajov si pln\u00edme informa\u010dn\u00fa povinnos\u0165 v s\u00favislosti so\u00a0sprac\u00favan\u00edm Va\u0161ich osobn\u00fdch \u00fadajov.<\/p>\n<p>Prev\u00e1dzkovate\u013eom, ktor\u00fd sprac\u00fava Va\u0161e osobn\u00e9 \u00fadaje, je \u00dastav\u00a0anorganickej ch\u00e9mie Slovenskej akad\u00e9mie vied, v. v. i., D\u00fabravsk\u00e1 cesta\u00a09, 845 36 Bratislava, I\u010cO: 00 586 919<\/p>\n<ul>\n<li>\u00dastav anorganickej ch\u00e9mie SAV, v. v. i. m\u00f4\u017eete kontaktova\u0165 p\u00edsomne\u00a0riadnou po\u0161tou na adrese D\u00fabravsk\u00e1 cesta 9, 845 36 Bratislava, alebo\u00a0elektronicky emailom na adrese: <span style=\"color: #ff6600;\"><strong><a style=\"color: #ff6600;\" href=\"mailto:uachsekr@savba.sk\">uachsekr@savba.sk<\/a><\/strong><\/span>, telefonicky: <span style=\"color: #ff6600;\"><strong>+421 2\u00a059410 401<\/strong><\/span>, alebo faxom: <span style=\"color: #ff6600;\"><strong>+421 2 59410 444<\/strong><\/span>.<\/li>\n<li>\u00dastav anorganickej ch\u00e9mie SAV, v. v. i. poveril doh\u013eadom nad dodr\u017eiavan\u00edm ochrany osobn\u00fdch \u00fadajov zodpovedn\u00fa osobu, ktor\u00fa m\u00f4\u017eete kontaktova\u0165 elektronicky na adrese: <strong><a href=\"mailto:denisa.zilinska@savba.sk\">denisa.zilinska@savba.sk<\/a><\/strong> a zodpovedn\u00fa osobu pre projekty, ktor\u00fa m\u00f4\u017eete kontaktova\u0165 elektronicky na adrese <strong><a href=\"mailto:martina.pakanova@savba.sk\">martina.pakanova@savba.sk<\/a><\/strong>.<\/li>\n<\/ul>\n<p>&nbsp;<\/p>\n<p>Pros\u00edm, pre\u010d\u00edtajte si nasleduj\u00face inform\u00e1cie, ako sprac\u00favame Va\u0161e osobn\u00e9\u00a0\u00fadaje:<\/p>\n<ul>\n<li><a href=\"http:\/\/www.uach.sav.sk\/sk\/wp-content\/uploads\/sites\/2\/GDPR_Privacy_notice_webstranka_-UACH-SAV.pdf\" target=\"_blank\" rel=\"noopener\">Ochrana osobn\u00fdch \u00fadajov v \u00daACH SAV, v. v. i. (stiahni)<\/a><\/li>\n<\/ul>\n","protected":false},"excerpt":{"rendered":"<p>V s\u00favislosti s nariaden\u00edm Eur\u00f3pskeho parlamentu a Rady E\u00da 2016\/679 z 27.\u00a0apr\u00edla 2016 o ochrane fyzick\u00fdch os\u00f4b pri sprac\u00favan\u00ed osobn\u00fdch \u00fadajov a o vo\u013enom pohybe&#8230;<\/p>\n","protected":false},"author":1,"featured_media":0,"parent":7,"menu_order":80,"comment_status":"closed","ping_status":"closed","template":"","meta":{"footnotes":"","_links_to":"","_links_to_target":""},"class_list":["post-2253","page","type-page","status-publish","hentry"],"_links":{"self":[{"href":"https:\/\/uach.sav.sk\/sk\/wp-json\/wp\/v2\/pages\/2253","targetHints":{"allow":["GET"]}}],"collection":[{"href":"https:\/\/uach.sav.sk\/sk\/wp-json\/wp\/v2\/pages"}],"about":[{"href":"https:\/\/uach.sav.sk\/sk\/wp-json\/wp\/v2\/types\/page"}],"author":[{"embeddable":true,"href":"https:\/\/uach.sav.sk\/sk\/wp-json\/wp\/v2\/users\/1"}],"replies":[{"embeddable":true,"href":"https:\/\/uach.sav.sk\/sk\/wp-json\/wp\/v2\/comments?post=2253"}],"version-history":[{"count":14,"href":"https:\/\/uach.sav.sk\/sk\/wp-json\/wp\/v2\/pages\/2253\/revisions"}],"predecessor-version":[{"id":2258,"href":"https:\/\/uach.sav.sk\/sk\/wp-json\/wp\/v2\/pages\/2253\/revisions\/2258"}],"up":[{"embeddable":true,"href":"https:\/\/uach.sav.sk\/sk\/wp-json\/wp\/v2\/pages\/7"}],"wp:attachment":[{"href":"https:\/\/uach.sav.sk\/sk\/wp-json\/wp\/v2\/media?parent=2253"}],"curies":[{"name":"wp","href":"https:\/\/api.w.org\/{rel}","templated":true}]}}