{"id":23,"date":"2017-02-15T12:26:14","date_gmt":"2017-02-15T11:26:14","guid":{"rendered":"http:\/\/www.uach.sav.sk\/?page_id=23"},"modified":"2026-02-04T16:27:53","modified_gmt":"2026-02-04T15:27:53","slug":"dokumenty","status":"publish","type":"page","link":"https:\/\/uach.sav.sk\/sk\/o-ustave\/dokumenty\/","title":{"rendered":"Dokumenty"},"content":{"rendered":"<p><span style=\"color: #ff6600;\"><strong><a href=\"javascript:toggle('show1')\">Dokumenty v.v.i.<\/a><\/strong><\/span><\/p>\n<ul id=\"show1\" style=\"display: none;\">\n<li>Zakladacia listina \u00daACH SAV, v.v.i. (<a href=\"http:\/\/www.uach.sav.sk\/sk\/wp-content\/uploads\/sites\/2\/zakladacia-listina-v-znen\u00ed-dodatku-\u010d.-1.pdf\" target=\"_blank\" rel=\"noopener\">Stiahni<\/a>)<\/li>\n<li>Organiza\u010dn\u00fd poriadok \u00daACH SAV, v.v.i. (<a href=\"http:\/\/www.uach.sav.sk\/sk\/wp-content\/uploads\/sites\/2\/Organiza\u010dn\u00fd-poriadok_2022_\u00daACH-SAV.pdf\" target=\"_blank\" rel=\"noopener\">Stiahni<\/a>)<\/li>\n<li>Pracovn\u00fd poriadok (<a href=\"http:\/\/www.uach.sav.sk\/sk\/wp-content\/uploads\/sites\/2\/Pracovn\u00fd-poriadok_2022_\u00daACH-SAV.pdf\" target=\"_blank\" rel=\"noopener\">Stiahni<\/a>)<\/li>\n<li>Volebn\u00fd a nomina\u010dn\u00fd poriadok na funkciu \u010dlena spr\u00e1vnej rady (<a href=\"http:\/\/www.uach.sav.sk\/sk\/wp-content\/uploads\/sites\/2\/volebny-a-nominacny-poriadok-na-clenov-SR-v.v.i-_2022_\u00daACH-SAV.pdf\" target=\"_blank\" rel=\"noopener\">Stiahni<\/a>)<\/li>\n<li>Volebn\u00fd a nomina\u010dn\u00fd poriadok na funkciu \u010dlena vedeckej rady (<a href=\"http:\/\/www.uach.sav.sk\/sk\/wp-content\/uploads\/sites\/2\/volebny-a-nominacny-poriadok-na-clenov-VR-v.v.i-_2022_\u00daACH-SAV.pdf\" target=\"_blank\" rel=\"noopener\">Stiahni<\/a>)<\/li>\n<li>Pravidl\u00e1 hodnotenia v\u00fdskumn\u00fdch pracovn\u00edkov (<a href=\"http:\/\/www.uach.sav.sk\/sk\/wp-content\/uploads\/sites\/2\/pravidl\u00e1-hodnotenia-v\u00fdskumn\u00fdch-pracovn\u00edkov_2022_\u00daACH-SAV.pdf\" target=\"_blank\" rel=\"noopener\">Stiahni<\/a>)<\/li>\n<\/ul>\n<hr \/>\n<p><span style=\"color: #ff6600;\"><strong>Vn\u00fatorn\u00e9 predpisy \u00daACH SAV, v.v.i.:\u00a0<\/strong><\/span> <a href=\"http:\/\/www.uach.sav.sk\/sk\/wp-content\/uploads\/sites\/2\/Pravidl\u00e1-v\u00fdberov\u00e9ho-konania-na-funkciu-ved\u00faceho-odborn\u00e9ho-oddelenia-\u00daACH-SAV-v.-v.-i.-1.pdf\" target=\"_blank\" rel=\"noopener\">Pravidl\u00e1 v\u00fdberov\u00e9ho konania na funkciu ved\u00faceho odborn\u00e9ho oddelenia<\/a>\u00a0(29.3.2022)<\/p>\n<hr \/>\n<p><span style=\"color: #ff6600;\"><strong>HRS4R &#8211; <\/strong><\/span> Z\u00e1sady n\u00e1boru a v\u00fdberu zamestnancov vo verejnej v\u00fdskumnej in\u0161tit\u00facii Slovenskej akad\u00e9mie vied\u00a0(<a href=\"https:\/\/uach.sav.sk\/sk\/wp-content\/uploads\/sites\/2\/OTS-N-Zasady-naboru-a-vyberu-zamestnancov-vo-verejnej-vyskumnej-institucii.L_pre-ustavy.pdf\" target=\"_blank\" rel=\"noopener\">Stiahni dokument<\/a>)<\/p>\n<hr \/>\n<p><span style=\"color: #ff6600;\"><strong>Pl\u00e1n rodovej rovnosti 2025-2029<\/strong><\/span>\u00a0(<a href=\"https:\/\/uach.sav.sk\/sk\/wp-content\/uploads\/sites\/2\/PRR25-29_SAV_vvi_UACHSAV-1.pdf\">Stiahni dokument<\/a>)<\/p>\n<hr \/>\n<p><span style=\"color: #ff6600;\"><strong>Akredit\u00e1cia 2016-2021<\/strong><\/span> (<a href=\"http:\/\/www.uach.sav.sk\/sk\/wp-content\/uploads\/sites\/2\/Accreditation-Questionnaire-IIC-SAS-up.pdf\">Akredita\u010dn\u00fd dotazn\u00edk<\/a>)<\/p>\n<hr \/>\n<p><strong><span style=\"color: #ff6600;\"><a href=\"javascript:toggle('show2')\">Z\u00e1vere\u010dn\u00e9 spr\u00e1vy \u00fastavu<\/a><\/span><\/strong><\/p>\n<ul id=\"show2\" style=\"display: none;\">\n<li><a href=\"https:\/\/uach.sav.sk\/sk\/wp-content\/uploads\/sites\/2\/2OV_UACH_SAV_Annual_Report_2025-04.pdf\" target=\"_blank\" rel=\"noopener\">Annual Report 2025<\/a><\/li>\n<li><a href=\"https:\/\/uach.sav.sk\/sk\/wp-content\/uploads\/sites\/2\/2OV_UACH_SAV_Annual_Report_2024_find.pdf\" target=\"_blank\" rel=\"noopener\">Annual Report 2024<\/a><\/li>\n<li><a href=\"https:\/\/uach.sav.sk\/sk\/wp-content\/uploads\/sites\/2\/2OV_UACH_SAV_Annual_Report_2023-w.pdf\" target=\"_blank\" rel=\"noopener\"> Annual Report 2023<\/a> (pdf \/ 5.67 MB)<\/li>\n<li><a href=\"https:\/\/uach.sav.sk\/sk\/wp-content\/uploads\/sites\/2\/2OV_UACH_SAV_Annual_Report_2022-final.pdf\" target=\"_blank\" rel=\"noopener\">Annual Report 2022<\/a><\/li>\n<li><a href=\"https:\/\/uach.sav.sk\/sk\/wp-content\/uploads\/sites\/2\/2OV_UACH_SAV_Annual_Report_2021.pdf\" target=\"_blank\" rel=\"noopener\">Annual Report 2021<\/a>\u00a0(pdf \/ 4.3 MB)<\/li>\n<li><a href=\"https:\/\/uach.sav.sk\/sk\/wp-content\/uploads\/sites\/2\/2OV_UACH_SAV_Annual_Report_2020_fin.pdf\" target=\"_blank\" rel=\"noopener\">Annual Report 2020<\/a>\u00a0\u00a0(pdf \/ 4.01 MB)<\/li>\n<li><a href=\"https:\/\/uach.sav.sk\/sk\/wp-content\/uploads\/sites\/2\/UACH_SAV_Annual_Report_2019_finalna.pdf\">Annual Report 2019<\/a>\u00a0(pdf \/ 4.01 MB)<\/li>\n<li><a href=\"https:\/\/uach.sav.sk\/wp-content\/uploads\/UACH_SAV_Annual_Report_2018_fin_obsah.pdf\">Annual Report 2018\u00a0<\/a>(pdf \/ 4.00 MB)<\/li>\n<li><a href=\"https:\/\/www.sav.sk\/php\/download.php?inst_no=36&amp;annual_year=2017\">Annual Report 2017<\/a> (pdf \/ 3.45 MB)<\/li>\n<li><a href=\"https:\/\/www.sav.sk\/php\/download.php?inst_no=36&amp;annual_year=2016\">Annual Report 2016<\/a> (pdf \/ 2.38 MB)<\/li>\n<li><a href=\"https:\/\/www.sav.sk\/php\/download.php?inst_no=36&amp;annual_year=2015\">Annual Report 2015<\/a> (pdf \/ 2.47 MB)<\/li>\n<li><a href=\"https:\/\/www.sav.sk\/php\/download.php?inst_no=36&amp;annual_year=2014\">Annual Report 2014<\/a> (pdf \/ 2.69 MB)<\/li>\n<li><a href=\"https:\/\/www.sav.sk\/php\/download.php?inst_no=36&amp;annual_year=2013\">Annual Report 2013<\/a> (pdf \/ 2.97 MB)<\/li>\n<li><a href=\"https:\/\/www.sav.sk\/php\/download.php?inst_no=36&amp;annual_year=2012\">Annual Report 2012<\/a> (pdf \/ 2.4 MB)<\/li>\n<li><a href=\"https:\/\/www.sav.sk\/php\/download.php?inst_no=36&amp;annual_year=2011\">Annual Report 2011<\/a> (pdf \/ 2.52 MB)<\/li>\n<li><a href=\"https:\/\/www.sav.sk\/php\/download.php?inst_no=36&amp;annual_year=2010\">Annual Report 2010<\/a> (doc \/ 2.38 MB)<\/li>\n<li><a href=\"https:\/\/www.sav.sk\/php\/download.php?inst_no=36&amp;annual_year=2009\">Annual Report 2009<\/a> (pdf \/ 1.33 MB)<\/li>\n<li><a href=\"https:\/\/www.sav.sk\/php\/download.php?inst_no=36&amp;annual_year=2008\">Annual Report 2008<\/a> (pdf \/ 1.61 MB)<\/li>\n<li><a href=\"https:\/\/www.sav.sk\/php\/download.php?inst_no=36&amp;annual_year=2007\">Annual Report 2007<\/a> (pdf \/ 1.2 MB)<\/li>\n<\/ul>\n<hr \/>\n<p><span style=\"color: #ff6600;\"><strong>Book of Abstracts<\/strong><\/span>: Workshop on the occasion of the 70th anniversary of the Institute of Inorganic Chemistry SAS, ISBN 978-80-973578-6-3 (CD), ISBN 978-80-973578-7-0 (PDF)<br \/>\n<a href=\"https:\/\/uach.sav.sk\/sk\/wp-content\/uploads\/sites\/2\/Book-of-abstracts-opr.pdf\" target=\"_blank\" rel=\"noopener\">Download Book of abstracts<\/a><\/p>\n","protected":false},"excerpt":{"rendered":"<p>Dokumenty v.v.i. Zakladacia listina \u00daACH SAV, v.v.i. (Stiahni) Organiza\u010dn\u00fd poriadok \u00daACH SAV, v.v.i. (Stiahni) Pracovn\u00fd poriadok (Stiahni) Volebn\u00fd a nomina\u010dn\u00fd poriadok na funkciu \u010dlena spr\u00e1vnej&#8230;<\/p>\n","protected":false},"author":1,"featured_media":0,"parent":7,"menu_order":50,"comment_status":"closed","ping_status":"closed","template":"","meta":{"footnotes":"","_links_to":"","_links_to_target":""},"class_list":["post-23","page","type-page","status-publish","hentry"],"_links":{"self":[{"href":"https:\/\/uach.sav.sk\/sk\/wp-json\/wp\/v2\/pages\/23","targetHints":{"allow":["GET"]}}],"collection":[{"href":"https:\/\/uach.sav.sk\/sk\/wp-json\/wp\/v2\/pages"}],"about":[{"href":"https:\/\/uach.sav.sk\/sk\/wp-json\/wp\/v2\/types\/page"}],"author":[{"embeddable":true,"href":"https:\/\/uach.sav.sk\/sk\/wp-json\/wp\/v2\/users\/1"}],"replies":[{"embeddable":true,"href":"https:\/\/uach.sav.sk\/sk\/wp-json\/wp\/v2\/comments?post=23"}],"version-history":[{"count":109,"href":"https:\/\/uach.sav.sk\/sk\/wp-json\/wp\/v2\/pages\/23\/revisions"}],"predecessor-version":[{"id":4112,"href":"https:\/\/uach.sav.sk\/sk\/wp-json\/wp\/v2\/pages\/23\/revisions\/4112"}],"up":[{"embeddable":true,"href":"https:\/\/uach.sav.sk\/sk\/wp-json\/wp\/v2\/pages\/7"}],"wp:attachment":[{"href":"https:\/\/uach.sav.sk\/sk\/wp-json\/wp\/v2\/media?parent=23"}],"curies":[{"name":"wp","href":"https:\/\/api.w.org\/{rel}","templated":true}]}}