{"id":252,"date":"2017-02-22T10:51:18","date_gmt":"2017-02-22T09:51:18","guid":{"rendered":"http:\/\/www.uach.sav.sk\/sk1\/?page_id=252"},"modified":"2023-02-10T13:22:51","modified_gmt":"2023-02-10T12:22:51","slug":"kontakt","status":"publish","type":"page","link":"https:\/\/uach.sav.sk\/sk\/kontakt\/","title":{"rendered":"Kontakt"},"content":{"rendered":"<h2>\u00dastav Anorganickej Ch\u00e9mie SAV, v. v. i.<\/h2>\n<p>D\u00fabravsk\u00e1 cesta 9,<br \/>\n845 36 Bratislava 45<br \/>\nSlovensk\u00e1 Republika<br \/>\nTel.: 02\/59410401<br \/>\nFax: 02\/59410444<br \/>\n<a title=\"http:\/\/www.uach.sav.sk\" href=\"http:\/\/www.uach.sav.sk\">http:\/\/www.uach.sav.sk<\/a><br \/>\nE-mail: <a href=\"mailto:uachmasa@savba.sk\">uachmasa@savba.sk<\/a>, <a href=\"mailto:uachsekr@savba.sk\">uachsekr@savba.sk<\/a><\/p>\n<p>I\u010cO: 00586919<\/p>\n<p>I\u010c DPH (VAT): SK2020830691<\/p>\n<p><iframe loading=\"lazy\" src=\"https:\/\/www.google.com\/maps\/embed?pb=%211m18%211m12%211m3%211d2660.958293045758%212d17.067958151544442%213d48.168885079124124%212m3%211f0%212f0%213f0%213m2%211i1024%212i768%214f13.1%213m3%211m2%211s0x476c8c7a1fb2f6ab%3A0x2ae32797738932ee%212s%C3%9Astav+anorganickej+ch%C3%A9mie+Slovenskej+akad%C3%A9mie+vied%215e0%213m2%211sen%212sus%214v1469900902122\" width=\"600\" height=\"450\" frameborder=\"0\" allowfullscreen=\"allowfullscreen\" data-mce-fragment=\"1\"><\/iframe><\/p>\n<h3>Vitrum Laugaricio<\/h3>\n<p>\u0160tudentsk\u00e1 2<br \/>\n911 50 Tren\u010d\u00edn<br \/>\nSlovensk\u00e1 Republika<br \/>\n<a title=\"http:\/\/sklo.tnuni.sk\/vila\/\" href=\"http:\/\/sklo.tnuni.sk\/vila\/\">http:\/\/sklo.tnuni.sk\/vila\/<\/a><br \/>\nTel. : +421-32-7400 xxx<br \/>\nFax: +421-32-7400 251<\/p>\n","protected":false},"excerpt":{"rendered":"<p>\u00dastav Anorganickej Ch\u00e9mie SAV, v. v. i. D\u00fabravsk\u00e1 cesta 9, 845 36 Bratislava 45 Slovensk\u00e1 Republika Tel.: 02\/59410401 Fax: 02\/59410444 http:\/\/www.uach.sav.sk E-mail: uachmasa@savba.sk, uachsekr@savba.sk I\u010cO:&#8230;<\/p>\n","protected":false},"author":1,"featured_media":0,"parent":0,"menu_order":110,"comment_status":"closed","ping_status":"closed","template":"","meta":{"footnotes":"","_links_to":"","_links_to_target":""},"class_list":["post-252","page","type-page","status-publish","hentry"],"_links":{"self":[{"href":"https:\/\/uach.sav.sk\/sk\/wp-json\/wp\/v2\/pages\/252","targetHints":{"allow":["GET"]}}],"collection":[{"href":"https:\/\/uach.sav.sk\/sk\/wp-json\/wp\/v2\/pages"}],"about":[{"href":"https:\/\/uach.sav.sk\/sk\/wp-json\/wp\/v2\/types\/page"}],"author":[{"embeddable":true,"href":"https:\/\/uach.sav.sk\/sk\/wp-json\/wp\/v2\/users\/1"}],"replies":[{"embeddable":true,"href":"https:\/\/uach.sav.sk\/sk\/wp-json\/wp\/v2\/comments?post=252"}],"version-history":[{"count":8,"href":"https:\/\/uach.sav.sk\/sk\/wp-json\/wp\/v2\/pages\/252\/revisions"}],"predecessor-version":[{"id":2789,"href":"https:\/\/uach.sav.sk\/sk\/wp-json\/wp\/v2\/pages\/252\/revisions\/2789"}],"wp:attachment":[{"href":"https:\/\/uach.sav.sk\/sk\/wp-json\/wp\/v2\/media?parent=252"}],"curies":[{"name":"wp","href":"https:\/\/api.w.org\/{rel}","templated":true}]}}