{"id":2801,"date":"2023-03-06T10:53:19","date_gmt":"2023-03-06T09:53:19","guid":{"rendered":"https:\/\/uach.sav.sk\/sk\/?page_id=2801"},"modified":"2023-03-06T10:54:53","modified_gmt":"2023-03-06T09:54:53","slug":"org-struktura","status":"publish","type":"page","link":"https:\/\/uach.sav.sk\/sk\/o-ustave\/organizacna-struktura\/org-struktura\/","title":{"rendered":"Organiza\u010dn\u00e1 \u0161trukt\u00fara"},"content":{"rendered":"<p><center><a href=\"https:\/\/uach.sav.sk\/sk\/wp-content\/uploads\/sites\/2\/struktura_sk_new.jpg\" rel=\"lightbox[2801]\"><img loading=\"lazy\" decoding=\"async\" class=\"alignnone wp-image-2799\" src=\"https:\/\/uach.sav.sk\/sk\/wp-content\/uploads\/sites\/2\/struktura_sk_new-300x225.jpg\" alt=\"\" width=\"585\" height=\"439\" srcset=\"https:\/\/uach.sav.sk\/sk\/wp-content\/uploads\/sites\/2\/struktura_sk_new-300x225.jpg 300w, https:\/\/uach.sav.sk\/sk\/wp-content\/uploads\/sites\/2\/struktura_sk_new-768x576.jpg 768w, https:\/\/uach.sav.sk\/sk\/wp-content\/uploads\/sites\/2\/struktura_sk_new.jpg 960w\" sizes=\"auto, (max-width: 585px) 100vw, 585px\" \/><\/a><br \/>\nkliknite pre zv\u00e4\u010d\u0161enie<\/center><\/p>\n","protected":false},"excerpt":{"rendered":"<p>kliknite pre zv\u00e4\u010d\u0161enie<\/p>\n","protected":false},"author":1,"featured_media":0,"parent":13,"menu_order":0,"comment_status":"closed","ping_status":"closed","template":"","meta":{"footnotes":"","_links_to":"","_links_to_target":""},"class_list":["post-2801","page","type-page","status-publish","hentry"],"_links":{"self":[{"href":"https:\/\/uach.sav.sk\/sk\/wp-json\/wp\/v2\/pages\/2801","targetHints":{"allow":["GET"]}}],"collection":[{"href":"https:\/\/uach.sav.sk\/sk\/wp-json\/wp\/v2\/pages"}],"about":[{"href":"https:\/\/uach.sav.sk\/sk\/wp-json\/wp\/v2\/types\/page"}],"author":[{"embeddable":true,"href":"https:\/\/uach.sav.sk\/sk\/wp-json\/wp\/v2\/users\/1"}],"replies":[{"embeddable":true,"href":"https:\/\/uach.sav.sk\/sk\/wp-json\/wp\/v2\/comments?post=2801"}],"version-history":[{"count":2,"href":"https:\/\/uach.sav.sk\/sk\/wp-json\/wp\/v2\/pages\/2801\/revisions"}],"predecessor-version":[{"id":2805,"href":"https:\/\/uach.sav.sk\/sk\/wp-json\/wp\/v2\/pages\/2801\/revisions\/2805"}],"up":[{"embeddable":true,"href":"https:\/\/uach.sav.sk\/sk\/wp-json\/wp\/v2\/pages\/13"}],"wp:attachment":[{"href":"https:\/\/uach.sav.sk\/sk\/wp-json\/wp\/v2\/media?parent=2801"}],"curies":[{"name":"wp","href":"https:\/\/api.w.org\/{rel}","templated":true}]}}