{"id":297,"date":"2017-02-27T10:50:29","date_gmt":"2017-02-27T09:50:29","guid":{"rendered":"http:\/\/www.uach.sav.sk\/sk1\/?page_id=297"},"modified":"2023-11-08T21:23:47","modified_gmt":"2023-11-08T20:23:47","slug":"ine-medzinarodne","status":"publish","type":"page","link":"https:\/\/uach.sav.sk\/sk\/veda-a-vyskum\/projekty\/ine-medzinarodne\/","title":{"rendered":"In\u00e9 medzin\u00e1rodn\u00e9"},"content":{"rendered":"<p><script type=\"text\/javascript\">\/\/ <![CDATA[\nfunction toggle(element){document.getElementById(element).style.display=(document.getElementById(element).style.display==\"none\")?\"\":\"none\";}\n\/\/ ]]><\/script><\/p>\n<table class='project_list'>\n<tr>\n<td colspan='2'>N\/A &#8211; V\u00fdvoj nov\u00fdch spojovac\u00edch materi\u00e1lov pre vysokoentropick\u00e9 boridy<\/td>\n<\/tr>\n<tr>\n<td colspan='2'>Development of new brazing fillers for joining of high entropy borides<\/td>\n<\/tr>\n<tr>\n<td>Program:<\/td>\n<td>Mobility<\/td>\n<\/tr>\n<tr>\n<td>Zodpovedn\u00fd rie\u0161ite\u013e:<\/td>\n<td>Ing. Tatarko Peter, PhD.<\/td>\n<\/tr>\n<tr>\n<td>Doba trvania:<\/td>\n<td>1.1.2025 &#8211; 31.12.2026<\/td>\n<\/tr>\n<\/table>\n<table class='project_list'>\n<tr>\n<td colspan='2'>Nov\u00e9 vysokoentropick\u00e9 borido-karbidy pre vysokoteplotn\u00e9 aplik\u00e1cie<\/td>\n<\/tr>\n<tr>\n<td colspan='2'>Novel high entropy diborodicarbides for ultra-high temperature applications<\/td>\n<\/tr>\n<tr>\n<td>Program:<\/td>\n<td>Bilater\u00e1lne &#8211; in\u00e9<\/td>\n<\/tr>\n<tr>\n<td>Zodpovedn\u00fd rie\u0161ite\u013e:<\/td>\n<td>Ing. Tatarko Peter, PhD.<\/td>\n<\/tr>\n<tr>\n<td>Doba trvania:<\/td>\n<td>1.7.2024 &#8211; 30.6.2026<\/td>\n<\/tr>\n<\/table>\n","protected":false},"excerpt":{"rendered":"<p>N\/A &#8211; V\u00fdvoj nov\u00fdch spojovac\u00edch materi\u00e1lov pre vysokoentropick\u00e9 boridy Development of new brazing fillers for joining of high entropy borides Program: Mobility Zodpovedn\u00fd rie\u0161ite\u013e: Ing&#8230;.<\/p>\n","protected":false},"author":1,"featured_media":0,"parent":31,"menu_order":10,"comment_status":"closed","ping_status":"closed","template":"","meta":{"footnotes":"","_links_to":"","_links_to_target":""},"class_list":["post-297","page","type-page","status-publish","hentry"],"_links":{"self":[{"href":"https:\/\/uach.sav.sk\/sk\/wp-json\/wp\/v2\/pages\/297","targetHints":{"allow":["GET"]}}],"collection":[{"href":"https:\/\/uach.sav.sk\/sk\/wp-json\/wp\/v2\/pages"}],"about":[{"href":"https:\/\/uach.sav.sk\/sk\/wp-json\/wp\/v2\/types\/page"}],"author":[{"embeddable":true,"href":"https:\/\/uach.sav.sk\/sk\/wp-json\/wp\/v2\/users\/1"}],"replies":[{"embeddable":true,"href":"https:\/\/uach.sav.sk\/sk\/wp-json\/wp\/v2\/comments?post=297"}],"version-history":[{"count":5,"href":"https:\/\/uach.sav.sk\/sk\/wp-json\/wp\/v2\/pages\/297\/revisions"}],"predecessor-version":[{"id":3278,"href":"https:\/\/uach.sav.sk\/sk\/wp-json\/wp\/v2\/pages\/297\/revisions\/3278"}],"up":[{"embeddable":true,"href":"https:\/\/uach.sav.sk\/sk\/wp-json\/wp\/v2\/pages\/31"}],"wp:attachment":[{"href":"https:\/\/uach.sav.sk\/sk\/wp-json\/wp\/v2\/media?parent=297"}],"curies":[{"name":"wp","href":"https:\/\/api.w.org\/{rel}","templated":true}]}}