{"id":303,"date":"2017-02-27T10:52:37","date_gmt":"2017-02-27T09:52:37","guid":{"rendered":"http:\/\/www.uach.sav.sk\/sk1\/?page_id=303"},"modified":"2024-09-06T10:17:38","modified_gmt":"2024-09-06T08:17:38","slug":"saspro","status":"publish","type":"page","link":"https:\/\/uach.sav.sk\/sk\/veda-a-vyskum\/projekty\/saspro\/","title":{"rendered":"SASPRO"},"content":{"rendered":"<p><script type=\"text\/javascript\">\/\/ <![CDATA[\nfunction toggle(element){document.getElementById(element).style.display=(document.getElementById(element).style.display==\"none\")?\"\":\"none\";}\n\/\/ ]]><\/script><\/p>\n<p style=\"color: gray;\">V tomto programe moment\u00e1lne nie s\u00fa \u017eiadne projekty.<\/p>\n","protected":false},"excerpt":{"rendered":"<p>V tomto programe moment\u00e1lne nie s\u00fa \u017eiadne projekty.<\/p>\n","protected":false},"author":1,"featured_media":0,"parent":31,"menu_order":40,"comment_status":"closed","ping_status":"closed","template":"","meta":{"footnotes":"","_links_to":"","_links_to_target":""},"class_list":["post-303","page","type-page","status-publish","hentry"],"_links":{"self":[{"href":"https:\/\/uach.sav.sk\/sk\/wp-json\/wp\/v2\/pages\/303","targetHints":{"allow":["GET"]}}],"collection":[{"href":"https:\/\/uach.sav.sk\/sk\/wp-json\/wp\/v2\/pages"}],"about":[{"href":"https:\/\/uach.sav.sk\/sk\/wp-json\/wp\/v2\/types\/page"}],"author":[{"embeddable":true,"href":"https:\/\/uach.sav.sk\/sk\/wp-json\/wp\/v2\/users\/1"}],"replies":[{"embeddable":true,"href":"https:\/\/uach.sav.sk\/sk\/wp-json\/wp\/v2\/comments?post=303"}],"version-history":[{"count":8,"href":"https:\/\/uach.sav.sk\/sk\/wp-json\/wp\/v2\/pages\/303\/revisions"}],"predecessor-version":[{"id":3696,"href":"https:\/\/uach.sav.sk\/sk\/wp-json\/wp\/v2\/pages\/303\/revisions\/3696"}],"up":[{"embeddable":true,"href":"https:\/\/uach.sav.sk\/sk\/wp-json\/wp\/v2\/pages\/31"}],"wp:attachment":[{"href":"https:\/\/uach.sav.sk\/sk\/wp-json\/wp\/v2\/media?parent=303"}],"curies":[{"name":"wp","href":"https:\/\/api.w.org\/{rel}","templated":true}]}}