{"id":330,"date":"2017-02-27T14:27:15","date_gmt":"2017-02-27T13:27:15","guid":{"rendered":"http:\/\/www.uach.sav.sk\/sk1\/?page_id=330"},"modified":"2020-12-26T21:56:08","modified_gmt":"2020-12-26T20:56:08","slug":"clenovia","status":"publish","type":"page","link":"https:\/\/uach.sav.sk\/sk\/oddelenia\/oddelenie-keramiky\/clenovia\/","title":{"rendered":"\u010clenovia"},"content":{"rendered":"<table class='list'>\n<tr class='list_header'>\n<td>Meno \/ Poz\u00edcia<\/td>\n<td>E-mail<\/td>\n<td class='xs_hide'>Telef\u00f3n<\/td>\n<td class='xs_hide'>ORCID<\/td>\n<\/tr>\n<tr>\n<td width='45%'><a class='bold' href='\/sk\/zamestnanci\/zakladne-info\/?user_no=14119'>Ali, Asif MSc.<\/a><br \/><span><\/span><\/td>\n<td width='35%'><a href='mailto:asif.ali@savba.sk'>asif.ali@savba.sk<\/a><\/td>\n<td width='15%' class='xs_hide'>02\/59410442<\/td>\n<td width='5%' class='xs_hide'><\/td>\n<\/tr>\n<tr>\n<td width='45%'><a class='bold' href='\/sk\/zamestnanci\/zakladne-info\/?user_no=14880'>Ashutosh, Kumar MSc.<\/a><br \/><span><\/span><\/td>\n<td width='35%'><a href='mailto:kumar.ashutosh@savba.sk'>kumar.ashutosh@savba.sk<\/a><\/td>\n<td width='15%' class='xs_hide'>02\/59410419<\/td>\n<td width='5%' class='xs_hide'><\/td>\n<\/tr>\n<tr>\n<td width='45%'><a class='bold' href='\/sk\/zamestnanci\/zakladne-info\/?user_no=14504'>Bandaru, Subrahmanyam MSc., PhD.<\/a><br \/><span><\/span><\/td>\n<td width='35%'><a href='mailto:subrahmanyam.bandaru@savba.sk'>subrahmanyam.bandaru@savba.sk<\/a><\/td>\n<td width='15%' class='xs_hide'>02\/59410424<\/td>\n<td width='5%' class='xs_hide'><\/td>\n<\/tr>\n<tr>\n<td width='45%'><a class='bold' href='\/sk\/zamestnanci\/zakladne-info\/?user_no=14930'>Dwivedi, Sushmita MSc., PhD.<\/a><br \/><span><\/span><\/td>\n<td width='35%'><a href='mailto:sushmita.dwivedi@savba.sk'>sushmita.dwivedi@savba.sk<\/a><\/td>\n<td width='15%' class='xs_hide'>02\/59410429<\/td>\n<td width='5%' class='xs_hide'><\/td>\n<\/tr>\n<tr>\n<td width='45%'><a class='bold' href='\/sk\/zamestnanci\/zakladne-info\/?user_no=8325'>Hadzimov\u00e1, Eva Ing.<\/a><br \/><span><\/span><\/td>\n<td width='35%'><a href='mailto:eva.hadzimova@savba.sk'>eva.hadzimova@savba.sk<\/a><\/td>\n<td width='15%' class='xs_hide'>02\/59410443<\/td>\n<td width='5%' class='xs_hide'><\/td>\n<\/tr>\n<tr>\n<td width='45%'><a class='bold' href='\/sk\/zamestnanci\/zakladne-info\/?user_no=7959'>Hanzel, Ondrej Ing., PhD.<\/a><br \/><span><\/span><\/td>\n<td width='35%'><a href='mailto:ondrej.hanzel@savba.sk'>ondrej.hanzel@savba.sk<\/a><\/td>\n<td width='15%' class='xs_hide'>02\/59410435<\/td>\n<td width='5%' class='xs_hide'><a href='https:\/\/orcid.org\/0000-0001-9857-777X' target='_blank'><img src='\/wp-content\/themes\/akademia\/img\/layout\/content\/orcid_icon.png'><\/a><\/td>\n<\/tr>\n<tr>\n<td width='45%'><a class='bold' href='\/sk\/zamestnanci\/zakladne-info\/?user_no=12908'>Hi\u010d\u00e1k, Michal Ing., PhD.<\/a><br \/><span><\/span><\/td>\n<td width='35%'><a href='mailto:michal.hicak@savba.sk'>michal.hicak@savba.sk<\/a><\/td>\n<td width='15%' class='xs_hide'>02\/59410435<\/td>\n<td width='5%' class='xs_hide'><a href='https:\/\/orcid.org\/0000-0001-8446-1100' target='_blank'><img src='\/wp-content\/themes\/akademia\/img\/layout\/content\/orcid_icon.png'><\/a><\/td>\n<\/tr>\n<tr>\n<td width='45%'><a class='bold' href='\/sk\/zamestnanci\/zakladne-info\/?user_no=1084&#038;publication_author_id=0001309'>Hnatko, Miroslav doc. Ing., PhD.<\/a><br \/><span>ved\u00faci oddelenia keramiky<\/span><\/td>\n<td width='35%'><a href='mailto:miroslav.hnatko@savba.sk'>miroslav.hnatko@savba.sk<\/a><\/td>\n<td width='15%' class='xs_hide'>02\/59410___<\/td>\n<td width='5%' class='xs_hide'><a href='https:\/\/orcid.org\/0000-0002-1085-8049' target='_blank'><img src='\/wp-content\/themes\/akademia\/img\/layout\/content\/orcid_icon.png'><\/a><\/td>\n<\/tr>\n<tr>\n<td width='45%'><a class='bold' href='\/sk\/zamestnanci\/zakladne-info\/?user_no=2449'>Hnatkov\u00e1, Miriam <\/a><br \/><span><\/span><\/td>\n<td width='35%'><a href='mailto:miriam.hnatkova@savba.sk'>miriam.hnatkova@savba.sk<\/a><\/td>\n<td width='15%' class='xs_hide'>02\/59410415<\/td>\n<td width='5%' class='xs_hide'><\/td>\n<\/tr>\n<tr>\n<td width='45%'><a class='bold' href='\/sk\/zamestnanci\/zakladne-info\/?user_no=14784'>Hosseini, Naser MSc., PhD.<\/a><br \/><span><\/span><\/td>\n<td width='35%'><a href='mailto:naser.hosseini@savba.sk'>naser.hosseini@savba.sk<\/a><\/td>\n<td width='15%' class='xs_hide'>02\/59410442<\/td>\n<td width='5%' class='xs_hide'><\/td>\n<\/tr>\n<tr>\n<td width='45%'><a class='bold' href='\/sk\/zamestnanci\/zakladne-info\/?user_no=1092'>Jurov\u00e1, Anna <\/a><br \/><span><\/span><\/td>\n<td width='35%'><a href='mailto:anna.jurova@savba.sk'>anna.jurova@savba.sk<\/a><\/td>\n<td width='15%' class='xs_hide'>02\/59410403<\/td>\n<td width='5%' class='xs_hide'><\/td>\n<\/tr>\n<tr>\n<td width='45%'><a class='bold' href='\/sk\/zamestnanci\/zakladne-info\/?user_no=14879'>Khamdamov, Giyos MSc.<\/a><br \/><span><\/span><\/td>\n<td width='35%'><a href='mailto:giyos.khamdamov@savba.sk'>giyos.khamdamov@savba.sk<\/a><\/td>\n<td width='15%' class='xs_hide'>02\/59410419<\/td>\n<td width='5%' class='xs_hide'><\/td>\n<\/tr>\n<tr>\n<td width='45%'><a class='bold' href='\/sk\/zamestnanci\/zakladne-info\/?user_no=1101&#038;publication_author_id=0000080'>Len\u010d\u00e9\u0161, Zolt\u00e1n doc. Ing., PhD.<\/a><br \/><span><\/span><\/td>\n<td width='35%'><a href='mailto:zoltan.lences@savba.sk'>zoltan.lences@savba.sk<\/a><\/td>\n<td width='15%' class='xs_hide'>02\/59410408<\/td>\n<td width='5%' class='xs_hide'><a href='https:\/\/orcid.org\/0000-0002-2820-8773' target='_blank'><img src='\/wp-content\/themes\/akademia\/img\/layout\/content\/orcid_icon.png'><\/a><\/td>\n<\/tr>\n<tr>\n<td width='45%'><a class='bold' href='\/sk\/zamestnanci\/zakladne-info\/?user_no=14334'>Longkumer, Imrongnaro MSc., PhD.<\/a><br \/><span><\/span><\/td>\n<td width='35%'><a href='mailto:imrongnaro.longkumer@savba.sk'>imrongnaro.longkumer@savba.sk<\/a><\/td>\n<td width='15%' class='xs_hide'>02\/59410424<\/td>\n<td width='5%' class='xs_hide'><\/td>\n<\/tr>\n<tr>\n<td width='45%'><a class='bold' href='\/sk\/zamestnanci\/zakladne-info\/?user_no=13218'>Petriskov\u00e1, Patr\u00edcia Mgr., PhD.<\/a><br \/><span><\/span><\/td>\n<td width='35%'><a href='mailto:patricia.petriskova@savba.sk'>patricia.petriskova@savba.sk<\/a><\/td>\n<td width='15%' class='xs_hide'>02\/59410443<\/td>\n<td width='5%' class='xs_hide'><a href='https:\/\/orcid.org\/0000-0002-2149-9539' target='_blank'><img src='\/wp-content\/themes\/akademia\/img\/layout\/content\/orcid_icon.png'><\/a><\/td>\n<\/tr>\n<tr>\n<td width='45%'><a class='bold' href='\/sk\/zamestnanci\/zakladne-info\/?user_no=15074'>Saad ur Rahman, Muhammad MSc.<\/a><br \/><span><\/span><\/td>\n<td width='35%'><a href='mailto:muhammad.saad@savba.sk'>muhammad.saad@savba.sk<\/a><\/td>\n<td width='15%' class='xs_hide'>02\/59410424<\/td>\n<td width='5%' class='xs_hide'><\/td>\n<\/tr>\n<tr>\n<td width='45%'><a class='bold' href='\/sk\/zamestnanci\/zakladne-info\/?user_no=1125&#038;publication_author_id=0000161'>\u0160ajgal\u00edk, Pavol prof. RNDr., DrSc.<\/a><br \/><span><\/span><\/td>\n<td width='35%'><a href='mailto:pavol.sajgalik@savba.sk'>pavol.sajgalik@savba.sk<\/a><\/td>\n<td width='15%' class='xs_hide'>02\/59410___<\/td>\n<td width='5%' class='xs_hide'><a href='https:\/\/orcid.org\/0000-0003-3259-5144' target='_blank'><img src='\/wp-content\/themes\/akademia\/img\/layout\/content\/orcid_icon.png'><\/a><\/td>\n<\/tr>\n<tr>\n<td width='45%'><a class='bold' href='\/sk\/zamestnanci\/zakladne-info\/?user_no=10820'>Tatarko, Peter Ing., PhD.<\/a><br \/><span>Riadite\u013e<\/span><\/td>\n<td width='35%'><a href='mailto:peter.tatarko@savba.sk'>peter.tatarko@savba.sk<\/a><\/td>\n<td width='15%' class='xs_hide'>02\/59410400<\/td>\n<td width='5%' class='xs_hide'><a href='https:\/\/orcid.org\/0000-0001-5013-7003' target='_blank'><img src='\/wp-content\/themes\/akademia\/img\/layout\/content\/orcid_icon.png'><\/a><\/td>\n<\/tr>\n<tr>\n<td width='45%'><a class='bold' href='\/sk\/zamestnanci\/zakladne-info\/?user_no=11376'>Tatarkov\u00e1, Monika Mgr., PhD.<\/a><br \/><span><\/span><\/td>\n<td width='35%'><a href='mailto:monika.tatarkova@savba.sk'>monika.tatarkova@savba.sk<\/a><\/td>\n<td width='15%' class='xs_hide'>02\/59410___<\/td>\n<td width='5%' class='xs_hide'><a href='https:\/\/orcid.org\/0000-0002-3350-6345' target='_blank'><img src='\/wp-content\/themes\/akademia\/img\/layout\/content\/orcid_icon.png'><\/a><\/td>\n<\/tr>\n<tr>\n<td width='45%'><a class='bold' href='\/sk\/zamestnanci\/zakladne-info\/?user_no=13550'>Taveri, Gianmarco  Ing., PhD.<\/a><br \/><span><\/span><\/td>\n<td width='35%'><a href='mailto:gianmarco.taveri@savba.sk'>gianmarco.taveri@savba.sk<\/a><\/td>\n<td width='15%' class='xs_hide'>02\/59410474<\/td>\n<td width='5%' class='xs_hide'><\/td>\n<\/tr>\n<tr>\n<td width='45%'><a class='bold' href='\/sk\/zamestnanci\/zakladne-info\/?user_no=13314'>\u00dcnsal, Hakan MSc., PhD.<\/a><br \/><span><\/span><\/td>\n<td width='35%'><a href='mailto:hakan.unsal@savba.sk'>hakan.unsal@savba.sk<\/a><\/td>\n<td width='15%' class='xs_hide'>02\/59410424<\/td>\n<td width='5%' class='xs_hide'><a href='https:\/\/orcid.org\/0000-0001-6565-1099' target='_blank'><img src='\/wp-content\/themes\/akademia\/img\/layout\/content\/orcid_icon.png'><\/a><\/td>\n<\/tr>\n<\/table>\n","protected":false},"excerpt":{"rendered":"<p>Meno \/ Poz\u00edcia E-mail Telef\u00f3n ORCID Ali, Asif MSc. asif.ali@savba.sk 02\/59410442 Ashutosh, Kumar MSc. kumar.ashutosh@savba.sk 02\/59410419 Bandaru, Subrahmanyam MSc., PhD. subrahmanyam.bandaru@savba.sk 02\/59410424 Dwivedi, Sushmita MSc.,&#8230;<\/p>\n","protected":false},"author":1,"featured_media":0,"parent":41,"menu_order":10,"comment_status":"closed","ping_status":"closed","template":"","meta":{"footnotes":"","_links_to":"","_links_to_target":""},"class_list":["post-330","page","type-page","status-publish","hentry"],"_links":{"self":[{"href":"https:\/\/uach.sav.sk\/sk\/wp-json\/wp\/v2\/pages\/330","targetHints":{"allow":["GET"]}}],"collection":[{"href":"https:\/\/uach.sav.sk\/sk\/wp-json\/wp\/v2\/pages"}],"about":[{"href":"https:\/\/uach.sav.sk\/sk\/wp-json\/wp\/v2\/types\/page"}],"author":[{"embeddable":true,"href":"https:\/\/uach.sav.sk\/sk\/wp-json\/wp\/v2\/users\/1"}],"replies":[{"embeddable":true,"href":"https:\/\/uach.sav.sk\/sk\/wp-json\/wp\/v2\/comments?post=330"}],"version-history":[{"count":9,"href":"https:\/\/uach.sav.sk\/sk\/wp-json\/wp\/v2\/pages\/330\/revisions"}],"predecessor-version":[{"id":1951,"href":"https:\/\/uach.sav.sk\/sk\/wp-json\/wp\/v2\/pages\/330\/revisions\/1951"}],"up":[{"embeddable":true,"href":"https:\/\/uach.sav.sk\/sk\/wp-json\/wp\/v2\/pages\/41"}],"wp:attachment":[{"href":"https:\/\/uach.sav.sk\/sk\/wp-json\/wp\/v2\/media?parent=330"}],"curies":[{"name":"wp","href":"https:\/\/api.w.org\/{rel}","templated":true}]}}