{"id":332,"date":"2017-02-27T14:27:41","date_gmt":"2017-02-27T13:27:41","guid":{"rendered":"http:\/\/www.uach.sav.sk\/sk1\/?page_id=332"},"modified":"2020-12-26T21:56:30","modified_gmt":"2020-12-26T20:56:30","slug":"clenovia","status":"publish","type":"page","link":"https:\/\/uach.sav.sk\/sk\/oddelenia\/oddelenie-hydrosilikatov\/clenovia\/","title":{"rendered":"\u010clenovia"},"content":{"rendered":"<table class='list'>\n<tr class='list_header'>\n<td>Meno \/ Poz\u00edcia<\/td>\n<td>E-mail<\/td>\n<td class='xs_hide'>Telef\u00f3n<\/td>\n<td class='xs_hide'>ORCID<\/td>\n<\/tr>\n<tr>\n<td width='45%'><a class='bold' href='\/sk\/zamestnanci\/zakladne-info\/?user_no=8993'>Boh\u00e1\u010d, Peter Mgr., PhD.<\/a><br \/><span><\/span><\/td>\n<td width='35%'><a href='mailto:peter.bohac@savba.sk'>peter.bohac@savba.sk<\/a><\/td>\n<td width='15%' class='xs_hide'>02\/59410433<\/td>\n<td width='5%' class='xs_hide'><a href='https:\/\/orcid.org\/0000-0003-4302-8962' target='_blank'><img src='\/wp-content\/themes\/akademia\/img\/layout\/content\/orcid_icon.png'><\/a><\/td>\n<\/tr>\n<tr>\n<td width='45%'><a class='bold' href='\/sk\/zamestnanci\/zakladne-info\/?user_no=1203&#038;publication_author_id=0000066'>Bujd\u00e1k, Juraj prof. RNDr., DrSc.<\/a><br \/><span><\/span><\/td>\n<td width='35%'><a href='mailto:uachjuro@savba.sk'>uachjuro@savba.sk<\/a><\/td>\n<td width='15%' class='xs_hide'>02\/59410406<\/td>\n<td width='5%' class='xs_hide'><a href='https:\/\/orcid.org\/0000-0003-0305-949X' target='_blank'><img src='\/wp-content\/themes\/akademia\/img\/layout\/content\/orcid_icon.png'><\/a><\/td>\n<\/tr>\n<tr>\n<td width='45%'><a class='bold' href='\/sk\/zamestnanci\/zakladne-info\/?user_no=13670'>George, Vinny MSc.<\/a><br \/><span><\/span><\/td>\n<td width='35%'><a href='mailto:vinny.george@savba.sk'>vinny.george@savba.sk<\/a><\/td>\n<td width='15%' class='xs_hide'>02\/59410459<\/td>\n<td width='5%' class='xs_hide'><\/td>\n<\/tr>\n<tr>\n<td width='45%'><a class='bold' href='\/sk\/zamestnanci\/zakladne-info\/?user_no=15072'>Hamehkhani, Farshad MSc.<\/a><br \/><span><\/span><\/td>\n<td width='35%'><a href='mailto:farshad.hamehkhani@savba.sk'>farshad.hamehkhani@savba.sk<\/a><\/td>\n<td width='15%' class='xs_hide'>02\/59410459<\/td>\n<td width='5%' class='xs_hide'><\/td>\n<\/tr>\n<tr>\n<td width='45%'><a class='bold' href='\/sk\/zamestnanci\/zakladne-info\/?user_no=3806&#038;publication_author_id=0002770'>Jankovi\u010d, \u013dubo\u0161 Mgr., PhD.<\/a><br \/><span><\/span><\/td>\n<td width='35%'><a href='mailto:uachljan@savba.sk'>uachljan@savba.sk<\/a><\/td>\n<td width='15%' class='xs_hide'>02\/59410459<\/td>\n<td width='5%' class='xs_hide'><a href='https:\/\/orcid.org\/0000-0002-2875-6278' target='_blank'><img src='\/wp-content\/themes\/akademia\/img\/layout\/content\/orcid_icon.png'><\/a><\/td>\n<\/tr>\n<tr>\n<td width='45%'><a class='bold' href='\/sk\/zamestnanci\/zakladne-info\/?user_no=14121'>Kleman Santos, Leonardo Filipe MSc.<\/a><br \/><span><\/span><\/td>\n<td width='35%'><a href='mailto:leonardo.kleman@savba.sk'>leonardo.kleman@savba.sk<\/a><\/td>\n<td width='15%' class='xs_hide'><\/td>\n<td width='5%' class='xs_hide'><a href='https:\/\/orcid.org\/0000-0003-4010-5272' target='_blank'><img src='\/wp-content\/themes\/akademia\/img\/layout\/content\/orcid_icon.png'><\/a><\/td>\n<\/tr>\n<tr>\n<td width='45%'><a class='bold' href='\/sk\/zamestnanci\/zakladne-info\/?user_no=7956'>Kurekov\u00e1, Val\u00e9ria Mgr., PhD.<\/a><br \/><span><\/span><\/td>\n<td width='35%'><a href='mailto:valeria.bizovska@savba.sk'>valeria.bizovska@savba.sk<\/a><\/td>\n<td width='15%' class='xs_hide'>02\/59410471<\/td>\n<td width='5%' class='xs_hide'><a href='https:\/\/orcid.org\/0000-0001-6575-4928' target='_blank'><img src='\/wp-content\/themes\/akademia\/img\/layout\/content\/orcid_icon.png'><\/a><\/td>\n<\/tr>\n<tr>\n<td width='45%'><a class='bold' href='\/sk\/zamestnanci\/zakladne-info\/?user_no=13927'>Labib Shotorban, Parisa MSc.<\/a><br \/><span><\/span><\/td>\n<td width='35%'><a href='mailto:parisa.labib@savba.sk'>parisa.labib@savba.sk<\/a><\/td>\n<td width='15%' class='xs_hide'>0259410475<\/td>\n<td width='5%' class='xs_hide'><a href='https:\/\/orcid.org\/0009-0007-4435-8214' target='_blank'><img src='\/wp-content\/themes\/akademia\/img\/layout\/content\/orcid_icon.png'><\/a><\/td>\n<\/tr>\n<tr>\n<td width='45%'><a class='bold' href='\/sk\/zamestnanci\/zakladne-info\/?user_no=1105&#038;publication_author_id=0000083'>Madejov\u00e1, Jana RNDr., DrSc.<\/a><br \/><span><\/span><\/td>\n<td width='35%'><a href='mailto:uachjmad@savba.sk'>uachjmad@savba.sk<\/a><\/td>\n<td width='15%' class='xs_hide'>02\/59410406<\/td>\n<td width='5%' class='xs_hide'><a href='https:\/\/orcid.org\/0000-0001-8254-2361' target='_blank'><img src='\/wp-content\/themes\/akademia\/img\/layout\/content\/orcid_icon.png'><\/a><\/td>\n<\/tr>\n<tr>\n<td width='45%'><a class='bold' href='\/sk\/zamestnanci\/zakladne-info\/?user_no=13166'>Matejdes, Mari\u00e1n  Mgr., PhD.<\/a><br \/><span><\/span><\/td>\n<td width='35%'><a href='mailto:marian.matejdes@savba.sk'>marian.matejdes@savba.sk<\/a><\/td>\n<td width='15%' class='xs_hide'>0259410484<\/td>\n<td width='5%' class='xs_hide'><a href='https:\/\/orcid.org\/0000-0002-3723-1844' target='_blank'><img src='\/wp-content\/themes\/akademia\/img\/layout\/content\/orcid_icon.png'><\/a><\/td>\n<\/tr>\n<tr>\n<td width='45%'><a class='bold' href='\/sk\/zamestnanci\/zakladne-info\/?user_no=3159&#038;publication_author_id=0040139'>P\u00e1lkov\u00e1, Helena Ing., PhD.<\/a><br \/><span><\/span><\/td>\n<td width='35%'><a href='mailto:helena.palkova@savba.sk'>helena.palkova@savba.sk<\/a><\/td>\n<td width='15%' class='xs_hide'>02\/59410485<\/td>\n<td width='5%' class='xs_hide'><a href='https:\/\/orcid.org\/0000-0003-2687-3494' target='_blank'><img src='\/wp-content\/themes\/akademia\/img\/layout\/content\/orcid_icon.png'><\/a><\/td>\n<\/tr>\n<tr>\n<td width='45%'><a class='bold' href='\/sk\/zamestnanci\/zakladne-info\/?user_no=13219'>Planetov\u00e1, Vikt\u00f3ria Mgr.<\/a><br \/><span><\/span><\/td>\n<td width='35%'><a href='mailto:viktoria.planetova@savba.sk'>viktoria.planetova@savba.sk<\/a><\/td>\n<td width='15%' class='xs_hide'>0259410475<\/td>\n<td width='5%' class='xs_hide'><a href='https:\/\/orcid.org\/0009-0006-0578-1880' target='_blank'><img src='\/wp-content\/themes\/akademia\/img\/layout\/content\/orcid_icon.png'><\/a><\/td>\n<\/tr>\n<tr>\n<td width='45%'><a class='bold' href='\/sk\/zamestnanci\/zakladne-info\/?user_no=11921'>Pribus, Marek Mgr., PhD.<\/a><br \/><span><\/span><\/td>\n<td width='35%'><a href='mailto:marek.pribus@savba.sk'>marek.pribus@savba.sk<\/a><\/td>\n<td width='15%' class='xs_hide'>02\/59410475<\/td>\n<td width='5%' class='xs_hide'><a href='https:\/\/orcid.org\/0000-0001-9908-6892' target='_blank'><img src='\/wp-content\/themes\/akademia\/img\/layout\/content\/orcid_icon.png'><\/a><\/td>\n<\/tr>\n<tr>\n<td width='45%'><a class='bold' href='\/sk\/zamestnanci\/zakladne-info\/?user_no=13027'>Pribus, Marek Mgr., PhD.<\/a><br \/><span><\/span><\/td>\n<td width='35%'><a href='mailto:'><\/a><\/td>\n<td width='15%' class='xs_hide'>02\/59410475<\/td>\n<td width='5%' class='xs_hide'><\/td>\n<\/tr>\n<tr>\n<td width='45%'><a class='bold' href='\/sk\/zamestnanci\/zakladne-info\/?user_no=12129&#038;publication_author_id=0192335'>Slan\u00fd, Michal Ing., PhD.<\/a><br \/><span><\/span><\/td>\n<td width='35%'><a href='mailto:uachslan@savba.sk'>uachslan@savba.sk<\/a><\/td>\n<td width='15%' class='xs_hide'>02\/59410484<\/td>\n<td width='5%' class='xs_hide'><a href='https:\/\/orcid.org\/0000-0002-8002-7259' target='_blank'><img src='\/wp-content\/themes\/akademia\/img\/layout\/content\/orcid_icon.png'><\/a><\/td>\n<\/tr>\n<tr>\n<td width='45%'><a class='bold' href='\/sk\/zamestnanci\/zakladne-info\/?user_no=11920&#038;publication_author_id=0192314'>\u0160imonov\u00e1, T\u00edmea Mgr., PhD.<\/a><br \/><span><\/span><\/td>\n<td width='35%'><a href='mailto:timea.baranyaiova@savba.sk'>timea.baranyaiova@savba.sk<\/a><\/td>\n<td width='15%' class='xs_hide'>02\/59410471<\/td>\n<td width='5%' class='xs_hide'><a href='https:\/\/orcid.org\/0000-0003-4501-5129' target='_blank'><img src='\/wp-content\/themes\/akademia\/img\/layout\/content\/orcid_icon.png'><\/a><\/td>\n<\/tr>\n<\/table>\n","protected":false},"excerpt":{"rendered":"<p>Meno \/ Poz\u00edcia E-mail Telef\u00f3n ORCID Boh\u00e1\u010d, Peter Mgr., PhD. peter.bohac@savba.sk 02\/59410433 Bujd\u00e1k, Juraj prof. RNDr., DrSc. uachjuro@savba.sk 02\/59410406 George, Vinny MSc. vinny.george@savba.sk 02\/59410459 Hamehkhani,&#8230;<\/p>\n","protected":false},"author":1,"featured_media":0,"parent":43,"menu_order":10,"comment_status":"closed","ping_status":"closed","template":"","meta":{"footnotes":"","_links_to":"","_links_to_target":""},"class_list":["post-332","page","type-page","status-publish","hentry"],"_links":{"self":[{"href":"https:\/\/uach.sav.sk\/sk\/wp-json\/wp\/v2\/pages\/332","targetHints":{"allow":["GET"]}}],"collection":[{"href":"https:\/\/uach.sav.sk\/sk\/wp-json\/wp\/v2\/pages"}],"about":[{"href":"https:\/\/uach.sav.sk\/sk\/wp-json\/wp\/v2\/types\/page"}],"author":[{"embeddable":true,"href":"https:\/\/uach.sav.sk\/sk\/wp-json\/wp\/v2\/users\/1"}],"replies":[{"embeddable":true,"href":"https:\/\/uach.sav.sk\/sk\/wp-json\/wp\/v2\/comments?post=332"}],"version-history":[{"count":7,"href":"https:\/\/uach.sav.sk\/sk\/wp-json\/wp\/v2\/pages\/332\/revisions"}],"predecessor-version":[{"id":1952,"href":"https:\/\/uach.sav.sk\/sk\/wp-json\/wp\/v2\/pages\/332\/revisions\/1952"}],"up":[{"embeddable":true,"href":"https:\/\/uach.sav.sk\/sk\/wp-json\/wp\/v2\/pages\/43"}],"wp:attachment":[{"href":"https:\/\/uach.sav.sk\/sk\/wp-json\/wp\/v2\/media?parent=332"}],"curies":[{"name":"wp","href":"https:\/\/api.w.org\/{rel}","templated":true}]}}