{"id":334,"date":"2017-02-27T14:28:08","date_gmt":"2017-02-27T13:28:08","guid":{"rendered":"http:\/\/www.uach.sav.sk\/sk1\/?page_id=334"},"modified":"2020-12-26T21:56:59","modified_gmt":"2020-12-26T20:56:59","slug":"clenovia","status":"publish","type":"page","link":"https:\/\/uach.sav.sk\/sk\/oddelenia\/oddelenie-taveninovych-sustav\/clenovia\/","title":{"rendered":"\u010clenovia"},"content":{"rendered":"<table class='list'>\n<tr class='list_header'>\n<td>Meno \/ Poz\u00edcia<\/td>\n<td>E-mail<\/td>\n<td class='xs_hide'>Telef\u00f3n<\/td>\n<td class='xs_hide'>ORCID<\/td>\n<\/tr>\n<tr>\n<td width='45%'><a class='bold' href='\/sk\/zamestnanci\/zakladne-info\/?user_no=3142&#038;publication_author_id=0040184'>Bo\u010da, Miroslav doc. Ing., DrSc.<\/a><br \/><span><\/span><\/td>\n<td width='35%'><a href='mailto:uachboca@savba.sk'>uachboca@savba.sk<\/a><\/td>\n<td width='15%' class='xs_hide'>02\/59410400<\/td>\n<td width='5%' class='xs_hide'><a href='https:\/\/orcid.org\/0000-0003-0616-0569' target='_blank'><img src='\/wp-content\/themes\/akademia\/img\/layout\/content\/orcid_icon.png'><\/a><\/td>\n<\/tr>\n<tr>\n<td width='45%'><a class='bold' href='\/sk\/zamestnanci\/zakladne-info\/?user_no=12344&#038;publication_author_id=0217554'>Demovics Sillikov\u00e1, Veronika RNDr., PhD.<\/a><br \/><span><\/span><\/td>\n<td width='35%'><a href='mailto:veronika.sillikova@savba.sk'>veronika.sillikova@savba.sk<\/a><\/td>\n<td width='15%' class='xs_hide'>02\/59410439<\/td>\n<td width='5%' class='xs_hide'><a href='https:\/\/orcid.org\/0000-0002-1700-7677' target='_blank'><img src='\/wp-content\/themes\/akademia\/img\/layout\/content\/orcid_icon.png'><\/a><\/td>\n<\/tr>\n<tr>\n<td width='45%'><a class='bold' href='\/sk\/zamestnanci\/zakladne-info\/?user_no=15073'>Karimi, Alireza MSc.<\/a><br \/><span><\/span><\/td>\n<td width='35%'><a href='mailto:alireza.karimi@savba.sk'>alireza.karimi@savba.sk<\/a><\/td>\n<td width='15%' class='xs_hide'><\/td>\n<td width='5%' class='xs_hide'><\/td>\n<\/tr>\n<tr>\n<td width='45%'><a class='bold' href='\/sk\/zamestnanci\/zakladne-info\/?user_no=4696&#038;publication_author_id=0146625'>Korenko, Michal Ing., PhD.<\/a><br \/><span><\/span><\/td>\n<td width='35%'><a href='mailto:uachmiko@savba.sk'>uachmiko@savba.sk<\/a><\/td>\n<td width='15%' class='xs_hide'>02\/59410463<\/td>\n<td width='5%' class='xs_hide'><a href='https:\/\/orcid.org\/0000-0001-9800-8913' target='_blank'><img src='\/wp-content\/themes\/akademia\/img\/layout\/content\/orcid_icon.png'><\/a><\/td>\n<\/tr>\n<tr>\n<td width='45%'><a class='bold' href='\/sk\/zamestnanci\/zakladne-info\/?user_no=14274'>Krishnan, Dhiya MSc., PhD.<\/a><br \/><span><\/span><\/td>\n<td width='35%'><a href='mailto:uachdiya@savba.sk'>uachdiya@savba.sk<\/a><\/td>\n<td width='15%' class='xs_hide'>0259410455<\/td>\n<td width='5%' class='xs_hide'><\/td>\n<\/tr>\n<tr>\n<td width='45%'><a class='bold' href='\/sk\/zamestnanci\/zakladne-info\/?user_no=3745&#038;publication_author_id=0146626'>Kub\u00edkov\u00e1, Blanka Ing., PhD.<\/a><br \/><span><\/span><\/td>\n<td width='35%'><a href='mailto:uachkubi@savba.sk'>uachkubi@savba.sk<\/a><\/td>\n<td width='15%' class='xs_hide'>02\/59410421<\/td>\n<td width='5%' class='xs_hide'><a href='https:\/\/orcid.org\/0000-0002-0144-1962' target='_blank'><img src='\/wp-content\/themes\/akademia\/img\/layout\/content\/orcid_icon.png'><\/a><\/td>\n<\/tr>\n<tr>\n<td width='45%'><a class='bold' href='\/sk\/zamestnanci\/zakladne-info\/?user_no=1106&#038;publication_author_id=0019272'>Mackov\u00e1, Iveta Ing.<\/a><br \/><span><\/span><\/td>\n<td width='35%'><a href='mailto:uachimac@savba.sk'>uachimac@savba.sk<\/a><\/td>\n<td width='15%' class='xs_hide'>02\/59410492<\/td>\n<td width='5%' class='xs_hide'><\/td>\n<\/tr>\n<tr>\n<td width='45%'><a class='bold' href='\/sk\/zamestnanci\/zakladne-info\/?user_no=13365'>Matselko, Oksana , PhD.<\/a><br \/><span><\/span><\/td>\n<td width='35%'><a href='mailto:oksana.matselko@savba.sk'>oksana.matselko@savba.sk<\/a><\/td>\n<td width='15%' class='xs_hide'>02\/59410439<\/td>\n<td width='5%' class='xs_hide'><a href='https:\/\/orcid.org\/0000-0002-4820-9909' target='_blank'><img src='\/wp-content\/themes\/akademia\/img\/layout\/content\/orcid_icon.png'><\/a><\/td>\n<\/tr>\n<tr>\n<td width='45%'><a class='bold' href='\/sk\/zamestnanci\/zakladne-info\/?user_no=3738&#038;publication_author_id=0146732'>Mlyn\u00e1rikov\u00e1, Jarmila Ing., PhD.<\/a><br \/><span><\/span><\/td>\n<td width='35%'><a href='mailto:uachcibu@savba.sk'>uachcibu@savba.sk<\/a><\/td>\n<td width='15%' class='xs_hide'>02\/59410414<\/td>\n<td width='5%' class='xs_hide'><a href='https:\/\/orcid.org\/0000-0001-7970-6628' target='_blank'><img src='\/wp-content\/themes\/akademia\/img\/layout\/content\/orcid_icon.png'><\/a><\/td>\n<\/tr>\n<tr>\n<td width='45%'><a class='bold' href='\/sk\/zamestnanci\/zakladne-info\/?user_no=4694&#038;publication_author_id=0146635'>Netriov\u00e1, Zuzana Ing., PhD.<\/a><br \/><span><\/span><\/td>\n<td width='35%'><a href='mailto:uachivaz@savba.sk'>uachivaz@savba.sk<\/a><\/td>\n<td width='15%' class='xs_hide'>02\/59410414<\/td>\n<td width='5%' class='xs_hide'><a href='https:\/\/orcid.org\/0000-0003-4721-2118' target='_blank'><img src='\/wp-content\/themes\/akademia\/img\/layout\/content\/orcid_icon.png'><\/a><\/td>\n<\/tr>\n<tr>\n<td width='45%'><a class='bold' href='\/sk\/zamestnanci\/zakladne-info\/?user_no=13978'>Netriov\u00e1, Zuzana  Ing., PhD.<\/a><br \/><span><\/span><\/td>\n<td width='35%'><a href='mailto:uachivaz@savba.sk'>uachivaz@savba.sk<\/a><\/td>\n<td width='15%' class='xs_hide'>02\/59410414<\/td>\n<td width='5%' class='xs_hide'><\/td>\n<\/tr>\n<tr>\n<td width='45%'><a class='bold' href='\/sk\/zamestnanci\/zakladne-info\/?user_no=14931'>Niksefat, Vahid MSc., PhD.<\/a><br \/><span><\/span><\/td>\n<td width='35%'><a href='mailto:vahid.niksefat@savba.sk'>vahid.niksefat@savba.sk<\/a><\/td>\n<td width='15%' class='xs_hide'><\/td>\n<td width='5%' class='xs_hide'><a href='https:\/\/orcid.org\/0009-0001-4078-3199' target='_blank'><img src='\/wp-content\/themes\/akademia\/img\/layout\/content\/orcid_icon.png'><\/a><\/td>\n<\/tr>\n<tr>\n<td width='45%'><a class='bold' href='\/sk\/zamestnanci\/zakladne-info\/?user_no=7834'>Pavl\u00edk, Viliam Ing., PhD.<\/a><br \/><span>samostatn\u00fd vedeck\u00fd pracovn\u00edk<\/span><\/td>\n<td width='35%'><a href='mailto:uachvipa@savba.sk'>uachvipa@savba.sk<\/a><\/td>\n<td width='15%' class='xs_hide'><\/td>\n<td width='5%' class='xs_hide'><a href='https:\/\/orcid.org\/0000-0003-2485-6324' target='_blank'><img src='\/wp-content\/themes\/akademia\/img\/layout\/content\/orcid_icon.png'><\/a><\/td>\n<\/tr>\n<tr>\n<td width='45%'><a class='bold' href='\/sk\/zamestnanci\/zakladne-info\/?user_no=4832&#038;publication_author_id=0146639'>Pri\u0161\u010d\u00e1k, Jozef Ing.<\/a><br \/><span><\/span><\/td>\n<td width='35%'><a href='mailto:uachprij@savba.sk'>uachprij@savba.sk<\/a><\/td>\n<td width='15%' class='xs_hide'>02\/59410489<\/td>\n<td width='5%' class='xs_hide'><\/td>\n<\/tr>\n<tr>\n<td width='45%'><a class='bold' href='\/sk\/zamestnanci\/zakladne-info\/?user_no=1126&#038;publication_author_id=0018899'>\u0160imko, Franti\u0161ek Ing., PhD.<\/a><br \/><span><\/span><\/td>\n<td width='35%'><a href='mailto:uachsim@savba.sk'>uachsim@savba.sk<\/a><\/td>\n<td width='15%' class='xs_hide'>02\/59410495<\/td>\n<td width='5%' class='xs_hide'><a href='https:\/\/orcid.org\/0000-0003-2390-1349' target='_blank'><img src='\/wp-content\/themes\/akademia\/img\/layout\/content\/orcid_icon.png'><\/a><\/td>\n<\/tr>\n<tr>\n<td width='45%'><a class='bold' href='\/sk\/zamestnanci\/zakladne-info\/?user_no=8304'>Vaskov\u00e1, Zuzana Ing., PhD.<\/a><br \/><span><\/span><\/td>\n<td width='35%'><a href='mailto:zuzana.vaskova@savba.sk'>zuzana.vaskova@savba.sk<\/a><\/td>\n<td width='15%' class='xs_hide'>02\/59410488<\/td>\n<td width='5%' class='xs_hide'><a href='https:\/\/orcid.org\/0000-0003-1495-078X' target='_blank'><img src='\/wp-content\/themes\/akademia\/img\/layout\/content\/orcid_icon.png'><\/a><\/td>\n<\/tr>\n<tr>\n<td width='45%'><a class='bold' href='\/sk\/zamestnanci\/zakladne-info\/?user_no=10651'>Weiner, Pavol Mgr.<\/a><br \/><span><\/span><\/td>\n<td width='35%'><a href='mailto:pavol.weiner@savba.sk'>pavol.weiner@savba.sk<\/a><\/td>\n<td width='15%' class='xs_hide'>02\/59410489<\/td>\n<td width='5%' class='xs_hide'><\/td>\n<\/tr>\n<\/table>\n","protected":false},"excerpt":{"rendered":"<p>Meno \/ Poz\u00edcia E-mail Telef\u00f3n ORCID Bo\u010da, Miroslav doc. Ing., DrSc. uachboca@savba.sk 02\/59410400 Demovics Sillikov\u00e1, Veronika RNDr., PhD. veronika.sillikova@savba.sk 02\/59410439 Karimi, Alireza MSc. alireza.karimi@savba.sk Korenko,&#8230;<\/p>\n","protected":false},"author":1,"featured_media":0,"parent":45,"menu_order":10,"comment_status":"closed","ping_status":"closed","template":"","meta":{"footnotes":"","_links_to":"","_links_to_target":""},"class_list":["post-334","page","type-page","status-publish","hentry"],"_links":{"self":[{"href":"https:\/\/uach.sav.sk\/sk\/wp-json\/wp\/v2\/pages\/334","targetHints":{"allow":["GET"]}}],"collection":[{"href":"https:\/\/uach.sav.sk\/sk\/wp-json\/wp\/v2\/pages"}],"about":[{"href":"https:\/\/uach.sav.sk\/sk\/wp-json\/wp\/v2\/types\/page"}],"author":[{"embeddable":true,"href":"https:\/\/uach.sav.sk\/sk\/wp-json\/wp\/v2\/users\/1"}],"replies":[{"embeddable":true,"href":"https:\/\/uach.sav.sk\/sk\/wp-json\/wp\/v2\/comments?post=334"}],"version-history":[{"count":7,"href":"https:\/\/uach.sav.sk\/sk\/wp-json\/wp\/v2\/pages\/334\/revisions"}],"predecessor-version":[{"id":1953,"href":"https:\/\/uach.sav.sk\/sk\/wp-json\/wp\/v2\/pages\/334\/revisions\/1953"}],"up":[{"embeddable":true,"href":"https:\/\/uach.sav.sk\/sk\/wp-json\/wp\/v2\/pages\/45"}],"wp:attachment":[{"href":"https:\/\/uach.sav.sk\/sk\/wp-json\/wp\/v2\/media?parent=334"}],"curies":[{"name":"wp","href":"https:\/\/api.w.org\/{rel}","templated":true}]}}