{"id":336,"date":"2017-02-27T14:29:22","date_gmt":"2017-02-27T13:29:22","guid":{"rendered":"http:\/\/www.uach.sav.sk\/sk1\/?page_id=336"},"modified":"2020-12-26T21:57:37","modified_gmt":"2020-12-26T20:57:37","slug":"clenovia","status":"publish","type":"page","link":"https:\/\/uach.sav.sk\/sk\/oddelenia\/oddelenie-teoretickej-chemie\/clenovia\/","title":{"rendered":"\u010clenovia"},"content":{"rendered":"<table class='list'>\n<tr class='list_header'>\n<td>Meno \/ Poz\u00edcia<\/td>\n<td>E-mail<\/td>\n<td class='xs_hide'>Telef\u00f3n<\/td>\n<td class='xs_hide'>ORCID<\/td>\n<\/tr>\n<tr>\n<td width='45%'><a class='bold' href='\/sk\/zamestnanci\/zakladne-info\/?user_no=14120'>Asbat, Ayesha PharmDr., MPhil. <\/a><br \/><span><\/span><\/td>\n<td width='35%'><a href='mailto:ayesha.asbat@savba.sk'>ayesha.asbat@savba.sk<\/a><\/td>\n<td width='15%' class='xs_hide'>02 59410 487<\/td>\n<td width='5%' class='xs_hide'><\/td>\n<\/tr>\n<tr>\n<td width='45%'><a class='bold' href='\/sk\/zamestnanci\/zakladne-info\/?user_no=8480'>Asher, James Richard , PhD<\/a><br \/><span><\/span><\/td>\n<td width='35%'><a href='mailto:uachashr@savba.sk'>uachashr@savba.sk<\/a><\/td>\n<td width='15%' class='xs_hide'>02\/59410481<\/td>\n<td width='5%' class='xs_hide'><\/td>\n<\/tr>\n<tr>\n<td width='45%'><a class='bold' href='\/sk\/zamestnanci\/zakladne-info\/?user_no=14367'>Bashir, Sanam MSc., PhD.<\/a><br \/><span><\/span><\/td>\n<td width='35%'><a href='mailto:sanam.bashir@savba.sk'>sanam.bashir@savba.sk<\/a><\/td>\n<td width='15%' class='xs_hide'>02\/59410425<\/td>\n<td width='5%' class='xs_hide'><\/td>\n<\/tr>\n<tr>\n<td width='45%'><a class='bold' href='\/sk\/zamestnanci\/zakladne-info\/?user_no=7962'>Bu\u010dko, Tom\u00e1\u0161  doc. Ing., PhD.<\/a><br \/><span><\/span><\/td>\n<td width='35%'><a href='mailto:tomas.bucko@uniba.sk'>tomas.bucko@uniba.sk<\/a><\/td>\n<td width='15%' class='xs_hide'><\/td>\n<td width='5%' class='xs_hide'><a href='https:\/\/orcid.org\/0000-0002-5847-9478' target='_blank'><img src='\/wp-content\/themes\/akademia\/img\/layout\/content\/orcid_icon.png'><\/a><\/td>\n<\/tr>\n<tr>\n<td width='45%'><a class='bold' href='\/sk\/zamestnanci\/zakladne-info\/?user_no=10547'>Komorovsk\u00fd, Stanislav Mgr., PhD.<\/a><br \/><span>Ved\u00faci oddelenia teoretickej ch\u00e9mie<\/span><\/td>\n<td width='35%'><a href='mailto:stanislav.komorovsky@savba.sk'>stanislav.komorovsky@savba.sk<\/a><\/td>\n<td width='15%' class='xs_hide'>02\/59410417<\/td>\n<td width='5%' class='xs_hide'><a href='https:\/\/orcid.org\/0000-0002-5317-7200' target='_blank'><img src='\/wp-content\/themes\/akademia\/img\/layout\/content\/orcid_icon.png'><\/a><\/td>\n<\/tr>\n<tr>\n<td width='45%'><a class='bold' href='\/sk\/zamestnanci\/zakladne-info\/?user_no=14610'>Lemken, Florian Andreas MSc., PhD.<\/a><br \/><span><\/span><\/td>\n<td width='35%'><a href='mailto:florian.lemken@savba.sk'>florian.lemken@savba.sk<\/a><\/td>\n<td width='15%' class='xs_hide'>0259410425<\/td>\n<td width='5%' class='xs_hide'><\/td>\n<\/tr>\n<tr>\n<td width='45%'><a class='bold' href='\/sk\/zamestnanci\/zakladne-info\/?user_no=3744&#038;publication_author_id=0146629'>Malkin, O\u013ega Dr., DrSc.<\/a><br \/><span>ved\u00faci vedeck\u00fd pracovnik<\/span><\/td>\n<td width='35%'><a href='mailto:uacholga@savba.sk'>uacholga@savba.sk<\/a><\/td>\n<td width='15%' class='xs_hide'>02\/59410422<\/td>\n<td width='5%' class='xs_hide'><a href='https:\/\/orcid.org\/0000-0003-1044-3799' target='_blank'><img src='\/wp-content\/themes\/akademia\/img\/layout\/content\/orcid_icon.png'><\/a><\/td>\n<\/tr>\n<tr>\n<td width='45%'><a class='bold' href='\/sk\/zamestnanci\/zakladne-info\/?user_no=1107&#038;publication_author_id=0146632'>Malkin, Vladim\u00edr Dr., DrSc.<\/a><br \/><span><\/span><\/td>\n<td width='35%'><a href='mailto:uachmalk@savba.sk'>uachmalk@savba.sk<\/a><\/td>\n<td width='15%' class='xs_hide'>02\/59410469<\/td>\n<td width='5%' class='xs_hide'><a href='https:\/\/orcid.org\/0000-0001-6568-3701' target='_blank'><img src='\/wp-content\/themes\/akademia\/img\/layout\/content\/orcid_icon.png'><\/a><\/td>\n<\/tr>\n<tr>\n<td width='45%'><a class='bold' href='\/sk\/zamestnanci\/zakladne-info\/?user_no=14122'>Melo Flores, Bryan Alexis MSc.<\/a><br \/><span><\/span><\/td>\n<td width='35%'><a href='mailto:bryan.melo@savba.sk'>bryan.melo@savba.sk<\/a><\/td>\n<td width='15%' class='xs_hide'>02 59410 487<\/td>\n<td width='5%' class='xs_hide'><\/td>\n<\/tr>\n<tr>\n<td width='45%'><a class='bold' href='\/sk\/zamestnanci\/zakladne-info\/?user_no=14785'>Ravas, \u013dubo\u0161 Mgr.<\/a><br \/><span><\/span><\/td>\n<td width='35%'><a href='mailto:'><\/a><\/td>\n<td width='15%' class='xs_hide'>0259410481<\/td>\n<td width='5%' class='xs_hide'><\/td>\n<\/tr>\n<tr>\n<td width='45%'><a class='bold' href='\/sk\/zamestnanci\/zakladne-info\/?user_no=1120&#038;publication_author_id=0003668'>Scholtzov\u00e1, Eva Ing., CSc.<\/a><br \/><span><\/span><\/td>\n<td width='35%'><a href='mailto:uacheva@savba.sk'>uacheva@savba.sk<\/a><\/td>\n<td width='15%' class='xs_hide'>02\/59410457<\/td>\n<td width='5%' class='xs_hide'><a href='https:\/\/orcid.org\/0000-0001-8281-6713' target='_blank'><img src='\/wp-content\/themes\/akademia\/img\/layout\/content\/orcid_icon.png'><\/a><\/td>\n<\/tr>\n<tr>\n<td width='45%'><a class='bold' href='\/sk\/zamestnanci\/zakladne-info\/?user_no=10962'>\u0160kor\u0148a, Peter Ing., PhD.<\/a><br \/><span><\/span><\/td>\n<td width='35%'><a href='mailto:peter.skorna@savba.sk'>peter.skorna@savba.sk<\/a><\/td>\n<td width='15%' class='xs_hide'>02\/59410487<\/td>\n<td width='5%' class='xs_hide'><a href='https:\/\/orcid.org\/0000-0001-9788-0945' target='_blank'><img src='\/wp-content\/themes\/akademia\/img\/layout\/content\/orcid_icon.png'><\/a><\/td>\n<\/tr>\n<\/table>\n","protected":false},"excerpt":{"rendered":"<p>Meno \/ Poz\u00edcia E-mail Telef\u00f3n ORCID Asbat, Ayesha PharmDr., MPhil. ayesha.asbat@savba.sk 02 59410 487 Asher, James Richard , PhD uachashr@savba.sk 02\/59410481 Bashir, Sanam MSc., PhD&#8230;.<\/p>\n","protected":false},"author":1,"featured_media":0,"parent":47,"menu_order":10,"comment_status":"closed","ping_status":"closed","template":"","meta":{"footnotes":"","_links_to":"","_links_to_target":""},"class_list":["post-336","page","type-page","status-publish","hentry"],"_links":{"self":[{"href":"https:\/\/uach.sav.sk\/sk\/wp-json\/wp\/v2\/pages\/336","targetHints":{"allow":["GET"]}}],"collection":[{"href":"https:\/\/uach.sav.sk\/sk\/wp-json\/wp\/v2\/pages"}],"about":[{"href":"https:\/\/uach.sav.sk\/sk\/wp-json\/wp\/v2\/types\/page"}],"author":[{"embeddable":true,"href":"https:\/\/uach.sav.sk\/sk\/wp-json\/wp\/v2\/users\/1"}],"replies":[{"embeddable":true,"href":"https:\/\/uach.sav.sk\/sk\/wp-json\/wp\/v2\/comments?post=336"}],"version-history":[{"count":7,"href":"https:\/\/uach.sav.sk\/sk\/wp-json\/wp\/v2\/pages\/336\/revisions"}],"predecessor-version":[{"id":1955,"href":"https:\/\/uach.sav.sk\/sk\/wp-json\/wp\/v2\/pages\/336\/revisions\/1955"}],"up":[{"embeddable":true,"href":"https:\/\/uach.sav.sk\/sk\/wp-json\/wp\/v2\/pages\/47"}],"wp:attachment":[{"href":"https:\/\/uach.sav.sk\/sk\/wp-json\/wp\/v2\/media?parent=336"}],"curies":[{"name":"wp","href":"https:\/\/api.w.org\/{rel}","templated":true}]}}