{"id":338,"date":"2017-02-27T14:29:45","date_gmt":"2017-02-27T13:29:45","guid":{"rendered":"http:\/\/www.uach.sav.sk\/sk1\/?page_id=338"},"modified":"2020-12-26T21:57:20","modified_gmt":"2020-12-26T20:57:20","slug":"clenovia","status":"publish","type":"page","link":"https:\/\/uach.sav.sk\/sk\/oddelenia\/vitrum-laugaricio\/clenovia\/","title":{"rendered":"\u010clenovia"},"content":{"rendered":"<table class='list'>\n<tr class='list_header'>\n<td>Meno \/ Poz\u00edcia<\/td>\n<td>E-mail<\/td>\n<td class='xs_hide'>Telef\u00f3n<\/td>\n<td class='xs_hide'>ORCID<\/td>\n<\/tr>\n<tr>\n<td width='45%'><a class='bold' href='\/sk\/zamestnanci\/zakladne-info\/?user_no=1214&#038;publication_author_id=0000803'>Galusek, Du\u0161an prof. Ing., DrSc.<\/a><br \/><span>ved\u00faci oddelenia<\/span><\/td>\n<td width='35%'><a href='mailto:dusan.galusek@tnuni.sk'>dusan.galusek@tnuni.sk<\/a><\/td>\n<td width='15%' class='xs_hide'>032\/7400590<\/td>\n<td width='5%' class='xs_hide'><a href='https:\/\/orcid.org\/0000-0001-5995-8780' target='_blank'><img src='\/wp-content\/themes\/akademia\/img\/layout\/content\/orcid_icon.png'><\/a><\/td>\n<\/tr>\n<tr>\n<td width='45%'><a class='bold' href='\/sk\/zamestnanci\/zakladne-info\/?user_no=13668'>Hassani, Hamid MSc., PhD.<\/a><br \/><span><\/span><\/td>\n<td width='35%'><a href='mailto:hamid.hassani@tnuni.sk'>hamid.hassani@tnuni.sk<\/a><\/td>\n<td width='15%' class='xs_hide'><\/td>\n<td width='5%' class='xs_hide'><\/td>\n<\/tr>\n<tr>\n<td width='45%'><a class='bold' href='\/sk\/zamestnanci\/zakladne-info\/?user_no=1088&#038;publication_author_id=0146620'>Chrom\u010d\u00edkov\u00e1, M\u00e1ria doc. Ing., PhD.<\/a><br \/><span>vedeck\u00fd pracovn\u00edk<\/span><\/td>\n<td width='35%'><a href='mailto:maria.chromcikova@tnuni.sk'>maria.chromcikova@tnuni.sk<\/a><\/td>\n<td width='15%' class='xs_hide'>032\/7400553<\/td>\n<td width='5%' class='xs_hide'><a href='https:\/\/orcid.org\/0000-0002-3224-0725' target='_blank'><img src='\/wp-content\/themes\/akademia\/img\/layout\/content\/orcid_icon.png'><\/a><\/td>\n<\/tr>\n<tr>\n<td width='45%'><a class='bold' href='\/sk\/zamestnanci\/zakladne-info\/?user_no=4697&#038;publication_author_id=0000082'>Li\u0161ka, Marek prof. Ing., DrSc., Dr.h.c.<\/a><br \/><span><\/span><\/td>\n<td width='35%'><a href='mailto:marek.liska@tnuni.sk'>marek.liska@tnuni.sk<\/a><\/td>\n<td width='15%' class='xs_hide'>032\/7400299<\/td>\n<td width='5%' class='xs_hide'><a href='https:\/\/orcid.org\/0000-0001-7790-4786' target='_blank'><img src='\/wp-content\/themes\/akademia\/img\/layout\/content\/orcid_icon.png'><\/a><\/td>\n<\/tr>\n<tr>\n<td width='45%'><a class='bold' href='\/sk\/zamestnanci\/zakladne-info\/?user_no=12844'>Michal\u00edk, Jakub RNDr.<\/a><br \/><span><\/span><\/td>\n<td width='35%'><a href='mailto:jakub.michalik@tnuni.sk'>jakub.michalik@tnuni.sk<\/a><\/td>\n<td width='15%' class='xs_hide'><\/td>\n<td width='5%' class='xs_hide'><\/td>\n<\/tr>\n<tr>\n<td width='45%'><a class='bold' href='\/sk\/zamestnanci\/zakladne-info\/?user_no=5510&#038;publication_author_id=0146633'>Mich\u00e1lkov\u00e1, Monika Ing., PhD.<\/a><br \/><span><\/span><\/td>\n<td width='35%'><a href='mailto:uachmimi@savba.sk'>uachmimi@savba.sk<\/a><\/td>\n<td width='15%' class='xs_hide'><\/td>\n<td width='5%' class='xs_hide'><a href='https:\/\/orcid.org\/0000-0001-8925-4127' target='_blank'><img src='\/wp-content\/themes\/akademia\/img\/layout\/content\/orcid_icon.png'><\/a><\/td>\n<\/tr>\n<tr>\n<td width='45%'><a class='bold' href='\/sk\/zamestnanci\/zakladne-info\/?user_no=12248'>Najafzadehkhoee, Aliasghar Dr., Ph.D.<\/a><br \/><span><\/span><\/td>\n<td width='35%'><a href='mailto:ali.najafzadeh@tnuni.sk'>ali.najafzadeh@tnuni.sk<\/a><\/td>\n<td width='15%' class='xs_hide'><\/td>\n<td width='5%' class='xs_hide'><a href='https:\/\/orcid.org\/0000-0001-6678-4635' target='_blank'><img src='\/wp-content\/themes\/akademia\/img\/layout\/content\/orcid_icon.png'><\/a><\/td>\n<\/tr>\n<tr>\n<td width='45%'><a class='bold' href='\/sk\/zamestnanci\/zakladne-info\/?user_no=7319'>Prnov\u00e1, Anna Ing., PhD.<\/a><br \/><span><\/span><\/td>\n<td width='35%'><a href='mailto:anna.prnova@tnuni.sk'>anna.prnova@tnuni.sk<\/a><\/td>\n<td width='15%' class='xs_hide'><\/td>\n<td width='5%' class='xs_hide'><a href='https:\/\/orcid.org\/0000-0002-1713-3171' target='_blank'><img src='\/wp-content\/themes\/akademia\/img\/layout\/content\/orcid_icon.png'><\/a><\/td>\n<\/tr>\n<tr>\n<td width='45%'><a class='bold' href='\/sk\/zamestnanci\/zakladne-info\/?user_no=13669'>\u0160ediv\u00e1, Lucia Ing.<\/a><br \/><span><\/span><\/td>\n<td width='35%'><a href='mailto:lucia.sediva@tnuni.sk'>lucia.sediva@tnuni.sk<\/a><\/td>\n<td width='15%' class='xs_hide'><\/td>\n<td width='5%' class='xs_hide'><\/td>\n<\/tr>\n<tr>\n<td width='45%'><a class='bold' href='\/sk\/zamestnanci\/zakladne-info\/?user_no=1121&#038;publication_author_id=0146642'>\u0160van\u010d\u00e1rek, Peter Mgr., PhD.<\/a><br \/><span><\/span><\/td>\n<td width='35%'><a href='mailto:peter.svancarek@tnuni.sk'>peter.svancarek@tnuni.sk<\/a><\/td>\n<td width='15%' class='xs_hide'>032\/7400244<\/td>\n<td width='5%' class='xs_hide'><a href='https:\/\/orcid.org\/0000-0002-4262-4087' target='_blank'><img src='\/wp-content\/themes\/akademia\/img\/layout\/content\/orcid_icon.png'><\/a><\/td>\n<\/tr>\n<tr>\n<td width='45%'><a class='bold' href='\/sk\/zamestnanci\/zakladne-info\/?user_no=1086&#038;publication_author_id=0146643'>Val\u00fachov\u00e1, Jana Ing., PhD.<\/a><br \/><span><\/span><\/td>\n<td width='35%'><a href='mailto:uachjaha@savba.sk'>uachjaha@savba.sk<\/a><\/td>\n<td width='15%' class='xs_hide'><\/td>\n<td width='5%' class='xs_hide'><a href='https:\/\/orcid.org\/0000-0001-6932-6744' target='_blank'><img src='\/wp-content\/themes\/akademia\/img\/layout\/content\/orcid_icon.png'><\/a><\/td>\n<\/tr>\n<\/table>\n","protected":false},"excerpt":{"rendered":"<p>Meno \/ Poz\u00edcia E-mail Telef\u00f3n ORCID Galusek, Du\u0161an prof. Ing., DrSc.ved\u00faci oddelenia dusan.galusek@tnuni.sk 032\/7400590 Hassani, Hamid MSc., PhD. hamid.hassani@tnuni.sk Chrom\u010d\u00edkov\u00e1, M\u00e1ria doc. Ing., PhD.vedeck\u00fd pracovn\u00edk&#8230;<\/p>\n","protected":false},"author":1,"featured_media":0,"parent":49,"menu_order":10,"comment_status":"closed","ping_status":"closed","template":"","meta":{"footnotes":"","_links_to":"","_links_to_target":""},"class_list":["post-338","page","type-page","status-publish","hentry"],"_links":{"self":[{"href":"https:\/\/uach.sav.sk\/sk\/wp-json\/wp\/v2\/pages\/338","targetHints":{"allow":["GET"]}}],"collection":[{"href":"https:\/\/uach.sav.sk\/sk\/wp-json\/wp\/v2\/pages"}],"about":[{"href":"https:\/\/uach.sav.sk\/sk\/wp-json\/wp\/v2\/types\/page"}],"author":[{"embeddable":true,"href":"https:\/\/uach.sav.sk\/sk\/wp-json\/wp\/v2\/users\/1"}],"replies":[{"embeddable":true,"href":"https:\/\/uach.sav.sk\/sk\/wp-json\/wp\/v2\/comments?post=338"}],"version-history":[{"count":7,"href":"https:\/\/uach.sav.sk\/sk\/wp-json\/wp\/v2\/pages\/338\/revisions"}],"predecessor-version":[{"id":1954,"href":"https:\/\/uach.sav.sk\/sk\/wp-json\/wp\/v2\/pages\/338\/revisions\/1954"}],"up":[{"embeddable":true,"href":"https:\/\/uach.sav.sk\/sk\/wp-json\/wp\/v2\/pages\/49"}],"wp:attachment":[{"href":"https:\/\/uach.sav.sk\/sk\/wp-json\/wp\/v2\/media?parent=338"}],"curies":[{"name":"wp","href":"https:\/\/api.w.org\/{rel}","templated":true}]}}