{"id":3418,"date":"2024-06-27T11:38:52","date_gmt":"2024-06-27T09:38:52","guid":{"rendered":"https:\/\/uach.sav.sk\/sk\/?page_id=3418"},"modified":"2025-01-16T08:22:44","modified_gmt":"2025-01-16T07:22:44","slug":"zverejnovanie-dokladov","status":"publish","type":"page","link":"https:\/\/uach.sav.sk\/sk\/o-ustave\/zverejnovanie-dokladov\/","title":{"rendered":"Zverej\u0148ovanie dokladov"},"content":{"rendered":"<p>Zoznam do\u0161l\u00fdch <b>fakt\u00far<\/b> je dostupn\u00fd <a href=\"https:\/\/www.ezo.sav.sk\/ezo_ws\/Publish\/DFakturyZverejnenie.aspx?DN=41&#038;YR=2026\" target=\"_blank\" rel=\"noopener\">na tejto adrese<\/a>.<br \/>\n<b>Zmluvy<\/b> s\u00fa dostupn\u00e9 <a href=\"https:\/\/www.crz.gov.sk\/2171273-sk\/centralny-register-zmluv\/?art_zs2=&#038;art_predmet=&#038;art_ico=00586919&#038;art_suma_spolu_od=&#038;art_suma_spolu_do=&#038;art_datum_zverejnene_od=&#038;art_datum_zverejnene_do=&#038;art_rezort=0&#038;art_zs1=&#038;nazov=&#038;art_ico1=&#038;odoslat=&#038;ID=2171273&#038;frm_id_frm_filter_3=667d44d84caa2\" target=\"_blank\" rel=\"noopener\">v Centr\u00e1lnom registri zml\u00fav<\/a>.<\/p>\n<form method=\"post\" action=\"\/sk\/o-ustave\/zverejnovanie-dokladov\/\">\n<div class=\"contracts\">\n<div>Typ dokladu: <select name=\"type\"><option value=\"2\" selected=\"selected\">Objedn\u00e1vky<\/option><option value=\"3\" >Fakt\u00fary<\/option><\/select><\/div>\n<div>Rok: <select name=\"select_year\"><option value=\"2026\" selected=\"selected\">2026<\/option><option value=\"2025\" >2025<\/option><option value=\"2024\" >2024<\/option><option value=\"2023\" >2023<\/option><option value=\"2022\" >2022<\/option><option value=\"2021\" >2021<\/option><option value=\"2020\" >2020<\/option><option value=\"2019\" >2019<\/option><option value=\"2018\" >2018<\/option><option value=\"2017\" >2017<\/option><option value=\"2016\" >2016<\/option><option value=\"2015\" >2015<\/option><option value=\"2014\" >2014<\/option><option value=\"2013\" >2013<\/option><option value=\"2012\" >2012<\/option><option value=\"2011\" >2011<\/option><option value=\"2010\" >2010<\/option><\/select><\/div>\n<div><input type=\"submit\" value=\"Zobrazi\u0165\"><\/div>\n<\/div>\n<\/form>\n<table class='list contract clear'>\n<thead>\n<tr class='list_header'>\n<td>\u010c\u00edslo zmluvy<\/td>\n<td>Opis<\/td>\n<td>D\u00e1tum vyhotovenia<\/td>\n<td>Suma s DPH (\u20ac)<\/td>\n<\/tr>\n<\/thead>\n<tr>\n<td class='c-num'>32-34<\/td>\n<td class='c-name'><a href='https:\/\/www.sav.sk\/php\/download_contracts.php?id=290707'>Objedn\u00e1vky 03-2026<\/a><\/td>\n<td class='c-date'>04.03.2026<\/td>\n<td class='c-amount'>1 454,00<\/td>\n<\/tr>\n<tr>\n<td class='c-num'>11-31<\/td>\n<td class='c-name'><a href='https:\/\/www.sav.sk\/php\/download_contracts.php?id=290706'>Objedn\u00e1vky 02-2026<\/a><\/td>\n<td class='c-date'>28.02.2026<\/td>\n<td class='c-amount'>38 046,00<\/td>\n<\/tr>\n<tr>\n<td class='c-num'>2-10<\/td>\n<td class='c-name'><a href='https:\/\/www.sav.sk\/php\/download_contracts.php?id=290705'>Objedn\u00e1vky 01-2026<\/a><\/td>\n<td class='c-date'>31.01.2026<\/td>\n<td class='c-amount'>14 482,00<\/td>\n<\/tr>\n<\/table>\n","protected":false},"excerpt":{"rendered":"<p>Zoznam do\u0161l\u00fdch fakt\u00far je dostupn\u00fd na tejto adrese. Zmluvy s\u00fa dostupn\u00e9 v Centr\u00e1lnom registri zml\u00fav. Typ dokladu: Objedn\u00e1vkyFakt\u00fary Rok: 20262025202420232022202120202019201820172016201520142013201220112010 \u010c\u00edslo zmluvy Opis D\u00e1tum vyhotovenia&#8230;<\/p>\n","protected":false},"author":1,"featured_media":0,"parent":7,"menu_order":80,"comment_status":"closed","ping_status":"closed","template":"","meta":{"footnotes":"","_links_to":"","_links_to_target":""},"class_list":["post-3418","page","type-page","status-publish","hentry"],"_links":{"self":[{"href":"https:\/\/uach.sav.sk\/sk\/wp-json\/wp\/v2\/pages\/3418","targetHints":{"allow":["GET"]}}],"collection":[{"href":"https:\/\/uach.sav.sk\/sk\/wp-json\/wp\/v2\/pages"}],"about":[{"href":"https:\/\/uach.sav.sk\/sk\/wp-json\/wp\/v2\/types\/page"}],"author":[{"embeddable":true,"href":"https:\/\/uach.sav.sk\/sk\/wp-json\/wp\/v2\/users\/1"}],"replies":[{"embeddable":true,"href":"https:\/\/uach.sav.sk\/sk\/wp-json\/wp\/v2\/comments?post=3418"}],"version-history":[{"count":59,"href":"https:\/\/uach.sav.sk\/sk\/wp-json\/wp\/v2\/pages\/3418\/revisions"}],"predecessor-version":[{"id":3789,"href":"https:\/\/uach.sav.sk\/sk\/wp-json\/wp\/v2\/pages\/3418\/revisions\/3789"}],"up":[{"embeddable":true,"href":"https:\/\/uach.sav.sk\/sk\/wp-json\/wp\/v2\/pages\/7"}],"wp:attachment":[{"href":"https:\/\/uach.sav.sk\/sk\/wp-json\/wp\/v2\/media?parent=3418"}],"curies":[{"name":"wp","href":"https:\/\/api.w.org\/{rel}","templated":true}]}}