{"id":349,"date":"2017-02-28T13:26:23","date_gmt":"2017-02-28T12:26:23","guid":{"rendered":"http:\/\/www.uach.sav.sk\/sk1\/?page_id=349"},"modified":"2023-11-08T21:24:18","modified_gmt":"2023-11-08T20:24:18","slug":"ine-medzinarodne-skoncene","status":"publish","type":"page","link":"https:\/\/uach.sav.sk\/sk\/veda-a-vyskum\/projekty\/ine-medzinarodne-skoncene\/","title":{"rendered":"In\u00e9 medzin\u00e1rodn\u00e9 &#8211; skon\u010den\u00e9"},"content":{"rendered":"<p><script type=\"text\/javascript\">\/\/ <![CDATA[\nfunction toggle(element){document.getElementById(element).style.display=(document.getElementById(element).style.display==\"none\")?\"\":\"none\";}\n\/\/ ]]><\/script><\/p>\n<table class='project_list'>\n<tr>\n<td colspan='2'>JoinHEC &#8211; V\u00fdvoj nov\u00fdch met\u00f3d sp\u00e1jania vysoko-entropick\u00fdch keramick\u00fdch materi\u00e1lov<\/td>\n<\/tr>\n<tr>\n<td colspan='2'>Development of new joining methods for high entropy ceramics<\/td>\n<\/tr>\n<tr>\n<td>Program:<\/td>\n<td>Bilater\u00e1lne &#8211; in\u00e9<\/td>\n<\/tr>\n<tr>\n<td>Zodpovedn\u00fd rie\u0161ite\u013e:<\/td>\n<td>Ing. Tatarko Peter, PhD.<\/td>\n<\/tr>\n<tr>\n<td><a href=\"javascript:toggle('show1')\">Anot\u00e1cia:<\/a><\/td>\n<td><span id=\"show1\" style=\"display: none;\">Hlavn\u00fdm cie\u013eom predkladan\u00e9ho projektu je v\u00fdvoj nov\u00fdch met\u00f3d sp\u00e1jania pre vysoko-entropick\u00e9 keramick\u00e9 materi\u00e1ly (HEC) za \u00fa\u010delom zv\u00fd\u0161enia prev\u00e1dzkov\u00fdch limitov spojov pre vesm\u00edrne aplik\u00e1cie. Projekt navrhuje inovat\u00edvny postup pr\u00edpravy vysoko-entropick\u00fdch keramick\u00fdch spojov s potenci\u00e1lne zlep\u0161en\u00fdmi vysokoteplotn\u00fdmi vlastnos\u0165ami pomocou priameho dif\u00fazneho sp\u00e1jania v tuhej f\u00e1ze (bez pr\u00edtomnosti medzivrstvy), alebo dif\u00fazneho sp\u00e1jania pomocou \u017eiaruvzdornej kovovej medzivrstvy. Po prv\u00fdkr\u00e1t bud\u00fa pou\u017eit\u00e9 \u017eiaruvzdorn\u00e9 vysoko-entropick\u00e9 zliatiny (HEA) ako medzivrstvy pre sp\u00e1janie dvoch vysoko-entropick\u00fdch keram\u00edk, a pre sp\u00e1janie vysoko-entropick\u00fdch keram\u00edk ku kompozitom s keramickou matricou (CMCs). Projekt si d\u00e1va za \u00falohu z\u00edska\u0165 nov\u00e9 vedeck\u00e9 poznatky o vplyve elektrick\u00e9ho po\u013ea a kvality povrchu materi\u00e1lov na priame dif\u00fazne sp\u00e1jania HEC materi\u00e1lov, ako aj na pochopenie fyzik\u00e1lno-chemick\u00fdch dejov odohr\u00e1vaj\u00facich sa na rozhran\u00ed HEC\/HEA a HEA\/CMCs. Bud\u00fa sk\u00faman\u00e9 mechanick\u00e9 vlastnosti pri izbovej ako aj zv\u00fd\u0161en\u00fdch teplot\u00e1ch s cie\u013eom ur\u010denia prev\u00e1dzkov\u00fdch limitov novovyvinut\u00fdch spojov. Projekt poskytne komplexn\u00fd poh\u013ead na sp\u00e1janie vysoko-entropickej keramiky pre potenci\u00e1lne aplik\u00e1cie v leteckom a vesm\u00edrnom priemysle. To m\u00f4\u017ee v\u00fdrazne roz\u0161\u00edri\u0165 aplika\u010dn\u00fd potenci\u00e1l ned\u00e1vno vyvinutej novej gener\u00e1cie ultra-vysokoteplotnej keramiky, t.j. vysoko-entropick\u00fdch keramick\u00fdch materi\u00e1lov.<\/span><\/td>\n<\/tr>\n<tr>\n<td>Doba trvania:<\/td>\n<td>1.7.2022 &#8211; 30.6.2025<\/td>\n<\/tr>\n<\/table>\n<table class='project_list'>\n<tr>\n<td colspan='2'>N\u00e1v\u0161teva zahrani\u010dn\u00e9ho hos\u0165a<\/td>\n<\/tr>\n<tr>\n<td colspan='2'>&#8211;<\/td>\n<\/tr>\n<tr>\n<td>Program:<\/td>\n<td>Mobility Visit<\/td>\n<\/tr>\n<tr>\n<td>Zodpovedn\u00fd rie\u0161ite\u013e:<\/td>\n<td>Ing. Scholtzov\u00e1 Eva, CSc.<\/td>\n<\/tr>\n<tr>\n<td><a href=\"javascript:toggle('show2')\">Anot\u00e1cia:<\/a><\/td>\n<td><span id=\"show2\" style=\"display: none;\">V r\u00e1mci programu mobility visit zav\u00edtala na \u00daACH SAV prof. Teresa J. Bandosz zo City College New York, USA. Okrem hodnotn\u00fdch diskus\u00ed\u00ed, sa uskuto\u010dnila aj predn\u00e1\u0161ka  pod n\u00e1zvom: &quot;Beyond Adsorption:  Exploring the  silent aspect of carbon porosity&quot;<\/span><\/td>\n<\/tr>\n<tr>\n<td>Doba trvania:<\/td>\n<td>22.4.2025 &#8211; 27.4.2025<\/td>\n<\/tr>\n<\/table>\n<table class='project_list'>\n<tr>\n<td colspan='2'>Technologicky nen\u00e1ro\u010dn\u00e1 pr\u00edprava hlinitanov\u00fdch skiel so zauj\u00edmav\u00fdmi optick\u00fdmi vlastnos\u0165ami<\/td>\n<\/tr>\n<tr>\n<td colspan='2'>The technologically undemanding of aluminate glasses with interesting optical properties<\/td>\n<\/tr>\n<tr>\n<td>Program:<\/td>\n<td>Mobility<\/td>\n<\/tr>\n<tr>\n<td>Zodpovedn\u00fd rie\u0161ite\u013e:<\/td>\n<td>Ing. Prnov\u00e1 Anna, PhD.<\/td>\n<\/tr>\n<tr>\n<td>Doba trvania:<\/td>\n<td>1.1.2023 &#8211; 31.12.2024<\/td>\n<\/tr>\n<\/table>\n<table class='project_list'>\n<tr>\n<td colspan='2'>New type of cesium fluoro-, oxo-, and oxo-fluoro-aluminate complexes: stability, dynamics and structural characterization<\/td>\n<\/tr>\n<tr>\n<td colspan='2'>New type of cesium fluoro-, oxo-, and oxo-fluoro-aluminate complexes: stability, dynamics and structural characterization<\/td>\n<\/tr>\n<tr>\n<td>Program:<\/td>\n<td>Bilater\u00e1lne &#8211; in\u00e9<\/td>\n<\/tr>\n<tr>\n<td>Zodpovedn\u00fd rie\u0161ite\u013e:<\/td>\n<td>Ing. \u0160imko Franti\u0161ek, PhD.<\/td>\n<\/tr>\n<tr>\n<td><a href=\"javascript:toggle('show3')\">Anot\u00e1cia:<\/a><\/td>\n<td><span id=\"show3\" style=\"display: none;\">PANACEA &#8211; Pan-European solid-state NMR Infrastructure for Chemistry-Enabling Access Konzorcium PANACEA sp\u00e1ja sedem n\u00e1rodn\u00fdch infra\u0161trukt\u00far v celej Eur\u00f3pe (CNRS vo Franc\u00fazsku, Aarhus University v D\u00e1nsku, CERM-CIRMMP v Taliansku, Radboud University v Holandsku, University of Aveiro v Portugalsku, G\u00f6teborg University vo \u0160v\u00e9dsku a University of Warwick vo Ve\u013ekej Brit\u00e1nii) , v Spojen\u00fdch \u0161t\u00e1toch (na Floridskej \u0161t\u00e1tnej univerzite) a otv\u00e1ra ich v\u0161etk\u00fdm eur\u00f3pskym v\u00fdskumn\u00edkom z akademickej obce aj priemyslu. Bruker Biospin a Mestrelab, ako aj EPFL a Weizmann Institute of Science s\u00fa tie\u017e zapojen\u00e9 do konzorcia. Paralelne s pr\u00edstupom bud\u00fa partneri rozv\u00edja\u0165 spolo\u010dn\u00e9 v\u00fdskumn\u00e9 a sie\u0165ov\u00e9 aktivity s cie\u013eom zlep\u0161i\u0165 kvalitu a kvantitu slu\u017eieb poskytovan\u00fdch infra\u0161trukt\u00farami a u\u013eah\u010di\u0165 pou\u017e\u00edvanie modern\u00fdch pevn\u00fdch NMR laick\u00fdm u\u017e\u00edvate\u013eom, \u010d\u00edm sa roz\u0161\u00edria mo\u017enosti pre nov\u00e9 oblasti pou\u017eitia v ch\u00e9mii.<\/span><\/td>\n<\/tr>\n<tr>\n<td>Doba trvania:<\/td>\n<td>1.9.2022 &#8211; 30.6.2024<\/td>\n<\/tr>\n<\/table>\n<table class='project_list'>\n<tr>\n<td colspan='2'>SCALP &#8211; Percepcia spinovej interakcie na pokro\u010dilej \u00farovni<\/td>\n<\/tr>\n<tr>\n<td colspan='2'>Spin Coupling Advanced Level Perception<\/td>\n<\/tr>\n<tr>\n<td>Program:<\/td>\n<td>Bilater\u00e1lne &#8211; in\u00e9<\/td>\n<\/tr>\n<tr>\n<td>Zodpovedn\u00fd rie\u0161ite\u013e:<\/td>\n<td>Dr. Malkin O\u013ega, DrSc.<\/td>\n<\/tr>\n<tr>\n<td><a href=\"javascript:toggle('show4')\">Anot\u00e1cia:<\/a><\/td>\n<td><span id=\"show4\" style=\"display: none;\">Glob\u00e1lnym cie\u013eom projektu je roz\u0161\u00edri\u0165 s\u00fa\u010dasn\u00e9 vn\u00edmanie a porozumenie jadrovej spinovej interakcie ako esenci\u00e1lneho NMR parametra pre charakteriz\u00e1ciu molek\u00fal. Toto sa dosiahne pou\u017eit\u00edm experiment\u00e1lnych fosf\u00ednov\u00fdch modelov (Dijon, Franc\u00fazsko) a pokro\u010dil\u00fdch teoretick\u00fdch n\u00e1strojov (Bratislava, Slovensko). Takto bud\u00fa objaven\u00e9 a presk\u00faman\u00e9 nov\u00e9 dr\u00e1hy spinov\u00fdch interakci\u00ed, pr\u00edpadne aj roz\u0161\u00edren\u00e9 na in\u00e9 triedy molek\u00fal. Od projektu sa o\u010dak\u00e1va, \u017ee bude ma\u0165 dopad na be\u017en\u00e9 pou\u017e\u00edvan\u00e9 met\u00f3dy NMR a ich aplik\u00e1ciu na organick\u00fa synt\u00e9zu kovov\u00fdmi katalyz\u00e1tormi. <\/span><\/td>\n<\/tr>\n<tr>\n<td>Doba trvania:<\/td>\n<td>1.2.2020 &#8211; 31.12.2022<\/td>\n<\/tr>\n<\/table>\n<table class='project_list'>\n<tr>\n<td colspan='2'>Reak\u010dn\u00e9 sp\u00e1janie pokro\u010dil\u00fdch keramick\u00fdch materi\u00e1lov na b\u00e1ze SiC <\/td>\n<\/tr>\n<tr>\n<td colspan='2'>Reaction bonding of advanced SiC-based  ceramics <\/td>\n<\/tr>\n<tr>\n<td>Program:<\/td>\n<td>Mobility<\/td>\n<\/tr>\n<tr>\n<td>Zodpovedn\u00fd rie\u0161ite\u013e:<\/td>\n<td>Ing. Tatarko Peter, PhD.<\/td>\n<\/tr>\n<tr>\n<td>Doba trvania:<\/td>\n<td>1.1.2021 &#8211; 31.12.2022<\/td>\n<\/tr>\n<\/table>\n<table class='project_list'>\n<tr>\n<td colspan='2'>HECA &#8211; Heat Capacities of fluorozirconate compounds<\/td>\n<\/tr>\n<tr>\n<td colspan='2'>Heat Capacities of fluorozirconate compounds<\/td>\n<\/tr>\n<tr>\n<td>Program:<\/td>\n<td>Bilater\u00e1lne &#8211; in\u00e9<\/td>\n<\/tr>\n<tr>\n<td>Zodpovedn\u00fd rie\u0161ite\u013e:<\/td>\n<td>doc. Ing. Bo\u010da Miroslav, DrSc.<\/td>\n<\/tr>\n<tr>\n<td>Doba trvania:<\/td>\n<td>1.1.2021 &#8211; 31.12.2021<\/td>\n<\/tr>\n<\/table>\n<table class='project_list'>\n<tr>\n<td colspan='2'>Vysokoteplotn\u00e9 karbidy pre aplik\u00e1cie v extr\u00e9mnych podmienkach<\/td>\n<\/tr>\n<tr>\n<td colspan='2'>(Ultra-high temperature carbides for extreme environment applications<\/td>\n<\/tr>\n<tr>\n<td>Program:<\/td>\n<td>Bilater\u00e1lne &#8211; in\u00e9<\/td>\n<\/tr>\n<tr>\n<td>Zodpovedn\u00fd rie\u0161ite\u013e:<\/td>\n<td>Ing. Tatarko Peter, PhD.<\/td>\n<\/tr>\n<tr>\n<td>Doba trvania:<\/td>\n<td>1.1.2019 &#8211; 31.12.2021<\/td>\n<\/tr>\n<\/table>\n<table class='project_list'>\n<tr>\n<td colspan='2'>V\u00fdvoj nov\u00fdch pokro\u010dil\u00fdch keramick\u00fdch kompozitov pre vesm\u00edrne aplik\u00e1cie<\/td>\n<\/tr>\n<tr>\n<td colspan='2'>Development of new advanced ceramic composites for aerospace industry<\/td>\n<\/tr>\n<tr>\n<td>Program:<\/td>\n<td>Medziakademick\u00e1 dohoda (MAD)<\/td>\n<\/tr>\n<tr>\n<td>Zodpovedn\u00fd rie\u0161ite\u013e:<\/td>\n<td>Ing. Tatarko Peter, PhD.<\/td>\n<\/tr>\n<tr>\n<td><a href=\"javascript:toggle('show5')\">Anot\u00e1cia:<\/a><\/td>\n<td><span id=\"show5\" style=\"display: none;\">Hlavn\u00fdm cie\u013eom projektu je pokra\u010dovanie a posilnenie spolupr\u00e1ce medzi vedeck\u00fdmi pracovn\u00edkmi v oblasti v\u00fdvoju nov\u00fdch keramick\u00fdch materi\u00e1lov pre extr\u00e9mne podmienky. T\u00e1to spolupr\u00e1ca si d\u00e1va za cie\u013e prispie\u0165 k pochopeniu vplyvu r\u00f4znych pr\u00edsad prvkov vz\u00e1cnych zem\u00edn na spekanie a mechanick\u00e9 vlastnosti novovinut\u00fdch keramick\u00fdch materi\u00e1lov pre extr\u00e9mne podmienky. Z\u00e1merom projektu je umo\u017eni\u0165 v\u00fdskumn\u00e9 pobyty a u\u013eah\u010di\u0165 pr\u00edstup k experiment\u00e1lnym zariadeniam vedeck\u00fdm pracovn\u00edkom z oboch z\u00fa\u010dastnen\u00fdch organiz\u00e1ci\u00ed. Z\u00e1rove\u0148 sa t\u00fdm prispeje k rozvoju spolupr\u00e1ce medzi mlad\u00fdmi vedeck\u00fdmi pracovn\u00edkmi a doktorandmi. Odli\u0161nos\u0165 vo vedeckom zameran\u00ed z\u00fa\u010dastnen\u00fdch \u00fastavov je potenci\u00e1lom pre inovat\u00edvnos\u0165 v rie\u0161en\u00ed nastolen\u00fdch vedeck\u00fdch ot\u00e1zok. Spolo\u010dn\u00fd projekt prinesie synergiu v \u010dinnosti oboch pracov\u00edsk, pri\u010dom sa optim\u00e1lne vyu\u017eij\u00fa existuj\u00face v\u00fdskumn\u00e9 kapacity oboch partnerov. Z\u00e1rove\u0148 d\u00f4jde k v\u00fdmene sk\u00fasenosti a \u201eknow-how\u201c v \u0161tudovanej oblasti materi\u00e1lov\u00e9ho v\u00fdskumu a t\u00fdm k skvalitneniu v\u00fdstupov projektu ako aj k zlep\u0161eniu kvalifik\u00e1cie z\u00fa\u010dastnen\u00fdch mlad\u00fdch vedeck\u00fdch pracovn\u00edkov a doktorandov.<\/span><\/td>\n<\/tr>\n<tr>\n<td>Doba trvania:<\/td>\n<td>1.1.2018 &#8211; 31.12.2021<\/td>\n<\/tr>\n<\/table>\n","protected":false},"excerpt":{"rendered":"<p>JoinHEC &#8211; V\u00fdvoj nov\u00fdch met\u00f3d sp\u00e1jania vysoko-entropick\u00fdch keramick\u00fdch materi\u00e1lov Development of new joining methods for high entropy ceramics Program: Bilater\u00e1lne &#8211; in\u00e9 Zodpovedn\u00fd rie\u0161ite\u013e: Ing&#8230;.<\/p>\n","protected":false},"author":1,"featured_media":0,"parent":31,"menu_order":15,"comment_status":"closed","ping_status":"closed","template":"","meta":{"footnotes":"","_links_to":"","_links_to_target":""},"class_list":["post-349","page","type-page","status-publish","hentry"],"_links":{"self":[{"href":"https:\/\/uach.sav.sk\/sk\/wp-json\/wp\/v2\/pages\/349","targetHints":{"allow":["GET"]}}],"collection":[{"href":"https:\/\/uach.sav.sk\/sk\/wp-json\/wp\/v2\/pages"}],"about":[{"href":"https:\/\/uach.sav.sk\/sk\/wp-json\/wp\/v2\/types\/page"}],"author":[{"embeddable":true,"href":"https:\/\/uach.sav.sk\/sk\/wp-json\/wp\/v2\/users\/1"}],"replies":[{"embeddable":true,"href":"https:\/\/uach.sav.sk\/sk\/wp-json\/wp\/v2\/comments?post=349"}],"version-history":[{"count":6,"href":"https:\/\/uach.sav.sk\/sk\/wp-json\/wp\/v2\/pages\/349\/revisions"}],"predecessor-version":[{"id":3279,"href":"https:\/\/uach.sav.sk\/sk\/wp-json\/wp\/v2\/pages\/349\/revisions\/3279"}],"up":[{"embeddable":true,"href":"https:\/\/uach.sav.sk\/sk\/wp-json\/wp\/v2\/pages\/31"}],"wp:attachment":[{"href":"https:\/\/uach.sav.sk\/sk\/wp-json\/wp\/v2\/media?parent=349"}],"curies":[{"name":"wp","href":"https:\/\/api.w.org\/{rel}","templated":true}]}}