{"id":3677,"date":"2024-09-06T09:51:34","date_gmt":"2024-09-06T07:51:34","guid":{"rendered":"https:\/\/uach.sav.sk\/sk\/?page_id=3677"},"modified":"2024-09-06T13:37:32","modified_gmt":"2024-09-06T11:37:32","slug":"plan-obnovy-eu","status":"publish","type":"page","link":"https:\/\/uach.sav.sk\/sk\/veda-a-vyskum\/projekty\/plan-obnovy-eu\/","title":{"rendered":"Pl\u00e1n obnovy E\u00da"},"content":{"rendered":"<p><script type=\"text\/javascript\">\/\/ <![CDATA[\nfunction toggle(element){document.getElementById(element).style.display=(document.getElementById(element).style.display==\"none\")?\"\":\"none\";}\n\/\/ ]]><\/script><\/p>\n<table class='project_list'>\n<tr>\n<td colspan='2'>ENSAMAT &#8211; Materi\u00e1ly so zv\u00fd\u0161enou bezpe\u010dnos\u0165ou pre Li-i\u00f3nov\u00e9 bat\u00e9rie<\/td>\n<\/tr>\n<tr>\n<td colspan='2'>Enhanced safe materials for Li-ion batteries<\/td>\n<\/tr>\n<tr>\n<td>Program:<\/td>\n<td>Pl\u00e1n obnovy E\u00da<\/td>\n<\/tr>\n<tr>\n<td>Zodpovedn\u00fd rie\u0161ite\u013e:<\/td>\n<td>doc. Ing. Len\u010d\u00e9\u0161 Zolt\u00e1n, PhD.<\/td>\n<\/tr>\n<tr>\n<td>Doba trvania:<\/td>\n<td>1.5.2025 &#8211; 31.8.2026<\/td>\n<\/tr>\n<\/table>\n<table class='project_list'>\n<tr>\n<td colspan='2'>ESPILS &#8211; Vplyv \u0161truktur\u00e1lnych substit\u00faci\u00ed na vlastnosti anorganick\u00fdch vrstven\u00fdch \u0161trukt\u00far, z\u00e1klad pre at\u00f3movo navrhnut\u00e9 pokro\u010dil\u00e9 materi\u00e1ly pre zelen\u00e9 technologick\u00e9 aplik\u00e1cie, \u0161tudovan\u00e9 modelov\u00fdm pr\u00edstupom<\/td>\n<\/tr>\n<tr>\n<td colspan='2'>Effect of structural substitutions on properties of inorganic layered structures, a basis for atomically designed advanced materials for green technological applications, studied by modelling approach\t\t<\/td>\n<\/tr>\n<tr>\n<td>Program:<\/td>\n<td>Pl\u00e1n obnovy E\u00da<\/td>\n<\/tr>\n<tr>\n<td>Zodpovedn\u00fd rie\u0161ite\u013e:<\/td>\n<td>Ing. Scholtzov\u00e1 Eva, CSc.<\/td>\n<\/tr>\n<tr>\n<td><a href=\"javascript:toggle('show1')\">Anot\u00e1cia:<\/a><\/td>\n<td><span id=\"show1\" style=\"display: none;\">Projekt ESPILS m\u00e1 amb\u00edciu prispie\u0165 k objasneniu adsorp\u010dn\u00e9ho mechanizmu pri \u010disten\u00ed odpadov\u00fdch v\u00f4d na pr\u00edklade vybran\u00fdch organick\u00fdch polutantov (OP) prostredn\u00edctvom teoretick\u00e9ho pr\u00edstupu, teda molekulov\u00fdch simul\u00e1ci\u00ed. Anorganick\u00e9 vrstevnat\u00e9 \u0161trukt\u00fary maj\u00fa obrovsk\u00fd potenci\u00e1l by\u0165 \u00fa\u010dinn\u00fdmi adsorbentmi mnoh\u00fdch zne\u010dis\u0165uj\u00facich l\u00e1tok. Molekulov\u00e9 simul\u00e1cie taktie\u017e poskytuj\u00fa cenn\u00fd n\u00e1stroj na \u00faspe\u0161n\u00fd podrobn\u00fd popis mechanizmu adsorpcie OP, \u0161etria peniaze na chemik\u00e1lie potrebn\u00e9 pri synt\u00e9ze materi\u00e1lov, ako aj \u010das merania pri ich charakteriz\u00e1cii experiment\u00e1lnymi met\u00f3dami.<\/span><\/td>\n<\/tr>\n<tr>\n<td>Doba trvania:<\/td>\n<td>1.9.2024 &#8211; 31.8.2026<\/td>\n<\/tr>\n<\/table>\n<table class='project_list'>\n<tr>\n<td colspan='2'>MOLIMEXA &#8211; Pokro\u010dil\u00e9 modelovanie interakci\u00ed svetlo-hmota na exascale superpo\u010d\u00edta\u010doch bl\u00edzkej bud\u00facnosti<\/td>\n<\/tr>\n<tr>\n<td colspan='2'>Advanced Modelling of Light-Matter Interactions on Near-Term ExaScale Supercomputers<\/td>\n<\/tr>\n<tr>\n<td>Program:<\/td>\n<td>Pl\u00e1n obnovy E\u00da<\/td>\n<\/tr>\n<tr>\n<td>Zodpovedn\u00fd rie\u0161ite\u013e:<\/td>\n<td>Mgr. Komorovsk\u00fd Stanislav, PhD.<\/td>\n<\/tr>\n<tr>\n<td><a href=\"javascript:toggle('show2')\">Anot\u00e1cia:<\/a><\/td>\n<td><span id=\"show2\" style=\"display: none;\">Interakcia hmoty so svetlom patr\u00ed medzi najd\u00f4le\u017eitej\u0161ie fenom\u00e9ny vyu\u017e\u00edvan\u00e9 na ur\u010denie jej \u0161trukt\u00fary a vlastnost\u00ed. Ned\u00e1vny progres v laserov\u00fdch technol\u00f3gi\u00e1ch otvoril cestu k experimentom s attosekundov\u00fdm laserom, ocenen\u00fdm Nobelovou cenou v roku 2023. Teoretick\u00fd popis t\u00fdchto procesov je mimoriadne zlo\u017eit\u00fd vzh\u013eadom na elektr\u00f3n-nukle\u00e1rnu dynamiku. Simul\u00e1cie v pevn\u00fdch l\u00e1tkach si vy\u017eaduj\u00fa rie\u0161enie Schr\u00f6dingerovej \u010di Diracovej rovnice v re\u00e1lnom \u010dase. Vzh\u013eadom na ve\u013ek\u00fd po\u010det at\u00f3mov vo vn\u00fatri modelovej bunky ako i ve\u013ek\u00e9mu po\u010dtu \u010dasov\u00fdch krokovpotrebn\u00fdch pre vysok\u00e9 rozl\u00ed\u0161enie to predstavuje vysok\u00e9 n\u00e1roky pre po\u010d\u00edta\u010de na b\u00e1ze CPU. Cie\u013eom tohto projektu je vyvoj inovat\u00edvnych algoritmov a paraleln\u00fdch v\u00fdpo\u010dtov\u00fdch postupov na simul\u00e1ciu attosekundov\u00fdch experimentov, ktor\u00e9 vyu\u017e\u00edvaj\u00fa v\u00fdkonu exascale v\u00fdpo\u010dtov\u00fdch syst\u00e9mov. To sa dosiahne dekompoz\u00edciou d\u00e1t a \u00faloh a ich distrib\u00faciou medzi viacprocesorov\u00e9 jednotky CPU a GPU, pri\u010dom sa zabezpe\u010d\u00ed rovnomern\u00e9 za\u0165a\u017eenie pre ka\u017ed\u00fa tak\u00fato jednotku.<\/span><\/td>\n<\/tr>\n<tr>\n<td>Doba trvania:<\/td>\n<td>1.1.2024 &#8211; 1.8.2026<\/td>\n<\/tr>\n<\/table>\n<table class='project_list'>\n<tr>\n<td colspan='2'>CRYS YAG EUT &#8211; C\u00e9riom dopovan\u00e1 usmernene solidifikovan\u00e1 eutektick\u00e1 keramika YAG( Y3AI5012)\/AI203 pre senzory a fosfory pripraven\u00e1 horizont\u00e1lne usmernenou kry\u0161taliz\u00e1ciou<\/td>\n<\/tr>\n<tr>\n<td colspan='2'>Directionally Solidified Ce-doped YAG(Y3Al5O12)\/Al2O3 Eutectic Ceramics for sensors and  phosphors prepared by Horizontal Directed Crystallization<\/td>\n<\/tr>\n<tr>\n<td>Program:<\/td>\n<td>Pl\u00e1n obnovy E\u00da<\/td>\n<\/tr>\n<tr>\n<td>Zodpovedn\u00fd rie\u0161ite\u013e:<\/td>\n<td>Ing. Prnov\u00e1 Anna, PhD.<\/td>\n<\/tr>\n<tr>\n<td>Doba trvania:<\/td>\n<td>1.6.2024 &#8211; 30.6.2026<\/td>\n<\/tr>\n<\/table>\n<table class='project_list'>\n<tr>\n<td colspan='2'>SASIBA &#8211; Keramick\u00e9 an\u00f3dy na b\u00e1ze SiOC pre udr\u017eateln\u00e9 sod\u00edkovo i\u00f3nov\u00e9 a kovov\u00e9 bat\u00e9rie<\/td>\n<\/tr>\n<tr>\n<td colspan='2'>SiOC-based ceramic anodes for sustainable sodium ion and metal batteries<\/td>\n<\/tr>\n<tr>\n<td>Program:<\/td>\n<td>Pl\u00e1n obnovy E\u00da<\/td>\n<\/tr>\n<tr>\n<td>Zodpovedn\u00fd rie\u0161ite\u013e:<\/td>\n<td>doc. Ing. Len\u010d\u00e9\u0161 Zolt\u00e1n, PhD.<\/td>\n<\/tr>\n<tr>\n<td>Doba trvania:<\/td>\n<td>1.1.2025 &#8211; 30.6.2026<\/td>\n<\/tr>\n<\/table>\n<table class='project_list'>\n<tr>\n<td colspan='2'>LaCer &#8211; N\u00e1vrh, anal\u00fdza a mechanick\u00e1 charakteriz\u00e1cia lamin\u00e1rnej keramiky<\/td>\n<\/tr>\n<tr>\n<td colspan='2'>Design, analysis and mechanical characterization of laminar ceramics<\/td>\n<\/tr>\n<tr>\n<td>Program:<\/td>\n<td>Pl\u00e1n obnovy E\u00da<\/td>\n<\/tr>\n<tr>\n<td>Zodpovedn\u00fd rie\u0161ite\u013e:<\/td>\n<td>Dr. Najafzadehkhoee Aliasghar, Ph.D.<\/td>\n<\/tr>\n<tr>\n<td><a href=\"javascript:toggle('show3')\">Anot\u00e1cia:<\/a><\/td>\n<td><span id=\"show3\" style=\"display: none;\">In\u017einierska keramika, najm\u00e4 oxidov\u00e1, je k\u013e\u00fa\u010dov\u00fdm prvkom umo\u017e\u0148uj\u00facim r\u00f4zne aplik\u00e1cie, od dent\u00e1lnej keramiky a\u017e po substr\u00e1ty pre elektronick\u00e9 zariadenia. Ich pou\u017eitie je v\u0161ak obmedzen\u00e9 z d\u00f4vodu ich krehkej povahy a katastrofick\u00e9ho zlyhania. Cie\u013eom tohto projektu je vyu\u017ei\u0165 vznik nap\u00e4tia medzi vrstvami lamin\u00e1rnej keramiky po\u010das spekania na zlep\u0161enie mechanick\u00fdch vlastnost\u00ed objemovej lamin\u00e1rnej keramiky. Na tento \u00fa\u010del sa vyrobia r\u00f4zne keramick\u00e9 p\u00e1sky a lamin\u00e1rna keramika s r\u00f4znou architekt\u00farou. Zvy\u0161kov\u00e9 nap\u00e4tie v objemovej lamin\u00e1rnej keramike bude nastaven\u00e9 tak, aby zabra\u0148ovalo vzniku trhl\u00edn, a bud\u00fa sa sk\u00fama\u0165 mechanick\u00e9 vlastnosti a mikro\u0161trukt\u00farne charakteristiky vzoriek. Nakoniec, po namodelovan\u00ed digit\u00e1lnych dvoj\u010diat vrstvenej keramiky sa bude simulova\u0165 vznik nap\u00e4t\u00ed a mechanick\u00e9 vlastnosti vzoriek pomocou met\u00f3d kone\u010dn\u00fdch prvkov (MKP) s cie\u013eom ur\u010di\u0165 rozhoduj\u00face parametre.<\/span><\/td>\n<\/tr>\n<tr>\n<td>Doba trvania:<\/td>\n<td>1.7.2024 &#8211; 30.6.2026<\/td>\n<\/tr>\n<\/table>\n<table class='project_list'>\n<tr>\n<td colspan='2'>Nov\u00e1 gener\u00e1cia termoelektrick\u00fdch materi\u00e1lov pre udr\u017eate\u013en\u00fa energiu<\/td>\n<\/tr>\n<tr>\n<td colspan='2'>Next Generation Thermoelectrics for Sustainable Energy<\/td>\n<\/tr>\n<tr>\n<td>Program:<\/td>\n<td>Pl\u00e1n obnovy E\u00da<\/td>\n<\/tr>\n<tr>\n<td>Zodpovedn\u00fd rie\u0161ite\u013e:<\/td>\n<td>Ing. Tatarko Peter, PhD.<\/td>\n<\/tr>\n<tr>\n<td><a href=\"javascript:toggle('show4')\">Anot\u00e1cia:<\/a><\/td>\n<td><span id=\"show4\" style=\"display: none;\">Cie\u013eom projektu je vybudova\u0165 nov\u00fd excelentn\u00fd v\u00fdskumn\u00fd t\u00edm s najmodernej\u0161ou infra\u0161trukt\u00farou, ktor\u00fd v\u00fdrazne prispeje k v\u00fdvoju termoelektrick\u00fdch materi\u00e1lov novej gener\u00e1cie so zlep\u0161enou termoelektrickou   \u00fa\u010dinnos\u0165ou. Projekt navrhuje jedine\u010dn\u00fd a inovat\u00edvny pr\u00edstup tvorby nov\u00fdch oxidov s perovskitovou \u0161trukt\u00farou s cie\u013eom z\u00edska\u0165 nov\u00e9 v\u00fdznamn\u00e9 poznatky a pochopi\u0165 vplyv dopovania miest A a B v perovskitov\u00fdch ABO3 \u0161trukt\u00farach viacer\u00fdmi prvkami na ich termoelektrick\u00e9 vlastnosti. Okrem toho sa po prv\u00fdkr\u00e1t bude sk\u00fama\u0165 vplyv neekvimol\u00e1rneho dopovania viacer\u00fdmi prvkami na termoelektrick\u00e9 vlastnosti oxidov s perovskitovou \u0161trukt\u00farou. Projekt navrhuje nov\u00fa strat\u00e9giu pri v\u00fdrobe oxidov s peroskvitovou \u0161trukt\u00farou s cie\u013eom \u010fal\u0161ieho zlep\u0161enia termoelektrickej \u00fa\u010dinnosti, ktor\u00e1 pozost\u00e1va s kombin\u00e1cie pr\u00edstupu stabiliz\u00e1cie \u0161trukt\u00far na z\u00e1klade ich entropie s pr\u00edstupom tvorby nano\u0161trukt\u00far a tvorby vakanci\u00ed. Navrhovan\u00e1 metodika a pr\u00edstup v\u00fdrazne prispej\u00fa k pokra\u010duj\u00facemu \u00fasiliu dosiahnu\u0165 klimaticky neutr\u00e1lnu Eur\u00f3pu do roku 2050.<\/span><\/td>\n<\/tr>\n<tr>\n<td>Doba trvania:<\/td>\n<td>1.4.2024 &#8211; 30.6.2026<\/td>\n<\/tr>\n<\/table>\n<table class='project_list'>\n<tr>\n<td colspan='2'>NANOCOMENVIRO &#8211; Nov\u00fd tiolom funkcionalizovan\u00fd nanokompozit montmorillonit\/biochar pre imobiliz\u00e1ciu \u0165a\u017ek\u00fdch kovov z kontaminovanej z\u00e1plavovej p\u00f4dy<\/td>\n<\/tr>\n<tr>\n<td colspan='2'>Novel thiol-functionalized montmorillonite\/biochar nanocomposite for immobilization of heavy metals from contaminated floodplain soil<\/td>\n<\/tr>\n<tr>\n<td>Program:<\/td>\n<td>Pl\u00e1n obnovy E\u00da<\/td>\n<\/tr>\n<tr>\n<td>Zodpovedn\u00fd rie\u0161ite\u013e:<\/td>\n<td>Ing. Slan\u00fd Michal, PhD.<\/td>\n<\/tr>\n<tr>\n<td><a href=\"javascript:toggle('show5')\">Anot\u00e1cia:<\/a><\/td>\n<td><span id=\"show5\" style=\"display: none;\">Kontamin\u00e1cia p\u00f4dy \u0165a\u017ek\u00fdmi kovmi je v s\u00fa\u010dasnosti celosvetov\u00fdm environment\u00e1lnym probl\u00e9mom, preto\u017ee tieto toxick\u00e9 prvky sa m\u00f4\u017eu prenies\u0165 do biosf\u00e9ry a hydrosf\u00e9ry, \u010do predstavuje riziko pre rastliny, zvierat\u00e1 a najm\u00e4 pre \u013eudsk\u00e9 zdravie. Toxick\u00e9 kovy ako Hg, Cd, As, Tl, Pb, Cu, Ni a Zn sa pren\u00e1\u0161aj\u00fa rie\u010dnou vodou v suspendovanom materi\u00e1li alebo v rozpustenej forme a hromadia sa v z\u00e1plavov\u00fdch oblastiach po\u010das povodn\u00ed s n\u00edzkou r\u00fdchlos\u0165ou pr\u00fadenia. Na\u0161e poznatky o biogeoch\u00e9mii toxick\u00fdch kovov v p\u00f4de, najm\u00e4 v dynamick\u00fdch redoxn\u00fdch podmienkach, s\u00fa v\u0161ak ve\u013emi obmedzen\u00e9. Preto s\u00fa podrobn\u00e9 poznatky o redoxnom spr\u00e1van\u00ed sa \u0165a\u017ek\u00fdch kovov v p\u00f4de k\u013e\u00fa\u010dov\u00e9 pre pochopenie mobiliza\u010dn\u00fdch procesov a presn\u00e9 monitorovanie ich uvo\u013e\u0148ovania do vody pri meniacich sa redoxn\u00fdch podmienkach. Je tie\u017e d\u00f4le\u017eit\u00e9 pochopi\u0165 redoxn\u00fa mobiliz\u00e1ciu \u0165a\u017ek\u00fdch kovov v p\u00f4de, aby bolo mo\u017en\u00e9 lep\u0161ie predpoveda\u0165 ich nebezpe\u010dn\u00fd potenci\u00e1l. Preto narast\u00e1 potreba n\u00e1js\u0165 nov\u00e9, ekologick\u00e9 a n\u00e1kladovo efekt\u00edvne materi\u00e1ly z bohat\u00fdch zdrojov, ktor\u00e9 m\u00f4\u017eu tieto nebezpe\u010dn\u00e9 l\u00e1tky v z\u00e1plavov\u00fdch p\u00f4dach imobilizova\u0165. Tento projekt pon\u00faka nov\u00e9 a inovat\u00edvne rie\u0161enia imobiliz\u00e1cie \u0165a\u017ek\u00fdch kovov pomocou tiolom funkcionalizovan\u00e9ho nanokompozitu montmorillonitu\/biouhlia zo z\u00e1plavovej p\u00f4dy v dynamick\u00fdch environment\u00e1lnych (redoxn\u00fdch) podmienkach. Tak\u00e1to \u0161t\u00fadia e\u0161te nebola vykonan\u00e1 a m\u00e1 ve\u013ek\u00fd potenci\u00e1l prispie\u0165 k nov\u00fdm poznatkom, a tak vies\u0165 k v\u00fdrazn\u00e9mu zlep\u0161eniu kvality \u017eivotn\u00e9ho prostredia, uplat\u0148ovaniu vhodn\u00e9ho mana\u017ementu, hodnoteniu riz\u00edk kontaminovan\u00fdch z\u00e1plavov\u00fdch p\u00f4d, ako aj k zlep\u0161eniu kvality p\u00f4dy a rastl\u00edn, \u010do \u00fazko s\u00favis\u00ed so zdrav\u00edm \u013eud\u00ed. Navrhovan\u00e9 ciele projektu sa zameriavaj\u00fa na nov\u00e9 aplik\u00e1cie a na doteraz nepresk\u00faman\u00e9 rie\u0161enia postupn\u00fdch zmien, ktor\u00e9 prines\u00fa odpovede na najd\u00f4le\u017eitej\u0161ie ot\u00e1zky, ako aj na potreby v\u00fdskumu a technologick\u00e9ho rozvoja vr\u00e1tane t\u00fdch, ktor\u00e9 s\u00fa d\u00f4le\u017eit\u00e9 v celosvetovom meradle.<\/span><\/td>\n<\/tr>\n<tr>\n<td>Doba trvania:<\/td>\n<td>1.7.2024 &#8211; 30.6.2026<\/td>\n<\/tr>\n<\/table>\n<table class='project_list'>\n<tr>\n<td colspan='2'>LumiPiG &#8211; V\u00fdvoj pokro\u010dil\u00fdch luminiscen\u010dn\u00fdch sklenen\u00fdch 3D \u0161trukt\u00far <\/td>\n<\/tr>\n<tr>\n<td colspan='2'>Development of advanced luminescent glass 3D structures<\/td>\n<\/tr>\n<tr>\n<td>Program:<\/td>\n<td>Pl\u00e1n obnovy E\u00da<\/td>\n<\/tr>\n<tr>\n<td>Zodpovedn\u00fd rie\u0161ite\u013e:<\/td>\n<td>Ing. Mich\u00e1lkov\u00e1 Monika, PhD.<\/td>\n<\/tr>\n<tr>\n<td>Doba trvania:<\/td>\n<td>1.7.2024 &#8211; 30.6.2026<\/td>\n<\/tr>\n<\/table>\n<table class='project_list'>\n<tr>\n<td colspan='2'>TS-Coupling &#8211; Demon\u0161tr\u00e1cia viazania cez priestor \u0161\u00edren\u00e9ho \u03c0-orbit\u00e1lmi <\/td>\n<\/tr>\n<tr>\n<td colspan='2'>Study of C-C Coupling Propagated by \u03c0-Orbitals<\/td>\n<\/tr>\n<tr>\n<td>Program:<\/td>\n<td>Pl\u00e1n obnovy E\u00da<\/td>\n<\/tr>\n<tr>\n<td>Zodpovedn\u00fd rie\u0161ite\u013e:<\/td>\n<td>MSc. Lemken Florian Andreas, PhD.<\/td>\n<\/tr>\n<tr>\n<td>Doba trvania:<\/td>\n<td>1.6.2025 &#8211; 31.5.2026<\/td>\n<\/tr>\n<\/table>\n","protected":false},"excerpt":{"rendered":"<p>ENSAMAT &#8211; Materi\u00e1ly so zv\u00fd\u0161enou bezpe\u010dnos\u0165ou pre Li-i\u00f3nov\u00e9 bat\u00e9rie Enhanced safe materials for Li-ion batteries Program: Pl\u00e1n obnovy E\u00da Zodpovedn\u00fd rie\u0161ite\u013e: doc. Ing. Len\u010d\u00e9\u0161 Zolt\u00e1n,&#8230;<\/p>\n","protected":false},"author":1,"featured_media":0,"parent":31,"menu_order":90,"comment_status":"closed","ping_status":"closed","template":"","meta":{"footnotes":"","_links_to":"","_links_to_target":""},"class_list":["post-3677","page","type-page","status-publish","hentry"],"_links":{"self":[{"href":"https:\/\/uach.sav.sk\/sk\/wp-json\/wp\/v2\/pages\/3677","targetHints":{"allow":["GET"]}}],"collection":[{"href":"https:\/\/uach.sav.sk\/sk\/wp-json\/wp\/v2\/pages"}],"about":[{"href":"https:\/\/uach.sav.sk\/sk\/wp-json\/wp\/v2\/types\/page"}],"author":[{"embeddable":true,"href":"https:\/\/uach.sav.sk\/sk\/wp-json\/wp\/v2\/users\/1"}],"replies":[{"embeddable":true,"href":"https:\/\/uach.sav.sk\/sk\/wp-json\/wp\/v2\/comments?post=3677"}],"version-history":[{"count":8,"href":"https:\/\/uach.sav.sk\/sk\/wp-json\/wp\/v2\/pages\/3677\/revisions"}],"predecessor-version":[{"id":3707,"href":"https:\/\/uach.sav.sk\/sk\/wp-json\/wp\/v2\/pages\/3677\/revisions\/3707"}],"up":[{"embeddable":true,"href":"https:\/\/uach.sav.sk\/sk\/wp-json\/wp\/v2\/pages\/31"}],"wp:attachment":[{"href":"https:\/\/uach.sav.sk\/sk\/wp-json\/wp\/v2\/media?parent=3677"}],"curies":[{"name":"wp","href":"https:\/\/api.w.org\/{rel}","templated":true}]}}