{"id":3682,"date":"2024-09-06T09:58:14","date_gmt":"2024-09-06T07:58:14","guid":{"rendered":"https:\/\/uach.sav.sk\/sk\/?page_id=3682"},"modified":"2025-01-15T22:31:43","modified_gmt":"2025-01-15T21:31:43","slug":"ine-narodne-projekty","status":"publish","type":"page","link":"https:\/\/uach.sav.sk\/sk\/veda-a-vyskum\/projekty\/ine-narodne-projekty\/","title":{"rendered":"In\u00e9 n\u00e1rodn\u00e9 projekty"},"content":{"rendered":"<h2>DoktoGrant<\/h2>\n<p><script type=\"text\/javascript\">\/\/ <![CDATA[\nfunction toggle(element){document.getElementById(element).style.display=(document.getElementById(element).style.display==\"none\")?\"\":\"none\";}\n\/\/ ]]><\/script><\/p>\n<p style=\"color: gray;\">V tomto programe moment\u00e1lne nie s\u00fa \u017eiadne projekty.<\/p>\n<h2 style=\"margin-top: 2.5rem;\">PostdokGrant<\/h2>\n<p><script type=\"text\/javascript\">\/\/ <![CDATA[\nfunction toggle(element){document.getElementById(element).style.display=(document.getElementById(element).style.display==\"none\")?\"\":\"none\";}\n\/\/ ]]><\/script><\/p>\n<p style=\"color: gray;\">V tomto programe moment\u00e1lne nie s\u00fa \u017eiadne projekty.<\/p>\n","protected":false},"excerpt":{"rendered":"<p>DoktoGrant V tomto programe moment\u00e1lne nie s\u00fa \u017eiadne projekty. PostdokGrant V tomto programe moment\u00e1lne nie s\u00fa \u017eiadne projekty.<\/p>\n","protected":false},"author":1,"featured_media":0,"parent":31,"menu_order":100,"comment_status":"closed","ping_status":"closed","template":"","meta":{"footnotes":"","_links_to":"","_links_to_target":""},"class_list":["post-3682","page","type-page","status-publish","hentry"],"_links":{"self":[{"href":"https:\/\/uach.sav.sk\/sk\/wp-json\/wp\/v2\/pages\/3682","targetHints":{"allow":["GET"]}}],"collection":[{"href":"https:\/\/uach.sav.sk\/sk\/wp-json\/wp\/v2\/pages"}],"about":[{"href":"https:\/\/uach.sav.sk\/sk\/wp-json\/wp\/v2\/types\/page"}],"author":[{"embeddable":true,"href":"https:\/\/uach.sav.sk\/sk\/wp-json\/wp\/v2\/users\/1"}],"replies":[{"embeddable":true,"href":"https:\/\/uach.sav.sk\/sk\/wp-json\/wp\/v2\/comments?post=3682"}],"version-history":[{"count":20,"href":"https:\/\/uach.sav.sk\/sk\/wp-json\/wp\/v2\/pages\/3682\/revisions"}],"predecessor-version":[{"id":3786,"href":"https:\/\/uach.sav.sk\/sk\/wp-json\/wp\/v2\/pages\/3682\/revisions\/3786"}],"up":[{"embeddable":true,"href":"https:\/\/uach.sav.sk\/sk\/wp-json\/wp\/v2\/pages\/31"}],"wp:attachment":[{"href":"https:\/\/uach.sav.sk\/sk\/wp-json\/wp\/v2\/media?parent=3682"}],"curies":[{"name":"wp","href":"https:\/\/api.w.org\/{rel}","templated":true}]}}