{"id":410,"date":"2017-03-14T08:12:26","date_gmt":"2017-03-14T07:12:26","guid":{"rendered":"http:\/\/www.uach.sav.sk\/sk\/?page_id=410"},"modified":"2023-08-02T12:24:59","modified_gmt":"2023-08-02T10:24:59","slug":"linky","status":"publish","type":"page","link":"https:\/\/uach.sav.sk\/sk\/linky\/","title":{"rendered":"Pracovn\u00e9 poz\u00edcie"},"content":{"rendered":"<p>V r\u00e1mci pl\u00e1nu obnovy a v\u00fdzvy agent\u00fary VAIA, \u00daACH SAV, v.v.i. pon\u00faka mo\u017enos\u0165 zapoji\u0165 sa do p\u00edsania projektov na individu\u00e1lne \u0161tipendi\u00e1 pre excelentn\u00fdch vedeck\u00fdch pracovn\u00edkov v r\u00f4znych f\u00e1zach kari\u00e9ry R2-R4 (na bli\u017e\u0161iu \u0161pecifik\u00e1ciu <strong><span style=\"color: #ff0000;\"><a style=\"color: #ff0000;\" href=\"https:\/\/euraxess.ec.europa.eu\/europe\/career-development\/training-researchers\/research-profiles-descriptors\" target=\"_blank\" rel=\"noopener\">klikni linku<\/a><\/span><\/strong>).<\/p>\n<p>Z\u00e1ujemca mus\u00ed navrhn\u00fa\u0165 t\u00e9mu, ktor\u00fa by chcel na \u00fastave rozv\u00edja\u0165. V prvom kole sa vyhodnotia v\u0161etky n\u00e1vrhy. Vybran\u00ed uch\u00e1dza\u010di na dan\u00fa t\u00e9mu bud\u00fa p\u00edsa\u0165 projekt, ktor\u00fd bude hodnoten\u00fd \u010dlenmi medzin\u00e1rodn\u00fdch hodnotiacich panelov. Po vyhodnoten\u00ed projektu ako \u00faspe\u0161n\u00e9ho, bude uch\u00e1dza\u010d zamestnan\u00fd na \u00fastave.<\/p>\n<p>&nbsp;<\/p>\n<ul>\n<li>Pod\u00e1vanie predbe\u017en\u00fdch prihl\u00e1\u0161ok: 10. august 2023<\/li>\n<li>Vyhodnotenie prihl\u00e1\u0161ok: 15. august 2023<\/li>\n<li>Finaliz\u00e1cia projektov: do 21. septembra 2023 (intern\u00fd term\u00edn)<\/li>\n<li>Term\u00edn na pod\u00e1vanie projektov: do 28. septembra 2023<\/li>\n<li><\/li>\n<\/ul>\n<p>Inform\u00e1cie o v\u00fdzve a opis projektu: <span style=\"color: #ff6600;\"><a style=\"color: #ff6600;\" href=\"https:\/\/vaia.gov.sk\/sk\/2023\/06\/27\/stipendia-pre-excelentnych-vyskumnikov-a-vyskumnicky-r2-r4\/\" target=\"_blank\" rel=\"noopener\"><strong>VAIA<\/strong> (klikni),<\/a><\/span>\u00a0pln\u00e9 znenie (<a href=\"https:\/\/vaia.gov.sk\/wp-content\/uploads\/2023\/06\/Vyzva_R2-R4_final-1.pdf\" target=\"_blank\" rel=\"noopener\">stiahni<\/a>)<\/p>\n<p>Viac inform\u00e1ci\u00ed o poz\u00edci\u00e1ch a po\u017eiadavkach je zverejnen\u00fdch na port\u00e1li <span style=\"color: #ff6600;\"><a style=\"color: #ff6600;\" href=\"https:\/\/euraxess.ec.europa.eu\/jobs\/search\" target=\"_blank\" rel=\"noopener\"><strong>EURAXESS<\/strong><\/a><\/span><\/p>\n<p>&nbsp;<\/p>\n<p><span style=\"color: #ff6600;\"><strong>Oblasti z\u00e1ujmu:<\/strong><\/span><\/p>\n<ul>\n<li>vrstevnan\u00e9 silik\u00e1ty (<a href=\"https:\/\/euraxess.ec.europa.eu\/jobs\/133210\" target=\"_blank\" rel=\"noopener\">\u00eds\u0165 \u010falej na oznam<\/a>)<\/li>\n<li>keramick\u00e9 materi\u00e1ly\u00a0(<a href=\"https:\/\/euraxess.ec.europa.eu\/jobs\/133935\" target=\"_blank\" rel=\"noopener\">\u00eds\u0165 \u010falej na oznam<\/a>)<\/li>\n<li>teoretick\u00e1 a v\u00fdpo\u010dtov\u00e1 ch\u00e9mia (\u00eds\u0165 \u010falej na\u00a0<a href=\"https:\/\/euraxess.ec.europa.eu\/jobs\/131939\" target=\"_blank\" rel=\"noopener\">oznam 1<\/a>, <a href=\"https:\/\/euraxess.ec.europa.eu\/jobs\/131980\" target=\"_blank\" rel=\"noopener\">oznam 2<\/a>)<\/li>\n<li>fluoridov\u00e9 taveninov\u00e9 s\u00fastavy (<a href=\"https:\/\/euraxess.ec.europa.eu\/jobs\/131965\" target=\"_blank\" rel=\"noopener\">\u00eds\u0165 \u010falej na oznam 1, <\/a><a href=\"https:\/\/euraxess.ec.europa.eu\/jobs\/130216\" target=\"_blank\" rel=\"noopener\">oznam 2<\/a>)<\/li>\n<\/ul>\n","protected":false},"excerpt":{"rendered":"<p>V r\u00e1mci pl\u00e1nu obnovy a v\u00fdzvy agent\u00fary VAIA, \u00daACH SAV, v.v.i. pon\u00faka mo\u017enos\u0165 zapoji\u0165 sa do p\u00edsania projektov na individu\u00e1lne \u0161tipendi\u00e1 pre excelentn\u00fdch vedeck\u00fdch pracovn\u00edkov&#8230;<\/p>\n","protected":false},"author":1,"featured_media":0,"parent":0,"menu_order":0,"comment_status":"closed","ping_status":"closed","template":"","meta":{"footnotes":"","_links_to":"","_links_to_target":""},"class_list":["post-410","page","type-page","status-publish","hentry"],"_links":{"self":[{"href":"https:\/\/uach.sav.sk\/sk\/wp-json\/wp\/v2\/pages\/410","targetHints":{"allow":["GET"]}}],"collection":[{"href":"https:\/\/uach.sav.sk\/sk\/wp-json\/wp\/v2\/pages"}],"about":[{"href":"https:\/\/uach.sav.sk\/sk\/wp-json\/wp\/v2\/types\/page"}],"author":[{"embeddable":true,"href":"https:\/\/uach.sav.sk\/sk\/wp-json\/wp\/v2\/users\/1"}],"replies":[{"embeddable":true,"href":"https:\/\/uach.sav.sk\/sk\/wp-json\/wp\/v2\/comments?post=410"}],"version-history":[{"count":30,"href":"https:\/\/uach.sav.sk\/sk\/wp-json\/wp\/v2\/pages\/410\/revisions"}],"predecessor-version":[{"id":3202,"href":"https:\/\/uach.sav.sk\/sk\/wp-json\/wp\/v2\/pages\/410\/revisions\/3202"}],"wp:attachment":[{"href":"https:\/\/uach.sav.sk\/sk\/wp-json\/wp\/v2\/media?parent=410"}],"curies":[{"name":"wp","href":"https:\/\/api.w.org\/{rel}","templated":true}]}}