{"id":532,"date":"2017-03-15T14:04:08","date_gmt":"2017-03-15T13:04:08","guid":{"rendered":"http:\/\/www.uach.sav.sk\/sk\/?page_id=532"},"modified":"2026-02-21T17:28:45","modified_gmt":"2026-02-21T16:28:45","slug":"sucasne-phd-prace","status":"publish","type":"page","link":"https:\/\/uach.sav.sk\/sk\/vzdelavanie\/doktorandske-studium\/sucasne-phd-prace\/","title":{"rendered":"S\u00fa\u010dasn\u00e9 PhD. pr\u00e1ce"},"content":{"rendered":"<table width=\"2080\">\n<tbody>\n<tr>\n<td colspan=\"2\" width=\"1503\">\n<h3 class=\"uppercase\"><span style=\"color: #008080;\"><strong> Pr\u00edprava SiOC keramick\u00fdch an\u00f3d pre sod\u00edkov\u00e9 bat\u00e9rie <\/strong><\/span><\/h3>\n<\/td>\n<\/tr>\n<tr>\n<td width=\"501\">\u0160tudent<\/td>\n<td width=\"1002\">MSc. Kumar Ashutosh<\/td>\n<\/tr>\n<tr>\n<td width=\"501\">\u0160kolite\u013e<\/td>\n<td width=\"1002\">doc. Ing. Zolt\u00e1n Len\u010d\u00e9\u0161, CSc.<\/td>\n<\/tr>\n<tr>\n<td width=\"501\">\u0160tudijn\u00fd program<\/td>\n<td width=\"1002\">Anorganick\u00e1 ch\u00e9mia<\/td>\n<\/tr>\n<\/tbody>\n<\/table>\n<table width=\"2080\">\n<tbody>\n<tr>\n<td colspan=\"2\" width=\"1503\">\n<h3 class=\"uppercase\"><span style=\"color: #008080;\"><strong> Odolnos\u0165 inovat\u00edvnych materi\u00e1lov proti kor\u00f3zii v energetick\u00fdch aplik\u00e1ci\u00e1ch: Anal\u00fdza interakci\u00ed v roztaven\u00fdch soliach<\/strong><\/span><\/h3>\n<\/td>\n<\/tr>\n<tr>\n<td width=\"501\">\u0160tudent<\/td>\n<td width=\"1002\">MSc. Alireza Karimi<\/td>\n<\/tr>\n<tr>\n<td width=\"501\">\u0160kolite\u013e<\/td>\n<td width=\"1002\">doc. Ing. Miroslav Bo\u010da, DrSc.<\/td>\n<\/tr>\n<tr>\n<td width=\"501\">\u0160tudijn\u00fd program<\/td>\n<td width=\"1002\">Anorganick\u00e1 ch\u00e9mia<\/td>\n<\/tr>\n<\/tbody>\n<\/table>\n<table width=\"2080\">\n<tbody>\n<tr>\n<td colspan=\"2\" width=\"1503\">\n<h3 class=\"uppercase\"><span style=\"color: #008080;\"><strong> Nov\u00e9 perovskitov\u00e9 oxidy pre vysokoteplotn\u00e9 termoelektrick\u00e9 aplik\u00e1cie<\/strong><\/span><\/h3>\n<\/td>\n<\/tr>\n<tr>\n<td width=\"501\">\u0160tudent<\/td>\n<td width=\"1002\">MSc. Muhammad Saad Ur Rahman<\/td>\n<\/tr>\n<tr>\n<td width=\"501\">\u0160kolite\u013e<\/td>\n<td width=\"1002\">Ing. Peter Tatarko, PhD.<\/td>\n<\/tr>\n<tr>\n<td width=\"501\">\u0160tudijn\u00fd program<\/td>\n<td width=\"1002\">Anorganick\u00e1 ch\u00e9mia<\/td>\n<\/tr>\n<\/tbody>\n<\/table>\n<table width=\"2080\">\n<tbody>\n<tr>\n<td colspan=\"2\" width=\"1503\">\n<h3 class=\"uppercase\"><span style=\"color: #008080;\"><strong> Zmeny fotofyzik\u00e1lnych vlastnost\u00ed organick\u00fdch farb\u00edv prostredn\u00edctvom adsorpcie<\/strong><\/span><\/h3>\n<\/td>\n<\/tr>\n<tr>\n<td width=\"501\">\u0160tudent<\/td>\n<td width=\"1002\">MSc. Farshad Hamehkhani<\/td>\n<\/tr>\n<tr>\n<td width=\"501\">\u0160kolite\u013e<\/td>\n<td width=\"1002\">prof. RNDr. Juraj Bujd\u00e1k, DrSc.<\/td>\n<\/tr>\n<tr>\n<td width=\"501\">\u0160tudijn\u00fd program<\/td>\n<td width=\"1002\">Fyzik\u00e1lna ch\u00e9mia<\/td>\n<\/tr>\n<\/tbody>\n<\/table>\n<table width=\"2080\">\n<tbody>\n<tr>\n<td colspan=\"2\" width=\"1503\">\n<h3 class=\"uppercase\"><span style=\"color: #008080;\"><strong> \u0160t\u00fadium vlastnost\u00ed pokro\u010dil\u00fdch anorganick\u00fdch vrstevnat\u00fdch materi\u00e1lov modelov\u00fdm pr\u00edstupom<\/strong><\/span><\/h3>\n<\/td>\n<\/tr>\n<tr>\n<td width=\"501\">\u0160tudent<\/td>\n<td width=\"1002\">MSc. Ayesha Asbat<\/td>\n<\/tr>\n<tr>\n<td width=\"501\">\u0160kolite\u013e<\/td>\n<td width=\"1002\">Ing. Eva Scholtzov\u00e1, CSc.<\/td>\n<\/tr>\n<tr>\n<td width=\"501\">\u0160tudijn\u00fd program<\/td>\n<td width=\"1002\">Teoretick\u00e1 a po\u010d\u00edta\u010dov\u00e1 ch\u00e9mia<\/td>\n<\/tr>\n<\/tbody>\n<\/table>\n<table width=\"2080\">\n<tbody>\n<tr>\n<td colspan=\"2\" width=\"1503\">\n<h3 class=\"uppercase\"><span style=\"color: #008080;\"><strong> Nov\u00e9 entropiou stabilizovan\u00e9 perovskity pre udr\u017eate\u013en\u00fa energetiku<\/strong><\/span><\/h3>\n<\/td>\n<\/tr>\n<tr>\n<td width=\"501\">\u0160tudent<\/td>\n<td width=\"1002\">MSc. Asif Ali<\/td>\n<\/tr>\n<tr>\n<td width=\"501\">\u0160kolite\u013e<\/td>\n<td width=\"1002\">Ing. Peter Tatarko, PhD.<\/td>\n<\/tr>\n<tr>\n<td width=\"501\">\u0160tudijn\u00fd program<\/td>\n<td width=\"1002\">Anorganick\u00e1 ch\u00e9mia<\/td>\n<\/tr>\n<\/tbody>\n<\/table>\n<table width=\"2080\">\n<tbody>\n<tr>\n<td colspan=\"2\" width=\"1503\">\n<h3 class=\"uppercase\"><span style=\"color: #008080;\"><strong> Pr\u00edprava a charakteriz\u00e1cia hybridn\u00fdch materi\u00e1lov vrstevnat\u00fdch nosi\u010dov s organick\u00fdmi luminof\u00f3rmi<\/strong><\/span><\/h3>\n<\/td>\n<\/tr>\n<tr>\n<td width=\"501\">\u0160tudent<\/td>\n<td width=\"1002\">MSc. Leonardo Filipe Kleman Santos<\/td>\n<\/tr>\n<tr>\n<td width=\"501\">\u0160kolite\u013e<\/td>\n<td width=\"1002\">prof. RNDr. Juraj Bujd\u00e1k, DrSc.<\/td>\n<\/tr>\n<tr>\n<td width=\"501\">\u0160tudijn\u00fd program<\/td>\n<td width=\"1002\">Fyzik\u00e1lna ch\u00e9mia<\/td>\n<\/tr>\n<\/tbody>\n<\/table>\n<table width=\"2080\">\n<tbody>\n<tr>\n<td colspan=\"2\" width=\"1503\">\n<h3 class=\"uppercase\"><span style=\"color: #008080;\"><strong> V\u00fdvoj pokro\u010dil\u00fdch relativistick\u00fdch met\u00f3d ur\u010den\u00fdch na predpovedanie r\u00f6ntgenov\u00fdch spektier<\/strong><\/span><\/h3>\n<\/td>\n<\/tr>\n<tr>\n<td width=\"501\">\u0160tudent<\/td>\n<td width=\"1002\">MSc. Bryan Alexis Melo Flores<\/td>\n<\/tr>\n<tr>\n<td width=\"501\">\u0160kolite\u013e<\/td>\n<td width=\"1002\">Mgr. Stanislav Komorovsk\u00fd, PhD.<\/td>\n<\/tr>\n<tr>\n<td width=\"501\">\u0160tudijn\u00fd program<\/td>\n<td width=\"1002\">Teoretick\u00e1 a po\u010d\u00edta\u010dov\u00e1 ch\u00e9mia<\/td>\n<\/tr>\n<\/tbody>\n<\/table>\n<table width=\"2080\">\n<tbody>\n<tr>\n<td colspan=\"2\" width=\"1503\">\n<h3 class=\"uppercase\"><span style=\"color: #008080;\"><strong> Hydrog\u00e9lov\u00e9 nanokompozity s fotoakt\u00edvnymi a antimikrobi\u00e1lnymi molekulami<\/strong><\/span><\/h3>\n<\/td>\n<\/tr>\n<tr>\n<td width=\"501\">\u0160tudent<\/td>\n<td width=\"1002\">MSc. Vinny George<\/td>\n<\/tr>\n<tr>\n<td width=\"501\">\u0160kolite\u013e<\/td>\n<td width=\"1002\">prof. RNDr. Juraj Bujd\u00e1k, DrSc.<\/td>\n<\/tr>\n<tr>\n<td width=\"501\">\u0160tudijn\u00fd program<\/td>\n<td width=\"1002\">Anorganick\u00e1 ch\u00e9mia<\/td>\n<\/tr>\n<\/tbody>\n<\/table>\n<table width=\"2080\">\n<tbody>\n<tr>\n<td colspan=\"2\" width=\"1503\">\n<h3 class=\"uppercase\"><span style=\"color: #008080;\"><strong>Kompozitn\u00e9 materi\u00e1ly na b\u00e1ze vrstevnat\u00fdch silik\u00e1tov a kati\u00f3nov\u00fdch polym\u00e9rov<\/strong><\/span><\/h3>\n<\/td>\n<\/tr>\n<tr>\n<td width=\"501\">\u0160tudent<\/td>\n<td width=\"1002\">MSc. Parisa Labib Shotorban<\/td>\n<\/tr>\n<tr>\n<td width=\"501\">\u0160kolite\u013e<\/td>\n<td width=\"1002\">Ing. Helena P\u00e1lkov\u00e1, PhD.<\/td>\n<\/tr>\n<tr>\n<td width=\"501\">\u0160tudijn\u00fd program<\/td>\n<td width=\"1002\">Anorganick\u00e1 ch\u00e9mia<\/td>\n<\/tr>\n<\/tbody>\n<\/table>\n<table width=\"2080\">\n<tbody>\n<tr>\n<td colspan=\"2\" width=\"1503\">\n<h3 class=\"uppercase\"><span style=\"color: #008080;\"><strong> Pr\u00edprava a \u0161t\u00fadium termick\u00fdch vlastnost\u00ed a kinetiky kry\u0161taliz\u00e1cie hlinitanov\u00fdch skiel v syst\u00e9me Al2O3-RE2O3<\/strong><\/span><\/h3>\n<\/td>\n<\/tr>\n<tr>\n<td width=\"501\">\u0160tudent<\/td>\n<td width=\"1002\">Ing. Lucia \u0160ediv\u00e1<\/td>\n<\/tr>\n<tr>\n<td width=\"501\">\u0160kolite\u013e<\/td>\n<td width=\"1002\">Ing. Anna Prnov\u00e1, PhD.<\/td>\n<\/tr>\n<tr>\n<td width=\"501\">\u0160tudijn\u00fd program<\/td>\n<td width=\"1002\">Anorganick\u00e1 technol\u00f3gia a materi\u00e1ly<\/td>\n<\/tr>\n<\/tbody>\n<\/table>\n<table width=\"2080\">\n<tbody>\n<tr>\n<td colspan=\"2\" width=\"1503\"><span style=\"color: #008080;\"><strong>Hybridn\u00e9 materi\u00e1ly vrstevnat\u00fdch kremi\u010ditanov s\u00a0fotoakt\u00edvnymi vlastnos\u0165ami<\/strong><\/span><\/td>\n<\/tr>\n<tr>\n<td width=\"501\">\u0160tudent<\/td>\n<td width=\"1002\">Mgr. Vikt\u00f3ria Plan\u00e9tov\u00e1<\/td>\n<\/tr>\n<tr>\n<td width=\"501\">\u0160kolite\u013e<\/td>\n<td width=\"1002\">Mrg. Peter Boh\u00e1\u010d, PhD.<\/td>\n<\/tr>\n<tr>\n<td width=\"501\">\u0160kolite\u013e \u0161pecialista<\/td>\n<td width=\"1002\">prof. RNDr. Juraj Bujd\u00e1k, DrSc.<\/td>\n<\/tr>\n<tr>\n<td width=\"501\">\u0160tudijn\u00fd program<\/td>\n<td width=\"1002\">Fyzik\u00e1lna ch\u00e9mia<\/td>\n<\/tr>\n<\/tbody>\n<\/table>\n<table width=\"2080\">\n<tbody>\n<tr>\n<td colspan=\"2\" width=\"1503\"><span style=\"color: #008080;\"><strong> Nov\u00e9 sklokeramick\u00e9 materi\u00e1ly v syst\u00e9me Al<sub>2<\/sub>O<sub>3<\/sub>-Re<sub>2<\/sub>O<sub>3<\/sub> a Al<sub>2<\/sub>O<sub>3<\/sub>-Re<sub>2<\/sub>O<sub>3<\/sub>-ZrO<sub>2<\/sub> so zauj\u00edmav\u00fdmi optick\u00fdmi a mechanick\u00fdmi vlastnos\u0165ami <\/strong><\/span><\/td>\n<\/tr>\n<tr>\n<td width=\"501\">\u0160tudent<\/td>\n<td width=\"1002\">Mgr. Jakub Michal\u00edk<\/td>\n<\/tr>\n<tr>\n<td width=\"501\">\u0160kolite\u013e<\/td>\n<td width=\"1002\">Ing. Anna Prnov\u00e1, PhD.<\/td>\n<\/tr>\n<tr>\n<td width=\"501\">\u0160tudijn\u00fd program<\/td>\n<td width=\"1002\">Anorganick\u00e1 technol\u00f3gia a materi\u00e1ly<\/td>\n<\/tr>\n<\/tbody>\n<\/table>\n","protected":false},"excerpt":{"rendered":"<p>Pr\u00edprava SiOC keramick\u00fdch an\u00f3d pre sod\u00edkov\u00e9 bat\u00e9rie \u0160tudent MSc. Kumar Ashutosh \u0160kolite\u013e doc. Ing. Zolt\u00e1n Len\u010d\u00e9\u0161, CSc. \u0160tudijn\u00fd program Anorganick\u00e1 ch\u00e9mia Odolnos\u0165 inovat\u00edvnych materi\u00e1lov proti&#8230;<\/p>\n","protected":false},"author":1,"featured_media":0,"parent":53,"menu_order":10,"comment_status":"closed","ping_status":"closed","template":"","meta":{"footnotes":"","_links_to":"","_links_to_target":""},"class_list":["post-532","page","type-page","status-publish","hentry"],"_links":{"self":[{"href":"https:\/\/uach.sav.sk\/sk\/wp-json\/wp\/v2\/pages\/532","targetHints":{"allow":["GET"]}}],"collection":[{"href":"https:\/\/uach.sav.sk\/sk\/wp-json\/wp\/v2\/pages"}],"about":[{"href":"https:\/\/uach.sav.sk\/sk\/wp-json\/wp\/v2\/types\/page"}],"author":[{"embeddable":true,"href":"https:\/\/uach.sav.sk\/sk\/wp-json\/wp\/v2\/users\/1"}],"replies":[{"embeddable":true,"href":"https:\/\/uach.sav.sk\/sk\/wp-json\/wp\/v2\/comments?post=532"}],"version-history":[{"count":73,"href":"https:\/\/uach.sav.sk\/sk\/wp-json\/wp\/v2\/pages\/532\/revisions"}],"predecessor-version":[{"id":4121,"href":"https:\/\/uach.sav.sk\/sk\/wp-json\/wp\/v2\/pages\/532\/revisions\/4121"}],"up":[{"embeddable":true,"href":"https:\/\/uach.sav.sk\/sk\/wp-json\/wp\/v2\/pages\/53"}],"wp:attachment":[{"href":"https:\/\/uach.sav.sk\/sk\/wp-json\/wp\/v2\/media?parent=532"}],"curies":[{"name":"wp","href":"https:\/\/api.w.org\/{rel}","templated":true}]}}