{"id":544,"date":"2017-03-15T16:39:01","date_gmt":"2017-03-15T15:39:01","guid":{"rendered":"http:\/\/www.uach.sav.sk\/sk\/?page_id=544"},"modified":"2026-02-21T17:29:26","modified_gmt":"2026-02-21T16:29:26","slug":"obhajene-phd-prace","status":"publish","type":"page","link":"https:\/\/uach.sav.sk\/sk\/vzdelavanie\/doktorandske-studium\/obhajene-phd-prace\/","title":{"rendered":"Obh\u00e1jen\u00e9 PhD. pr\u00e1ce"},"content":{"rendered":"<p><span style=\"color: #008080;\"><strong>2025<\/strong><\/span><\/p>\n<table width=\"2080\">\n<tbody>\n<tr>\n<td colspan=\"2\" width=\"1503\"><span style=\"color: #008080;\"><strong> V\u00fdvoj a charakteriz\u00e1cia nov\u00fdch keramick\u00fdch biomateri\u00e1lov <\/strong><\/span><\/td>\n<\/tr>\n<tr>\n<td width=\"501\">\u0160tudent<\/td>\n<td width=\"1002\">Guido Manuel De La Torre Olvera<\/td>\n<\/tr>\n<tr>\n<td width=\"501\">\u0160kolite\u013e<\/td>\n<td width=\"1002\">Ing. Monika Tatarkov\u00e1, PhD.<\/td>\n<\/tr>\n<tr>\n<td width=\"501\">\u0160tudijn\u00fd program<\/td>\n<td width=\"1002\">Anorganick\u00e1 ch\u00e9mia<\/td>\n<\/tr>\n<\/tbody>\n<\/table>\n<table width=\"2080\">\n<tbody>\n<tr>\n<td colspan=\"2\" width=\"1503\"><span style=\"color: #008080;\"><strong> Nov\u00e9 sp\u00f4soby sp\u00e1jania pokro\u010dil\u00fdch keramick\u00fdch materi\u00e1lov <\/strong><\/span><\/td>\n<\/tr>\n<tr>\n<td width=\"501\">\u0160tudent<\/td>\n<td width=\"1002\">MSc. Naser Hosseini<\/td>\n<\/tr>\n<tr>\n<td width=\"501\">\u0160kolite\u013e<\/td>\n<td width=\"1002\">Ing. Peter Tatarko, PhD.<\/td>\n<\/tr>\n<tr>\n<td width=\"501\">\u0160tudijn\u00fd program<\/td>\n<td width=\"1002\">Anorganick\u00e1 ch\u00e9mia<\/td>\n<\/tr>\n<\/tbody>\n<\/table>\n<table width=\"2080\">\n<tbody>\n<tr>\n<td colspan=\"2\" width=\"1503\"><span style=\"color: #008080;\"><strong> V\u00fdvoj nov\u00fdch pokro\u010dil\u00fdch keramick\u00fdch materi\u00e1lov so zlep\u0161en\u00fdmi vysokoteplotn\u00fdmi vlastnos\u0165ami <\/strong><\/span><\/td>\n<\/tr>\n<tr>\n<td width=\"501\">\u0160tudent<\/td>\n<td width=\"1002\">MSc. Inga Zhukova<\/td>\n<\/tr>\n<tr>\n<td width=\"501\">\u0160kolite\u013e<\/td>\n<td width=\"1002\">Ing. Peter Tatarko, PhD.<\/td>\n<\/tr>\n<tr>\n<td width=\"501\">\u0160tudijn\u00fd program<\/td>\n<td width=\"1002\">Anorganick\u00e1 ch\u00e9mia<\/td>\n<\/tr>\n<\/tbody>\n<\/table>\n<p><span style=\"color: #008080;\"><strong>2024<\/strong><\/span><\/p>\n<table width=\"2080\">\n<tbody>\n<tr>\n<td colspan=\"2\" width=\"1503\"><span style=\"color: #008080;\"><strong> An\u00f3dy pre Li\/Na-i\u00f3nov\u00e9 bat\u00e9rie na b\u00e1ze uhl\u00edk-krem\u00edkov\u00fdch kompozitov <\/strong><\/span><\/td>\n<\/tr>\n<tr>\n<td width=\"501\">\u0160tudent<\/td>\n<td width=\"1002\">Alper G\u00fcneren<\/td>\n<\/tr>\n<tr>\n<td width=\"501\">\u0160kolite\u013e<\/td>\n<td width=\"1002\">doc. Ing. Zolt\u00e1n Len\u010d\u00e9\u0161, PhD.<\/td>\n<\/tr>\n<tr>\n<td width=\"501\">\u0160tudijn\u00fd program<\/td>\n<td width=\"1002\">Anorganick\u00e1 ch\u00e9mia<\/td>\n<\/tr>\n<\/tbody>\n<\/table>\n<table width=\"2080\">\n<tbody>\n<tr>\n<td colspan=\"2\" width=\"1503\"><span style=\"color: #008080;\"><strong> Ch\u00e9mia a elektroch\u00e9mia kovov vz\u00e1cnych zem\u00ed vo fluoridov\u00fdch tavenin\u00e1ch pre ich elektrochemick\u00fa recykl\u00e1ciu a vylu\u010dovanie <\/strong><\/span><\/td>\n<\/tr>\n<tr>\n<td width=\"501\">\u0160tudent<\/td>\n<td width=\"1002\">Dhiya Krishnan<\/td>\n<\/tr>\n<tr>\n<td width=\"501\">\u0160kolite\u013e<\/td>\n<td width=\"1002\">Ing. Franti\u0161ek \u0160imko, PhD.<\/td>\n<\/tr>\n<tr>\n<td width=\"501\">\u0160tudijn\u00fd program<\/td>\n<td width=\"1002\">Fyzik\u00e1lna ch\u00e9mia<\/td>\n<\/tr>\n<\/tbody>\n<\/table>\n<table width=\"2080\">\n<tbody>\n<tr>\n<td colspan=\"2\" width=\"1503\"><span style=\"color: #008080;\"><strong> V\u00fdvoj a efekt\u00edvna implement\u00e1cia plne relativistick\u00fdch met\u00f3d ur\u010den\u00fdch na predpovedanie spektier syst\u00e9mov obsahuj\u00facich \u0165a\u017ek\u00e9 kovy <\/strong><\/span><\/td>\n<\/tr>\n<tr>\n<td width=\"501\">\u0160tudent<\/td>\n<td width=\"1002\">Mgr. Debora Mi\u0161enkov\u00e1<\/td>\n<\/tr>\n<tr>\n<td width=\"501\">\u0160kolite\u013e<\/td>\n<td width=\"1002\">Mgr. Stanislav Komorovsk\u00fd, PhD.<\/td>\n<\/tr>\n<tr>\n<td width=\"501\">\u0160tudijn\u00fd odbor<\/td>\n<td width=\"1002\">Chemick\u00e1 fyzika<\/td>\n<\/tr>\n<\/tbody>\n<\/table>\n<table width=\"2080\">\n<tbody>\n<tr>\n<td colspan=\"2\" width=\"1503\"><span style=\"color: #008080;\"><strong> \u0160t\u00fadium hybridn\u00fdch materi\u00e1lov na b\u00e1ze polym\u00e9rov a \u00edlov\u00fdch miner\u00e1lov met\u00f3dami teoretickej ch\u00e9mie <\/strong><\/span><\/td>\n<\/tr>\n<tr>\n<td width=\"501\">\u0160tudent<\/td>\n<td width=\"1002\">MSc. Sanam Bashir<\/td>\n<\/tr>\n<tr>\n<td width=\"501\">\u0160kolite\u013e<\/td>\n<td width=\"1002\">Ing. Eva Scholtzov\u00e1, CSc.<\/td>\n<\/tr>\n<tr>\n<td width=\"501\">\u0160tudijn\u00fd program<\/td>\n<td width=\"1002\">Anorganick\u00e1 ch\u00e9mia<\/td>\n<\/tr>\n<\/tbody>\n<\/table>\n<p><span style=\"color: #008080;\"><strong>2023<\/strong><\/span><\/p>\n<table width=\"2080\">\n<tbody>\n<tr>\n<td colspan=\"2\" width=\"1503\"><span style=\"color: #008080;\"><strong> Kor\u00f3zia superzliatin pre energetick\u00e9 aplik\u00e1cie <\/strong><\/span><\/td>\n<\/tr>\n<tr>\n<td width=\"501\">\u0160tudent<\/td>\n<td width=\"1002\">MSc. Ramu Ambati<\/td>\n<\/tr>\n<tr>\n<td width=\"501\">\u0160kolite\u013e<\/td>\n<td width=\"1002\">doc. Ing. Miroslav Bo\u010da, DrSc.<\/td>\n<\/tr>\n<tr>\n<td width=\"501\">\u0160tudijn\u00fd odbor<\/td>\n<td width=\"1002\">Anorganick\u00e1 ch\u00e9mia<\/td>\n<\/tr>\n<\/tbody>\n<\/table>\n<table width=\"2080\">\n<tbody>\n<tr>\n<td colspan=\"2\" width=\"1503\"><span style=\"color: #008080;\"><strong> V\u00fdvoj a efekt\u00edvna implement\u00e1cia nov\u00fdch relativistick\u00fdch met\u00f3d pre interpret\u00e1ciu NMR a EPR spektra zl\u00fa\u010den\u00edn \u0165a\u017ek\u00fdch prvkov <\/strong><\/span><\/td>\n<\/tr>\n<tr>\n<td width=\"501\">\u0160tudent<\/td>\n<td width=\"1002\">MSc. Florian Lemken<\/td>\n<\/tr>\n<tr>\n<td width=\"501\">\u0160kolite\u013e<\/td>\n<td width=\"1002\">Dr. O\u013ega Malkina<\/td>\n<\/tr>\n<tr>\n<td width=\"501\">\u0160tudijn\u00fd odbor<\/td>\n<td width=\"1002\">Chemick\u00e1 fyzika<\/td>\n<\/tr>\n<\/tbody>\n<\/table>\n<table width=\"2080\">\n<tbody>\n<tr>\n<td colspan=\"2\" width=\"1503\"><span style=\"color: #008080;\"><strong> Funk\u010dn\u00e9 povrchy polym\u00e9rov modifikovan\u00e9 vrstevnat\u00fdmi anorganick\u00fdmi nano\u010dasticami <\/strong><\/span><\/td>\n<\/tr>\n<tr>\n<td width=\"501\">\u0160tudent<\/td>\n<td width=\"1002\">MSc. Eva Skoura<\/td>\n<\/tr>\n<tr>\n<td width=\"501\">\u0160kolite\u013e<\/td>\n<td width=\"1002\">prof. RNDr. Juraj Bujd\u00e1k. DrSc.<\/td>\n<\/tr>\n<tr>\n<td width=\"501\">\u0160tudijn\u00fd odbor<\/td>\n<td width=\"1002\">Anorganick\u00e1 ch\u00e9mia<\/td>\n<\/tr>\n<\/tbody>\n<\/table>\n<p><span style=\"color: #008080;\"><strong>2022<\/strong><\/span><\/p>\n<table width=\"2080\">\n<tbody>\n<tr>\n<td colspan=\"2\" width=\"1503\"><span style=\"color: #008080;\"><strong> Transparentn\u00e9 luminiscen\u010dn\u00e9 materi\u00e1ly na b\u00e1ze oxinitridov <\/strong><\/span><\/td>\n<\/tr>\n<tr>\n<td width=\"501\">\u0160tudent<\/td>\n<td width=\"1002\">Mgr. Patr\u00edcia Petriskov\u00e1<\/td>\n<\/tr>\n<tr>\n<td width=\"501\">\u0160kolite\u013e<\/td>\n<td width=\"1002\">doc. Ing. Zolt\u00e1n Len\u010d\u00e9\u0161, PhD.<\/td>\n<\/tr>\n<tr>\n<td width=\"501\">\u0160tudijn\u00fd odbor<\/td>\n<td width=\"1002\">Anorganick\u00e1 ch\u00e9mia<\/td>\n<\/tr>\n<\/tbody>\n<\/table>\n<table width=\"2080\">\n<tbody>\n<tr>\n<td colspan=\"2\" width=\"1503\"><span style=\"color: #063b3b;\"><strong><span style=\"color: #008080;\">Synt\u00e9za a charakteriz\u00e1cia nov\u00fdch keramick\u00fdch kompozitov pre extr\u00e9mne aplik\u00e1cie <\/span><\/strong><\/span><\/td>\n<\/tr>\n<tr>\n<td width=\"501\">\u0160tudent<\/td>\n<td width=\"1002\">MSc. Hakan \u00dcnsal<\/td>\n<\/tr>\n<tr>\n<td width=\"501\">\u0160kolite\u013e<\/td>\n<td width=\"1002\">Ing. Peter Tatarko, PhD.<\/td>\n<\/tr>\n<tr>\n<td width=\"501\">\u0160tudijn\u00fd odbor<\/td>\n<td width=\"1002\">Anorganick\u00e1 ch\u00e9mia<\/td>\n<\/tr>\n<\/tbody>\n<\/table>\n<p>&nbsp;<\/p>\n<p><span style=\"color: #008080;\"><strong>2021<\/strong><\/span><\/p>\n<table width=\"2080\">\n<tbody>\n<tr>\n<td colspan=\"2\" width=\"1503\"><span style=\"color: #008080;\"><strong> Vyu\u017eitie organicky-modifikovan\u00fdch vrstevnat\u00fdch hydrosilik\u00e1tov na pr\u00edpravu materi\u00e1lov s funk\u010dn\u00fdmi vlastnos\u0165ami <\/strong><\/span><\/td>\n<\/tr>\n<tr>\n<td width=\"501\">\u0160tudent<\/td>\n<td width=\"1002\">Ing. Martin Barlog<\/td>\n<\/tr>\n<tr>\n<td width=\"501\">\u0160kolite\u013e<\/td>\n<td width=\"1002\">Ing. Helena P\u00e1lkov\u00e1, PhD.<\/td>\n<\/tr>\n<tr>\n<td width=\"501\">\u0160tudijn\u00fd odbor<\/td>\n<td width=\"1002\">Anorganick\u00e1 technol\u00f3gia a materi\u00e1ly<\/td>\n<\/tr>\n<\/tbody>\n<\/table>\n<table width=\"2080\">\n<tbody>\n<tr>\n<td colspan=\"2\" width=\"1503\"><span style=\"color: #008080;\"><strong>\u0160t\u00fadium \u00edlov\u00fdch miner\u00e1lov a ich interkal\u00e1tov v\u00fdpo\u010dtov\u00fdmi met\u00f3dami<\/strong><\/span><\/td>\n<\/tr>\n<tr>\n<td width=\"501\">\u0160tudent<\/td>\n<td width=\"1002\">MSc. Daniel Moreno<\/td>\n<\/tr>\n<tr>\n<td width=\"501\">\u0160kolite\u013e<\/td>\n<td width=\"1002\">Ing. Eva Scholtzov\u00e1, CSc.<\/td>\n<\/tr>\n<tr>\n<td width=\"501\">\u0160tudijn\u00fd odbor<\/td>\n<td width=\"1002\">Anorganick\u00e1 technol\u00f3gia a materi\u00e1ly<\/td>\n<\/tr>\n<\/tbody>\n<\/table>\n<table width=\"2080\">\n<tbody>\n<tr>\n<td colspan=\"2\" width=\"1503\"><span style=\"color: #008080;\"><strong>Zv\u00fd\u0161enie bioaktivity keramick\u00fdch materi\u00e1lov na b\u00e1ze nitridu kremi\u010dit\u00e9ho<\/strong><\/span><\/td>\n<\/tr>\n<tr>\n<td width=\"501\">\u0160tudent<\/td>\n<td width=\"1002\">Ing. Michal Hi\u010d\u00e1k<\/td>\n<\/tr>\n<tr>\n<td width=\"501\">\u0160kolite\u013e<\/td>\n<td width=\"1002\">prof. RNDr. Pavol \u0160ajgal\u00edk, DrSc.<\/td>\n<\/tr>\n<tr>\n<td width=\"501\">\u0160tudijn\u00fd odbor<\/td>\n<td width=\"1002\">Anorganick\u00e1 technol\u00f3gia a materi\u00e1ly<\/td>\n<\/tr>\n<\/tbody>\n<\/table>\n<p><span style=\"color: #008080;\"><strong>2019<\/strong><\/span><\/p>\n<table width=\"2080\">\n<tbody>\n<tr>\n<td colspan=\"2\" width=\"1503\"><strong>Modern\u00e9 met\u00f3dy I\u010c spektroskopie a ich vyu\u017eitie pri v\u00fdskume organo\u00edlov<\/strong><\/td>\n<\/tr>\n<tr>\n<td width=\"501\">\u0160tudent<\/td>\n<td width=\"1002\">Ing. Michal Slan\u00fd<\/td>\n<\/tr>\n<tr>\n<td width=\"501\">\u0160kolite\u013e<\/td>\n<td width=\"1002\">RNDr. Jana Madejov\u00e1, DrSc.<\/td>\n<\/tr>\n<tr>\n<td width=\"501\">\u0160tudijn\u00fd odbore<\/td>\n<td width=\"1002\">Anorganick\u00e1 technol\u00f3gia a materi\u00e1ly<\/td>\n<\/tr>\n<\/tbody>\n<\/table>\n<p><span style=\"color: #008080;\"><strong>2017<\/strong><\/span><\/p>\n<table width=\"2080\">\n<tbody>\n<tr>\n<td colspan=\"2\" width=\"1503\"><strong>Interakcie organick\u00fdch deriv\u00e1tov s vrstevnat\u00fdmi materi\u00e1lmi<\/strong><\/td>\n<\/tr>\n<tr>\n<td width=\"501\">\u0160tudent<\/td>\n<td width=\"1002\">Mgr. Luk\u00e1\u0161 Petra<\/td>\n<\/tr>\n<tr>\n<td width=\"501\">\u0160kolite\u013e<\/td>\n<td width=\"1002\">RNDr. Peter Komadel, DrSc.<\/td>\n<\/tr>\n<tr>\n<td width=\"501\">\u0160tudijn\u00fd odbor<\/td>\n<td width=\"1002\">Anorganick\u00e1 ch\u00e9mia<\/td>\n<\/tr>\n<\/tbody>\n<\/table>\n<table width=\"2080\">\n<tbody>\n<tr>\n<td colspan=\"2\" width=\"1503\"><strong>Pr\u00edprava a anal\u00fdza hlboko podchladen\u00fdch priemyselne zauj\u00edmav\u00fdch fluoridov\u00fdch taven\u00edn<\/strong><\/td>\n<\/tr>\n<tr>\n<td width=\"501\">\u0160tudent<\/td>\n<td width=\"1002\">Ing. \u0160imurda Michal<\/td>\n<\/tr>\n<tr>\n<td width=\"501\">Supervisor<\/td>\n<td width=\"1002\">doc. Ing. Miroslav Bo\u010da, PhD.<\/td>\n<\/tr>\n<tr>\n<td width=\"501\">\u0160tudijn\u00fd program<\/td>\n<td width=\"1002\">Anorganick\u00e1 technol\u00f3gia a materi\u00e1ly<\/td>\n<\/tr>\n<\/tbody>\n<\/table>\n<p>&nbsp;<\/p>\n<p><span style=\"color: #008080;\"><b>2016<\/b><\/span><\/p>\n<table>\n<tbody>\n<tr>\n<td colspan=\"2\" width=\"1503\">Fotofyzik\u00e1lne vlastnosti hybridn\u00fdch syst\u00e9mov na b\u00e1ze \u00edlov\u00fdch miner\u00e1lov a kyan\u00ednov\u00fdch farb\u00edv<\/td>\n<\/tr>\n<tr>\n<td width=\"501\">\u0160tudent<\/td>\n<td width=\"1002\">Mgr. Boh\u00e1\u010d Peter<\/td>\n<\/tr>\n<tr>\n<td width=\"501\">\u0160kolite\u013e<\/td>\n<td width=\"1002\">Mgr. Adriana Cz\u00edmerov\u00e1, PhD.<\/td>\n<\/tr>\n<tr>\n<td width=\"501\">\u0160tudijn\u00fd odbor<\/td>\n<td width=\"1002\">Anorganick\u00e1 ch\u00e9mia<\/td>\n<\/tr>\n<\/tbody>\n<\/table>\n<table>\n<tbody>\n<tr>\n<td colspan=\"2\" width=\"1503\">Plne relativistick\u00e9 v\u00fdpo\u010dty parametrov magnetickej rezonancie aplikovan\u00e9 na paramagnetick\u00fa NMR<\/td>\n<\/tr>\n<tr>\n<td width=\"501\">\u0160tudent<\/td>\n<td width=\"1002\">Peter Cherry<\/td>\n<\/tr>\n<tr>\n<td width=\"501\">\u0160kolite\u013e<\/td>\n<td width=\"1002\">Dr. Vladim\u00edr Malkin<\/td>\n<\/tr>\n<tr>\n<td width=\"501\">\u0160tudijn\u00fd odbor<\/td>\n<td width=\"1002\">Chemick\u00e1 fyzika<\/td>\n<\/tr>\n<\/tbody>\n<\/table>\n<table>\n<tbody>\n<tr>\n<td colspan=\"2\" width=\"1503\">Nov\u00e9 typy n\u00edzkotopiacich sa elektrolytov vo v\u00fdrobe hlin\u00edka: ich fyzik\u00e1lno-chemick\u00e1 a \u0161trukt\u00farna anal\u00fdza<\/td>\n<\/tr>\n<tr>\n<td width=\"501\">\u0160tudent<\/td>\n<td width=\"1002\">Ing. Kontr\u00edk Martin<\/td>\n<\/tr>\n<tr>\n<td width=\"501\">\u0160kolite\u013e<\/td>\n<td width=\"1002\">doc. Ing. Miroslav Bo\u010da, PhD.<\/td>\n<\/tr>\n<tr>\n<td width=\"501\">\u0160tudijn\u00fd odbor<\/td>\n<td width=\"1002\">Anorganick\u00e1 ch\u00e9mia<\/td>\n<\/tr>\n<\/tbody>\n<\/table>\n<p><span style=\"color: #008080;\"><b>2014<\/b><\/span><\/p>\n<table>\n<tbody>\n<tr>\n<td colspan=\"2\" width=\"1503\">Chemick\u00e9 modifik\u00e1cie povrchov pr\u00edrodn\u00fdch nanomateri\u00e1lov<\/td>\n<\/tr>\n<tr>\n<td width=\"501\">\u0160tudent<\/td>\n<td width=\"1002\">Mgr. Val\u00e9ria Bizovsk\u00e1<\/td>\n<\/tr>\n<tr>\n<td width=\"501\">\u0160kolite\u013e<\/td>\n<td width=\"1002\">RNDr. Jana Madejov\u00e1, DrSc.<\/td>\n<\/tr>\n<tr>\n<td width=\"501\">\u0160tudijn\u00fd odbor<\/td>\n<td width=\"1002\">Anorganick\u00e1 ch\u00e9mia<\/td>\n<\/tr>\n<\/tbody>\n<\/table>\n<table>\n<tbody>\n<tr>\n<td colspan=\"2\" width=\"1503\">Pr\u00edprava a charakteriz\u00e1cia nanokompozitn\u00fdch keramick\u00fdch materi\u00e1lov na b\u00e1ze Si3N4 pre rezanie \u0165a\u017eko obr\u00e1bate\u013en\u00fdch materi\u00e1lov<\/td>\n<\/tr>\n<tr>\n<td width=\"501\">\u0160tudent<\/td>\n<td width=\"1002\">Mgr. Bystrick\u00fd Roman<\/td>\n<\/tr>\n<tr>\n<td width=\"501\">\u0160kolite\u013e<\/td>\n<td width=\"1002\">doc. Ing. Miroslav Hnatko, PhD.<\/td>\n<\/tr>\n<tr>\n<td width=\"501\">\u0160tudijn\u00fd odbor<\/td>\n<td width=\"1002\">Anorganick\u00e1 ch\u00e9mia<\/td>\n<\/tr>\n<\/tbody>\n<\/table>\n<table>\n<tbody>\n<tr>\n<td colspan=\"2\" width=\"1503\">Uhl\u00edkov\u00e9 nanotr\u00fabky \u2013 vlastnosti meniaci pr\u00eddavok oxidovej a neoxidovej keramiky<\/td>\n<\/tr>\n<tr>\n<td width=\"501\">\u0160tudent<\/td>\n<td width=\"1002\">Ing. Ondrej Hanzel<\/td>\n<\/tr>\n<tr>\n<td width=\"501\">\u0160kolite\u013e<\/td>\n<td width=\"1002\">prof. RNDr. Pavol \u0160ajgal\u00edk DrSc.<\/td>\n<\/tr>\n<tr>\n<td width=\"501\">\u0160tudijn\u00fd odbor<\/td>\n<td width=\"1002\">Anorganick\u00e1 technol\u00f3gia a materi\u00e1ly<\/td>\n<\/tr>\n<\/tbody>\n<\/table>\n<p><span style=\"color: #008080;\"><b>2013<\/b><\/span><\/p>\n<table>\n<tbody>\n<tr>\n<td colspan=\"2\" width=\"1503\">\u0160t\u00fadium potenci\u00e1lu fluoridov\u00fdch taven\u00edn pre vysokoteplotn\u00e9 aplik\u00e1cie<\/td>\n<\/tr>\n<tr>\n<td width=\"501\">\u0160tudent<\/td>\n<td width=\"1002\">Ing. Peter Barbor\u00edk<\/td>\n<\/tr>\n<tr>\n<td width=\"501\">\u0160kolite\u013e<\/td>\n<td width=\"1002\">doc. Ing. Miroslav Bo\u010da, PhD.<\/td>\n<\/tr>\n<tr>\n<td width=\"501\">\u0160tudijn\u00fd odbor<\/td>\n<td width=\"1002\">Anorganick\u00e1 technol\u00f3gia a materi\u00e1ly<\/td>\n<\/tr>\n<\/tbody>\n<\/table>\n<table>\n<tbody>\n<tr>\n<td colspan=\"2\" width=\"1503\">Vlastnosti pr\u00edrodn\u00fdch nanomateri\u00e1lov a mo\u017enosti ich environment\u00e1lnych aplik\u00e1ci\u00ed<\/td>\n<\/tr>\n<tr>\n<td width=\"501\">\u0160tudent<\/td>\n<td width=\"1002\">Mgr. Anna Brt\u00e1\u0148ov\u00e1<\/td>\n<\/tr>\n<tr>\n<td width=\"501\">\u0160kolite\u013e<\/td>\n<td width=\"1002\">RNDr. Peter Komadel, DrSc.<\/td>\n<\/tr>\n<tr>\n<td width=\"501\">\u0160tudijn\u00fd odbor<\/td>\n<td width=\"1002\">Anorganick\u00e1 technol\u00f3gia a materi\u00e1ly<\/td>\n<\/tr>\n<\/tbody>\n<\/table>\n<table>\n<tbody>\n<tr>\n<td colspan=\"2\" width=\"1503\">V\u00fdvoj a aplik\u00e1cia modern\u00fdch relativistick\u00fdch met\u00f3d pre \u0161t\u00fadium l\u00e1tok obsahuj\u00facich \u0165a\u017ek\u00e9 prvky<\/td>\n<\/tr>\n<tr>\n<td width=\"501\">\u0160tudent<\/td>\n<td width=\"1002\">Mgr. Ane\u017eka K\u0159\u00edstkov\u00e1<\/td>\n<\/tr>\n<tr>\n<td width=\"501\">\u0160kolite\u013e<\/td>\n<td width=\"1002\">Dr. O\u013ega Malkin, DrSc.<\/td>\n<\/tr>\n<tr>\n<td width=\"501\">\u0160tudijn\u00fd odbor<\/td>\n<td width=\"1002\">Chemick\u00e1 fyzika<\/td>\n<\/tr>\n<\/tbody>\n<\/table>\n<table>\n<tbody>\n<tr>\n<td colspan=\"2\" width=\"1503\">Funk\u010dn\u00e9 a vysokoteplotn\u00e9 vlastnosti nanokompozitov na b\u00e1ze Al2O3<\/td>\n<\/tr>\n<tr>\n<td width=\"501\">\u0160tudent<\/td>\n<td width=\"1002\">Ing. Martin Mich\u00e1lek<\/td>\n<\/tr>\n<tr>\n<td width=\"501\">\u0160kolite\u013e<\/td>\n<td width=\"1002\">Doc. Ing. Du\u0161an Galusek, PhD.<\/td>\n<\/tr>\n<tr>\n<td width=\"501\">\u0160tudijn\u00fd odbor<\/td>\n<td width=\"1002\">Anorganick\u00e1 technol\u00f3gia a materi\u00e1ly<\/td>\n<\/tr>\n<\/tbody>\n<\/table>\n<p><span style=\"color: #008080;\"><b>2011<\/b><\/span><\/p>\n<table>\n<tbody>\n<tr>\n<td colspan=\"2\" width=\"1503\">Alumina electroceramics for advanced plasma sources<\/td>\n<\/tr>\n<tr>\n<td width=\"501\">\u0160tudent<\/td>\n<td width=\"1002\">Ing. Jozef Chovanec<\/td>\n<\/tr>\n<tr>\n<td width=\"501\">\u0160kolite\u013e<\/td>\n<td width=\"1002\">Doc. Ing. Du\u0161an Galusek, PhD.<\/td>\n<\/tr>\n<tr>\n<td width=\"501\">\u0160tudijn\u00fd odbor<\/td>\n<td width=\"1002\">Anorganick\u00e1 technol\u00f3gia a materi\u00e1ly<\/td>\n<\/tr>\n<\/tbody>\n<\/table>\n<table>\n<tbody>\n<tr>\n<td colspan=\"2\" width=\"1503\">Construction ceramics with high electrical conductivity<\/td>\n<\/tr>\n<tr>\n<td width=\"501\">\u0160tudent<\/td>\n<td width=\"1002\">Ing. Frajkorov\u00e1 Franti\u0161ka<\/td>\n<\/tr>\n<tr>\n<td width=\"501\">\u0160kolite\u013e<\/td>\n<td width=\"1002\">Ing. Miroslav Hnatko, PhD.<\/td>\n<\/tr>\n<tr>\n<td width=\"501\">\u0160tudijn\u00fd odbor<\/td>\n<td width=\"1002\">Anorganick\u00e1 technol\u00f3gia a materi\u00e1ly<\/td>\n<\/tr>\n<\/tbody>\n<\/table>\n<p>&nbsp;<\/p>\n","protected":false},"excerpt":{"rendered":"<p>2025 V\u00fdvoj a charakteriz\u00e1cia nov\u00fdch keramick\u00fdch biomateri\u00e1lov \u0160tudent Guido Manuel De La Torre Olvera \u0160kolite\u013e Ing. Monika Tatarkov\u00e1, PhD. \u0160tudijn\u00fd program Anorganick\u00e1 ch\u00e9mia Nov\u00e9 sp\u00f4soby&#8230;<\/p>\n","protected":false},"author":1,"featured_media":0,"parent":53,"menu_order":20,"comment_status":"closed","ping_status":"closed","template":"","meta":{"footnotes":"","_links_to":"","_links_to_target":""},"class_list":["post-544","page","type-page","status-publish","hentry"],"_links":{"self":[{"href":"https:\/\/uach.sav.sk\/sk\/wp-json\/wp\/v2\/pages\/544","targetHints":{"allow":["GET"]}}],"collection":[{"href":"https:\/\/uach.sav.sk\/sk\/wp-json\/wp\/v2\/pages"}],"about":[{"href":"https:\/\/uach.sav.sk\/sk\/wp-json\/wp\/v2\/types\/page"}],"author":[{"embeddable":true,"href":"https:\/\/uach.sav.sk\/sk\/wp-json\/wp\/v2\/users\/1"}],"replies":[{"embeddable":true,"href":"https:\/\/uach.sav.sk\/sk\/wp-json\/wp\/v2\/comments?post=544"}],"version-history":[{"count":19,"href":"https:\/\/uach.sav.sk\/sk\/wp-json\/wp\/v2\/pages\/544\/revisions"}],"predecessor-version":[{"id":4122,"href":"https:\/\/uach.sav.sk\/sk\/wp-json\/wp\/v2\/pages\/544\/revisions\/4122"}],"up":[{"embeddable":true,"href":"https:\/\/uach.sav.sk\/sk\/wp-json\/wp\/v2\/pages\/53"}],"wp:attachment":[{"href":"https:\/\/uach.sav.sk\/sk\/wp-json\/wp\/v2\/media?parent=544"}],"curies":[{"name":"wp","href":"https:\/\/api.w.org\/{rel}","templated":true}]}}