{"id":549,"date":"2017-03-15T16:52:22","date_gmt":"2017-03-15T15:52:22","guid":{"rendered":"http:\/\/www.uach.sav.sk\/sk\/?page_id=549"},"modified":"2017-03-17T09:36:35","modified_gmt":"2017-03-17T08:36:35","slug":"s-vyskumnymi-instituciami","status":"publish","type":"page","link":"https:\/\/uach.sav.sk\/sk\/veda-a-vyskum\/spolupraca\/s-vyskumnymi-instituciami\/","title":{"rendered":"S v\u00fdskumn\u00fdmi in\u0161tit\u00faciami"},"content":{"rendered":"<div style=\"text-align: center;\">\n<div style=\"float: left;\">\n<p><a href=\"http:\/\/www.uach.sav.sk\/sk\/wp-content\/uploads\/sites\/2\/mapa_spoluprace.png\" rel=\"lightbox[549]\"><img loading=\"lazy\" decoding=\"async\" class=\"alignnone size-medium wp-image-580\" src=\"http:\/\/www.uach.sav.sk\/sk\/wp-content\/uploads\/sites\/2\/mapa_spoluprace-300x225.png\" alt=\"\" width=\"300\" height=\"225\" srcset=\"https:\/\/uach.sav.sk\/sk\/wp-content\/uploads\/sites\/2\/mapa_spoluprace-300x225.png 300w, https:\/\/uach.sav.sk\/sk\/wp-content\/uploads\/sites\/2\/mapa_spoluprace.png 748w\" sizes=\"auto, (max-width: 300px) 100vw, 300px\" \/><\/a><\/p>\n<div style=\"color: #222;\">kliknite pre zv\u00e4\u010d\u0161enie<\/div>\n<\/div>\n<div style=\"float: left;\">\n<p><a href=\"http:\/\/www.uach.sav.sk\/sk\/wp-content\/uploads\/sites\/2\/mapa.png\" rel=\"lightbox[549]\"><img loading=\"lazy\" decoding=\"async\" class=\"alignnone wp-image-581\" src=\"http:\/\/www.uach.sav.sk\/sk\/wp-content\/uploads\/sites\/2\/mapa-300x160.png\" width=\"422\" height=\"225\" srcset=\"https:\/\/uach.sav.sk\/sk\/wp-content\/uploads\/sites\/2\/mapa-300x160.png 300w, https:\/\/uach.sav.sk\/sk\/wp-content\/uploads\/sites\/2\/mapa-768x410.png 768w, https:\/\/uach.sav.sk\/sk\/wp-content\/uploads\/sites\/2\/mapa.png 960w\" sizes=\"auto, (max-width: 422px) 100vw, 422px\" \/><\/a><\/p>\n<div style=\"color: #222;\">kliknite pre zv\u00e4\u010d\u0161enie<\/div>\n<\/div>\n<\/div>\n<p>&nbsp;<\/p>\n<p>&nbsp;<\/p>\n<p>&nbsp;<\/p>\n<p>&nbsp;<\/p>\n<p>&nbsp;<\/p>\n<p>&nbsp;<\/p>\n<p>&nbsp;<\/p>\n<p>&nbsp;<\/p>\n<p>&nbsp;<\/p>\n<p><strong>Slovensko<\/strong><\/p>\n<ul>\n<li>Fakulta chemickej a potravin\u00e1rskej technol\u00f3gie, Slovensk\u00e1 technick\u00e1 univerzita, Bratislava<\/li>\n<li>Tren\u010dianska univerzita Alexandra Dub\u010deka, Tren\u010d\u00edn<\/li>\n<li>Pr\u00edrodovedeck\u00e1 fakulta, Univerzita Komensk\u00e9ho Bratislava<\/li>\n<li>\u017dilinsk\u00e1 univerzita<\/li>\n<\/ul>\n<p><strong>Eur\u00f3pa<\/strong><\/p>\n<ul>\n<li>Austrian Research Center, Materials Science Division, Seibersdorf,\u00a0Rak\u00fasko<\/li>\n<li>Forschung Institut f\u00fcr Elektronenmikroskopie und Feinstruktur Forschung, TU Graz, Rak\u00fasko<\/li>\n<li>Institute of Polymers, Bulgarian Academy of Sciences, Sofia,\u00a0Bulharsko<\/li>\n<li>Heyrovsk\u00fd Institute of Physical Chemistry of the ASCR, Prague,\u00a0\u010cesk\u00e1 republika<\/li>\n<li>Institute of Chemistry, Academy of Sciences of the Czech Republic, \u010cesk\u00e1 republika<\/li>\n<li>National Center for Biomolecular Research and Department of Chemistry, Faculty of Science, Masaryk University, Brno, \u010cesk\u00e1 republika<\/li>\n<li>Nuclear Research Institute, \u0158ez, \u010cesk\u00e1 republika<\/li>\n<li>Saint Gobain Advanced Ceramics, Turnov, \u010cesk\u00e1 republika<\/li>\n<li>Institute of Chemical Technology, Prague, \u010cesk\u00e1 republika<\/li>\n<li>University of Pardubice Pardubice, \u010cesk\u00e1 republika<\/li>\n<li>VTUO Brno, \u010cesk\u00e1 republika<\/li>\n<li>University of Poitiers, CNRS, HydrASA, Poitiers, Franc\u00fazsko<\/li>\n<li>Ecole Polytechnique IUSTI-CNRS, Marseille, Franc\u00fazsko<\/li>\n<li>Conditions Extr\u00eames et Mat\u00e9riaux: Haute Temp\u00e9rature et Irradiation-CNRS, Orl\u00e9ans, Franc\u00fazsko<\/li>\n<li>Institut de Chimie Mol\u00e9culaire de l&#8217;Universit\u00e9 de Bourgogne, Laboratoire ARECO (Architecture, R\u00e9activit\u00e9, Electrochimie et Catalyse Organom\u00e9talliques), Dijon, Franc\u00fazsko<\/li>\n<li>Observatoire de Grenoble, Universite Joseph Fourier, Grenoble, Franc\u00fazsko<\/li>\n<li>Universit\u00e4t Karlsruhe, Institut f\u00fcr Keramik im Maschinenbau, Karlsruhe,\u00a0Nemecko<\/li>\n<li>Technische Universit\u00e4t Darmstadt, Fachgebiet Disperse Feststoffe, Darmstadt, Nemecko<\/li>\n<li>Institut f\u00fcr Anorganische Chemie, Universit\u00e4t W\u00fcrzburg, Nemecko<\/li>\n<li>Forschungszentrum Karlsruhe GmbH, Institut f\u00fcr Nukleare Entsorgung(INE), Karlsruhe, Nemecko<\/li>\n<li>Department of Materials, TU Darmstadt, Nemecko<\/li>\n<li>University of Ioannina, Ioannina,\u00a0Gr\u00e9cko<\/li>\n<li>Institute of Chemistry, Eotv\u00f6s Lorand University, Budapest,\u00a0Ma\u010farsko<\/li>\n<li>Institute for Ceramic Technology, ISTEC, Faenza,\u00a0Taliansko<\/li>\n<li>University of Trento, Materials Science Department, Trento, Taliansko<\/li>\n<li>Institute of Catalysis and Surface Chemistry, Polish Academy of Sciences, Krakow,\u00a0Po\u013esko<\/li>\n<li>University of Aveiro, Aveiro, Portugalsko<\/li>\n<li>Kola Science Centre RAS, Apatity,\u00a0Rusko<\/li>\n<li>Ioffe Physical Technical Institute, St. Petersburg,\u00a0Rusko<\/li>\n<li>Chalmers University of Technology, G\u00f6teborg,\u00a0\u0160v\u00e9dsko<\/li>\n<li>Department of Materials, Imperial College, London, UK<\/li>\n<li>Sheffield Hallam University, Sheffield, UK<\/li>\n<li>University of Leeds, Materials Science Department, Leeds,\u00a0UK<\/li>\n<li>Institute for Single Crystals, Kharkov, Ukrajina<\/li>\n<\/ul>\n<p><strong>Other<\/strong><\/p>\n<ul>\n<li>Monash University, Melbourne, Australia<\/li>\n<li>Department of Mater. Sci. and Engineering, National Cheng Kung University, Tainan, Taiwan,\u00a0\u010c\u00edna<\/li>\n<li>National Institute for Advanced Industrial Science and Technology (AIST), Nagoya, Japonsko<\/li>\n<li>National Institute for Materials Science, Tsukuba, Japonsko<\/li>\n<li>Nagoya University, Graduate School of Engineering, Nagoya, Japonsko<\/li>\n<li>Tokyo Metropolitan University Faculty of Urban Environmental Sciences, Tokyo, Japonsko<\/li>\n<li>Yamaguchi University, Graduate School of Medicine, Yamaguchi, Japonsko<\/li>\n<li>Graduate School of Information Science, University of Nagoya, Nagoya, Japonsko<\/li>\n<li>University of Illinois, Champaign-Urbana, USA<\/li>\n<\/ul>\n","protected":false},"excerpt":{"rendered":"<p>kliknite pre zv\u00e4\u010d\u0161enie kliknite pre zv\u00e4\u010d\u0161enie &nbsp; &nbsp; &nbsp; &nbsp; &nbsp; &nbsp; &nbsp; &nbsp; &nbsp; Slovensko Fakulta chemickej a potravin\u00e1rskej technol\u00f3gie, Slovensk\u00e1 technick\u00e1 univerzita, Bratislava&#8230;<\/p>\n","protected":false},"author":1,"featured_media":0,"parent":35,"menu_order":10,"comment_status":"closed","ping_status":"closed","template":"","meta":{"footnotes":"","_links_to":"","_links_to_target":""},"class_list":["post-549","page","type-page","status-publish","hentry"],"_links":{"self":[{"href":"https:\/\/uach.sav.sk\/sk\/wp-json\/wp\/v2\/pages\/549","targetHints":{"allow":["GET"]}}],"collection":[{"href":"https:\/\/uach.sav.sk\/sk\/wp-json\/wp\/v2\/pages"}],"about":[{"href":"https:\/\/uach.sav.sk\/sk\/wp-json\/wp\/v2\/types\/page"}],"author":[{"embeddable":true,"href":"https:\/\/uach.sav.sk\/sk\/wp-json\/wp\/v2\/users\/1"}],"replies":[{"embeddable":true,"href":"https:\/\/uach.sav.sk\/sk\/wp-json\/wp\/v2\/comments?post=549"}],"version-history":[{"count":7,"href":"https:\/\/uach.sav.sk\/sk\/wp-json\/wp\/v2\/pages\/549\/revisions"}],"predecessor-version":[{"id":618,"href":"https:\/\/uach.sav.sk\/sk\/wp-json\/wp\/v2\/pages\/549\/revisions\/618"}],"up":[{"embeddable":true,"href":"https:\/\/uach.sav.sk\/sk\/wp-json\/wp\/v2\/pages\/35"}],"wp:attachment":[{"href":"https:\/\/uach.sav.sk\/sk\/wp-json\/wp\/v2\/media?parent=549"}],"curies":[{"name":"wp","href":"https:\/\/api.w.org\/{rel}","templated":true}]}}