{"id":55,"date":"2017-02-15T12:30:37","date_gmt":"2017-02-15T11:30:37","guid":{"rendered":"http:\/\/www.uach.sav.sk\/?page_id=55"},"modified":"2026-02-27T22:29:01","modified_gmt":"2026-02-27T21:29:01","slug":"fond-stefana-schwarza","status":"publish","type":"page","link":"https:\/\/uach.sav.sk\/sk\/vzdelavanie\/fond-stefana-schwarza\/","title":{"rendered":"Fond \u0160tefana Schwarza"},"content":{"rendered":"<p>Podporn\u00fd fond \u0160tefana Schwarza na vytv\u00e1ranie postdoktorandsk\u00fdch miest v SAV umo\u017e\u0148uje zamestna\u0165 vynikaj\u00facich absolventov doktorandsk\u00e9ho \u0161t\u00fadia do 4 rokov od jeho ukon\u010denia obhajobou, prostredn\u00edctvom pr\u00edspevku do mzdov\u00e9ho fondu organiz\u00e1cie, ktor\u00e1 absolventa prij\u00edma do pracovn\u00e9ho pomeru.<\/p>\n<p>Kandid\u00e1t, ktor\u00fd sa uch\u00e1dza o pr\u00edspevok fondu je povinn\u00fd zverejni\u0165 svoj odborn\u00fd profil na webovej str\u00e1nke najnesk\u00f4r do term\u00ednu podania n\u00e1vrhu.<\/p>\n<p>Odborn\u00fd profil mus\u00ed obsahova\u0165 \u2013 zoznam publik\u00e1ci\u00ed, zoznam ohlasov, \u00fa\u010das\u0165 v dom\u00e1cich a zahrani\u010dn\u00fdch projektoch, vyst\u00fapenia na odborn\u00fdch podujatiach, absolvovan\u00e9 \u0161tudijn\u00e9 pobyty, at\u010f.<\/p>\n<p>&nbsp;<\/p>\n<p><span style=\"color: #ff6600;\"><strong>S\u00fa\u010dasn\u00ed dr\u017eitelia \u0161tipendia na \u00daACH<\/strong><\/span>:<\/p>\n<ul>\n<li>Mgr. Peter Boh\u00e1\u010d, PhD. (2020-2022)<\/li>\n<li>Ing. Michal Slan\u00fd, PhD. (2022-2023)<\/li>\n<li>MSc. Daniel Rodr\u00edguez Moreno (2023-2024)<\/li>\n<\/ul>\n<p>&nbsp;<\/p>\n<p><a href=\"https:\/\/schwarz.sav.sk\/Home\/FrontPage\" target=\"_blank\" rel=\"noopener\"><strong>Podporn\u00fd Fond \u0160tefana Schwarza<\/strong><\/a><\/p>\n","protected":false},"excerpt":{"rendered":"<p>Podporn\u00fd fond \u0160tefana Schwarza na vytv\u00e1ranie postdoktorandsk\u00fdch miest v SAV umo\u017e\u0148uje zamestna\u0165 vynikaj\u00facich absolventov doktorandsk\u00e9ho \u0161t\u00fadia do 4 rokov od jeho ukon\u010denia obhajobou, prostredn\u00edctvom pr\u00edspevku&#8230;<\/p>\n","protected":false},"author":1,"featured_media":0,"parent":51,"menu_order":20,"comment_status":"closed","ping_status":"closed","template":"","meta":{"footnotes":"","_links_to":"","_links_to_target":""},"class_list":["post-55","page","type-page","status-publish","hentry"],"_links":{"self":[{"href":"https:\/\/uach.sav.sk\/sk\/wp-json\/wp\/v2\/pages\/55","targetHints":{"allow":["GET"]}}],"collection":[{"href":"https:\/\/uach.sav.sk\/sk\/wp-json\/wp\/v2\/pages"}],"about":[{"href":"https:\/\/uach.sav.sk\/sk\/wp-json\/wp\/v2\/types\/page"}],"author":[{"embeddable":true,"href":"https:\/\/uach.sav.sk\/sk\/wp-json\/wp\/v2\/users\/1"}],"replies":[{"embeddable":true,"href":"https:\/\/uach.sav.sk\/sk\/wp-json\/wp\/v2\/comments?post=55"}],"version-history":[{"count":10,"href":"https:\/\/uach.sav.sk\/sk\/wp-json\/wp\/v2\/pages\/55\/revisions"}],"predecessor-version":[{"id":2778,"href":"https:\/\/uach.sav.sk\/sk\/wp-json\/wp\/v2\/pages\/55\/revisions\/2778"}],"up":[{"embeddable":true,"href":"https:\/\/uach.sav.sk\/sk\/wp-json\/wp\/v2\/pages\/51"}],"wp:attachment":[{"href":"https:\/\/uach.sav.sk\/sk\/wp-json\/wp\/v2\/media?parent=55"}],"curies":[{"name":"wp","href":"https:\/\/api.w.org\/{rel}","templated":true}]}}