{"id":554,"date":"2017-03-15T17:00:38","date_gmt":"2017-03-15T16:00:38","guid":{"rendered":"http:\/\/www.uach.sav.sk\/sk\/?page_id=554"},"modified":"2017-03-17T09:35:26","modified_gmt":"2017-03-17T08:35:26","slug":"s-priemyslom","status":"publish","type":"page","link":"https:\/\/uach.sav.sk\/sk\/veda-a-vyskum\/spolupraca\/s-priemyslom\/","title":{"rendered":"S priemyslom"},"content":{"rendered":"<div style=\"text-align: center;\">\n<div style=\"float: left;\">\n<p><a href=\"http:\/\/www.uach.sav.sk\/sk\/wp-content\/uploads\/sites\/2\/mapa_spoluprace.png\" rel=\"lightbox[554]\"><img loading=\"lazy\" decoding=\"async\" class=\"alignnone size-medium wp-image-580\" src=\"http:\/\/www.uach.sav.sk\/sk\/wp-content\/uploads\/sites\/2\/mapa_spoluprace-300x225.png\" alt=\"\" width=\"300\" height=\"225\" srcset=\"https:\/\/uach.sav.sk\/sk\/wp-content\/uploads\/sites\/2\/mapa_spoluprace-300x225.png 300w, https:\/\/uach.sav.sk\/sk\/wp-content\/uploads\/sites\/2\/mapa_spoluprace.png 748w\" sizes=\"auto, (max-width: 300px) 100vw, 300px\" \/><\/a><\/p>\n<div style=\"color: #222;\">kliknite pre zv\u00e4\u010d\u0161enie<\/div>\n<\/div>\n<div style=\"float: left;\">\n<p><a href=\"http:\/\/www.uach.sav.sk\/sk\/wp-content\/uploads\/sites\/2\/mapa.png\" rel=\"lightbox[554]\"><img loading=\"lazy\" decoding=\"async\" class=\"alignnone wp-image-581\" src=\"http:\/\/www.uach.sav.sk\/sk\/wp-content\/uploads\/sites\/2\/mapa-300x160.png\" width=\"422\" height=\"225\" srcset=\"https:\/\/uach.sav.sk\/sk\/wp-content\/uploads\/sites\/2\/mapa-300x160.png 300w, https:\/\/uach.sav.sk\/sk\/wp-content\/uploads\/sites\/2\/mapa-768x410.png 768w, https:\/\/uach.sav.sk\/sk\/wp-content\/uploads\/sites\/2\/mapa.png 960w\" sizes=\"auto, (max-width: 422px) 100vw, 422px\" \/><\/a><\/p>\n<div style=\"color: #222;\">kliknite pre zv\u00e4\u010d\u0161enie<\/div>\n<\/div>\n<\/div>\n<p>&nbsp;<\/p>\n<p>&nbsp;<\/p>\n<p>&nbsp;<\/p>\n<p>&nbsp;<\/p>\n<p>&nbsp;<\/p>\n<p>&nbsp;<\/p>\n<p>&nbsp;<\/p>\n<p>&nbsp;<\/p>\n<p>&nbsp;<\/p>\n<p><strong>Glassworks\u00a0<\/strong><a href=\"http:\/\/www.rona.sk\/\"><strong>RONA, j.s.c. Lednick\u00e9 Rovne<\/strong><\/a><\/p>\n<ul>\n<li>Joint research grants on development of new compositions of crystalline glasses produced by the company<\/li>\n<li>Actual problems of applied research and experimental development meeting the immediate needs of the company<\/li>\n<li>Activities of specialist from RONA j.s.c. as lecturers for undergraduate and PhD students at VILA Center<\/li>\n<\/ul>\n<p><strong>Saint Gobain Advanced Ceramics, Turnov, \u010cesk\u00e1 republika<\/strong><\/p>\n<p>Development of transparent ceramic armours with increased ballistic efficiency (joint grant NATO SfP 98 17 70: Light weight transparent armours)<\/p>\n<p><strong>GoldenSUN Slovakia, s.r.o., Liptovsk\u00fd Mikul\u00e1\u0161<\/strong><\/p>\n<p>Joint research grants founded by Slovak Research and Development Agency:<\/p>\n<ul>\n<li>Advanced ceramic materials for the photo-thermo-mechanical conversion system of solar thermal engine based on the steam cycle (project APVV-0448-06), 02\/2007-12\/2009<\/li>\n<li>Micro-combined heat and power unit based on solid biomass burning (project APVV-0517-07), 09\/2008-12\/2010<\/li>\n<\/ul>\n<p><strong>VUEZ, j.s.c., Levice<\/strong><\/p>\n<p>Joint research projects on determination of resistance of glass fibers used as thermal insulations in nuclear power plants against leaching in aqueous media (Grant No. DSR\/SESPRI\/04s029a Chemical effects and Chemical effects II, funded by IRSN, France, Similar project funded by Allion Science USA<\/p>\n<p><strong>Johns Manville Slovakia, j.s.c., Trnava<\/strong><\/p>\n<p>Joint research project founded by Slovak Research and Development Agency: Optimalization of EUTAL melting (project APVT-20-P06405), partners: VILA (Joint Glass Center of the Institute of Inorganic Chemistry SAS, Alexander Dub\u010dek University of Tren\u010d\u00edn, and RONA Lednick\u00e9 Rovne), Institute of Inorganic Chemistry SAS, Johns Manville Slovakia, inc. Trnava; 05\/2006 &#8211; 12\/1007<\/p>\n<p><strong>Envigeo, j.s.c., Bansk\u00e1 Bystrica<\/strong><\/p>\n<p>Joint research project founded by Slovak Research and Development Agency: \u201cOrganic modifications of natural nanomaterials\u201d (project APVV-51-050505), 03\/2006 \u2013 10\/2009<\/p>\n<p><strong>RHI AG, Technology Center, Standort Leoben, Austria; Montan Universit\u00e4t, Leoben, Austria<\/strong><\/p>\n<p>Joint research project founded by RHI AG on the Synthesis and characterization of oxinitrides in ordinary ceramic refractories. 2008 &#8211; 2010<\/p>\n","protected":false},"excerpt":{"rendered":"<p>kliknite pre zv\u00e4\u010d\u0161enie kliknite pre zv\u00e4\u010d\u0161enie &nbsp; &nbsp; &nbsp; &nbsp; &nbsp; &nbsp; &nbsp; &nbsp; &nbsp; Glassworks\u00a0RONA, j.s.c. Lednick\u00e9 Rovne Joint research grants on development of&#8230;<\/p>\n","protected":false},"author":1,"featured_media":0,"parent":35,"menu_order":20,"comment_status":"closed","ping_status":"closed","template":"","meta":{"footnotes":"","_links_to":"","_links_to_target":""},"class_list":["post-554","page","type-page","status-publish","hentry"],"_links":{"self":[{"href":"https:\/\/uach.sav.sk\/sk\/wp-json\/wp\/v2\/pages\/554","targetHints":{"allow":["GET"]}}],"collection":[{"href":"https:\/\/uach.sav.sk\/sk\/wp-json\/wp\/v2\/pages"}],"about":[{"href":"https:\/\/uach.sav.sk\/sk\/wp-json\/wp\/v2\/types\/page"}],"author":[{"embeddable":true,"href":"https:\/\/uach.sav.sk\/sk\/wp-json\/wp\/v2\/users\/1"}],"replies":[{"embeddable":true,"href":"https:\/\/uach.sav.sk\/sk\/wp-json\/wp\/v2\/comments?post=554"}],"version-history":[{"count":8,"href":"https:\/\/uach.sav.sk\/sk\/wp-json\/wp\/v2\/pages\/554\/revisions"}],"predecessor-version":[{"id":615,"href":"https:\/\/uach.sav.sk\/sk\/wp-json\/wp\/v2\/pages\/554\/revisions\/615"}],"up":[{"embeddable":true,"href":"https:\/\/uach.sav.sk\/sk\/wp-json\/wp\/v2\/pages\/35"}],"wp:attachment":[{"href":"https:\/\/uach.sav.sk\/sk\/wp-json\/wp\/v2\/media?parent=554"}],"curies":[{"name":"wp","href":"https:\/\/api.w.org\/{rel}","templated":true}]}}