{"id":59,"date":"2017-02-15T12:31:21","date_gmt":"2017-02-15T11:31:21","guid":{"rendered":"http:\/\/www.uach.sav.sk\/?page_id=59"},"modified":"2019-01-16T14:59:17","modified_gmt":"2019-01-16T13:59:17","slug":"temy-diplomovych-a-bakalarskych-prac","status":"publish","type":"page","link":"https:\/\/uach.sav.sk\/sk\/vzdelavanie\/temy-diplomovych-a-bakalarskych-prac\/","title":{"rendered":"T\u00e9my diplomov\u00fdch a bakalarsk\u00fdch pr\u00e1c"},"content":{"rendered":"<p>Nov\u00e9 t\u00e9my diplomov\u00fdch a bakal\u00e1rskych pr\u00e1c sa ka\u017edoro\u010dne zverej\u0148uj\u00fa na Fakulte chemickej a potravin\u00e1rskej technol\u00f3gie Slovenskej technickej univerzity\u00a0(FCHPT STU) alebo Pr\u00edrodovedeckej fakulte Univerzity Komensk\u00e9ho (Pr\u00edF UK).<\/p>\n<p>V pr\u00edpade z\u00e1ujmu o vypracovanie diplomovej pr\u00e1ce na na\u0161om \u00fastave m\u00f4\u017eete kontaktova\u0165 tajomn\u00edka pre vzdel\u00e1vanie \u2013 Ing. Blanka Kub\u00edkov\u00e1, PhD., tel: +421 2 59410 421, e-mail: blanka.kubikova@savba.sk<\/p>\n","protected":false},"excerpt":{"rendered":"<p>Nov\u00e9 t\u00e9my diplomov\u00fdch a bakal\u00e1rskych pr\u00e1c sa ka\u017edoro\u010dne zverej\u0148uj\u00fa na Fakulte chemickej a potravin\u00e1rskej technol\u00f3gie Slovenskej technickej univerzity\u00a0(FCHPT STU) alebo Pr\u00edrodovedeckej fakulte Univerzity Komensk\u00e9ho (Pr\u00edF&#8230;<\/p>\n","protected":false},"author":1,"featured_media":0,"parent":51,"menu_order":40,"comment_status":"closed","ping_status":"closed","template":"","meta":{"footnotes":"","_links_to":"","_links_to_target":""},"class_list":["post-59","page","type-page","status-publish","hentry"],"_links":{"self":[{"href":"https:\/\/uach.sav.sk\/sk\/wp-json\/wp\/v2\/pages\/59","targetHints":{"allow":["GET"]}}],"collection":[{"href":"https:\/\/uach.sav.sk\/sk\/wp-json\/wp\/v2\/pages"}],"about":[{"href":"https:\/\/uach.sav.sk\/sk\/wp-json\/wp\/v2\/types\/page"}],"author":[{"embeddable":true,"href":"https:\/\/uach.sav.sk\/sk\/wp-json\/wp\/v2\/users\/1"}],"replies":[{"embeddable":true,"href":"https:\/\/uach.sav.sk\/sk\/wp-json\/wp\/v2\/comments?post=59"}],"version-history":[{"count":6,"href":"https:\/\/uach.sav.sk\/sk\/wp-json\/wp\/v2\/pages\/59\/revisions"}],"predecessor-version":[{"id":1427,"href":"https:\/\/uach.sav.sk\/sk\/wp-json\/wp\/v2\/pages\/59\/revisions\/1427"}],"up":[{"embeddable":true,"href":"https:\/\/uach.sav.sk\/sk\/wp-json\/wp\/v2\/pages\/51"}],"wp:attachment":[{"href":"https:\/\/uach.sav.sk\/sk\/wp-json\/wp\/v2\/media?parent=59"}],"curies":[{"name":"wp","href":"https:\/\/api.w.org\/{rel}","templated":true}]}}