{"id":591,"date":"2017-03-17T09:18:55","date_gmt":"2017-03-17T08:18:55","guid":{"rendered":"http:\/\/www.uach.sav.sk\/sk\/?page_id=591"},"modified":"2026-03-08T20:24:57","modified_gmt":"2026-03-08T19:24:57","slug":"o-oddeleni","status":"publish","type":"page","link":"https:\/\/uach.sav.sk\/sk\/oddelenia\/oddelenie-hydrosilikatov\/o-oddeleni\/","title":{"rendered":"O oddelen\u00ed"},"content":{"rendered":"<p><img loading=\"lazy\" decoding=\"async\" class=\"alignright wp-image-1264\" src=\"http:\/\/www.uach.sav.sk\/sk\/wp-content\/uploads\/sites\/2\/ODD-hydrosilikatov-2018-1-300x200.jpg\" alt=\"\" width=\"450\" height=\"300\" srcset=\"https:\/\/uach.sav.sk\/sk\/wp-content\/uploads\/sites\/2\/ODD-hydrosilikatov-2018-1-300x200.jpg 300w, https:\/\/uach.sav.sk\/sk\/wp-content\/uploads\/sites\/2\/ODD-hydrosilikatov-2018-1-768x512.jpg 768w, https:\/\/uach.sav.sk\/sk\/wp-content\/uploads\/sites\/2\/ODD-hydrosilikatov-2018-1-1024x683.jpg 1024w\" sizes=\"auto, (max-width: 450px) 100vw, 450px\" \/>Oddelenie hydrosilik\u00e1tov sa zameriava najm\u00e4 na v\u00fdskum smektitov, ktor\u00e9 predstavuj\u00fa pr\u00edrodn\u00e9 nanomateri\u00e1ly s rozsiahlym priemyseln\u00fdm vyu\u017eit\u00edm. \u010cas\u0165 v\u00fdskumu je zameran\u00e1 na z\u00edskavanie a charakteriz\u00e1ciu smektitov a pr\u00edbuzn\u00fdch miner\u00e1lov a materi\u00e1lov z pr\u00edrodn\u00fdch zdrojov, mo\u017enosti aktiv\u00e1cie povrchov a vyu\u017eitie v adsorp\u010dn\u00fdch procesoch. \u010eal\u0161ie zameranie je na modern\u00fd v\u00fdskum modifikovan\u00fdch smektitov a ich syntetick\u00fdch anal\u00f3gov, hybridn\u00fdch materi\u00e1lov a nanokompozitov. Pr\u00e1ve aplik\u00e1cie a n\u00e1vrh r\u00f4znych sp\u00f4sobov modifik\u00e1cie smektitov a pr\u00edbuzn\u00fdch hydrosilik\u00e1tov, ktor\u00e9 by viedli k pr\u00edprave atrakt\u00edvnych nov\u00fdch materi\u00e1lov, pokr\u00fdva v s\u00fa\u010dasnosti hlavn\u00e9 zameranie oddelenia. Mo\u017en\u00e9 vyu\u017eitie r\u00f4znych modifikovan\u00fdch foriem smektitov a pr\u00edbuzn\u00fdch materi\u00e1lov je v pr\u00edprave organicko-anorganick\u00fdch kompozitn\u00fdch materi\u00e1lov, ako s\u00fa nanokompozity s polym\u00e9rmi, hybridn\u00e9 materi\u00e1ly s organick\u00fdmi farbivami alebo materi\u00e1ly s adsorp\u010dn\u00fdmi vlastnos\u0165ami vyu\u017eite\u013en\u00fdmi v oblasti ochrany \u017eivotn\u00e9ho prostredia, at\u010f. V spolupr\u00e1ci s dom\u00e1cimi a zahrani\u010dn\u00fdmi partnermi sa na oddelen\u00ed rozv\u00edjaj\u00fa tematiky, ako je pr\u00edprava kompozitn\u00fdch materi\u00e1lov s antibakteri\u00e1lnymi, fotosenzibiliza\u010dn\u00fdmi a fotoluminiscen\u010dn\u00fdmi vlastnos\u0165ami a akt\u00edvne pr\u00edsady na zlep\u0161enie vlastnost\u00ed polym\u00e9rov. Siln\u00fdmi str\u00e1nkami oddelenia je metodologick\u00e9 z\u00e1zemie v oblasti z\u00e1kladnej charakteriz\u00e1cie vrstevnat\u00fdch hydrosilik\u00e1tov, I\u010c spektroskopie, UV-Vis a fluorescen\u010dnej spektroskopie. Na z\u00e1klade anal\u00fdz v\u00fdsledkov pomocou t\u00fdchto met\u00f3d vznikli origin\u00e1lne interpret\u00e1cie javov v \u0161tudovan\u00fdch syst\u00e9moch, v\u010faka ktor\u00fdm \u010dlenovia oddelenia z\u00edskali vynikaj\u00face renom\u00e9 medzi vedcami zaoberaj\u00facimi sa problematikou v\u00fdskumu pr\u00edpravy pokro\u010dil\u00fdch materi\u00e1lov na b\u00e1ze hydrosilik\u00e1tov.<\/p>\n<p>&nbsp;<\/p>\n<ul>\n<li><strong>Ved\u00faci oddelenia:<\/strong> Ing. Helena P\u00e1lkov\u00e1, PhD.<\/li>\n<li><\/li>\n<\/ul>\n<h2>Vybran\u00e9 publik\u00e1cie<\/h2>\n<p>&nbsp;<\/p>\n<p>\u010cIKAN, Michal &#8211; KLEMENT, R\u00f3bert &#8211; <span style=\"color: #ff6600;\"><u>MATEJDES, Mari\u00e1n<\/u><\/span> &#8211; <span style=\"color: #ff6600;\"><u>KUREKOV\u00c1, Val\u00e9ria<\/u><\/span> &#8211; FURKA, Daniel &#8211; FURKA, Samuel &#8211; TOMANOV\u00c1, Katar\u00edna &#8211; VETE\u0160KA, Peter &#8211; JANEK, Mari\u00e1n**. Rare earth modification of smectites and their use in luminescent up-conversion emission. In Applied Clay Science, 2025, vol. 266, art no. 107685. (2024: 5.8 &#8211; IF, Q1 &#8211; JCR, 1.077 &#8211; SJR, Q1 &#8211; SJR). ISSN 0169-1317.\u00a0 <a href=\"https:\/\/doi.org\/10.1016\/j.clay.2024.107685\">https:\/\/doi.org\/10.1016\/j.clay.2024.107685<\/a><\/p>\n<p>GREAD, Faisal A.** &#8211; <span style=\"color: #ff6600;\"><u>KUREKOV\u00c1, Val\u00e9ria<\/u><\/span> &#8211; SANTAMAR\u00cdA-L\u00d3PEZ, \u00c1ngel &#8211; OSACK\u00dd, Marek &#8211; UHL\u00cdK, Peter. Near-infrared as a swift method to quantify dioctahedral smectite content in bentonite. In Applied Clay Science, 2025, vol. 269, art no. 107748. (2024: 5.8 &#8211; IF, Q1 &#8211; JCR, 1.077 &#8211; SJR, Q1 &#8211; SJR). ISSN 0169-1317.\u00a0 <a href=\"https:\/\/doi.org\/10.1016\/j.clay.2025.107748\">https:\/\/doi.org\/10.1016\/j.clay.2025.107748<\/a><\/p>\n<p>GUNARATHNE, Viraj &#8211; MEDEIROS MELO, Tatiane &#8211; SCHAUERTE, Marina &#8211; GROTH, Felix &#8211; <span style=\"color: #ff6600;\"><u>SLAN\u00dd, Michal<\/u><\/span> &#8211; RINKLEBE, J\u00f6rg**. Immobilization of per- and polyfluorinated alkyl substances (PFAS) from field contaminated groundwater by a novel organo-clay vs. colloidal activated carbon under flow conditions. In Journal of Hazardous Materials, 2025, vol. 488, art no. 137273. (2024: 11.3 &#8211; IF, Q1 &#8211; JCR, 3.078 &#8211; SJR, Q1 &#8211; SJR). ISSN 0304-3894.\u00a0 <a href=\"https:\/\/doi.org\/10.1016\/j.jhazmat.2025.137273\">https:\/\/doi.org\/10.1016\/j.jhazmat.2025.137273<\/a><\/p>\n<p>JARMILA, Czucz Varga &#8211; <span style=\"color: #ff6600;\"><u>BUJD\u00c1K, Juraj<\/u><\/span> &#8211; BUJD\u00c1KOV\u00c1, Helena**. Mixed Candida albicans\u2013Staphylococcus aureus Biofilm Is Reduced by Light-Activated Nanocomposite with Phloxine B. In Journal of Fungi, 2025, vol. 11, no. 8, art no. 582. (2024: 4 &#8211; IF, Q1 &#8211; JCR, 0.956 &#8211; SJR, Q1 &#8211; SJR). ISSN 2309-608X. <a href=\"https:\/\/doi.org\/10.3390\/jof11080582\">https:\/\/doi.org\/10.3390\/jof11080582<\/a><\/p>\n<p>KRE\u0160\u00c1KOV\u00c1, Lenka** &#8211; TARASENKO, R\u00f3bert &#8211; OREND\u00c1\u010c, Martin &#8211; TITIKOV, Hryhorii &#8211; \u010cI\u017dM\u00c1R, Erik &#8211; KUCH\u00c1R, Juraj &#8211; \u010cERN\u00c1K, Juraj &#8211; <span style=\"color: #ff6600;\"><u>JANKOVI\u010c, \u013dubo\u0161<\/u><\/span> &#8211; <span style=\"color: #ff6600;\"><u>MADEJOV\u00c1, Jana<\/u><\/span>. Gadolinium chloride hexahydrate and its intercalation into synthetic saponite: structure, characterization and slow magnetic relaxation of the intercalated sample. In New Journal of Chemistry, 2025, vol. 49, no. 26, p. 11520-11530. (2024: 2.5 &#8211; IF, Q3 &#8211; JCR, 0.493 &#8211; SJR, Q2 &#8211; SJR). ISSN 1144-0546.\u00a0 <a href=\"https:\/\/doi.org\/10.1039\/d5nj01537e\">https:\/\/doi.org\/10.1039\/d5nj01537e<\/a><\/p>\n<p>KRONEKOV\u00c1, Zuzana &#8211; <span style=\"color: #ff6600;\"><u>JANKOVI\u010c, \u013dubo\u0161<\/u><\/span> &#8211; MO\u0160KOV\u00c1, Zuzana &#8211; MINAR\u010c\u00cdKOV\u00c1, Al\u017ebeta &#8211; ZHUKOUSKAYA, Hanna &#8211; KU\u010cKA, Jan &#8211; VETR\u00cdK, Miroslav &#8211; HRUB\u00dd, Martin &#8211; KRONEK, Juraj**. Partially hydrolyzed poly(2-oxazoline)s as a new class of biocompatible modifiers of montmorillonites for the adsorption and decontamination of the organophosphate paraoxon. In Colloids and Surfaces A: Physicochemical and Engineering Aspects, 2025, vol. 713, art. no. 136534, [13] p. (2024: 5.4 &#8211; IF, Q2 &#8211; JCR, 0.944 &#8211; SJR, Q1 &#8211; SJR). ISSN 0927-7757.\u00a0 <a href=\"https:\/\/doi.org\/10.1016\/j.colsurfa.2025.136534\">https:\/\/doi.org\/10.1016\/j.colsurfa.2025.136534<\/a><\/p>\n<p><span style=\"color: #ff6600;\"><u>PLANETOV\u00c1, Vikt\u00f3ria<\/u><\/span> &#8211; <span style=\"color: #ff6600;\"><u>BOH\u00c1\u010c, Peter**<\/u><\/span> &#8211; <span style=\"color: #ff6600;\"><u>BUJD\u00c1K, Juraj*<\/u><\/span> &#8211; SIGMUNDOV\u00c1, Ivica &#8211; MAGDOLEN, Peter &#8211; RAJAMANI, Rajmohan &#8211; HROB\u00c1RIK, Peter. Unlocking Light-Up Effect of Push\u2013Pull Hemicyanine Dyes in Hybrid Silicate Dispersions: Impact of the Terminal Arylamine Functionality and Intermolecular Surface Distances. In Langmuir, 2025, vol. 41, no. 51, p. 34621\u201334630. (2024: 3.9 &#8211; IF, Q2 &#8211; JCR, 0.763 &#8211; SJR, Q1 &#8211; SJR). ISSN 0743-7463.\u00a0 <a href=\"https:\/\/doi.org\/10.1021\/acs.langmuir.5c05919\">https:\/\/doi.org\/10.1021\/acs.langmuir.5c05919<\/a><\/p>\n<p><span style=\"color: #ff6600;\"><u>SLAN\u00dd, Michal**<\/u><\/span> &#8211; <span style=\"color: #ff6600;\"><u>JANKOVI\u010c, \u013dubo\u0161<\/u><\/span> &#8211; <span style=\"color: #ff6600;\"><u>MATEJDES, Mari\u00e1n<\/u><\/span> &#8211; \u017dEMLI\u010cKA, Mat\u00fa\u0161 &#8211; <span style=\"color: #ff6600;\"><u>MADEJOV\u00c1, Jana<\/u><\/span>. Novel poly(2-ethyl-2-oxazoline) and poly(diallyldimethylammonium chloride) polymer functionalized montmorillonite: Physicochemical aspects and near-IR study of hydration properties. In Journal of Molecular Structure, 2025, vol. 1321, art. no. 139855, 12 p. (2024: 4.7 &#8211; IF, Q2 &#8211; JCR, 0.628 &#8211; SJR, Q2 &#8211; SJR). ISSN 0022-2860. <a href=\"https:\/\/doi.org\/10.1016\/j.molstruc.2024.139855\">https:\/\/doi.org\/10.1016\/j.molstruc.2024.139855<\/a><\/p>\n<p><u>\u0160KOR\u0147A, Peter**<\/u> &#8211; <u>JANKOVI\u010c, \u013dubo\u0161<\/u> &#8211; <u>SCHOLTZOV\u00c1, Eva<\/u> &#8211; TUNEGA, Daniel. Perchlorate and periodate adsorption by tetrahexylphosphonium-modified beidellite clay. In Journal of Molecular Structure, 2025, vol. 1349, art no. 143771. (2024: 4.7 &#8211; IF, Q2 &#8211; JCR, 0.628 &#8211; SJR, Q2 &#8211; SJR). ISSN 0022-2860.\u00a0 <a href=\"https:\/\/doi.org\/10.1016\/j.molstruc.2025.143771\">https:\/\/doi.org\/10.1016\/j.molstruc.2025.143771<\/a><\/p>\n<p>VR\u0160ANSK\u00dd, Peter** &#8211; SENDI, Hemen &#8211; KOTULOV\u00c1, J\u00falia &#8211; SZWEDO, Jacek &#8211; HAVELCOV\u00c1, Martina &#8211; <span style=\"color: #ff6600;\"><u>P\u00c1LKOV\u00c1, Helena<\/u><\/span> &#8211; VR\u0160ANSK\u00c1, Lucia &#8211; SAKALA, Jakub &#8211; PU\u0160KELOV\u00c1, \u013dubica &#8211; GOLEJ, Mari\u00e1n &#8211; BIRO\u0147, Adri\u00e1n &#8211; PEYROT, Daniel &#8211; QUICKE, D.L.J. &#8211; N\u00c9RAUDEAU, Didier &#8211; UHER, Pavel &#8211; MAKSOUD, Sibelle &#8211; AZAR, Dany. Jurassic Park approached: a coccid from Kimmeridgian cheirolepidiacean Aintourine Lebanese amber. In National Science Review, 2025, vol. 12, iss. 3, art. no. nwae200, [25] p. (2024: 17.1 &#8211; IF, Q1 &#8211; JCR, 2.903 &#8211; SJR, Q1 &#8211; SJR). ISSN 2095-5138.\u00a0 <a href=\"https:\/\/doi.org\/10.1093\/nsr\/nwae200\">https:\/\/doi.org\/10.1093\/nsr\/nwae200<\/a><\/p>\n<p>BUGYNA, Larysa** &#8211; \u0160VANTNER, \u013dubom\u00edr &#8211; BILSK\u00c1, Katar\u00edna &#8211; <span style=\"color: #ff6600;\"><u>PRIBUS, Marek<\/u><\/span> &#8211; BUJD\u00c1KOV\u00c1, Helena. Impact of Light-Activated Nanocomposite with Erythrosine B on agr Quorum Sensing System in Staphylococcus aureus. In Antibiotics, 2025, vol. 14, no. 10, art no. 1010. (2024: 4.6 &#8211; IF, Q1 &#8211; JCR, 1.114 &#8211; SJR, Q1 &#8211; SJR). ISSN 2079-6382.\u00a0 <a href=\"https:\/\/doi.org\/10.3390\/antibiotics14101010\">https:\/\/doi.org\/10.3390\/antibiotics14101010<\/a><\/p>\n<p>\u010cEP\u010cIANSKA, Jana** &#8211; PALOU, Martin T. &#8211; CZIR\u00c1K, Peter &#8211; SLAN\u00dd, Michal &#8211; <span style=\"color: #ff6600;\"><u>MATEJDES, Mari\u00e1n<\/u><\/span> &#8211; \u017dEMLI\u010cKA, Mat\u00fa\u0161. Mechanical and structural properties of fiber-reinforced heavyweight self-compacting concrete incorporating supplementary cementitious materials. In Results in Engineering, 2025, vol. 26, art. no. 105324, 17 p. (2024: 7.9 &#8211; IF, Q1 &#8211; JCR, 1.171 &#8211; SJR, Q1 &#8211; SJR). ISSN 2590-1230. <a href=\"https:\/\/doi.org\/10.1016\/j.rineng.2025.105324\">https:\/\/doi.org\/10.1016\/j.rineng.2025.105324<\/a><\/p>\n<p>ISSA, Maher** &#8211; ANDREJKOVI\u010cOV\u00c1, Slavka &#8211; ZRIBI, Marwa &#8211; \u0158IMN\u00c1\u010cOV\u00c1, Daniela &#8211; OLIVEIRA, M\u00f3nica S.A. &#8211; <span style=\"color: #ff6600;\"><u>P\u00c1LKOV\u00c1, Helena<\/u><\/span> &#8211; ROCHA, Fernando &#8211; BAKLOUTI, Samir. Development of compacted alkali activated materials based on phosphate waste washing sludge and natural clay. In Construction and Building Materials, 2025, vol. 494, art no. 143403. (2024: 8 &#8211; IF, Q1 &#8211; JCR, 2.094 &#8211; SJR, Q1 &#8211; SJR). ISSN 0950-0618.\u00a0 <a href=\"https:\/\/doi.org\/10.1016\/j.conbuildmat.2025.143403\">https:\/\/doi.org\/10.1016\/j.conbuildmat.2025.143403<\/a><\/p>\n<p>XUE, Dingfan &#8211; WU, Lanbing &#8211; GAO, Rongsheng &#8211; CAO, Yiping &#8211; ZHAO, Chao &#8211; LIU, Qi &#8211; LI, Yongfei &#8211; TANG, Ying &#8211; <span style=\"color: #ff6600;\"><u>SLAN\u00dd, Michal**<\/u><\/span> &#8211; CHEN, Gang**. Synthesis and performance study of the fracturing thickener P(AM\/AA\/AMPS\/NVP\/DMAAC-16) for rapid fluid preparation. In Journal of Molecular Liquids, 2025, vol. 435, art no. 128113. (2024: 5.2 &#8211; IF, Q1 &#8211; JCR, 0.935 &#8211; SJR, Q1 &#8211; SJR). ISSN 0167-7322. <a href=\"https:\/\/doi.org\/10.1016\/j.molliq.2025.128113\">https:\/\/doi.org\/10.1016\/j.molliq.2025.128113<\/a><\/p>\n<p>ZHOU, Zhichao &#8211; LIU, Youxu &#8211; YU, Jianxun &#8211; <span style=\"color: #ff6600;\"><u>SLAN\u00dd, Michal**<\/u><\/span> &#8211; MEDVE\u010e, Igor &#8211; GAO, Hiu &#8211; CHEN, Gang. Study on ex-situ and in-situ bentonite synergistic catalytic mechanisms in heavy oil aquathermolysis reaction. In Journal of Molecular Liquids, 2025, vol. 427, art no. 127391. (2024: 5.2 &#8211; IF, Q1 &#8211; JCR, 0.935 &#8211; SJR, Q1 &#8211; SJR). ISSN 0167-7322.\u00a0 <a href=\"https:\/\/doi.org\/10.1016\/j.molliq.2025.127391\">https:\/\/doi.org\/10.1016\/j.molliq.2025.127391<\/a><\/p>\n<h2>N\u00e1rodn\u00e9 a medzin\u00e1rodn\u00e9 projekty<\/h2>\n<table>\n<tbody>\n<tr>\n<td colspan=\"2\" width=\"1503\"><strong>Smerom k nanotechnol\u00f3gi\u00e1m vyu\u017e\u00edvaj\u00facim bioakt\u00edvne \u010dastice\/molekuly v boji proti mikrobi\u00e1lnym biofilmom<\/strong><\/td>\n<\/tr>\n<tr>\n<td colspan=\"2\" width=\"1503\"><em>(Towards nanotechnologies using bioactive particles\/molecules in the fight against microbial biofilms)<\/em><\/td>\n<\/tr>\n<tr>\n<td width=\"360\">Program:<\/td>\n<td width=\"1144\">APVV-21-0302<\/td>\n<\/tr>\n<tr>\n<td width=\"360\">Koordin\u00e1tor projektu:<\/td>\n<td width=\"1144\">Pr\u00edrodovedeck\u00e1 fakulta UK<\/td>\n<\/tr>\n<tr>\n<td width=\"360\">Zodpovedn\u00fd rie\u0161ite\u013e \u00daACH:<\/td>\n<td width=\"1144\">Ing. Helena P\u00e1lkov\u00e1, PhD.<\/td>\n<\/tr>\n<tr>\n<td width=\"360\">Trvanie projektu:<\/td>\n<td width=\"1144\">07\/2022-06\/2026<\/td>\n<\/tr>\n<\/tbody>\n<\/table>\n<table>\n<tbody>\n<tr>\n<td colspan=\"2\" width=\"1503\"><strong> Bentonite \u2013 GAP Bentonit: Strategick\u00e1 surovina Slovenska \u2013 Inovat\u00edvne hodnotenie zdrojov a ich kvality pre efekt\u00edvne vyu\u017e\u00edvanie <\/strong><\/td>\n<\/tr>\n<tr>\n<td colspan=\"2\" width=\"1503\"><em>(Bentonite: Slovak strategic raw material \u2013 Innovative assessment of bentonite quality and origin for its efficient use)<\/em><\/td>\n<\/tr>\n<tr>\n<td width=\"360\">Program:<\/td>\n<td width=\"1144\">APVV-20-0175<\/td>\n<\/tr>\n<tr>\n<td width=\"360\">Koordin\u00e1tor projektu:<\/td>\n<td width=\"1144\">Pr\u00edrodovedeck\u00e1 fakulta UK<\/td>\n<\/tr>\n<tr>\n<td width=\"360\">Zodpovedn\u00fd rie\u0161ite\u013e \u00daACH:<\/td>\n<td width=\"1144\">RNDr. Jana Madejov\u00e1, DrSc.<\/td>\n<\/tr>\n<tr>\n<td width=\"360\">Trvanie projektu:<\/td>\n<td width=\"1144\">07\/2021-06\/2025<\/td>\n<\/tr>\n<\/tbody>\n<\/table>\n<table>\n<tbody>\n<tr>\n<td colspan=\"2\" width=\"1503\"><strong> Fotofunk\u010dn\u00e9 hybridn\u00e9 materi\u00e1ly organick\u00fdch luminof\u00f3rov a nano\u010dast\u00edc vrstevnat\u00fdch silik\u00e1tov <\/strong><\/td>\n<\/tr>\n<tr>\n<td colspan=\"2\" width=\"1503\"><em>(Photofunctional hybrid materials of organic luminophores and nanoparticles of layered silicates)<\/em><\/td>\n<\/tr>\n<tr>\n<td width=\"360\">Program:<\/td>\n<td width=\"1144\">APVV-22-0150<\/td>\n<\/tr>\n<tr>\n<td width=\"360\">Koordin\u00e1tor projektu:<\/td>\n<td width=\"1144\">Pr\u00edrodovedeck\u00e1 fakulta UK<\/td>\n<\/tr>\n<tr>\n<td width=\"360\">Zodpovedn\u00fd rie\u0161ite\u013e \u00daACH:<\/td>\n<td width=\"1144\">Mgr. Peter Boh\u00e1\u010d, PhD.<\/td>\n<\/tr>\n<tr>\n<td width=\"360\">Trvanie projektu:<\/td>\n<td width=\"1144\">01\/2021-12\/2024<\/td>\n<\/tr>\n<\/tbody>\n<\/table>\n<table>\n<tbody>\n<tr>\n<td colspan=\"2\" width=\"1503\"><strong>Multifunk\u010dn\u00e9 kompozitn\u00e9 materi\u00e1ly pre cielen\u00fa detekciu, adsorpciu a dekontamin\u00e1ciu nebezpe\u010dn\u00fdch organick\u00fdch molek\u00fal <\/strong><\/td>\n<\/tr>\n<tr>\n<td colspan=\"2\" width=\"1503\"><em>(Multifunctional composite materials for detection, adsorption and decontamination of hazardous organic molecules)<\/em><\/td>\n<\/tr>\n<tr>\n<td width=\"360\">Program:<\/td>\n<td width=\"1144\">APVV-23-0635<\/td>\n<\/tr>\n<tr>\n<td width=\"360\">Koordin\u00e1tor projektu:<\/td>\n<td width=\"1144\">\u00dastav polym\u00e9rov SAV, v. v. i.<\/td>\n<\/tr>\n<tr>\n<td width=\"360\">Zodpovedn\u00fd rie\u0161ite\u013e \u00daACH:<\/td>\n<td width=\"1144\">Mgr. \u013dubo\u0161 Jankovi\u010d, PhD.<\/td>\n<\/tr>\n<tr>\n<td width=\"360\">Trvanie projektu:<\/td>\n<td width=\"1144\">07\/2024-06\/2028<\/td>\n<\/tr>\n<\/tbody>\n<\/table>\n<table>\n<tbody>\n<tr>\n<td colspan=\"2\" width=\"1503\"><strong>Aplik\u00e1cia nov\u00fdch biouhl\u00edm funkcionalizovan\u00fdch geopolym\u00e9rov pri nakladan\u00ed s nebezpe\u010dn\u00fdm odpadom <\/strong><\/td>\n<\/tr>\n<tr>\n<td colspan=\"2\" width=\"1503\"><em>(Application of novel biochar-functionalized geopolymers in hazardous waste management)<\/em><\/td>\n<\/tr>\n<tr>\n<td width=\"360\">Program:<\/td>\n<td width=\"1144\">APVV-24-0133<\/td>\n<\/tr>\n<tr>\n<td width=\"360\">Zodpovedn\u00fd rie\u0161ite\u013e:<\/td>\n<td width=\"1144\">Ing. Michal Slan\u00fd, PhD.<\/td>\n<\/tr>\n<tr>\n<td width=\"360\">Partneri:<\/td>\n<td width=\"1144\">Stavebn\u00e1 fakulta STU, Fakulta pr\u00edrodn\u00fdch vied UCM, Trnavsk\u00e1 univerzita<\/td>\n<\/tr>\n<tr>\n<td width=\"360\">Trvanie projektu:<\/td>\n<td width=\"1144\">09\/2025-08\/2029<\/td>\n<\/tr>\n<\/tbody>\n<\/table>\n<table>\n<tbody>\n<tr>\n<td colspan=\"2\" width=\"1503\"><strong>Nov\u00fd tiolom funkcionalizovan\u00fd nanokompozit montmorillonit\/biochar pre imobiliz\u00e1ciu \u0165a\u017ek\u00fdch kovov z kontaminovanej z\u00e1plavovej p\u00f4dy <\/strong><\/td>\n<\/tr>\n<tr>\n<td colspan=\"2\" width=\"1503\"><em>(Novel thiol-functionalized montmorillonite\/biochar nanocomposite for immobilization of heavy metals from contaminated floodplain soil)<\/em><\/td>\n<\/tr>\n<tr>\n<td width=\"360\">Program:<\/td>\n<td width=\"1144\">Plan obnovy SR 09I03-03-V04-00140<\/td>\n<\/tr>\n<tr>\n<td width=\"360\">Zodpovedn\u00fd rie\u0161ite\u013e:<\/td>\n<td width=\"1144\">Ing. Michal Slan\u00fd, PhD.<\/td>\n<\/tr>\n<tr>\n<td width=\"360\">Trvanie projektu:<\/td>\n<td width=\"1144\">07\/2024-06\/2026<\/td>\n<\/tr>\n<\/tbody>\n<\/table>\n<p>&nbsp;<\/p>\n<h2><strong>Spolupr\u00e1ca so zahrani\u010dn\u00fdmi in\u0161tit\u00faciami<\/strong><\/h2>\n<ul>\n<li>Heyrovsky Institute of Physical Chemistry of the ASCR, Prague, Czech Republic<\/li>\n<li>Institute of Chemistry, Academy of Sciences of the Czech Republic, Czech Republic<\/li>\n<li>Institute of Catalysis and Surface Chemistry, Polish Academy of Sciences, Krakow, Poland<\/li>\n<li>Institute of Polymers, Bulgarian Academy of Sciences, Sofia, Bulgaria<\/li>\n<li>University of Poitiers, CNRS, HydrASA, Poitiers, France<\/li>\n<li>University of Aveiro, Aveiro, Portugal<\/li>\n<li>University of Ioannina, Ioannina, Greece<\/li>\n<li>Sheffield Hallam University, Sheffield, UK<\/li>\n<li>National Institute for Materials Science, Tsukuba, Japan<\/li>\n<li>Nagoya University, Graduate School of Engineering, Nagoya, Japan<\/li>\n<li>Tokyo Metropolitan University Faculty of Urban Environmental Sciences, Tokyo, Japan<\/li>\n<li>Yamaguchi University, Graduate School of Medicine, Yamaguchi, Japan<\/li>\n<li>University of Illinois, Champaign-Urbana, USA<\/li>\n<li>Monash University, Melbourne, Australia<\/li>\n<\/ul>\n","protected":false},"excerpt":{"rendered":"<p>Oddelenie hydrosilik\u00e1tov sa zameriava najm\u00e4 na v\u00fdskum smektitov, ktor\u00e9 predstavuj\u00fa pr\u00edrodn\u00e9 nanomateri\u00e1ly s rozsiahlym priemyseln\u00fdm vyu\u017eit\u00edm. \u010cas\u0165 v\u00fdskumu je zameran\u00e1 na z\u00edskavanie a charakteriz\u00e1ciu smektitov&#8230;<\/p>\n","protected":false},"author":1,"featured_media":0,"parent":43,"menu_order":0,"comment_status":"closed","ping_status":"closed","template":"","meta":{"footnotes":"","_links_to":"","_links_to_target":""},"class_list":["post-591","page","type-page","status-publish","hentry"],"_links":{"self":[{"href":"https:\/\/uach.sav.sk\/sk\/wp-json\/wp\/v2\/pages\/591","targetHints":{"allow":["GET"]}}],"collection":[{"href":"https:\/\/uach.sav.sk\/sk\/wp-json\/wp\/v2\/pages"}],"about":[{"href":"https:\/\/uach.sav.sk\/sk\/wp-json\/wp\/v2\/types\/page"}],"author":[{"embeddable":true,"href":"https:\/\/uach.sav.sk\/sk\/wp-json\/wp\/v2\/users\/1"}],"replies":[{"embeddable":true,"href":"https:\/\/uach.sav.sk\/sk\/wp-json\/wp\/v2\/comments?post=591"}],"version-history":[{"count":45,"href":"https:\/\/uach.sav.sk\/sk\/wp-json\/wp\/v2\/pages\/591\/revisions"}],"predecessor-version":[{"id":4220,"href":"https:\/\/uach.sav.sk\/sk\/wp-json\/wp\/v2\/pages\/591\/revisions\/4220"}],"up":[{"embeddable":true,"href":"https:\/\/uach.sav.sk\/sk\/wp-json\/wp\/v2\/pages\/43"}],"wp:attachment":[{"href":"https:\/\/uach.sav.sk\/sk\/wp-json\/wp\/v2\/media?parent=591"}],"curies":[{"name":"wp","href":"https:\/\/api.w.org\/{rel}","templated":true}]}}