{"id":597,"date":"2017-03-17T09:20:05","date_gmt":"2017-03-17T08:20:05","guid":{"rendered":"http:\/\/www.uach.sav.sk\/sk\/?page_id=597"},"modified":"2026-03-08T18:40:05","modified_gmt":"2026-03-08T17:40:05","slug":"o-oddeleni","status":"publish","type":"page","link":"https:\/\/uach.sav.sk\/sk\/oddelenia\/oddelenie-teoretickej-chemie\/o-oddeleni\/","title":{"rendered":"O oddelen\u00ed"},"content":{"rendered":"<p><img loading=\"lazy\" decoding=\"async\" class=\" wp-image-2376 alignright\" src=\"http:\/\/www.uach.sav.sk\/sk\/wp-content\/uploads\/sites\/2\/2022-OTCH-up1-300x200.jpg\" alt=\"\" width=\"428\" height=\"285\" srcset=\"https:\/\/uach.sav.sk\/sk\/wp-content\/uploads\/sites\/2\/2022-OTCH-up1-300x200.jpg 300w, https:\/\/uach.sav.sk\/sk\/wp-content\/uploads\/sites\/2\/2022-OTCH-up1-768x512.jpg 768w, https:\/\/uach.sav.sk\/sk\/wp-content\/uploads\/sites\/2\/2022-OTCH-up1-1024x683.jpg 1024w\" sizes=\"auto, (max-width: 428px) 100vw, 428px\" \/>Oddelenie teoretickej ch\u00e9mie sa zaober\u00e1 tromi hlavn\u00fdmi oblas\u0165ami v\u00fdskumu. Prv\u00e1 oblas\u0165 sa venuje v\u00fdvoju programov\u00e9ho bal\u00edka ReSpect (respectprogram.org) ur\u010den\u00e9ho na v\u00fdpo\u010dty a anal\u00fdzu magnetick\u00fdch a elektrick\u00fdch vlastnost\u00ed syst\u00e9mov obsahuj\u00facich \u0165a\u017ek\u00e9 prvky so zahrnut\u00edm relativistick\u00fdch efektov. Toto napr\u00edklad zah\u0155\u0148a v\u00fdpo\u010dty NMR a EPR parametrov organokovov, biologicky a katalyticky akt\u00edvnych l\u00e1tok. Cie\u013eom druh\u00e9ho v\u00fdskumn\u00e9ho smeru je kombinovanie experiment\u00e1lnych met\u00f3d (napr. Rtg-met\u00f3dy a FTIC spektroskopie) s presn\u00fdmi DFT v\u00fdpo\u010dtami v tuhej f\u00e1ze aby sa z\u00edskali nov\u00e9 inform\u00e1cie o fyzik\u00e1lnochemick\u00fdch a mechanick\u00fdch vlastnostiach hybridn\u00fdch nanomateri\u00e1lov (napr. organo\u00edlov). V\u00fdskumn\u00e9 aktivity tretej oblasti s\u00fa zameran\u00e9 na v\u00fdvoj modern\u00fdch v\u00fdpo\u010dtov\u00fdch met\u00f3d, ktor\u00e9 sa zaoberaj\u00fa elektr\u00f3novou korel\u00e1ciou v molekul\u00e1ch a tuh\u00fdch l\u00e1tkach.<\/p>\n<ul>\n<li>Ved\u00faci oddelenia: Mgr. Stanislav Komorovsk\u00fd, PhD.<\/li>\n<\/ul>\n<p>&nbsp;<\/p>\n<h2>Vybran\u00e9 publik\u00e1cie<\/h2>\n<p>AVILA, Gustavo** &#8211; SUNAGA, Ayaki &#8211; <span style=\"color: #ff6600;\"><u>KOMOROVSK\u00dd, Stanislav<\/u><\/span> &#8211; M\u00c1TYUS, Edit. Hyperfine Rovibrational States of H+3 in a Weak External Magnetic Field. In Physical Review Letters, 2025, vol. 135, no. 4, art no. 043003. (2024: 9 &#8211; IF, Q1 &#8211; JCR, 2.856 &#8211; SJR, Q1 &#8211; SJR). ISSN 0031-9007.\u00a0 <a href=\"https:\/\/doi.org\/10.1103\/lclp-852d\">https:\/\/doi.org\/10.1103\/lclp-852d<\/a><\/p>\n<p>EGGER, David A. &#8211; GRUMET, Manuel &#8211; <span style=\"color: #ff6600;\"><u>BU\u010cKO, Tom\u00e1\u0161**<\/u><\/span>. Machine learning accelerates Raman computations from molecular dynamics for materials science. In Journal of Chemical Physics, 2025, vol. 163, no. 12, art no. 120901. (2024: 3.1 &#8211; IF, Q2 &#8211; JCR, 0.819 &#8211; SJR, Q1 &#8211; SJR). ISSN 0021-9606. Dostupn\u00e9 na: <a href=\"https:\/\/doi.org\/10.1063\/5.0287358\">https:\/\/doi.org\/10.1063\/5.0287358<\/a><\/p>\n<p>ELENI, Gianni** &#8211; <span style=\"color: #ff6600;\"><u>SCHOLTZOV\u00c1, Eva<\/u><\/span> &#8211; TYROLOGOU, Pavlos &#8211; COUTO, Nazar\u00e9 &#8211; POSP\u00cd\u0160IL, Miroslav &#8211; PAPOULIS, Dimitrios &#8211; KOUKOUZAS, Nikolaos. Nanotubular clay minerals for simultaneous sorption of pesticides and PFCAs: a molecular simulation study. In Integrated Environmental Assessment and Management, 2025, vol. 21, no. 6, p. 1403-1415. (2024: 8.4 &#8211; IF, Q1 &#8211; JCR, 0.936 &#8211; SJR, Q1 &#8211; SJR). ISSN 1551-3777. Dostupn\u00e9 na: <a href=\"https:\/\/doi.org\/10.1093\/inteam\/vjae038\">https:\/\/doi.org\/10.1093\/inteam\/vjae038<\/a><\/p>\n<p>GIANNI, Eleni &#8211; POSP\u00cd\u0160IL, Miroslav &#8211; <span style=\"color: #ff6600;\"><u>SCHOLTZOV\u00c1, Eva**<\/u><\/span>. Halloysite as a carrier\/sorbent of diclofenac: A molecular simulations study. In Surfaces and interfaces, 2025, vol 70, art no. 106710. (2024: 6.3 &#8211; IF, Q1 &#8211; JCR, 1.036 &#8211; SJR, Q1 &#8211; SJR). ISSN 2468-0230. Dostupn\u00e9 na: <a href=\"https:\/\/doi.org\/10.1016\/j.surfin.2025.106710\">https:\/\/doi.org\/10.1016\/j.surfin.2025.106710<\/a><\/p>\n<p>HUYNH, Thanh-Nam &#8211; MOUNSSEF JR., Bassim &#8211; SHARAPA, Dmitry I. &#8211; STUDT, Felix* &#8211; <span style=\"color: #ff6600;\"><u>BU\u010cKO, Tom\u00e1\u0161**<\/u><\/span>. Anharmonic Correction to the Adsorption Free Energy of Oxygen-Containing Intermediates on Pt(111) by Machine-Learned Force Field-Based Thermodynamic Integrations. In Journal of Physical Chemistry C, 2025, vol. 129, no. 37, p. 16742-16755. (2024: 3.2 &#8211; IF, Q3 &#8211; JCR, 0.914 &#8211; SJR, Q1 &#8211; SJR). ISSN 1932-7447. Dostupn\u00e9 na: <a href=\"https:\/\/doi.org\/10.1021\/acs.jpcc.5c03465\">https:\/\/doi.org\/10.1021\/acs.jpcc.5c03465<\/a><\/p>\n<p><span style=\"color: #ff6600;\"><u>MALKINA, O\u013ega**<\/u><\/span> &#8211; B\u00dcHL, Michael &#8211; CHALMERS, A. &#8211; <span style=\"color: #ff6600;\"><u>KOMOROVSK\u00dd, Stanislav<\/u><\/span>. Investigation of the effect of solvation on 1J(Metal\u2013P) spin\u2013spin coupling. In Physical Chemistry Chemical Physics, 2025, vol. 27, p. 3574-3582. (2024: 2.9 &#8211; IF, Q2 &#8211; JCR, 0.698 &#8211; SJR, Q2 &#8211; SJR). ISSN 1463-9076. Dostupn\u00e9 na: <a href=\"https:\/\/doi.org\/10.1039\/d4cp04594g\">https:\/\/doi.org\/10.1039\/d4cp04594g<\/a><\/p>\n<p>REPISK\u00dd, Michal** &#8211; <span style=\"color: #ff6600;\"><u>KOMOROVSK\u00dd, Stanislav**<\/u> <\/span>&#8211; KONECNY, Lukas &#8211; KADEK, Marius &#8211; MOITRA, Torsha &#8211; JOOSTEN, Marc &#8211; <span style=\"color: #ff6600;\"><u>MI\u0160ENKOV\u00c1, Debora<\/u><\/span> &#8211; VIKHAMAR-SANDBERG, Rasmus &#8211; KAUPP, Martin &#8211; RUUD, Kenneth &#8211; <span style=\"color: #ff6600;\"><u>MALKINA, O\u013ega<\/u><\/span> &#8211; <span style=\"color: #ff6600;\"><u>MALKIN, Vladim\u00edr<\/u><\/span>. X2C Hamiltonian Models in ReSpect: Bridging Accuracy and Efficiency. In Journal of Physical Chemistry A.Molecules, spectroscopy, kinetics, environment, and general theory, 2025, vol. 129, no. 34, p. 7980-7998. (2024: 2.8 &#8211; IF, Q2 &#8211; JCR, 0.634 &#8211; SJR, Q2 &#8211; SJR). ISSN 1089-5639. Dostupn\u00e9 na: <a href=\"https:\/\/doi.org\/10.1021\/acs.jpca.5c02990\">https:\/\/doi.org\/10.1021\/acs.jpca.5c02990<\/a><\/p>\n<p>SKLADANOV\u00c1, Katar\u00edna &#8211; <span style=\"color: #ff6600;\"><u>BU\u010cKO, Tom\u00e1\u0161**<\/u><\/span>. Adsorption of benzene on graphene studied by ML-accelerated ab-initio molecular dynamics simulations. In Journal of Chemical Physics, 2025, vol. 163, no. 12, art no. 124703. (2024: 3.1 &#8211; IF, Q2 &#8211; JCR, 0.819 &#8211; SJR, Q1 &#8211; SJR). ISSN 0021-9606. Dostupn\u00e9 na: <a href=\"https:\/\/doi.org\/10.1063\/5.0280806\">https:\/\/doi.org\/10.1063\/5.0280806<\/a><\/p>\n<p><u><span style=\"color: #ff6600;\">\u0160KOR\u0147A, Peter<\/span><\/u>** &#8211; <u>JANKOVI\u010c, \u013dubo\u0161<\/u> &#8211; <span style=\"color: #ff6600;\"><u>SCHOLTZOV\u00c1, Eva<\/u><\/span> &#8211; TUNEGA, Daniel. Perchlorate and periodate adsorption by tetrahexylphosphonium-modified beidellite clay. In Journal of Molecular Structure, 2025, vol. 1349, art no. 143771. (2024: 4.7 &#8211; IF, Q2 &#8211; JCR, 0.628 &#8211; SJR, Q2 &#8211; SJR). ISSN 0022-2860. Dostupn\u00e9 na: <a href=\"https:\/\/doi.org\/10.1016\/j.molstruc.2025.143771\">https:\/\/doi.org\/10.1016\/j.molstruc.2025.143771<\/a><\/p>\n<p>&nbsp;<\/p>\n<h2>N\u00e1rodn\u00e9 a medzin\u00e1rodn\u00e9 projekty<\/h2>\n<table>\n<tbody>\n<tr>\n<td colspan=\"2\" width=\"1503\"><strong> Relativistick\u00e9 vplyvy na magnetick\u00fa odozvu  <\/strong><\/td>\n<\/tr>\n<tr>\n<td colspan=\"2\" width=\"1503\"><em> (Relativistic Effects on Magnetic Response)<\/em><\/td>\n<\/tr>\n<tr>\n<td width=\"360\">Program:<\/td>\n<td width=\"1144\"> DS-FR-24-0049<\/td>\n<\/tr>\n<tr>\n<td width=\"360\">Zodpovedn\u00fd rie\u0161ite\u013e<\/td>\n<td width=\"1144\">Mgr. Stanislav Komorovsk\u00fd, PhD.<\/td>\n<\/tr>\n<tr>\n<td width=\"360\">Trvanie projektu:<\/td>\n<td width=\"1144\">07\/2025-06\/2027<\/td>\n<\/tr>\n<\/tbody>\n<\/table>\n<table>\n<tbody>\n<tr>\n<td colspan=\"2\" width=\"1503\"><strong>V\u00fdvoj pokro\u010dil\u00fdch met\u00f3d ur\u010den\u00fdch na presn\u00fa predpove\u010f a anal\u00fdzu r\u00f6ntgenov\u00fdch spektier molek\u00fal s otvorenou ob\u00e1lkou \u00a0<\/strong><\/td>\n<\/tr>\n<tr>\n<td colspan=\"2\" width=\"1503\"><em> (Development of advanced methods for accurate prediction and analysis of X-ray spectra of open-shell species)<\/em><\/td>\n<\/tr>\n<tr>\n<td width=\"360\">Program:<\/td>\n<td width=\"1144\">APVV-22-0488<\/td>\n<\/tr>\n<tr>\n<td width=\"360\">Zodpovedn\u00fd rie\u0161ite\u013e<\/td>\n<td width=\"1144\">Mgr. Stanislav Komorovsk\u00fd, PhD.<\/td>\n<\/tr>\n<tr>\n<td width=\"360\">Trvanie projektu:<\/td>\n<td width=\"1144\">07\/2023-06\/2027<\/td>\n<\/tr>\n<\/tbody>\n<\/table>\n<table>\n<tbody>\n<tr>\n<td colspan=\"2\" width=\"1503\"><strong> Pokro\u010dil\u00e9 modelovanie interakci\u00ed svetlo-hmota na exascale superpo\u010d\u00edta\u010doch bl\u00edzkej bud\u00facnosti <\/strong><\/td>\n<\/tr>\n<tr>\n<td colspan=\"2\" width=\"1503\"><em> (Advanced Modelling of Light-Matter Interactions on Near-Term ExaScale Supercomputers)<\/em><\/td>\n<\/tr>\n<tr>\n<td width=\"360\">Program:<\/td>\n<td width=\"1144\">Pl\u00e1n obnovy SR 09I05-03-V02-00034<\/td>\n<\/tr>\n<tr>\n<td width=\"360\">Koordin\u00e1tor:<\/td>\n<td width=\"1144\">Pr\u00edrodovedeck\u00e1 fakulta UK, Bratislava<\/td>\n<\/tr>\n<tr>\n<td width=\"360\">Zodpovedn\u00fd rie\u0161ite\u013e \u00daACH:<\/td>\n<td width=\"1144\">Mgr. Stanislav Komorovsk\u00fd<\/td>\n<\/tr>\n<tr>\n<td width=\"360\">Trvanie projektu:<\/td>\n<td width=\"1144\">01\/2024-08\/2026<\/td>\n<\/tr>\n<\/tbody>\n<\/table>\n<table>\n<tbody>\n<tr>\n<td colspan=\"2\" width=\"1503\"><strong>Vplyv \u0161truktur\u00e1lnych substit\u00faci\u00ed na vlastnosti anorganick\u00fdch vrstven\u00fdch \u0161trukt\u00far, z\u00e1klad pre at\u00f3movo navrhnut\u00e9 pokro\u010dil\u00e9 materi\u00e1ly pre zelen\u00e9 technologick\u00e9 aplik\u00e1cie, \u0161tudovan\u00e9 modelov\u00fdm pr\u00edstupom <\/strong><\/td>\n<\/tr>\n<tr>\n<td colspan=\"2\" width=\"1503\"><em> (Effect of structural substitutions on properties of inorganic layered structures, a basis for atomically designed advanced materials for green technological applications, studied by modelling approach)<\/em><\/td>\n<\/tr>\n<tr>\n<td width=\"360\">Program:<\/td>\n<td width=\"1144\">Slovakia\u2019s Recovery and Resilience Plan 09I03-03-V04-00009<\/td>\n<\/tr>\n<tr>\n<td width=\"360\">Koordin\u00e1tor projektu<\/td>\n<td width=\"1144\">\u00daACH SAV, v.v.i.<\/td>\n<\/tr>\n<tr>\n<td width=\"360\">Zodpovedn\u00fd rie\u0161ite\u013e \u00daACH<\/td>\n<td width=\"1144\">Ing. Eva Scholtzov\u00e1, PhD.<\/td>\n<\/tr>\n<tr>\n<td width=\"360\">Trvanie projektu:<\/td>\n<td width=\"1144\">09\/2024 &#8211; 08\/2026<\/td>\n<\/tr>\n<\/tbody>\n<\/table>\n<table>\n<tbody>\n<tr>\n<td colspan=\"2\" width=\"1503\"><strong> Demon\u0161tr\u00e1cia viazania cez priestor \u0161\u00edren\u00e9ho \u043f-orbit\u00e1lmi <\/strong><\/td>\n<\/tr>\n<tr>\n<td colspan=\"2\" width=\"1503\"><em> (Study of C-C Coupling Propagated by \u043f -Orbitals)<\/em><\/td>\n<\/tr>\n<tr>\n<td width=\"360\">Program:<\/td>\n<td width=\"1144\">Pl\u00e1n obnovy SR <\/td>\n<\/tr>\n<tr>\n<td width=\"360\">Zodpovedn\u00fd rie\u0161ite\u013e \u00daACH:<\/td>\n<td width=\"1144\"> Florian Andreas Lemken, PhD.<\/td>\n<\/tr>\n<tr>\n<td width=\"360\">Trvanie projektu:<\/td>\n<td width=\"1144\">06\/2025-06\/2026<\/td>\n<\/tr>\n<\/tbody>\n<\/table>\n<table>\n<tbody>\n<tr>\n<td colspan=\"2\" width=\"1503\"><strong>Pokro\u010dil\u00e9 materi\u00e1ly na b\u00e1ze anorganick\u00fdch vrstevnat\u00fdch \u0161trukt\u00far \u0161tudovan\u00e9 modelov\u00fdm a experiment\u00e1lnym pr\u00edstupom<\/strong><\/td>\n<\/tr>\n<tr>\n<td colspan=\"2\" width=\"1503\"><em> (Pokro\u010dil\u00e9 materi\u00e1ly na b\u00e1ze anorganick\u00fdch vrstevnat\u00fdch \u0161trukt\u00far \u0161tudovan\u00e9 modelov\u00fdm a experiment\u00e1lnym pr\u00edstupom)<\/em><\/td>\n<\/tr>\n<tr>\n<td width=\"360\">Program:<\/td>\n<td width=\"1144\">VEGA 2\/0026\/23<\/td>\n<\/tr>\n<tr>\n<td width=\"360\">Zodpovedn\u00fd rie\u0161ite\u013e:<\/td>\n<td width=\"1144\">Ing. Eva Scholtzov\u00e1, CSc.<\/td>\n<\/tr>\n<tr>\n<td width=\"360\">Trvanie projektu:<\/td>\n<td width=\"1144\">01\/2023-12\/2026<\/td>\n<\/tr>\n<\/tbody>\n<\/table>\n<table>\n<tbody>\n<tr>\n<td colspan=\"2\" width=\"1503\"><strong> Pokrok vo v\u00fdpo\u010dte a interpret\u00e1cii parametrov magnetickej rezonancie na nerelativistickej ako aj relativistickej \u00farovni <\/strong><\/td>\n<\/tr>\n<tr>\n<td colspan=\"2\" width=\"1503\"><em> (Advancing in calculation and interpretation of magnetic resonance parameters at both non-relativistic and relativistic levels of theory)<\/em><\/td>\n<\/tr>\n<tr>\n<td width=\"360\">Program:<\/td>\n<td width=\"1144\">VEGA 2\/0118\/25<\/td>\n<\/tr>\n<tr>\n<td width=\"360\">Zodpovedn\u00fd rie\u0161ite\u013e:<\/td>\n<td width=\"1144\">Mgr. Stanislav Komorovsk\u00fd<\/td>\n<\/tr>\n<tr>\n<td width=\"360\">Trvanie projektu:<\/td>\n<td width=\"1144\">01\/2025-12\/2028<\/td>\n<\/tr>\n<\/tbody>\n<\/table>\n<p>&nbsp;<\/p>\n<h2>Spolupr\u00e1ca so zahrani\u010dn\u00fdmi in\u0161tit\u00faciami<\/h2>\n<ul>\n<li>Hylleraas Centre for Quantum Molecular Sciences, Department of Chemistry, UiT \u2013 The Arctic University of Norway, Troms\u00f8, N\u00f3rsko<\/li>\n<li>CEITEC \u2013 Central European Institute of Technology, Faculty of Science, Masaryk University, Brno, \u010cesk\u00e1 republika<\/li>\n<li>Center of Polymer Systems, University Institute, Tomas Bata University in Zl\u00edn, Zl\u00edn, \u010cesk\u00e1 republika<\/li>\n<li>School of Chemistry, St Andrews University, St Andrews, Spojen\u00e9 kr\u00e1\u013eovstvo<\/li>\n<li>ICMUB Institut de Chimie Mol\u00e9culaire de l&#8217;Universit\u00e9 de Bourgogne, Dijon, Franc\u00fazsko<\/li>\n<li>Quantum Chemistry, Institute of Chemistry, Technische Universit\u00e4t Berlin, Berl\u00edn, Nemecko<\/li>\n<li>Chemistry of Materials, Paris-Lodron-University Salzburg, Salzburg, Rak\u00fasko<\/li>\n<li>Paul Sabatier University &#8211; Toulouse III &#8211; Laboratoire de Chimie et Physique Quantiques, Toulouse, Franc\u00fazsko<\/li>\n<li>Jerzy Haber Institute of Catalysis and Surface Chemistry, Polish Academy of Sciences, Krakow, Po\u013esko<\/li>\n<li>Charles University, Faculty of Mathematics and Physics, Department of Chemical Physics and Optics, Praha, \u010cesk\u00e1 republika<\/li>\n<li>University of Patras,\u00a0 Department\u00a0 of\u00a0 Geology, Patras, Gr\u00e9cko<\/li>\n<li>Justus-Liebig University Giessen, Institute of Soil Science and Soil Conservation, Giessen, Nemecko<\/li>\n<\/ul>\n","protected":false},"excerpt":{"rendered":"<p>Oddelenie teoretickej ch\u00e9mie sa zaober\u00e1 tromi hlavn\u00fdmi oblas\u0165ami v\u00fdskumu. Prv\u00e1 oblas\u0165 sa venuje v\u00fdvoju programov\u00e9ho bal\u00edka ReSpect (respectprogram.org) ur\u010den\u00e9ho na v\u00fdpo\u010dty a anal\u00fdzu magnetick\u00fdch a&#8230;<\/p>\n","protected":false},"author":1,"featured_media":0,"parent":47,"menu_order":0,"comment_status":"closed","ping_status":"closed","template":"","meta":{"footnotes":"","_links_to":"","_links_to_target":""},"class_list":["post-597","page","type-page","status-publish","hentry"],"_links":{"self":[{"href":"https:\/\/uach.sav.sk\/sk\/wp-json\/wp\/v2\/pages\/597","targetHints":{"allow":["GET"]}}],"collection":[{"href":"https:\/\/uach.sav.sk\/sk\/wp-json\/wp\/v2\/pages"}],"about":[{"href":"https:\/\/uach.sav.sk\/sk\/wp-json\/wp\/v2\/types\/page"}],"author":[{"embeddable":true,"href":"https:\/\/uach.sav.sk\/sk\/wp-json\/wp\/v2\/users\/1"}],"replies":[{"embeddable":true,"href":"https:\/\/uach.sav.sk\/sk\/wp-json\/wp\/v2\/comments?post=597"}],"version-history":[{"count":49,"href":"https:\/\/uach.sav.sk\/sk\/wp-json\/wp\/v2\/pages\/597\/revisions"}],"predecessor-version":[{"id":4218,"href":"https:\/\/uach.sav.sk\/sk\/wp-json\/wp\/v2\/pages\/597\/revisions\/4218"}],"up":[{"embeddable":true,"href":"https:\/\/uach.sav.sk\/sk\/wp-json\/wp\/v2\/pages\/47"}],"wp:attachment":[{"href":"https:\/\/uach.sav.sk\/sk\/wp-json\/wp\/v2\/media?parent=597"}],"curies":[{"name":"wp","href":"https:\/\/api.w.org\/{rel}","templated":true}]}}