{"id":600,"date":"2017-03-17T09:21:02","date_gmt":"2017-03-17T08:21:02","guid":{"rendered":"http:\/\/www.uach.sav.sk\/sk\/?page_id=600"},"modified":"2026-03-08T20:30:59","modified_gmt":"2026-03-08T19:30:59","slug":"o-oddeleni","status":"publish","type":"page","link":"https:\/\/uach.sav.sk\/sk\/oddelenia\/vitrum-laugaricio\/o-oddeleni\/","title":{"rendered":"O oddelen\u00ed"},"content":{"rendered":"<p><img loading=\"lazy\" decoding=\"async\" class=\" wp-image-2365 alignright\" src=\"http:\/\/www.uach.sav.sk\/sk\/wp-content\/uploads\/sites\/2\/FG-final-2-300x272.jpg\" alt=\"\" width=\"377\" height=\"342\" srcset=\"https:\/\/uach.sav.sk\/sk\/wp-content\/uploads\/sites\/2\/FG-final-2-300x272.jpg 300w, https:\/\/uach.sav.sk\/sk\/wp-content\/uploads\/sites\/2\/FG-final-2-768x696.jpg 768w, https:\/\/uach.sav.sk\/sk\/wp-content\/uploads\/sites\/2\/FG-final-2-1024x928.jpg 1024w, https:\/\/uach.sav.sk\/sk\/wp-content\/uploads\/sites\/2\/FG-final-2.jpg 1521w\" sizes=\"auto, (max-width: 377px) 100vw, 377px\" \/><\/p>\n<p>Oddelenie VILA (Vitrum Laugaricio), spojen\u00e9 pracovisko \u00daACh SAV, TNUAD a\u00a0FChPT STU sa s\u00fastre\u010fuje na \u0161t\u00fadium vz\u0165ahov medzi zlo\u017een\u00edm, \u0161trukt\u00farou a\u00a0fyzik\u00e1lnymi vlastnos\u0165ami anorganick\u00fdch nekovov\u00fdch materi\u00e1lov. \u0160peci\u00e1lnym zameran\u00edm s\u00fa oxidov\u00e9 skl\u00e1, sklotvorn\u00e9 taveniny a\u00a0pr\u00edprava nov\u00fdch typov skiel.<\/p>\n<p>\u010ealej sa oddelenie venuje v\u00fdvoju prieh\u013eadnej luminiscen\u010dnej keramiky (napr. Y<sub>2<\/sub>O<sub>3<\/sub>, YAG-ytrito-hlinit\u00fd gran\u00e1t, YAG\/Al<sub>2<\/sub>O<sub>3<\/sub>) so \u0161peci\u00e1lnym zameran\u00edm na zhut\u0148ovanie skiel so zlo\u017een\u00edm YAG alebo YAG\/Al<sub>2<\/sub>O<sub>3<\/sub> visk\u00f3znym tokom a\u00a0s\u00a0n\u00e1slednou kry\u0161taliz\u00e1ciou. V\u00fdskum zah\u0155\u0148a charakteriz\u00e1ciu mikro\u0161trukt\u00fary, mechanick\u00fdch a\u00a0optick\u00fdch vlastnost\u00ed ako aj \u0161t\u00fadium vz\u0165ahov medzi zlo\u017een\u00edm, \u0161trukt\u00farou a\u00a0vlastnos\u0165ami pripraven\u00fdch polykry\u0161talick\u00fdch materi\u00e1lov.<\/p>\n<p>&nbsp;<\/p>\n<ul>\n<li><strong>Ved\u00faci oddelenia:<\/strong> prof. Ing. Du\u0161an Galusek, DrSc.<\/li>\n<\/ul>\n<p>&nbsp;<\/p>\n<h2><\/h2>\n<h2>N\u00e1rodn\u00e9 a medzin\u00e1rodn\u00e9 projekty<\/h2>\n<table>\n<tbody>\n<tr>\n<td colspan=\"2\" width=\"1503\"><strong>Monitorovanie vplyvu dopandov na bioskl\u00e1 novej gener\u00e1cie s vyu\u017eit\u00edm pri pr\u00edprave bioskla s vhodn\u00fdmi biomedic\u00ednskymi vlastnos\u0165ami<\/strong><\/td>\n<\/tr>\n<tr>\n<td colspan=\"2\" width=\"1503\"><em> (Monitoring the influence of dopands on new-generation bioglasses with use in the preparation of glass-ceramics with suitable biomedical properties)<\/em><\/td>\n<\/tr>\n<tr>\n<td width=\"360\">Program:<\/td>\n<td width=\"1144\">VEGA 2\/0043\/25<\/td>\n<\/tr>\n<tr>\n<td width=\"360\">Koordin\u00e1tor projektu<\/td>\n<td width=\"1144\">\u00daACH SAV, v.v.i.<\/td>\n<\/tr>\n<tr>\n<td width=\"360\">Zodpovedn\u00fd rie\u0161ite\u013e \u00daACH<\/td>\n<td width=\"1144\">doc. Ing. M\u00e1ria Chrom\u010d\u00edkov\u00e1, PhD..<\/td>\n<\/tr>\n<tr>\n<td width=\"360\">Trvanie projektu:<\/td>\n<td width=\"1144\">01\/2025 \u2013 12\/2028<\/td>\n<\/tr>\n<\/tbody>\n<\/table>\n<table>\n<tbody>\n<tr>\n<td colspan=\"2\" width=\"1503\"><strong>V\u00fdvoj pokro\u010dil\u00fdch luminiscen\u010dn\u00fdch sklenen\u00fdch 3D \u0161trukt\u00far pomocou adit\u00edvnej v\u00fdroby<\/strong><\/td>\n<\/tr>\n<tr>\n<td colspan=\"2\" width=\"1503\"><em> (Development of advanced luminescent glass 3D structures by additive techniques)<\/em><\/td>\n<\/tr>\n<tr>\n<td width=\"360\">Program:<\/td>\n<td width=\"1144\">VEGA 2\/0077\/24<\/td>\n<\/tr>\n<tr>\n<td width=\"360\">Zodpovedn\u00fd rie\u0161ite\u013e \u00daACH<\/td>\n<td width=\"1144\">Ing. Monika Mich\u00e1lkov\u00e1, PhD.<\/td>\n<\/tr>\n<tr>\n<td width=\"360\">Trvanie projektu:<\/td>\n<td width=\"1144\">01\/2024 \u2013 12\/2027<\/td>\n<\/tr>\n<\/tbody>\n<\/table>\n<table>\n<tbody>\n<tr>\n<td colspan=\"2\" width=\"1503\"><strong>Vplyv radia\u010dnej z\u00e1\u0165a\u017ee na sklovl\u00e1knit\u00fa izol\u00e1ciu z h\u013eadiska recirkul\u00e1cie chladiva v havarijn\u00fdch podmienkach jadrov\u00fdch elektr\u00e1rn\u00ed s tlakovodn\u00fdmi reaktormi<\/strong><\/td>\n<\/tr>\n<tr>\n<td colspan=\"2\" width=\"1503\"><em> (Influence of radiation load on fiberglass insulation in terms of refrigerant recirculation in emergency conditions of nuclear power plants with pressurized water reactors)<\/em><\/td>\n<\/tr>\n<tr>\n<td width=\"360\">Program:<\/td>\n<td width=\"1144\">APVV-22-0004<\/td>\n<\/tr>\n<tr>\n<td width=\"360\">Koordin\u00e1tor projektu<\/td>\n<td width=\"1144\">Tren\u010dianska univerzita Alexandra Dub\u010deka v Tren\u010d\u00edne<\/td>\n<\/tr>\n<tr>\n<td width=\"360\">Zodpovedn\u00fd rie\u0161ite\u013e \u00daACH<\/td>\n<td width=\"1144\">prof. Ing. Marek Li\u0161ka, DrSc., Dr.h.c.<\/td>\n<\/tr>\n<tr>\n<td width=\"360\">Trvanie projektu:<\/td>\n<td width=\"1144\">07\/2023 \u2013 06\/2027<\/td>\n<\/tr>\n<\/tbody>\n<\/table>\n<table>\n<tbody>\n<tr>\n<td colspan=\"2\" width=\"1503\"><strong>Funkcionalizovan\u00e9 3D sklokeramick\u00e9 membr\u00e1ny na pokro\u010dil\u00e9 fotokatalytick\u00e9 \u010distenie pitn\u00fdch v\u00f4d<\/strong><\/td>\n<\/tr>\n<tr>\n<td colspan=\"2\" width=\"1503\"><em> (Functionalized 3D glass-ceramic membranes for advanced photocatalytic drinking water treatment)<\/em><\/td>\n<\/tr>\n<tr>\n<td width=\"360\">Program:<\/td>\n<td width=\"1144\">APVV-23-0352<\/td>\n<\/tr>\n<tr>\n<td width=\"360\">Koordin\u00e1tor projektu<\/td>\n<td width=\"1144\">Tren\u010dianska univerzita Alexandra Dub\u010deka v Tren\u010d\u00edne<\/td>\n<\/tr>\n<tr>\n<td width=\"360\">Zodpovedn\u00fd rie\u0161ite\u013e \u00daACH<\/td>\n<td width=\"1144\">Ing. Monika Mich\u00e1lkov\u00e1, PhD.<\/td>\n<\/tr>\n<tr>\n<td width=\"360\">Trvanie projektu:<\/td>\n<td width=\"1144\">07\/2024 \u2013 06\/2028<\/td>\n<\/tr>\n<\/tbody>\n<\/table>\n<table>\n<tbody>\n<tr>\n<td colspan=\"2\" width=\"1503\"><strong>Studen\u00e9 spekanie skiel<\/strong><\/td>\n<\/tr>\n<tr>\n<td colspan=\"2\" width=\"1503\"><em> (Cold sintering of glass)<\/em><\/td>\n<\/tr>\n<tr>\n<td width=\"360\">Program:<\/td>\n<td width=\"1144\">APVV-23-0424<\/td>\n<\/tr>\n<tr>\n<td width=\"360\">Koordin\u00e1tor projektu<\/td>\n<td width=\"1144\">Tren\u010dianska univerzita Alexandra Dub\u010deka v Tren\u010d\u00edne<\/td>\n<\/tr>\n<tr>\n<td width=\"360\">Zodpovedn\u00fd rie\u0161ite\u013e \u00daACH<\/td>\n<td width=\"1144\">Ing. Anna Prnov\u00e1, PhD.<\/td>\n<\/tr>\n<tr>\n<td width=\"360\">Trvanie projektu:<\/td>\n<td width=\"1144\">07\/2024 \u2013 06\/2028<\/td>\n<\/tr>\n<\/tbody>\n<\/table>\n<table>\n<tbody>\n<tr>\n<td colspan=\"2\" width=\"1503\"><strong>V\u00fdvoj pokro\u010dil\u00fdch luminiscen\u010dn\u00fdch sklenen\u00fdch 3D \u0161trukt\u00far<\/strong><\/td>\n<\/tr>\n<tr>\n<td colspan=\"2\" width=\"1503\"><em> (Development of advanced luminescent glass 3D structures)<\/em><\/td>\n<\/tr>\n<tr>\n<td width=\"360\">Program:<\/td>\n<td width=\"1144\">PO 09I03-03-V04-001984<\/td>\n<\/tr>\n<tr>\n<td width=\"360\">Koordin\u00e1tor projektu<\/td>\n<td width=\"1144\">\u00daACH SAV, v.v.i.<\/td>\n<\/tr>\n<tr>\n<td width=\"360\">Zodpovedn\u00fd rie\u0161ite\u013e \u00daACH<\/td>\n<td width=\"1144\">Ing. Monika Mich\u00e1lkov\u00e1, PhD.<\/td>\n<\/tr>\n<tr>\n<td width=\"360\">Trvanie projektu:<\/td>\n<td width=\"1144\">07\/2024 \u2013 06\/2026<\/td>\n<\/tr>\n<\/tbody>\n<\/table>\n<table>\n<tbody>\n<tr>\n<td colspan=\"2\" width=\"1503\"><strong>N\u00e1vrh, anal\u00fdza a mechanick\u00e1 charakteriz\u00e1cia lamin\u00e1rnej keramiky<\/strong><\/td>\n<\/tr>\n<tr>\n<td colspan=\"2\" width=\"1503\"><em> (Design, analysis and mechanical characterization of laminar ceramics)<\/em><\/td>\n<\/tr>\n<tr>\n<td width=\"360\">Program:<\/td>\n<td width=\"1144\">PO 09I03-03-V04-00196<\/td>\n<\/tr>\n<tr>\n<td width=\"360\">Koordin\u00e1tor projektu<\/td>\n<td width=\"1144\">\u00daACH SAV, v.v.i.<\/td>\n<\/tr>\n<tr>\n<td width=\"360\">Zodpovedn\u00fd rie\u0161ite\u013e \u00daACH<\/td>\n<td width=\"1144\">Aliasghar Najafzadehkhoee, PhD.<\/td>\n<\/tr>\n<tr>\n<td width=\"360\">Trvanie projektu:<\/td>\n<td width=\"1144\">07\/2024 \u2013 06\/2026<\/td>\n<\/tr>\n<\/tbody>\n<\/table>\n<table>\n<tbody>\n<tr>\n<td colspan=\"2\" width=\"1503\"><strong> C\u00e9riom dopovan\u00e1 usmernene solidifikovan\u00e1 eutektick\u00e1 keramika YAG( Y3AI5012)\/AI203 pre senzory a fosfory pripraven\u00e1 horizont\u00e1lne usmernenou kry\u0161taliz\u00e1ciou <\/strong><\/td>\n<\/tr>\n<tr>\n<td colspan=\"2\" width=\"1503\"><em> (Directionally Solidified Ce-doped YAG(Y3Al5O12)\/Al2O3 Eutectic Ceramics for sensors and phosphors prepared by Horizontal Directed Crystallization)<\/em><\/td>\n<\/tr>\n<tr>\n<td width=\"360\">Program:<\/td>\n<td width=\"1144\">Pl\u00e1n obnovy SR 09I05-03-V02-00065 \/ 09I05-03-V02-00065\/2025\/V<\/td>\n<\/tr>\n<tr>\n<td width=\"360\">Koordin\u00e1tor projektu<\/td>\n<td width=\"1144\">\u017dilinsk\u00e1 univerzita v \u017diline<\/td>\n<\/tr>\n<tr>\n<td width=\"360\">Zodpovedn\u00fd rie\u0161ite\u013e \u00daACH<\/td>\n<td width=\"1144\">Ing. Anna Prnov\u00e1, PhD..<\/td>\n<\/tr>\n<tr>\n<td width=\"360\">Trvanie projektu:<\/td>\n<td width=\"1144\">07\/2024 \u2013 06\/2026<\/td>\n<\/tr>\n<\/tbody>\n<\/table>\n<h2><\/h2>\n<p>&nbsp;<\/p>\n<h2>Vybran\u00e9 publik\u00e1cie<\/h2>\n<p>AZADMEHR, Sadegh &#8211; ALAMDARI, Sanaz &#8211; TAFRESHI, Majid Jafar &#8211; TANVEER, Zaighum &#8211; MIRZAEE, Omid &#8211; <span style=\"color: #ff6600;\"><u>NAJAFZADEHKHOEE, Aliasghar<\/u><\/span> &#8211; VEL\u00c1ZQUEZ, Jose J. Controlled co-precipitation synthesis of Gd and Mn doped zinc tungstate: insights into structural, optical, magnetic behavior, and dielectric properties. In Applied Physics A: Materials Science &amp; Processing, 2025, vol. 131, no. 5, art. no. 339. (2024: 2.8 &#8211; IF, Q2 &#8211; JCR, 0.486 &#8211; SJR, Q2 &#8211; SJR).\u00a0 <a href=\"https:\/\/doi.org\/10.1007\/s00339-025-08399-w\">https:\/\/doi.org\/10.1007\/s00339-025-08399-w<\/a><\/p>\n<p>BARKER, Collin** &#8211; KNORR, Brian &#8211; <span style=\"color: #ff6600;\"><u>MICH\u00c1LKOV\u00c1, Monika<\/u><\/span> &#8211; GHADAMYARI, Marzieh &#8211; PARCHOVIANSKY, Milan &#8211; DRDL\u00cdK, Daniel &#8211; GALUSEK, Du\u0161an &#8211; JAIN, Himanshu &#8211; DIEROLF, Volkmar. Femtosecond laser crystallization of YAG in yttrium aluminosilicate glasses. In International Journal of Applied Glass Science, 2025, vol. 16, iss. 4, art. no. e16710. (2024: 2.5 &#8211; IF, Q2 &#8211; JCR, 0.476 &#8211; SJR, Q2 &#8211; SJR).\u00a0 <a href=\"https:\/\/doi.org\/10.1111\/ijag.16710\">https:\/\/doi.org\/10.1111\/ijag.16710<\/a><\/p>\n<p>CLAVIJO-MEJ\u00cdA, G.A.** &#8211; MICH\u00c1LEK, M. &#8211; ARANGO-OSPINA, M. &#8211; UNALAN, I. &#8211; NAWAZ, Q &#8211; <span style=\"color: #ff6600;\"><u>GALUSEK, Du\u0161an<\/u><\/span> &#8211; BOCCACCINI, A.R. Biocompatibility and antibacterial activity of radiopaque bismuth-containing bioactive glasses. In Ceramics International, 2025, vol. 51, no. 24B, p. 42725-42733. (2024: 5.6 &#8211; IF, Q1 &#8211; JCR, 1.034 &#8211; SJR, Q1 &#8211; SJR).\u00a0 <a href=\"https:\/\/doi.org\/10.1016\/j.ceramint.2025.07.016\">https:\/\/doi.org\/10.1016\/j.ceramint.2025.07.016<\/a><\/p>\n<p>HOSSEINI, Hossein Ebrahim &#8211; CAO, Jiangkun &#8211; GHADAMYARI, Marzieh &#8211; <span style=\"color: #ff6600;\"><u>GALUSEK, Du\u0161an<\/u><\/span> &#8211; KLEMENT, R\u00f3bert** &#8211; WONDRACZEK, Lothar**. UV\/NUV and BW-I Mechanoluminescence from Bi-Activated CaY2Ge4O12 Polycrystals. In Advanced Optical Materials, 2025, vol. 13, no. 30, art no. e01673. (2024: 7.2 &#8211; IF, Q1 &#8211; JCR, 1.995 &#8211; SJR, Q1 &#8211; SJR). <a href=\"https:\/\/doi.org\/10.1002\/adom.202501673\">https:\/\/doi.org\/10.1002\/adom.202501673<\/a><\/p>\n<p>HOSSEINI, Hossein Ebrahim &#8211; CAO, Jiangkun &#8211; GHADAMYARI, Marzieh &#8211; <span style=\"color: #ff6600;\"><u>GALUSEK, Du\u0161an<\/u><\/span> &#8211; KLEMENT, R\u00f3bert** &#8211; WONDRACZEK, Lothar**. Mechanoluminescence of Bi-Activated NaYGeO4 Polycrystals and 3D Printed Scaffolds in the NUV\/Blue and NIR Spectral Range. In Advanced Optical Materials, 2025, vol. 13, no. 21, art no. 2500715. (2024: 7.2 &#8211; IF, Q1 &#8211; JCR, 1.995 &#8211; SJR, Q1 &#8211; SJR). <a href=\"https:\/\/doi.org\/10.1002\/adom.202500715\">https:\/\/doi.org\/10.1002\/adom.202500715<\/a><\/p>\n<p>CHAUHANA, Avnee** &#8211; FRICKEL, Andreas &#8211; PAPAKOLLU, Kousik &#8211; BEGAND, Sabine &#8211; HERRMANN, Mathias &#8211; BERNARDO, Enrico &#8211; <u>GALUSEK, Du\u0161an<\/u>. Polymorphic transitions and phase stability of CeO2-\u03b4\u22c5(Dy,La,Sm,Y)2O3 high-entropy oxides consolidated by spark plasma sintering. In Journal of the European Ceramic Society, 2025, vol. 45, art no. 117552. (2024: 6.2 &#8211; IF, Q1 &#8211; JCR, 1.3 &#8211; SJR, Q1 &#8211; SJR). <a href=\"https:\/\/doi.org\/10.1016\/j.jeurceramsoc.2025.117552\">https:\/\/doi.org\/10.1016\/j.jeurceramsoc.2025.117552<\/a><\/p>\n<p>LAGO, Diana** &#8211; KRAXNER, Jozef &#8211; <span style=\"color: #ff6600;\"><u>GALUSEK, Du\u0161an<\/u><\/span> &#8211; BERNARDO, Enrico. Development of porous membranes by alkali activation of borosilicate glass: effect of wastewater acidity on copper adsorption. In Developments in the Built Environment, 2025, vol. 23, art no. 100705. (2024: 8.2 &#8211; IF, Q1 &#8211; JCR, 1.516 &#8211; SJR, Q1 &#8211; SJR). <a href=\"https:\/\/doi.org\/10.1016\/j.dibe.2025.100705\">https:\/\/doi.org\/10.1016\/j.dibe.2025.100705<\/a><\/p>\n<p><span style=\"color: #ff6600;\"><u>NAJAFZADEHKHOEE, Aliasghar**<\/u><\/span> &#8211; JABR, Abdullah &#8211; TALIMIAN, Ali &#8211; PAPS\u00cdK, Roman &#8211; DRDL\u00cdK, Daniel &#8211; MACA, Karel &#8211; <span style=\"color: #ff6600;\"><u>GALUSEK, Du\u0161an<\/u><\/span> &#8211; BERMEJO, Ra\u00fal. Improving contact damage resistance of spinel translucent ceramics through a multi-layer design. In Journal of the European Ceramic Society, 2025, vol. 45, no. 4, art no. 117071. (2024: 6.2 &#8211; IF, Q1 &#8211; JCR, 1.3 &#8211; SJR, Q1 &#8211; SJR). <a href=\"https:\/\/doi.org\/10.1016\/j.jeurceramsoc.2024.117071\">https:\/\/doi.org\/10.1016\/j.jeurceramsoc.2024.117071<\/a><\/p>\n<p>SAJJADI, Saeed** &#8211; \u017dIT\u0147AN, Michal &#8211; UMER IQBAL, Muhammad &#8211; MACHOVSK\u00dd, Michal &#8211; N\u00da\u00f1EZ, Pedro &#8211; DVORANOV\u00c1, Dana &#8211; <span style=\"color: #ff6600;\"><u>GALUSEK, Du\u0161an<\/u><\/span> &#8211; KLEMENT, R\u00f3bert &#8211; VEL\u00c1ZQUEZ, Jose J.*. Synergistic effects of Ti3C2 MXene and ZIF-8 for efficient photocatalytic degradation of tetracycline in wastewater. In Journal of Environmental Chemical Engineering, 2025, vol. 13, no. 5, art no. 118925. (2024: 7.2 &#8211; IF, Q1 &#8211; JCR, 1.454 &#8211; SJR, Q1 &#8211; SJR).\u00a0 <a href=\"https:\/\/doi.org\/10.1016\/j.jece.2025.118925\">https:\/\/doi.org\/10.1016\/j.jece.2025.118925<\/a><\/p>\n<p>SISMAN, Orhan** &#8211; SMIRNOVA, Oksana &#8211; XIA, Yang &#8211; GREINER-MAI, Nadja &#8211; REUPERT, Aaron &#8211; NOZARI, Vahid &#8211; VELAZQUEZ, Jose J. &#8211; <span style=\"color: #ff6600;\"><u>GALUSEK, Du\u0161an<\/u><\/span> &#8211; KNEBEL, Alexander &#8211; WONDRACZEK, Lothar*. Overcoming the Selectivity-Sensitivity Trade-Off in Electroactive Gas Sensing Using Hybrid Glass Composites. In Advanced Functional Materials, 2025, vol. 35, no 10, art no. 2416535. (2024: 19 &#8211; IF, Q1 &#8211; JCR, 5.439 &#8211; SJR, Q1 &#8211; SJR).\u00a0 <a href=\"https:\/\/doi.org\/10.1002\/adfm.202416535\">https:\/\/doi.org\/10.1002\/adfm.202416535<\/a><\/p>\n<p>SVOBODA, Roman** &#8211; VRBENSK\u00dd, Roman &#8211; HONZ\u00cd\u010cEK, Jan &#8211; <span style=\"color: #ff6600;\"><u>CHROM\u010c\u00cdKOV\u00c1, M\u00e1ria<\/u><\/span>. Thermal Stability of Dexamethasone-Evaluation with Regard to Modern Medicinal and Pharmaceutical 3D-Printing Applications. In Molecules, 2025, vol. 30, no. 21, art no. 4234. (2024: 4.6 &#8211; IF, Q2 &#8211; JCR, 0.865 &#8211; SJR, Q1 &#8211; SJR). <a href=\"https:\/\/doi.org\/10.3390\/molecules30214234\">https:\/\/doi.org\/10.3390\/molecules30214234<\/a><\/p>\n<p>VAKHSHOURI, Maryam** &#8211; TALIMIAN, Ali &#8211; <span style=\"color: #ff6600;\"><u>NAJAFZADEHKHOEE, Aliasghar<\/u><\/span> &#8211; GALLARDO-L\u00d3PEZ, \u00c1ngela &#8211; POYATO, Rosal\u00eda &#8211; GUTI\u00c9RREZ-MORA, Felipe &#8211; <span style=\"color: #ff6600;\"><u>GALUSEK, Du\u0161an<\/u><\/span>. Fabrication of Al2O3\u2212Y3Al5O12\u2212ZrO2 composites by single-step spark plasma sintering. In Journal of the European Ceramic Society, 2025, vol. 45, no 10, art no. 117358. (2024: 6.2 &#8211; IF, Q1 &#8211; JCR, 1.3 &#8211; SJR, Q1 &#8211; SJR). <a href=\"https:\/\/doi.org\/10.1016\/j.jeurceramsoc.2025.117358\">https:\/\/doi.org\/10.1016\/j.jeurceramsoc.2025.117358<\/a><\/p>\n<p>VI\u0160\u010cOR, Petr** &#8211; \u010cERNO\u0160EK, Zden\u011bk &#8211; FATUR\u00cdKOV\u00c1, Katar\u00edna &#8211; HOLUBOV\u00c1, Jana &#8211; KLEMENT, Robert &#8211; <span style=\"color: #ff6600;\"><u>LI\u0160KA, Marek<\/u><\/span> &#8211; TICH\u00dd, Ladislav. Electrical transport and dielectric relaxation in 5Fe2O3-40ZnO-55P2O5 iron zinc phosphate bulk glass. In Journal of Non-Crystalline Solids, 2025, vol. 648, art no. 123311. (2024: 3.5 &#8211; IF, Q1 &#8211; JCR, 0.716 &#8211; SJR, Q2 &#8211; SJR).\u00a0 <a href=\"https:\/\/doi.org\/10.1016\/j.jnoncrysol.2024.123311\">https:\/\/doi.org\/10.1016\/j.jnoncrysol.2024.123311<\/a><\/p>\n<p>ABD-ELSATAR, Ahmed Gamal** &#8211; ELSAYED, Hamada &#8211; BASAK, Onat &#8211; MOSAS, Kamalan &#8211; NOWICKA, Aleksandra &#8211; KA\u0147KOV\u00c1, Hana &#8211; MEHTA, Akansha &#8211; RAHEL, Jozef &#8211; KRAXNER, Jozef &#8211; <span style=\"color: #ff6600;\"><u>GALUSEK, Du\u0161an<\/u><\/span> &#8211; BERNARDO, Enrico. Greener, safer, and stronger: plasma ion-exchanged pharmaceutical glass vials for precision drug delivery dosing. In Applied Surface Science Advances, 2025, vol. 27, art no. 100760. (2024: 8.7 &#8211; IF, Q1 &#8211; JCR, 1.467 &#8211; SJR, Q1 &#8211; SJR).\u00a0 <a href=\"https:\/\/doi.org\/10.1016\/j.apsadv.2025.100760\">https:\/\/doi.org\/10.1016\/j.apsadv.2025.100760<\/a><\/p>\n<p>BA\u015eAK, Onat** &#8211; KURTULDU, Fatih* &#8211; ILAVSK\u00dd, Jan &#8211; VIT\u00c1ZKOV\u00c1, Martina &#8211; BELTR\u00c1N, Ana M. &#8211; MU\u00f1OZ, Francisco &#8211; CASTRO, Yolanda &#8211; MICH\u00c1LEK, Martin &#8211; <span style=\"color: #ff6600;\"><u>CHROM\u010c\u00cdKOV\u00c1, M\u00e1ria<\/u><\/span>. Influence of calcium nitrate timing on the structural and textural characteristics of mesoporous SiO2-CaO nanoparticles. In Open Ceramics, 2025, vol. 23, art no. 100807. (2024: 2.8 &#8211; IF, Q1 &#8211; JCR, 0.53 &#8211; SJR, Q2 &#8211; SJR). <a href=\"https:\/\/doi.org\/10.1016\/j.oceram.2025.100807\">https:\/\/doi.org\/10.1016\/j.oceram.2025.100807<\/a><\/p>\n<p>MAJEROV\u00c1, Melinda** &#8211; <span style=\"color: #ff6600;\"><u>PRNOV\u00c1, Anna<\/u><\/span> &#8211; <span style=\"color: #ff6600;\"><u>VAL\u00daCHOV\u00c1, Jana<\/u><\/span> &#8211; <span style=\"color: #ff6600;\"><u>MICH\u00c1LKOV\u00c1, Monika<\/u><\/span> &#8211; PECU\u0160OV\u00c1, B. &#8211; \u017dIT\u0147AN, M. &#8211; KLEMENT, R. &#8211; <span style=\"color: #ff6600;\"><u>GALUSEK, Du\u0161an<\/u><\/span>. Hot press sintering of Y2O3-Al2O3 glasses: Impact of particle size on thermal behaviour, sintering ability and mechanical properties of sintered bodies. In Heliyon, 2025, vol. 11, no. 1, art. no. e41260. (2024: 3.6 &#8211; IF, Q1 &#8211; JCR, 0.644 &#8211; SJR, Q1 &#8211; SJR).\u00a0 <a href=\"https:\/\/doi.org\/10.1016\/j.heliyon.2024.e41260\">https:\/\/doi.org\/10.1016\/j.heliyon.2024.e41260<\/a><\/p>\n<p>&nbsp;<\/p>\n<h2>Spolupr\u00e1ca so zahrani\u010dn\u00fdmi in\u0161tit\u00faciami<\/h2>\n<ul>\n<li>Saint Gobain Advanced Ceramics, Turnov, Czech Republic<\/li>\n<li>Ioffe Physical Technical Institute, St. Petersburg, Russia<\/li>\n<li>Institute for Single Crystals, Kharkov, Ukraine<\/li>\n<li>Department of Materials, TU Darmstadt, Germany<\/li>\n<li>Department of Materials, Imperial College, London<\/li>\n<li>V\u0160ChT Praha, Czech Republic<\/li>\n<li>TU Pardubice, Czech Republic<\/li>\n<li>VTUO Brno, Czech Republic<\/li>\n<\/ul>\n","protected":false},"excerpt":{"rendered":"<p>Oddelenie VILA (Vitrum Laugaricio), spojen\u00e9 pracovisko \u00daACh SAV, TNUAD a\u00a0FChPT STU sa s\u00fastre\u010fuje na \u0161t\u00fadium vz\u0165ahov medzi zlo\u017een\u00edm, \u0161trukt\u00farou a\u00a0fyzik\u00e1lnymi vlastnos\u0165ami anorganick\u00fdch nekovov\u00fdch materi\u00e1lov. \u0160peci\u00e1lnym&#8230;<\/p>\n","protected":false},"author":1,"featured_media":0,"parent":49,"menu_order":0,"comment_status":"closed","ping_status":"closed","template":"","meta":{"footnotes":"","_links_to":"","_links_to_target":""},"class_list":["post-600","page","type-page","status-publish","hentry"],"_links":{"self":[{"href":"https:\/\/uach.sav.sk\/sk\/wp-json\/wp\/v2\/pages\/600","targetHints":{"allow":["GET"]}}],"collection":[{"href":"https:\/\/uach.sav.sk\/sk\/wp-json\/wp\/v2\/pages"}],"about":[{"href":"https:\/\/uach.sav.sk\/sk\/wp-json\/wp\/v2\/types\/page"}],"author":[{"embeddable":true,"href":"https:\/\/uach.sav.sk\/sk\/wp-json\/wp\/v2\/users\/1"}],"replies":[{"embeddable":true,"href":"https:\/\/uach.sav.sk\/sk\/wp-json\/wp\/v2\/comments?post=600"}],"version-history":[{"count":64,"href":"https:\/\/uach.sav.sk\/sk\/wp-json\/wp\/v2\/pages\/600\/revisions"}],"predecessor-version":[{"id":4221,"href":"https:\/\/uach.sav.sk\/sk\/wp-json\/wp\/v2\/pages\/600\/revisions\/4221"}],"up":[{"embeddable":true,"href":"https:\/\/uach.sav.sk\/sk\/wp-json\/wp\/v2\/pages\/49"}],"wp:attachment":[{"href":"https:\/\/uach.sav.sk\/sk\/wp-json\/wp\/v2\/media?parent=600"}],"curies":[{"name":"wp","href":"https:\/\/api.w.org\/{rel}","templated":true}]}}