{"id":620,"date":"2017-03-17T09:38:43","date_gmt":"2017-03-17T08:38:43","guid":{"rendered":"http:\/\/www.uach.sav.sk\/sk\/?page_id=620"},"modified":"2021-10-12T22:35:27","modified_gmt":"2021-10-12T20:35:27","slug":"zakladne-informacie","status":"publish","type":"page","link":"https:\/\/uach.sav.sk\/sk\/vzdelavanie\/doktorandske-studium\/zakladne-informacie\/","title":{"rendered":"Z\u00e1kladn\u00e9 inform\u00e1cie"},"content":{"rendered":"<h3>\u0160tudijn\u00e9 odbory a\u00a0 programy<\/h3>\n<p>\u00daACH SAV je externou vzdel\u00e1vacou in\u0161tit\u00faciou, ktor\u00e1 m\u00f4\u017ee \u0161koli\u0165 v nasleduj\u00facich \u0161tudijn\u00fdch odboroch:<\/p>\n<ul>\n<li>Ch\u00e9mia \u2192 \u0161tudijn\u00e9 programy v r\u00e1mci odboru: Anorganick\u00e1 ch\u00e9mia, Fyzik\u00e1lna ch\u00e9mia, Teoretick\u00e1 a po\u010d\u00edta\u010dov\u00e1 ch\u00e9mia,<\/li>\n<li>Fyzika \u2192\u00a0 \u0161tudijn\u00fd program v r\u00e1mci odboru: Chemick\u00e1 fyzika,<\/li>\n<li>Chemick\u00e9 in\u017einierstvo a technol\u00f3gie \u2192\u00a0 \u0161tudijn\u00e9 programy v r\u00e1mci odboru: Anorganick\u00e1 technol\u00f3gia a materi\u00e1ly, Anorganick\u00e1 technol\u00f3gia a nekovov\u00e9 materi\u00e1ly.<\/li>\n<\/ul>\n<p>&nbsp;<\/p>\n<h3>Podmienky pre prijatie na D\u0160<\/h3>\n<ul>\n<li>osved\u010denie o \u00faspe\u0161nom absolvovan\u00ed magistersk\u00e9ho alebo in\u017einierskeho \u0161t\u00fadia (titul Mgr. alebo Ing.),<\/li>\n<li>\u00faspe\u0161n\u00e9 absolvovanie prij\u00edmacieho pohovoru,<\/li>\n<li>s\u00fahlas \u0161kolite\u013ea a riadite\u013ea pracoviska s prijat\u00edm na vybran\u00fa t\u00e9mu zo zoznamu vyp\u00edsan\u00fdch t\u00e9m.<\/li>\n<\/ul>\n<p>O doktorandsk\u00e9 \u0161t\u00fadium na \u00daACH SAV sa m\u00f4\u017ee uch\u00e1dza\u0165 ka\u017ed\u00fd \u00faspe\u0161n\u00fd absolvent vysoko\u0161kolsk\u00e9ho \u0161t\u00fadia 2. stup\u0148a v danom alebo pr\u00edbuznom odbore. Z\u00e1ujemca sa uch\u00e1dza o jednu z vyp\u00edsan\u00fdch t\u00e9m ku konkr\u00e9tnemu \u0161kolite\u013eovi. Uz\u00e1vierka prihl\u00e1\u0161ok na\u00a0pr\u00edslu\u0161n\u00fdch univerzit\u00e1ch je spravidla koncom m\u00e1ja. Pred vlo\u017een\u00edm a odoslan\u00edm prihl\u00e1\u0161ky sa odpor\u00fa\u010da kontaktova\u0165 pracovn\u00edka \u00daACH, ktor\u00fd je uveden\u00fd ako \u0161kolite\u013e pre vybran\u00fa t\u00e9mu.<\/p>\n<p>Prij\u00edmacie konanie je neverejn\u00e9 pred viac\u010dlennou komisiou zlo\u017eenou z \u010dlenov pr\u00edslu\u0161nej fakulty, ktor\u00e1 zastre\u0161uje \u0161tudijn\u00fd odbor doplnenou \u010dlenmi z \u00dastavu anorganickej ch\u00e9mie SAV. Cie\u013eom pohovoru je zistenie v\u0161eobecn\u00fdch vedomost\u00ed v rozsahu vysoko\u0161kolsk\u00e9ho u\u010diva, stup\u0148a znalosti cudz\u00edch jazykov a diskusia okolo zamerania diplomovej pr\u00e1ce absolventa. Komisia na z\u00e1klade prij\u00edmacieho pohovoru ur\u010d\u00ed poradie \u00faspe\u0161n\u00fdch uch\u00e1dza\u010dov, ktor\u00ed vyhoveli po\u017eadovan\u00fdm krit\u00e9ri\u00e1m.<\/p>\n<p><strong>Z\u00edskan\u00fd titul:<\/strong> PhD (Philosophiae Doctor), po \u00faspe\u0161nej obhajobe dizerta\u010dnej pr\u00e1ce ho ude\u013euje Slovensk\u00e1 technick\u00e1 univerzita alebo Univerzita Komensk\u00e9ho v Bratislave<\/p>\n<p>&nbsp;<\/p>\n<h3>\u00daACH pon\u00faka:<\/h3>\n<ul>\n<li>pr\u00e1cu na modern\u00fdch experiment\u00e1lnych zariadeniach<\/li>\n<li>mo\u017enos\u0165 akt\u00edvne sa zapoji\u0165 do rie\u0161enia vedeck\u00fdch projektov na medzin\u00e1rodnej \u00farovni<\/li>\n<li>mo\u017enos\u0165 prezentova\u0165 svoje vedeck\u00e9 v\u00fdsledky na medzin\u00e1rodnom f\u00f3re (napr. \u00fa\u010das\u0165 na konferenci\u00e1ch, \u0161kol\u00e1ch, n\u00e1v\u0161tevy a \u0161tudijn\u00e9 pobyty na spolupracuj\u00facich pracovisk\u00e1ch a pod.)<\/li>\n<li>b\u00fdvanie na ubytovni SAV (v Dev\u00ednskej Novej Vsi, 20 min autobusom od \u00fastavu) v rekon\u0161truovan\u00fdch bytoch za v\u00fdhodn\u00fa cenu<\/li>\n<\/ul>\n<p>Podrobnej\u0161ie inform\u00e1cie o doktorandskom \u0161t\u00fadiu V\u00e1m poskytne tajomn\u00edk pre vzdel\u00e1vanie \u00daACH &#8211; Ing. Blanka Kub\u00edkov\u00e1, PhD., tel: +421 2 59410 421, e-mail: <a href=\"mailto:blanka.kubikova@savba.sk\">blanka.kubikova@savba.sk<\/a><\/p>\n","protected":false},"excerpt":{"rendered":"<p>\u0160tudijn\u00e9 odbory a\u00a0 programy \u00daACH SAV je externou vzdel\u00e1vacou in\u0161tit\u00faciou, ktor\u00e1 m\u00f4\u017ee \u0161koli\u0165 v nasleduj\u00facich \u0161tudijn\u00fdch odboroch: Ch\u00e9mia \u2192 \u0161tudijn\u00e9 programy v r\u00e1mci odboru: Anorganick\u00e1&#8230;<\/p>\n","protected":false},"author":1,"featured_media":0,"parent":53,"menu_order":0,"comment_status":"closed","ping_status":"closed","template":"","meta":{"footnotes":"","_links_to":"","_links_to_target":""},"class_list":["post-620","page","type-page","status-publish","hentry"],"_links":{"self":[{"href":"https:\/\/uach.sav.sk\/sk\/wp-json\/wp\/v2\/pages\/620","targetHints":{"allow":["GET"]}}],"collection":[{"href":"https:\/\/uach.sav.sk\/sk\/wp-json\/wp\/v2\/pages"}],"about":[{"href":"https:\/\/uach.sav.sk\/sk\/wp-json\/wp\/v2\/types\/page"}],"author":[{"embeddable":true,"href":"https:\/\/uach.sav.sk\/sk\/wp-json\/wp\/v2\/users\/1"}],"replies":[{"embeddable":true,"href":"https:\/\/uach.sav.sk\/sk\/wp-json\/wp\/v2\/comments?post=620"}],"version-history":[{"count":9,"href":"https:\/\/uach.sav.sk\/sk\/wp-json\/wp\/v2\/pages\/620\/revisions"}],"predecessor-version":[{"id":2121,"href":"https:\/\/uach.sav.sk\/sk\/wp-json\/wp\/v2\/pages\/620\/revisions\/2121"}],"up":[{"embeddable":true,"href":"https:\/\/uach.sav.sk\/sk\/wp-json\/wp\/v2\/pages\/53"}],"wp:attachment":[{"href":"https:\/\/uach.sav.sk\/sk\/wp-json\/wp\/v2\/media?parent=620"}],"curies":[{"name":"wp","href":"https:\/\/api.w.org\/{rel}","templated":true}]}}