{"id":631,"date":"2017-03-17T09:46:21","date_gmt":"2017-03-17T08:46:21","guid":{"rendered":"http:\/\/www.uach.sav.sk\/sk\/?page_id=631"},"modified":"2023-02-13T21:49:10","modified_gmt":"2023-02-13T20:49:10","slug":"priprava-keramickych-a-skelnych-vzoriek","status":"publish","type":"page","link":"https:\/\/uach.sav.sk\/sk\/veda-a-vyskum\/pristrojove-vybavenie\/priprava-keramickych-a-skelnych-vzoriek\/","title":{"rendered":"Pr\u00edprava keramick\u00fdch a skeln\u00fdch vzoriek"},"content":{"rendered":"<p><b>Hot Press <\/b><b>Elatec<\/b> <b>Control<\/b><b> (<\/b><b>Elatec<\/b> <b>Technology<\/b> <b>Corp<\/b><b>.)<\/b><\/p>\n<p><b>Kontakt: <\/b>doc. Ing. Miroslav Hnatko, PhD.\u00a0\u00a0\u00a0\u00a0\u00a0\u00a0 e-mail: <a href=\"mailto:miroslav.hnatko@savba.sk\">miroslav.hnatko@savba.sk<\/a><\/p>\n<p>Zariadenie na zhut\u0148ovanie keramick\u00fdch pr\u00edpadne kovov\u00fdch pr\u00e1\u0161kov pri vysokej teplote (do 1800 \u00b0C) pri pou\u017eit\u00ed jednoos\u00e9ho tlaku do 30 Mpa<\/p>\n<p>&nbsp;<\/p>\n<p><b>Vysokoteplotn\u00fd <\/b><b>izostatick\u00fd<\/b><b> lis <\/b><b>&#8211; <\/b><b>HIP 200-110*200Gl <\/b><b>\u00a0(EPSI <\/b><b>Ltd<\/b><b>.)<\/b><\/p>\n<p>Zariadenie sl\u00fa\u017eiace na zhut\u0148ovanie materi\u00e1lov pri vysok\u00fdch teplot\u00e1ch (do 2000 \u00b0C) s\u00a0vyu\u017eit\u00edm izostatick\u00e9ho p\u00f4sobenia tlaku plynu (do 200MPa). Tlak na zhut\u0148ovan\u00fd materi\u00e1l je aplikovan\u00fd inertn\u00fdm plynom (arg\u00f3n, dus\u00edk), resp. vzduchom, \u010d\u00edm sa dosiahne izostatick\u00e9 lisovanie a\u00a0t\u00fdm sa umo\u017e\u0148uje aj zhut\u0148ovanie v\u00fdliskov zlo\u017eit\u00fdch tvarov.<\/p>\n<p>Technick\u00e1 \u0161pecifik\u00e1cia:<\/p>\n<ul>\n<li>mo\u017enos\u0165 pou\u017eitia r\u00f4znych ohrevn\u00fdch elementov v\u00a0z\u00e1vislosti od potrieb experimentu \u2013 negrafitov\u00fd a\u00a0grafitov\u00fd<\/li>\n<li>maxim\u00e1lne pou\u017eite\u013en\u00e1 teplota pri spekan\u00ed, resp. zhut\u0148ovan\u00ed a\u017e do 1600, resp. 2000 \u00b0C s\u00a0vertik\u00e1lnou homogenitou teplotn\u00e9ho po\u013ea \u00b1 10 \u00b0C.<\/li>\n<li>maxim\u00e1lne pou\u017eite\u013en\u00fd tlak plynu (Ar, N2, vzduch) a\u017e do 200 Mpa<\/li>\n<li>sp\u00e4tn\u00e1 vyu\u017eite\u013enos\u0165 pou\u017eit\u00e9ho plynu na \u00farovni a\u017e 70 %.<\/li>\n<\/ul>\n<p>&nbsp;<\/p>\n<p><b>KCE-FP W100 (FCT <\/b><b>Systeme<\/b> <b>GmbH<\/b><b>)<\/b><\/p>\n<p><b>Kontakt: <\/b>doc. Ing. Zolt\u00e1n Len\u010d\u00e9\u0161, PhD.\u00a0\u00a0\u00a0\u00a0\u00a0\u00a0\u00a0\u00a0\u00a0\u00a0\u00a0 e-mail: <a href=\"mailto:zoltan.lences@savba.sk\">zoltan.lences@savba.sk<\/a><\/p>\n<p>Pec na zhut\u0148ovanie keramick\u00fdch pr\u00edpadne kovov\u00fdch pr\u00e1\u0161kov pri vysokej teplote (do 2200 \u00b0C) pri pou\u017eit\u00ed izostatick\u00e9ho tlaku zo v\u0161etk\u00fdch str\u00e1n do\u00a0 10 Mpa<\/p>\n<p><b>Komorov\u00e1 pec pre pr\u00e1cu v be\u017enej atmosf\u00e9re do 1800\u00b0C\u00a0 <\/b><\/p>\n<p>Vysokoteplotn\u00e1 komorov\u00e1 superkantalov\u00e1 taviaca pec do 1800\u00b0C s programovate\u013en\u00fdm regul\u00e1torom teploty a pozorovac\u00edm priezorom<\/p>\n<p>Vn\u00fatorn\u00fd rozmer pece: \u0161\u00edrka: 200 mm, v\u00fd\u0161ka: 170 mm, h\u013abka: 300 mm<\/p>\n<ul>\n<li>Pr\u00edkon pece: max. 6kVA<\/li>\n<li>Nap\u00e4tie: 3 x 230\/400 V<\/li>\n<li>Max. r\u00fdchlos\u0165 ohrevu: 20\u00b0C\/min.<\/li>\n<li>U\u017eito\u010dn\u00fd objem: 10 l<\/li>\n<li>Maxim\u00e1lna teplota: 1800\u00b0C<\/li>\n<\/ul>\n<p><b>Kontakt<\/b><b>: <\/b>Mgr. Peter \u0160van\u010d\u00e1rek, PhD., e-mail: peter.svancarek@tnuni.sk<\/p>\n<p>&nbsp;<\/p>\n<p><b>R\u00farov\u00e1 pec pre pr\u00e1cu vo v\u00e1kuu\/kontrolovanej atmosf\u00e9re do <\/b><b>1800\u00b0C<\/b><\/p>\n<p>Vodorovn\u00e1 valcov\u00e1 pec s mo\u017enos\u0165ou pr\u00e1ce v kontrolovanej atmosf\u00e9re alebo v\u00e1kuu pri teplot\u00e1ch do 1800\u00b0C s programovate\u013en\u00fdm regul\u00e1torom teploty<\/p>\n<ul>\n<li>Maxim\u00e1lna teplota: 1800\u00b0C<\/li>\n<li>Vn\u00fatorn\u00fd priemer pece: 70 mm<\/li>\n<li>D\u013a\u017eka v\u00fdhrevnej \u010dasti: 300 mm<\/li>\n<li>Celkov\u00e1 d\u013a\u017eka: 520 mm<\/li>\n<li>Homog\u00e9nne teplotn\u00e9 pole: min. 25-30% d\u013a\u017eky vyhrievanej \u010dasti<\/li>\n<li>Regul\u00e1cia: programovate\u013en\u00fd regul\u00e1tor CLARE 4<\/li>\n<li>Presnos\u0165 regul\u00e1cie: \u00b1 1\u00b0C<\/li>\n<li>Pr\u00edkon pece: 5 kW<\/li>\n<li>Nap\u00e4tie, pr\u00fad: 3 x 230\/400V, 12 A<\/li>\n<\/ul>\n<p><b>Kontakt<\/b><b>:\u00a0 <\/b>Mgr. Peter \u0160van\u010d\u00e1rek, PhD., e-mail: <a href=\"mailto:peter.svancarek@tnuni.sk\">peter.svancarek@tnuni.sk<\/a><\/p>\n<p>&nbsp;<\/p>\n<p><b>R\u00farov\u00e1 pec pre pr\u00e1cu vo v\u00e1kuu\/kontrolovanej atmosf\u00e9re do 1800\u00b0C (<\/b><b>Clasic<\/b><b> 0118 <\/b><b>T)<\/b><\/p>\n<p>Horizontal tube furnace with possibility to work in controlled atmosphere or vacuum up to temperatures of 1800\u00b0C with programmable temperature regulation<\/p>\n<ul>\n<li>Max. temperature 1800\u00b0C<\/li>\n<li>Inside diameter 70 mm<\/li>\n<li>Heating element length 300 mm<\/li>\n<li>Total length 520 mm<\/li>\n<li>Homogenous temperature field min. 25-30% of heated part length<\/li>\n<li>Regulation &#8211; programmable regulation CLARE 4<\/li>\n<li>Regulation accuracy \u00b1 1\u00b0C<\/li>\n<li>Input power 5 kW<\/li>\n<li>Voltage, current: 3 x 230\/400V, 12 A<\/li>\n<\/ul>\n<p><b>Kontakt<\/b><b>:\u00a0 <\/b>Mgr. Peter \u0160van\u010d\u00e1rek, PhD., e-mail: <a href=\"mailto:peter.svancarek@tnuni.sk\">peter.svancarek@tnuni.sk<\/a><\/p>\n<p>&nbsp;<\/p>\n<p><b>\u017diarov\u00fd lis <\/b><b>Clasic<\/b><b> 0220 ZL\u00a0<\/b><\/p>\n<p>Zariadenie s grafitov\u00fdmi v\u00fdhrevn\u00fdmi elementmi na tlakov\u00e9 zhut\u0148ovanie keramick\u00fdch vzoriek pri teplot\u00e1ch pou\u017eitia do cca. 2000\u00b0C a pri tlakoch do 40 MPa v inertnej atmosf\u00e9re (Ar, N) alebo vo v\u00e1kuu.<\/p>\n<ul>\n<li>Vonkaj\u0161ie rozmery: 600 x 800 x 1000 mm<\/li>\n<li>Vn\u00fatorn\u00e9 rozmery: f 40 x 50 mm<\/li>\n<li>Mno\u017estvo lisovanej l\u00e1tky: f 40 x 20 mm<\/li>\n<li>Maxim\u00e1lna teplota: 2000\u00b0C<\/li>\n<li>Maxim\u00e1lny lisovac\u00ed tlak: 40 MPa (400 bar)<\/li>\n<li>V\u00fdhrevn\u00e9 \u010dl\u00e1nky: grafitov\u00fd v\u00fdhrevn\u00fd k\u00f4\u0161<\/li>\n<li>R\u00fdchlos\u0165 ohrevu: max. 50\u00b0C\/min<\/li>\n<\/ul>\n<p><b>Kontakt<\/b><b>:\u00a0<\/b>Mgr. Peter \u0160van\u010d\u00e1rek, PhD., e-mail: <a href=\"mailto:peter.svancarek@tnuni.sk\">peter.svancarek@tnuni.sk<\/a><\/p>\n<p>&nbsp;<\/p>\n<p><b>R\u00farov\u00e1\u00a0<\/b><b>pec<\/b><b> do 1300\u00b0C <\/b><b>Clasic<\/b><b> 0213 T\u00a0<\/b><\/p>\n<p>R\u00farov\u00e1 pec pre pyrol\u00fdzy organokremi\u010dit\u00fdch\u00a0 prekurzorov v inertnej atmosf\u00e9re pri teplot\u00e1ch do 1300\u00b0C s programovate\u013en\u00fdm regul\u00e1torom teploty<\/p>\n<ul>\n<li>Maxim\u00e1lna teplota: 1300\u00b0C<\/li>\n<li>Vn\u00fatorn\u00fd priemer pece: 70 mm<\/li>\n<li>D\u013a\u017eka v\u00fdhrevnej \u010dasti: 500 mm<\/li>\n<li>Celkov\u00e1 d\u013a\u017eka: 600 mm<\/li>\n<li>D\u013a\u017eka homog\u00e9nneho teplotn\u00e9ho po\u013ea: min. 25% celkovej d\u013a\u017eky vyhrievanej \u010dasti<\/li>\n<li>Regul\u00e1cia: programovate\u013en\u00fd regul\u00e1tor CLARE 4<\/li>\n<li>Presnos\u0165 regul\u00e1cie: \u00b1 1\u00b0C<\/li>\n<li>Termo\u010dl\u00e1nok: Pt\/PtRh10<\/li>\n<li>Pr\u00edkon pece: 1,8 kW<\/li>\n<li>Nap\u00e4tie, pr\u00fad: 230 V, 8 A<\/li>\n<\/ul>\n<p><b>Kontakt<\/b><b>:\u00a0<\/b>Mgr. Peter \u0160van\u010d\u00e1rek, PhD., e-mail: <a href=\"mailto:peter.svancarek@tnuni.sk\">peter.svancarek@tnuni.sk<\/a><\/p>\n<p>&nbsp;<\/p>\n","protected":false},"excerpt":{"rendered":"<p>Hot Press Elatec Control (Elatec Technology Corp.) Kontakt: doc. Ing. Miroslav Hnatko, PhD.\u00a0\u00a0\u00a0\u00a0\u00a0\u00a0 e-mail: miroslav.hnatko@savba.sk Zariadenie na zhut\u0148ovanie keramick\u00fdch pr\u00edpadne kovov\u00fdch pr\u00e1\u0161kov pri vysokej teplote&#8230;<\/p>\n","protected":false},"author":1,"featured_media":0,"parent":37,"menu_order":30,"comment_status":"closed","ping_status":"closed","template":"","meta":{"footnotes":"","_links_to":"","_links_to_target":""},"class_list":["post-631","page","type-page","status-publish","hentry"],"_links":{"self":[{"href":"https:\/\/uach.sav.sk\/sk\/wp-json\/wp\/v2\/pages\/631","targetHints":{"allow":["GET"]}}],"collection":[{"href":"https:\/\/uach.sav.sk\/sk\/wp-json\/wp\/v2\/pages"}],"about":[{"href":"https:\/\/uach.sav.sk\/sk\/wp-json\/wp\/v2\/types\/page"}],"author":[{"embeddable":true,"href":"https:\/\/uach.sav.sk\/sk\/wp-json\/wp\/v2\/users\/1"}],"replies":[{"embeddable":true,"href":"https:\/\/uach.sav.sk\/sk\/wp-json\/wp\/v2\/comments?post=631"}],"version-history":[{"count":8,"href":"https:\/\/uach.sav.sk\/sk\/wp-json\/wp\/v2\/pages\/631\/revisions"}],"predecessor-version":[{"id":2795,"href":"https:\/\/uach.sav.sk\/sk\/wp-json\/wp\/v2\/pages\/631\/revisions\/2795"}],"up":[{"embeddable":true,"href":"https:\/\/uach.sav.sk\/sk\/wp-json\/wp\/v2\/pages\/37"}],"wp:attachment":[{"href":"https:\/\/uach.sav.sk\/sk\/wp-json\/wp\/v2\/media?parent=631"}],"curies":[{"name":"wp","href":"https:\/\/api.w.org\/{rel}","templated":true}]}}