{"id":633,"date":"2017-03-17T09:46:42","date_gmt":"2017-03-17T08:46:42","guid":{"rendered":"http:\/\/www.uach.sav.sk\/sk\/?page_id=633"},"modified":"2023-02-13T21:45:00","modified_gmt":"2023-02-13T20:45:00","slug":"opracovanie-keramickych-a-skelnych-vzoriek","status":"publish","type":"page","link":"https:\/\/uach.sav.sk\/sk\/veda-a-vyskum\/pristrojove-vybavenie\/opracovanie-keramickych-a-skelnych-vzoriek\/","title":{"rendered":"Opracovanie keramick\u00fdch a skeln\u00fdch vzoriek"},"content":{"rendered":"<p><b><img loading=\"lazy\" decoding=\"async\" class=\" wp-image-695 alignright\" src=\"http:\/\/www.uach.sav.sk\/sk\/wp-content\/uploads\/sites\/2\/10_grinding-jung-300x225.jpg\" alt=\"\" width=\"340\" height=\"255\" srcset=\"https:\/\/uach.sav.sk\/sk\/wp-content\/uploads\/sites\/2\/10_grinding-jung-300x225.jpg 300w, https:\/\/uach.sav.sk\/sk\/wp-content\/uploads\/sites\/2\/10_grinding-jung.jpg 562w\" sizes=\"auto, (max-width: 340px) 100vw, 340px\" \/>Diamantov\u00e1 fr\u00e9za JUNG JE 525 P <\/b><b>Optical<\/b><b> Profile <\/b><b>Grinding<\/b> <b>Machine<\/b><\/p>\n<p>Kontakt: doc. Ing. Miroslav Hnatko, PhD. e-mail: <a href=\"mailto:miroslav.hnatko@savba.sk\">miroslav.hnatko@savba.sk<\/a><\/p>\n<ul>\n<li>Pr\u00edstroj umo\u017e\u0148uje:<\/li>\n<li>rovinn\u00e9 br\u00fasenie<\/li>\n<li>br\u00fasenie profilov<\/li>\n<li>opracov\u00e1vanie keramick\u00fdch materi\u00e1lov s vysokou tvrdos\u0165ou<\/li>\n<\/ul>\n<p>Technick\u00e9 parametre:<\/p>\n<ul>\n<li>rozsah br\u00fasenia: 600 x 300 mm<\/li>\n<li>posun v osiach X, Y a Z pomocou servo pohonu<\/li>\n<li>mo\u017enos\u0165 zarovn\u00e1vanie br\u00fasnych kot\u00fa\u010dov priamo v procese\u00a0 br\u00fasenia<\/li>\n<li>za\u0165a\u017eenie pracovn\u00e9ho stola: do 130 kg<\/li>\n<li>mo\u017enos\u0165 nastavenia kyvadlov\u00e9ho br\u00fasenia<\/li>\n<\/ul>\n<p>&nbsp;<\/p>\n<p><b>Presn\u00e1 diamantov\u00e1 p\u00edla na rezanie tvrd\u00fdch materi\u00e1lov Model: ISOMET 5000 11-2775 (<\/b><b>Buehler<\/b> <b>GmbH<\/b><b>)<\/b><\/p>\n<p>Kontakt: Mgr. Peter \u0160van\u010d\u00e1rek, PhD., <a href=\"mailto:peter.svancarek@tnuni.sk\">peter.svancarek@tnuni.sk<\/a><\/p>\n<p>Zariadenie na jemn\u00e9 presn\u00e9 rezanie ve\u013emi tvrd\u00fdch vzoriek diamantov\u00fdm kot\u00fa\u010dom, s hr\u00fabkou rezu men\u0161ou ako 0,5 mm, nastavite\u013enou r\u00fdchlos\u0165ou ot\u00e1\u010dok, mo\u017enos\u0165ou s\u00e9riov\u00e9ho rezania, riadenou r\u00fdchlos\u0165ou posunu vzorky, rot\u00e1ciou a oscil\u00e1ciou dr\u017eiaka vzorky a funkciou bezdeforma\u010dn\u00e9ho rezania.<\/p>\n<ul>\n<li>Maxim\u00e1lne rozmery vzoriek 150x50x13mm (prierez 50x13mm), alebo priemeru 50mm.<\/li>\n<li>Hr\u00fabka rezu 0.667mm<\/li>\n<li>Nepravidelne vzorky je mo\u017en\u00e9 upevni\u0165 do dr\u017eiaka ktor\u00fd umo\u017e\u0148uje \u00fachyt vzorky s prierezom cca\u00a0 30x30mm.<\/li>\n<li>Vzorky s pribli\u017ene paraleln\u00fdmi stranami je mo\u017en\u00e9 upevni\u0165 do dr\u017eiakov s vn\u00fatorn\u00fdm prierezom 35 x 50mm resp. 35x11mm.<\/li>\n<li>K dispoz\u00edcii je aj dr\u017eiak pre nalepenie vzorky s rozmermi 63&#215;43 mm<\/li>\n<li>P\u00edla je chladen\u00e1 vodou<\/li>\n<\/ul>\n<p>&nbsp;<\/p>\n<p><b>Keramografick\u00e1<\/b><b> le\u0161ti\u010dka s\u00a0pr\u00edslu\u0161enstvom <\/b><b>EcoMet<\/b><b> 300\/AutoMet 300 (<\/b><b>Buehler<\/b> <b>GmbH<\/b><u><b>) <\/b><\/u><\/p>\n<p>Kontakt: Mgr. Peter \u0160van\u010d\u00e1rek, PhD., <a href=\"mailto:peter.svancarek@tnuni.sk\">peter.svancarek@tnuni.sk<\/a><\/p>\n<p>Prec\u00edzne br\u00fasenie a le\u0161tenie keramick\u00fdch a sklen\u00fdch materi\u00e1lov<\/p>\n<ul>\n<li>pr\u00edprava sklenen\u00fdch a keramick\u00fdch vzoriek na meranie mechanick\u00fdch vlastnost\u00ed ako tvrdos\u0165 lomov\u00e1 h\u00fa\u017eevnatos\u0165 a pevnos\u0165 v ohybe<\/li>\n<li>pr\u00edprava vzoriek pre optick\u00fd a elektr\u00f3nov\u00fd mikroskop<\/li>\n<li>pr\u00edprava vzoriek na meranie indexu lomu a optick\u00fdch vlastnost\u00ed<\/li>\n<li>Pneumaticky pr\u00edtlak vzoriek 5-90N\/vzorka<\/li>\n<li>Nastavite\u013en\u00e1 r\u00fdchlos\u0165 ot\u00e1\u010dania br\u00fasnych kot\u00fa\u010dov v rozmedz\u00ed 10-400 ot.\/min<\/li>\n<li>Nastavite\u013en\u00fd smer rot\u00e1cie dr\u017eiaka vzoriek jeho ot\u00e1\u010dky v rozmedz\u00ed 60-150 ot.\/min<\/li>\n<li>Mo\u017enos\u0165 odrezania, br\u00fasenia a le\u0161tenia vzorky s rozmermi cca 25x50mm pou\u017eit\u00edm \u0161peci\u00e1lnych dr\u017eiakov na vzorky<\/li>\n<\/ul>\n<p>&nbsp;<\/p>\n<p><b><img loading=\"lazy\" decoding=\"async\" class=\"size-medium wp-image-696 alignright\" src=\"http:\/\/www.uach.sav.sk\/sk\/wp-content\/uploads\/sites\/2\/10_abrasimatic-263x300.jpg\" alt=\"\" width=\"263\" height=\"300\" srcset=\"https:\/\/uach.sav.sk\/sk\/wp-content\/uploads\/sites\/2\/10_abrasimatic-263x300.jpg 263w, https:\/\/uach.sav.sk\/sk\/wp-content\/uploads\/sites\/2\/10_abrasimatic.jpg 278w\" sizes=\"auto, (max-width: 263px) 100vw, 263px\" \/>Diamantov\u00e1 p\u00edla na rezanie tvrd\u00fdch materi\u00e1lov <\/b><b>AbrasiMatic<\/b><b> 300\u00a0 (<\/b><b>Buehler<\/b> <b>GmbH<\/b><b>)\u00a0\u00a0 (Tren\u010d\u00edn)<\/b><\/p>\n<p>Kontakt: Mgr. Peter \u0160van\u010d\u00e1rek, PhD., <a href=\"mailto:peter.svancarek@tnuni.sk\">peter.svancarek@tnuni.sk<\/a><\/p>\n<p>Zariadenie na hrub\u00e9 a r\u00fdchle rezanie v\u00e4\u010d\u0161\u00edch ve\u013emi tvrd\u00fdch vzoriek s dr\u017eiakom vzoriek s posuvom v osiach x a y, s priemerom diamantov\u00e9ho kot\u00fa\u010da cca 300mm, r\u00fdchloup\u00ednan\u00edm vzoriek, mo\u017enos\u0165ou paraleln\u00e9ho\u00a0 rezu, mo\u017enos\u0165ou zarovn\u00e1vania kot\u00fa\u010da pre r\u00fdchlej\u0161ie rezanie a men\u0161ie vibr\u00e1cie, nastavite\u013en\u00fdmi ot\u00e1\u010dkami a mo\u017enos\u0165ou plne manu\u00e1lneho re\u017eimu.<\/p>\n<ul>\n<li>Maxim\u00e1lny priemer valcovej vzorky 110mm<\/li>\n<li>Maxim\u00e1lny prierez (d\u013a\u017eka x v\u00fd\u0161ka) 100x100mm, maxim\u00e1lna d\u013a\u017eka rezu 250mm pri hr\u00fabke vzorky cca 15mm<\/li>\n<li>P\u00edla je chladen\u00e1 vodou<\/li>\n<\/ul>\n<p>&nbsp;<\/p>\n<p><b><img loading=\"lazy\" decoding=\"async\" class=\" wp-image-697 alignright\" src=\"http:\/\/www.uach.sav.sk\/sk\/wp-content\/uploads\/sites\/2\/11_plasma-system-225x300.jpg\" alt=\"\" width=\"255\" height=\"340\" srcset=\"https:\/\/uach.sav.sk\/sk\/wp-content\/uploads\/sites\/2\/11_plasma-system-225x300.jpg 225w, https:\/\/uach.sav.sk\/sk\/wp-content\/uploads\/sites\/2\/11_plasma-system.jpg 300w\" sizes=\"auto, (max-width: 255px) 100vw, 255px\" \/>PLAZMOV\u00c1 LEPTA\u010cKA typ FEMTO(<\/b><b>Diener<\/b> <b>electronic<\/b><b>, <\/b><b>GmbH<\/b><b> + <\/b><b>Co<\/b><b>. KG)<\/b><\/p>\n<p>Kontakt: doc. Ing. Zolt\u00e1n Len\u010d\u00e9\u0161, PhD.\u00a0\u00a0\u00a0\u00a0\u00a0\u00a0\u00a0\u00a0\u00a0\u00a0\u00a0 e-mail: <a href=\"mailto:zoltan.lences@savba.sk\">zoltan.lences@savba.sk<\/a><\/p>\n<p>Plazmov\u00e1 lepta\u010dka sl\u00fa\u017ei na \u00fapravu povrchov materi\u00e1lov pre \u00fa\u010dely n\u00e1sledn\u00fdch anal\u00fdz alebo \u010fal\u0161ieho spracovania p\u00f4soben\u00edm plazmy. Doch\u00e1dza tak bu\u010f k\u00a0selekt\u00edvnemu odleptaniu \u010dasti povrchu materi\u00e1lu, k\u00a0dokonal\u00e9mu o\u010disteniu povrchu r\u00f4znych rez\u00eddu\u00ed, resp. \u00fapravu povrchov (napr. hydrofobiz\u00e1cia). V\u00a0z\u00e1vislosti od aplik\u00e1cie je mo\u017en\u00e9 pou\u017ei\u0165 r\u00f4zne druhy plynov. Technick\u00e1 \u0161pecifik\u00e1cia:<\/p>\n<ul>\n<li>13,56 MHz gener\u00e1tor, 0-100W<\/li>\n<li>Pripojenie dvoch r\u00f4znych plynov<\/li>\n<li>RIE elektr\u00f3da s\u00a0plynovou sprchovou na zabezpe\u010denie homogenity a\u00a0zv\u00fd\u0161enie efektivity \u00fa\u010dinku plazmy<\/li>\n<li>Cel\u00fd proces je kontrolovan\u00fd a\u00a0riaden\u00fd v\u00fdpo\u010dtovou technikou s\u00a0intuit\u00edvnym programov\u00fdm a\u00a0ovl\u00e1dac\u00edm prostred\u00edm<\/li>\n<li>Pre zv\u00fd\u0161enie bezpe\u010dnosti sa na v\u00fdstupe pou\u017e\u00edva filter s\u00a0akt\u00edvnym uhl\u00edm<\/li>\n<\/ul>\n","protected":false},"excerpt":{"rendered":"<p>Diamantov\u00e1 fr\u00e9za JUNG JE 525 P Optical Profile Grinding Machine Kontakt: doc. Ing. Miroslav Hnatko, PhD. e-mail: miroslav.hnatko@savba.sk Pr\u00edstroj umo\u017e\u0148uje: rovinn\u00e9 br\u00fasenie br\u00fasenie profilov opracov\u00e1vanie&#8230;<\/p>\n","protected":false},"author":1,"featured_media":0,"parent":37,"menu_order":40,"comment_status":"closed","ping_status":"closed","template":"","meta":{"footnotes":"","_links_to":"","_links_to_target":""},"class_list":["post-633","page","type-page","status-publish","hentry"],"_links":{"self":[{"href":"https:\/\/uach.sav.sk\/sk\/wp-json\/wp\/v2\/pages\/633","targetHints":{"allow":["GET"]}}],"collection":[{"href":"https:\/\/uach.sav.sk\/sk\/wp-json\/wp\/v2\/pages"}],"about":[{"href":"https:\/\/uach.sav.sk\/sk\/wp-json\/wp\/v2\/types\/page"}],"author":[{"embeddable":true,"href":"https:\/\/uach.sav.sk\/sk\/wp-json\/wp\/v2\/users\/1"}],"replies":[{"embeddable":true,"href":"https:\/\/uach.sav.sk\/sk\/wp-json\/wp\/v2\/comments?post=633"}],"version-history":[{"count":6,"href":"https:\/\/uach.sav.sk\/sk\/wp-json\/wp\/v2\/pages\/633\/revisions"}],"predecessor-version":[{"id":2793,"href":"https:\/\/uach.sav.sk\/sk\/wp-json\/wp\/v2\/pages\/633\/revisions\/2793"}],"up":[{"embeddable":true,"href":"https:\/\/uach.sav.sk\/sk\/wp-json\/wp\/v2\/pages\/37"}],"wp:attachment":[{"href":"https:\/\/uach.sav.sk\/sk\/wp-json\/wp\/v2\/media?parent=633"}],"curies":[{"name":"wp","href":"https:\/\/api.w.org\/{rel}","templated":true}]}}