{"id":635,"date":"2017-03-17T09:46:59","date_gmt":"2017-03-17T08:46:59","guid":{"rendered":"http:\/\/www.uach.sav.sk\/sk\/?page_id=635"},"modified":"2017-03-21T17:36:31","modified_gmt":"2017-03-21T16:36:31","slug":"priprava-vzoriek-ine","status":"publish","type":"page","link":"https:\/\/uach.sav.sk\/sk\/veda-a-vyskum\/pristrojove-vybavenie\/priprava-vzoriek-ine\/","title":{"rendered":"Pr\u00edprava vzoriek \u2013 in\u00e9"},"content":{"rendered":"<p><b>Glove<\/b><b> box s v\u00e1kuovou komorou\u00a0 &#8211; GP CONCEPT-T4 (<\/b><b>Jacomex<\/b><b>, <\/b><b>Dagneux<\/b><b>)<\/b><\/p>\n<p>Zariadenie pre uchov\u00e1vanie a manipul\u00e1ciu s l\u00e1tkami citliv\u00fdmi na vzdu\u0161n\u00fa vlhkos\u0165 a kysl\u00edk<\/p>\n<p>Technick\u00e9 parametre:<\/p>\n<ul>\n<li>Dvojstup\u0148ov\u00e1 v\u00e1kuov\u00e1 pumpa s \u010derpac\u00edm v\u00fdkonom 21 m3\/h, s filtrom pre zachytenie unikaj\u00faceho oleja,<\/li>\n<li>\u00a0Butylov\u00e9 rukavice (4 ks) s hr\u00fabkou 0.6 mm a d\u013a\u017ekou 750 mm,<\/li>\n<li>\u00a0Integrovan\u00fd odstra\u0148ova\u010d olejov\u00e9ho oparu,<\/li>\n<li>\u00a0Samostatn\u00fd kompresor na udr\u017eanie kon\u0161tantn\u00e9ho pr\u00fadu inertn\u00e9ho plynu s automatickou regul\u00e1ciou tlaku,<\/li>\n<li>\u00a0Variabiln\u00e9 nastavenie v\u00fdkonu pou\u017eite\u013en\u00e9ho kompresora, v minim\u00e1lnom rozsahu od 0 do 35 m3\/h,<\/li>\n<li>\u00a0\u010cistiaca jednotka obsahuj\u00faca reaktor na odstr\u00e1nenie st\u00f4p O2 a H2O z inertn\u00e9ho plynu a ich\u00a0 analyz\u00e1tory, (ich koncentr\u00e1cia nem\u00f4\u017ee presiahnu\u0165 1 ppm)<\/li>\n<\/ul>\n<p>&nbsp;<\/p>\n<p><b>FreeZone<\/b> <b>Freeze<\/b> <b>Dry<\/b> <b>Systems<\/b><b> Plus <\/b><b>Cascade<\/b><b> (<\/b><b>Labconco<\/b><b>)<\/b><\/p>\n<p>su\u0161enie vzoriek met\u00f3dou v\u00e1kuov\u00e9ho vymrazovania Technick\u00e9 parametre:<\/p>\n<ul>\n<li>\u00a0vymrazovacia kapacita 1,8 litra vody\/24 hod<\/li>\n<li>\u00a0dvojit\u00fd mraziaci syst\u00e9m umo\u017e\u0148uj\u00faci dosiahnu\u0165 teplotu kondenz\u00e1tora\u00a0 a\u017e -84\u00b0C<\/li>\n<li>\u00a0vysok\u00e1 chladiaca kapacita, rovnomern\u00e9 tvorenie n\u00e1mrazy<\/li>\n<li>\u00a0objem spracov\u00e1vanej vzorky 10-1000 ml<\/li>\n<\/ul>\n<p>Pr\u00edslu\u0161enstvo:<\/p>\n<ul>\n<li>\u00a0predmrazovacie zariadenie, nerezov\u00e1 va\u0148a, pracovn\u00e1 teplota -40\u00b0C<\/li>\n<li>\u00a0nerezov\u00e1 su\u0161iaca komora s dvan\u00e1stimi pr\u00edpojkami<\/li>\n<li>\u00a0rota\u010dn\u00e1 olejov\u00e1 v\u00fdveva pre pr\u00e1cu s vodn\u00fdmi roztokmi,<\/li>\n<li>\u00a0sada v\u00e1kuov\u00fdch sklenen\u00fdch flia\u0161 (50-2000 ml)<\/li>\n<\/ul>\n<p>Kontakt:Mgr. \u013dubo\u0161 Jankovi\u010d, PhD. E-mail: lubos.jankovic@savba.sk<\/p>\n<p>&nbsp;<\/p>\n<p><b>Lyofyliz\u00e1tor<\/b><b> LS-2 (<\/b><b>PowderPro<\/b><b> AB)<\/b><\/p>\n<p>Technick\u00e9 parametre:\u00a0 vymrazovacia kapacita 1,8 litra vody\/24 hod<\/p>\n<ul>\n<li>\u00a0dvojit\u00fd mraziaci syst\u00e9m umo\u017e\u0148uj\u00faci dosiahnu\u0165 teplotu kondenz\u00e1tora\u00a0 a\u017e -84\u00b0C<\/li>\n<li>\u00a0vysok\u00e1 chladiaca kapacita, rovnomern\u00e9 tvorenie n\u00e1mrazy<\/li>\n<li>\u00a0objem spracov\u00e1vanej vzorky 10-1000 ml<\/li>\n<\/ul>\n<p>Pr\u00edslu\u0161enstvo:<\/p>\n<ul>\n<li>\u00a0predmrazovacie zariadenie, nerezov\u00e1 va\u0148a, pracovn\u00e1 teplota -40\u00b0C<\/li>\n<li>\u00a0nerezov\u00e1 su\u0161iaca komora s dvan\u00e1stimi pr\u00edpojkami<\/li>\n<li>\u00a0rota\u010dn\u00e1 olejov\u00e1 v\u00fdveva pre pr\u00e1cu s vodn\u00fdmi roztokmi,<\/li>\n<li>\u00a0sada v\u00e1kuov\u00fdch sklenen\u00fdch flia\u0161 (50-2000 ml)<\/li>\n<\/ul>\n<p>Kontakt:\u00a0 Ing. Ondrej Hanzel, PhD. e-mail: ondrej.hanzel@savba.sk<\/p>\n<p>&nbsp;<\/p>\n<p><strong>Planet\u00e1rny mlyn RETSCH PM 100<\/strong><\/p>\n<ul>\n<li>homogenizovanie a mletie pr\u00e1\u0161kov a zmes\u00ed<\/li>\n<\/ul>\n<p>Kontakt: Ing. Ondrej Hanzel, PhD. e-mail:\u00a0<a href=\"mailto:ondrej.hanzel@savba.sk\">ondrej.hanzel@savba.sk<\/a><\/p>\n<p>&nbsp;<\/p>\n<p><strong>Planetary Mill &#8211; Pulverisette 5 (FRITSCH GmbH)\u00a0\u00a0 (Tren\u010d\u00edn)<\/strong><\/p>\n<ul>\n<li>Zariadenie na such\u00e9 mletie a\u00a0homogenizovanie suspenzi\u00ed<\/li>\n<li>R\u00fdchla a\u00a0kvalitn\u00e1 homogeniz\u00e1cia suspenzi\u00ed, mletie pr\u00e1\u0161kov a\u00a0aktiv\u00e1cia ich povrchu<\/li>\n<li>\u0161tvormiestny s maxim\u00e1lnou kapacitou 4x250ml a mo\u017enos\u0165ou pou\u017eitia mlec\u00edch n\u00e1dob s objemom 2&#215;250 a 4&#215;80 ml<\/li>\n<li>pr\u00edslu\u0161enstvo (mlecie n\u00e1dobky a teles\u00e1): Al2O3 (99,7 %)<\/li>\n<\/ul>\n<p>Kontakt: Ing. Anna Prnov\u00e1, PhD., <a href=\"mailto:anna.prnova@tnuni.sk\">anna.prnova@tnuni.sk<\/a><\/p>\n<p>&nbsp;<\/p>\n<p><strong>Pulverisette 0 (FRITSCH GmbH)\u00a0 (Tren\u010d\u00edn)<\/strong><\/p>\n<p>Vibra\u010dn\u00fd mikromlyn\u010dek na mletie mal\u00fdch mno\u017estiev vzorky (do 10 ml), s v\u00fdstupnou ve\u013ekos\u0165ou \u010dast\u00edc do 10 \u00b5m a nastavite\u013enou amplit\u00fadou vibr\u00e1ci\u00ed<\/p>\n<ul>\n<li>pr\u00edprava na RTG f\u00e1zov\u00fa anal\u00fdzu, resp. drvenie s kontrolovanou granulometriou pre kor\u00f3zne testy keramiky a skla<\/li>\n<li>plynule nastavite\u013en\u00e1 amplit\u00fada vibr\u00e1ci\u00ed<\/li>\n<li>pr\u00edslu\u0161enstvo (mlecie n\u00e1dobky a teles\u00e1): Al2O3 (99,7 %), ach\u00e1t<\/li>\n<\/ul>\n<p>Kontakt: Ing. Anna Prnov\u00e1, PhD., <a href=\"mailto:anna.prnova@tnuni.sk\">anna.prnova@tnuni.sk<\/a><\/p>\n","protected":false},"excerpt":{"rendered":"<p>Glove box s v\u00e1kuovou komorou\u00a0 &#8211; GP CONCEPT-T4 (Jacomex, Dagneux) Zariadenie pre uchov\u00e1vanie a manipul\u00e1ciu s l\u00e1tkami citliv\u00fdmi na vzdu\u0161n\u00fa vlhkos\u0165 a kysl\u00edk Technick\u00e9 parametre:&#8230;<\/p>\n","protected":false},"author":1,"featured_media":0,"parent":37,"menu_order":50,"comment_status":"closed","ping_status":"closed","template":"","meta":{"footnotes":"","_links_to":"","_links_to_target":""},"class_list":["post-635","page","type-page","status-publish","hentry"],"_links":{"self":[{"href":"https:\/\/uach.sav.sk\/sk\/wp-json\/wp\/v2\/pages\/635","targetHints":{"allow":["GET"]}}],"collection":[{"href":"https:\/\/uach.sav.sk\/sk\/wp-json\/wp\/v2\/pages"}],"about":[{"href":"https:\/\/uach.sav.sk\/sk\/wp-json\/wp\/v2\/types\/page"}],"author":[{"embeddable":true,"href":"https:\/\/uach.sav.sk\/sk\/wp-json\/wp\/v2\/users\/1"}],"replies":[{"embeddable":true,"href":"https:\/\/uach.sav.sk\/sk\/wp-json\/wp\/v2\/comments?post=635"}],"version-history":[{"count":5,"href":"https:\/\/uach.sav.sk\/sk\/wp-json\/wp\/v2\/pages\/635\/revisions"}],"predecessor-version":[{"id":704,"href":"https:\/\/uach.sav.sk\/sk\/wp-json\/wp\/v2\/pages\/635\/revisions\/704"}],"up":[{"embeddable":true,"href":"https:\/\/uach.sav.sk\/sk\/wp-json\/wp\/v2\/pages\/37"}],"wp:attachment":[{"href":"https:\/\/uach.sav.sk\/sk\/wp-json\/wp\/v2\/media?parent=635"}],"curies":[{"name":"wp","href":"https:\/\/api.w.org\/{rel}","templated":true}]}}