{"id":644,"date":"2017-03-17T09:50:30","date_gmt":"2017-03-17T08:50:30","guid":{"rendered":"http:\/\/www.uach.sav.sk\/sk\/?page_id=644"},"modified":"2017-03-17T10:02:06","modified_gmt":"2017-03-17T09:02:06","slug":"zakladne-informacie","status":"publish","type":"page","link":"https:\/\/uach.sav.sk\/sk\/veda-a-vyskum\/pristrojove-vybavenie\/zakladne-informacie\/","title":{"rendered":"Z\u00e1kladn\u00e9 inform\u00e1cie"},"content":{"rendered":"<table width=\"1512\">\n<tbody>\n<tr>\n<td colspan=\"2\" width=\"1512\">\n<h2><a href=\"http:\/\/www.uach.sav.sk\/sk\/veda-a-vyskum\/pristrojove-vybavenie\/fazova-mikrostrukturna-a-chemicka-analyza\/\"><span style=\"color: #008080;\"><strong>F\u00e1zov\u00e1, mikro\u0161trukt\u00farna a chemick\u00e1 anal\u00fdza<\/strong><\/span><\/a><\/h2>\n<\/td>\n<\/tr>\n<tr>\n<td width=\"756\"><strong>Skenovac\u00ed elektr\u00f3nov\u00fd mikroskop<\/strong><\/td>\n<td width=\"756\">JEOL EVO\u00ae 40 Series (Bratislava)<\/p>\n<p>JEOL JSM-7600 F\/EDS\/WDS\/EBSD (Tren\u010d\u00edn)<\/td>\n<\/tr>\n<tr>\n<td width=\"756\"><strong>R\u00f6ntgenov\u00fd pr\u00e1\u0161kov\u00fd difraktometer<\/strong><\/td>\n<td width=\"756\">Panalytical Empyrean<\/td>\n<\/tr>\n<tr>\n<td width=\"756\"><strong>Element\u00e1rny analyz\u00e1tor C\/H\/N\/S\/O<\/strong><\/td>\n<td width=\"756\">C\/S analyser EMIA-320 V2 AC HORIBA Jobin Yvon<\/p>\n<p>O\/N\/H analyser EMGA 830 AC HORIBA Jobin Yvon<\/td>\n<\/tr>\n<tr>\n<td width=\"756\"><\/td>\n<td width=\"756\"><\/td>\n<\/tr>\n<tr>\n<td colspan=\"2\" width=\"1512\">\n<h2><a href=\"http:\/\/www.uach.sav.sk\/sk\/veda-a-vyskum\/pristrojove-vybavenie\/metody-pre-stanovenie-fyzikalno-chemickych-a-mechanickych-vlastnosti-materialov\/\"><span style=\"color: #008080;\"><strong>Met\u00f3dy pre stanovenie fyzik\u00e1lno-chemick\u00fdch a mechanick\u00fdch vlastnost\u00ed materi\u00e1lov<\/strong><\/span><\/a><\/h2>\n<\/td>\n<\/tr>\n<tr>\n<td width=\"756\"><strong>Simult\u00e1nna termick\u00e1 anal\u00fdza<\/strong><\/td>\n<td width=\"756\">STA 449 F1 Jupiter (Netzch Geratebau GmbH)<\/p>\n<p>STA 449 F3 Jupiter (Netzch Geratebau GmbH) with TGA-IR module TENSOR (Bruker)<\/td>\n<\/tr>\n<tr>\n<td width=\"756\"><strong>Reometre \/ viskozimetre \/ hustota<\/strong><\/td>\n<td width=\"756\">MCR501 (Anton Paar GmbH)<\/p>\n<p>HAAKE MARS III (ThermoFisher Scientific)<\/p>\n<p>Ultrapyc 1200e (Quantachrome Instruments)<\/td>\n<\/tr>\n<tr>\n<td width=\"756\"><strong>Analyz\u00e1tor ve\u013ekosti \u010dast\u00edc a potenciometre<\/strong><\/td>\n<td width=\"756\">Nano ZS 3601 (Malvern Instruments Ltd.)<\/p>\n<p>Brookhaven 90Plus (Brookhaven Instruments Corpor.)<\/p>\n<p>Modulab ESC-MTS (Solartron Analytical)<\/td>\n<\/tr>\n<tr>\n<td width=\"756\"><strong>Odporov\u00e9 pece na meranie fyzik\u00e1lno-chemick\u00fdch vlastnost\u00ed taven\u00edn<\/strong><\/td>\n<td><\/td>\n<\/tr>\n<tr>\n<td width=\"756\"><strong>\u0160peci\u00e1lna elektronika pre meranie vodivosti<\/strong><\/td>\n<td width=\"756\">National Instruments<\/td>\n<\/tr>\n<tr>\n<td width=\"756\"><strong>Testovanie mechanick\u00fdch vlastnost\u00ed a kor\u00f3zie materi\u00e1lov<\/strong><\/td>\n<td width=\"756\">LLOYD LR5K Plus (Lloyd Materials Testing)<\/p>\n<p>LECO LV \u2013 100AT (LECO Corp.)<\/td>\n<\/tr>\n<tr>\n<td width=\"756\"><\/td>\n<td width=\"756\"><\/td>\n<\/tr>\n<tr>\n<td colspan=\"2\" width=\"1512\">\n<h2><a href=\"http:\/\/www.uach.sav.sk\/sk\/veda-a-vyskum\/pristrojove-vybavenie\/spektralne-metody\/\"><span style=\"color: #008080;\"><strong>Spektr\u00e1lne met\u00f3dy<\/strong><\/span><\/a><\/h2>\n<\/td>\n<\/tr>\n<tr>\n<td width=\"756\"><strong>Vlnovo &#8211; disperzn\u00fd fluorescen\u010dn\u00fd spektrometer<\/strong><\/td>\n<td width=\"756\">ARL Advant\u2019X Intellipower 3600 XRF<\/td>\n<\/tr>\n<tr>\n<td width=\"756\"><strong>Fluorescen\u010dn\u00fd spektrofotometer<\/strong><\/td>\n<td width=\"756\">Fluorolog-3 (HORIBA Jobin IVON)<\/td>\n<\/tr>\n<tr>\n<td width=\"756\"><strong>FTIR spektrometer<\/strong><\/td>\n<td width=\"756\">Nicolet 6700 (Thermo Scientific)<\/p>\n<p>AABSPEC 2000-A Multi-Mode Spectroscopy System<\/td>\n<\/tr>\n<tr>\n<td width=\"756\"><strong>Ramanovsk\u00fd spektrometer<\/strong><\/td>\n<td width=\"756\">Renishaw inVia Raman Microscope<\/td>\n<\/tr>\n<tr>\n<td width=\"756\"><strong>UV-VIS spektrofotometer<\/strong><\/td>\n<td width=\"756\">Varian Cary 100 (Varian)<\/p>\n<p>Varian Cary 5000<\/td>\n<\/tr>\n<tr>\n<td width=\"756\"><strong>At\u00f3mov\u00fd\/emisn\u00fd spektrometer<\/strong><\/td>\n<td width=\"756\">Varian GS280 (240\/Zeeman GTA 120)<\/p>\n<p>ICP OES (Varian VISTA MPX)<\/td>\n<\/tr>\n<tr>\n<td width=\"756\"><\/td>\n<td width=\"756\"><\/td>\n<\/tr>\n<tr>\n<td colspan=\"2\" width=\"1512\">\n<h2><a href=\"http:\/\/www.uach.sav.sk\/sk\/veda-a-vyskum\/pristrojove-vybavenie\/priprava-keramickych-a-skelnych-vzoriek\/\"><span style=\"color: #008080;\"><strong>Pr\u00edprava keramick\u00fdch a skeln\u00fdch vzoriek<\/strong><\/span><\/a><\/h2>\n<\/td>\n<\/tr>\n<tr>\n<td width=\"756\"><strong>\u017diarov\u00fd lis<\/strong><\/td>\n<td width=\"756\">Elatec Control (Elatec Technology Corp.)<\/p>\n<p>Clasic 0220 ZL (Clasic CZ)<\/td>\n<\/tr>\n<tr>\n<td width=\"756\"><strong>Vysokoteplotn\u00fd izostatick\u00fd lis<\/strong><\/td>\n<td width=\"756\">HIP 200 \u2013 110*200 GI (EPSI Ltd.)<\/td>\n<\/tr>\n<tr>\n<td width=\"756\"><strong>Gas pressure sintering (KCE)<\/strong><\/td>\n<td width=\"756\">KCE-FP W100 (FCT Systeme GmbH)<\/td>\n<\/tr>\n<tr>\n<td width=\"756\"><strong>Pece pre pr\u00edpravu skla<\/strong><\/td>\n<td width=\"756\">Chamber furnace Clasic 1018 S (Clasic CZ)<\/p>\n<p>Tube furnace up to 1800\u00b0C Clasic 0118 T (Clasic CZ)<\/p>\n<p>Tube furnace up to 1300\u00b0C Clasic 0213 T (Clasic CZ)<\/td>\n<\/tr>\n<tr>\n<td width=\"756\"><\/td>\n<td width=\"756\"><\/td>\n<\/tr>\n<tr>\n<td colspan=\"2\" width=\"1512\">\n<h2><a href=\"http:\/\/www.uach.sav.sk\/sk\/veda-a-vyskum\/pristrojove-vybavenie\/opracovanie-keramickych-a-skelnych-vzoriek\/\"><strong><span style=\"color: #008080;\">Opracovanie keramick\u00fdch a skeln\u00fdch vzoriek<\/span><\/strong><\/a><\/h2>\n<\/td>\n<\/tr>\n<tr>\n<td width=\"756\"><strong>Diamantov\u00e1 fr\u00e9za<\/strong><\/td>\n<td width=\"756\">JUNG JE 525 P<\/td>\n<\/tr>\n<tr>\n<td width=\"756\"><strong>Presn\u00e1 diamantov\u00e1 p\u00edla na rezanie tvrd\u00fdch materi\u00e1lov<\/strong><\/td>\n<td width=\"756\">ISOMET 5000 11-2775<\/td>\n<\/tr>\n<tr>\n<td width=\"756\"><strong>Keramografick\u00e1 le\u0161ti\u010dka s pr\u00edslu\u0161enstvom<\/strong><\/td>\n<td width=\"756\">EcoMet 300\/AutoMet 300<\/td>\n<\/tr>\n<tr>\n<td width=\"756\"><strong>Diamantov\u00e1 p\u00edla na rezanie tvrd\u00fdch materi\u00e1lov<\/strong><\/td>\n<td width=\"756\">AbrasiMatic 300<\/td>\n<\/tr>\n<tr>\n<td width=\"756\"><strong>Plazmov\u00e1 lepta\u010dka<\/strong><\/td>\n<td width=\"756\">FEMTO (Diener electronic, GmbH + Co. KG)<\/td>\n<\/tr>\n<tr>\n<td width=\"756\">&nbsp;<\/p>\n<p>&nbsp;<\/td>\n<td width=\"756\"><\/td>\n<\/tr>\n<tr>\n<td colspan=\"2\" width=\"1512\">\n<h2><a href=\"http:\/\/www.uach.sav.sk\/sk\/veda-a-vyskum\/pristrojove-vybavenie\/priprava-vzoriek-ine\/\"><span style=\"color: #008080;\"><strong>Pr\u00edprava vzoriek \u2013 in\u00e9<\/strong><\/span><\/a><\/h2>\n<\/td>\n<\/tr>\n<tr>\n<td width=\"756\"><strong>Glove box s v\u00e1kuovou komorou<\/strong><\/td>\n<td width=\"756\">GP CONCEPT-T4 (Jacomex, Dagneux)<\/td>\n<\/tr>\n<tr>\n<td width=\"756\"><strong>Mletie vzoriek<\/strong><\/td>\n<td width=\"756\">RETSCH PM 100<\/p>\n<p>Pulverisette 6 (FRITSCH GmbH)<\/p>\n<p>Pulverisette 0 (FRITSCH GmbH)<\/td>\n<\/tr>\n<tr>\n<td width=\"756\"><strong>Lyofiliz\u00e1tor<\/strong><\/td>\n<td width=\"756\">FreeZone Freeze Dry Systems Plus Cascade (Labconco)<\/p>\n<p>LS-2 (PowderPro AB)<\/td>\n<\/tr>\n<\/tbody>\n<\/table>\n","protected":false},"excerpt":{"rendered":"<p>F\u00e1zov\u00e1, mikro\u0161trukt\u00farna a chemick\u00e1 anal\u00fdza Skenovac\u00ed elektr\u00f3nov\u00fd mikroskop JEOL EVO\u00ae 40 Series (Bratislava) JEOL JSM-7600 F\/EDS\/WDS\/EBSD (Tren\u010d\u00edn) R\u00f6ntgenov\u00fd pr\u00e1\u0161kov\u00fd difraktometer Panalytical Empyrean Element\u00e1rny analyz\u00e1tor C\/H\/N\/S\/O&#8230;<\/p>\n","protected":false},"author":1,"featured_media":0,"parent":37,"menu_order":0,"comment_status":"closed","ping_status":"closed","template":"","meta":{"footnotes":"","_links_to":"","_links_to_target":""},"class_list":["post-644","page","type-page","status-publish","hentry"],"_links":{"self":[{"href":"https:\/\/uach.sav.sk\/sk\/wp-json\/wp\/v2\/pages\/644","targetHints":{"allow":["GET"]}}],"collection":[{"href":"https:\/\/uach.sav.sk\/sk\/wp-json\/wp\/v2\/pages"}],"about":[{"href":"https:\/\/uach.sav.sk\/sk\/wp-json\/wp\/v2\/types\/page"}],"author":[{"embeddable":true,"href":"https:\/\/uach.sav.sk\/sk\/wp-json\/wp\/v2\/users\/1"}],"replies":[{"embeddable":true,"href":"https:\/\/uach.sav.sk\/sk\/wp-json\/wp\/v2\/comments?post=644"}],"version-history":[{"count":5,"href":"https:\/\/uach.sav.sk\/sk\/wp-json\/wp\/v2\/pages\/644\/revisions"}],"predecessor-version":[{"id":650,"href":"https:\/\/uach.sav.sk\/sk\/wp-json\/wp\/v2\/pages\/644\/revisions\/650"}],"up":[{"embeddable":true,"href":"https:\/\/uach.sav.sk\/sk\/wp-json\/wp\/v2\/pages\/37"}],"wp:attachment":[{"href":"https:\/\/uach.sav.sk\/sk\/wp-json\/wp\/v2\/media?parent=644"}],"curies":[{"name":"wp","href":"https:\/\/api.w.org\/{rel}","templated":true}]}}