{"id":67,"date":"2017-02-15T12:32:47","date_gmt":"2017-02-15T11:32:47","guid":{"rendered":"http:\/\/www.uach.sav.sk\/?page_id=67"},"modified":"2021-06-07T16:12:43","modified_gmt":"2021-06-07T14:12:43","slug":"konferencie","status":"publish","type":"page","link":"https:\/\/uach.sav.sk\/sk\/udalosti\/konferencie\/","title":{"rendered":"Konferencie"},"content":{"rendered":"<p><span style=\"color: #ff6600;\"><strong>\u00daACH SAV &#8211; organiz\u00e1tor (spoluorganiz\u00e1tor)<\/strong><\/span><\/p>\n<p>&nbsp;<\/p>\n<p><strong>&#8212;&#8212;&#8212;&#8211;\u00a0 \u00a02021\u00a0 \u00a0 &#8212;&#8212;&#8212;&#8211;<\/strong><\/p>\n<p class=\"subtitle\"><strong>XVII International Conference on\u00a0<\/strong>High Temperature Materials Chemistry, Horn\u00fd Smokovec, Slovensko, 11. &#8211; 16. september 2022<\/p>\n<ul>\n<li>webstr\u00e1nka konferencie\u00a0<a href=\"https:\/\/17htmc.sav.sk\/\" target=\"_blank\" rel=\"noopener\"><span style=\"color: #ff6600;\"><strong>17HTMC<\/strong><\/span><\/a><\/li>\n<\/ul>\n<p><strong>&#8212;&#8212;&#8212;&#8211;\u00a0 \u00a02020\u00a0 \u00a0 &#8212;&#8212;&#8212;&#8211;<\/strong><\/p>\n<p>VIIth Workshop of Slovak Clay Group &#8222;Clay minerals and selected industrial minerals in material science, applications and environmental technology&#8220; 7. \u2013 9. september 2020, Dem\u00e4novsk\u00e1 dolina, Slovensko<\/p>\n<ul>\n<li><a href=\"http:\/\/www.slovakclaygroup.sk\/oznamy\/41-7th-workshop-of-slovak-clay-group\" target=\"_blank\" rel=\"noopener\">viac inform\u00e1ci\u00ed<\/a><\/li>\n<\/ul>\n<p><strong>&#8212;&#8212;&#8212;&#8211;\u00a0 \u00a02019\u00a0 \u00a0 &#8212;&#8212;&#8212;&#8211;<\/strong><\/p>\n<p><strong>Engineering Ceramics 2019 Ceramics for people<\/strong>, Smolenice, Slovensk\u00e1 republika, 12. &#8211; 16. m\u00e1j 2019<\/p>\n<ul>\n<li>medzin\u00e1rodn\u00e1 konferencia, webstr\u00e1nka konferencie (<a href=\"http:\/\/engcer19.sav.sk\/welcome\" target=\"_blank\" rel=\"noopener\">klikni<\/a>)<\/li>\n<\/ul>\n<p><strong>Clay minerals and selected non-raw materials in material science, industrial applications and environmental technology<\/strong>, \u00dastav vied o Zemi, Bansk\u00e1 Bystrica, 27. &#8211; 28. m\u00e1j 2019<\/p>\n<ul>\n<li>viac <a href=\"http:\/\/www.slovakclaygroup.sk\/oznamy\/38-6th-workshop-of-slovak-clay-group\" target=\"_blank\" rel=\"noopener\">inform\u00e1ci\u00ed<\/a><\/li>\n<\/ul>\n<p><strong>&#8212;&#8212;&#8212;&#8211;\u00a0 \u00a02018\u00a0 \u00a0 &#8212;&#8212;&#8212;&#8211;<\/strong><\/p>\n<p><strong>11<sup>th<\/sup> Workshop on Modern Methods in Quantum Chemistry<\/strong>, Mariapfarr, Rak\u00fasko,\u00a0 25.02.-02.03.2018<\/p>\n<ul>\n<li>47 \u00fa\u010dastn\u00edkov z N\u00f3rska, \u010ceskej republiky, Nemecka, F\u00ednska, D\u00e1nska, Slovenska. Po\u010das podujatia odznelo 25 predn\u00e1\u0161ok.<\/li>\n<\/ul>\n<p><strong>5<sup>th<\/sup> Workshop of Slovak Clay Group Clay minerals and selected non-raw materials in material science, industrial applications and environmental technology<\/strong>, Bansk\u00e1 \u0160tiavnica, Slovensko, 21.05.-23.05.2018<\/p>\n<ul>\n<li>27 \u00fa\u010dastn\u00edkov zo Slovenska a Po\u013eska<\/li>\n<\/ul>\n<p><strong>9. odborn\u00fd semin\u00e1r Interakcie taven\u00edn s progres\u00edvnymi anorganick\u00fdmi materi\u00e1lmi<\/strong>, Borinka, Slovensko, 15.10.-16.10.2018<\/p>\n<ul>\n<li>24 \u00fa\u010dastn\u00edkov, odborn\u00fd semin\u00e1r vedeck\u00fdch pracovn\u00edkov 4 in\u0161tit\u00faci\u00ed (\u00daACH SAV Bratislava, FCHPT STU Bratislava, TUKE Ko\u0161ice a V\u0160B-TUO Ostrava, \u010cR) s cie\u013eom prezent\u00e1cie aktu\u00e1lnych vedeck\u00fdch v\u00fdsledkov. Odznelo 11 predn\u00e1\u0161ok.<\/li>\n<\/ul>\n<p><strong>&#8212;&#8212;&#8212;&#8211;\u00a0 \u00a02017\u00a0 \u00a0 &#8212;&#8212;&#8212;&#8211;<\/strong><\/p>\n<p><a href=\"http:\/\/www.sav.sk\/index.php?lang=sk&amp;doc=activity-conf-contact&amp;conf_no=2632\" target=\"_blank\" rel=\"noopener\">10th Workshop on Modern Methods in Quantum Chemistry<\/a> &#8211; Mariapfarr, AUSTRIA, 05. &#8211; 10. March 2017, contact person Dr. V. Malkin<\/p>\n<p>&nbsp;<\/p>\n<p>&nbsp;<\/p>\n","protected":false},"excerpt":{"rendered":"<p>\u00daACH SAV &#8211; organiz\u00e1tor (spoluorganiz\u00e1tor) &nbsp; &#8212;&#8212;&#8212;&#8211;\u00a0 \u00a02021\u00a0 \u00a0 &#8212;&#8212;&#8212;&#8211; XVII International Conference on\u00a0High Temperature Materials Chemistry, Horn\u00fd Smokovec, Slovensko, 11. &#8211; 16. september 2022&#8230;<\/p>\n","protected":false},"author":1,"featured_media":0,"parent":63,"menu_order":20,"comment_status":"closed","ping_status":"closed","template":"","meta":{"footnotes":"","_links_to":"","_links_to_target":""},"class_list":["post-67","page","type-page","status-publish","hentry"],"_links":{"self":[{"href":"https:\/\/uach.sav.sk\/sk\/wp-json\/wp\/v2\/pages\/67","targetHints":{"allow":["GET"]}}],"collection":[{"href":"https:\/\/uach.sav.sk\/sk\/wp-json\/wp\/v2\/pages"}],"about":[{"href":"https:\/\/uach.sav.sk\/sk\/wp-json\/wp\/v2\/types\/page"}],"author":[{"embeddable":true,"href":"https:\/\/uach.sav.sk\/sk\/wp-json\/wp\/v2\/users\/1"}],"replies":[{"embeddable":true,"href":"https:\/\/uach.sav.sk\/sk\/wp-json\/wp\/v2\/comments?post=67"}],"version-history":[{"count":15,"href":"https:\/\/uach.sav.sk\/sk\/wp-json\/wp\/v2\/pages\/67\/revisions"}],"predecessor-version":[{"id":2061,"href":"https:\/\/uach.sav.sk\/sk\/wp-json\/wp\/v2\/pages\/67\/revisions\/2061"}],"up":[{"embeddable":true,"href":"https:\/\/uach.sav.sk\/sk\/wp-json\/wp\/v2\/pages\/63"}],"wp:attachment":[{"href":"https:\/\/uach.sav.sk\/sk\/wp-json\/wp\/v2\/media?parent=67"}],"curies":[{"name":"wp","href":"https:\/\/api.w.org\/{rel}","templated":true}]}}