{"id":69,"date":"2017-02-15T12:33:01","date_gmt":"2017-02-15T11:33:01","guid":{"rendered":"http:\/\/www.uach.sav.sk\/?page_id=69"},"modified":"2022-10-21T13:02:08","modified_gmt":"2022-10-21T11:02:08","slug":"prednasky-a-seminare","status":"publish","type":"page","link":"https:\/\/uach.sav.sk\/sk\/udalosti\/prednasky-a-seminare\/","title":{"rendered":"Predn\u00e1\u0161ky a semin\u00e1re"},"content":{"rendered":"<ul>\n<li><span style=\"color: #ff6600;\"><strong>31. 10. 2022<\/strong><\/span><\/li>\n<\/ul>\n<p><strong>Professor Hirotomo Nishihara<\/strong> (Advanced Institute for Materials Research \/ Institute of Multidisciplinary Research for Advanced Materials, Tohoku University, Japan)<\/p>\n<p>Functional carbon materials: new synthesis approaches and analysis method<\/p>\n<ul>\n<li><span style=\"color: #ff6600;\"><strong>29. 9. 2021<\/strong><\/span><\/li>\n<\/ul>\n<p><strong>Dr. Dejan Zagorac <\/strong>(Vin\u010da Institute of Nuclear Science, University of Belgrade, Serbia)<\/p>\n<p>Recent advances in materials research: structure prediction, novel methods and databases with connections to the experimental data<\/p>\n<ul>\n<li><span style=\"color: #ff6600;\"><strong>27. 9. 2021<\/strong><\/span><\/li>\n<\/ul>\n<p><strong>prof. Branko Matovic <\/strong>(Vin\u010da Institute of Nuclear Science, University of Belgrade, Serbia)<\/p>\n<p>Controllable synthesis of doped ceria nanopowders by cations with different valence state<\/p>\n<p><strong>Dr. Ivana Cvijovi\u0107\u2013Alagi\u0107<\/strong><\/p>\n<p>Effect of severe plastic deformation processing on the Ti-45Nb alloy performance in physiological conditions<\/p>\n<p>&nbsp;<\/p>\n<ul>\n<li><span style=\"color: #ff6600;\"><strong>07. 08. 2019<\/strong><\/span><\/li>\n<\/ul>\n<p><strong>Dr. Sergey Kuznetsov\u00a0<\/strong>(Prokhorov General Physics Institute of the Russian Academy of Sciences)<\/p>\n<ul>\n<li>Synthesis and spectral-kinetic properties of potential down-conversion materials for solar cells based on Ba4Y3F17, GdF3 and YF3, CaF2, SrF2, doped with Pr3+, Ce3+, Eu3+and Yb3+ions<\/li>\n<li>Estimation of Sc3+ Solubility in Dodecahedral and Octahedral Sites in YSAG:Yb. Influence of the precursor powder morphology and forming conditions on the high optical transmittance of YAG:Yb ceramics.<\/li>\n<\/ul>\n<ul>\n<li><span style=\"color: #ff6600;\"><strong>28.05.2018<\/strong><\/span><\/li>\n<\/ul>\n<p><strong>prof. Masataka Nagaoka<\/strong>\u00a0(Graduate School of Informatics, Nagoya University, Nagaya, Japonsko)<br \/>\n&#8211; A computational chemical study based on red moon methodology:\u00a0Microscopic additive effect on SEI film formation in sodium-ion batteries<br \/>\n<strong>prof. Shigeyoshi Sakaki<\/strong>\u00a0(Fukui Institute for Fundamental Chemistry, Kyoto University, Japonsko)<br \/>\n&#8211; Theoretical approach to solid systems such as molecular crystal, MOFs\u00a0and metal oxide surface<\/p>\n<ul>\n<li><span style=\"color: #ff6600;\"><strong>18.09.2018<\/strong><\/span><\/li>\n<\/ul>\n<p><strong>pro<\/strong><strong>f. Chengyu Zhang<\/strong>\u00a0(Northwestern Polytechnical University, Xi&#8217;an, Shaanxi, \u010c\u00edna)<\/p>\n<p>&#8211; Si-B-C-N matrix\/interfaces in SiC-based composites prepared by CVD\/CVI<\/p>\n<ul>\n<li><span style=\"color: #ff6600;\"><strong>08.11.2018<\/strong> <\/span><\/li>\n<\/ul>\n<p><strong>Dr. Michael Patzschke<\/strong>\u00a0(Helmholtz-Zentrum Dresden Rossendorf, Institute for Resource Ecology, Nemecko)<br \/>\n&#8211; Computational Chemistry for Nuclear Waste Disposal<\/p>\n<ul>\n<li><span style=\"color: #ff6600;\"><strong>28.09.2017 at 10:00 h, room 107<\/strong><\/span><\/li>\n<\/ul>\n<p><strong>Zhongning SHI (<\/strong>Northeastern University (NEU), Shenyang, China)<\/p>\n<p>Researches on molten salts chemistry and technology in Northeastern University (NEU), Shenyang, China<\/p>\n<p><strong>Zhongning SHI (<\/strong>Northeastern University (NEU), Shenyang, China)<\/p>\n<p>Application of Fluoride Ionic liquids for Metals and Conducting Polymer Preparation<\/p>\n<p><strong>Xianwei HU<\/strong>\u00a0(NEU,\u00a0Shenyang, China)<\/p>\n<p>Structural characterization of NaF-AlF<sub>3<\/sub>-(CaF<sub>2<\/sub>and\/or BaF<sub>2<\/sub>) melts in refined aluminum electrolysis by high temperature Raman spectroscopy<\/p>\n<p>&nbsp;<\/p>\n<ul>\n<li><span style=\"color: #ff6600;\"><strong>12.09.2017 at 14:00 h, room 107<\/strong><\/span><\/li>\n<\/ul>\n<p><strong>Xiaoli Tan, Ph. D (University of Alberta, Edmonton, Canada)<\/strong><\/p>\n<p>Roles of Fine solids\/Clays in Water Based Bitumen Extraction from Alberta Oil Sands<\/p>\n<p>&nbsp;<\/p>\n<ul>\n<li><span style=\"color: #ff6600;\"><strong>11.04.2017 at 10:00 h, room 107<\/strong><\/span><\/li>\n<\/ul>\n<p><strong>Prof. Young-Wook\u00a0Kim <\/strong>(Functional Ceramics Laboratory, Department of Mater. Sci. and Engineering, University of Seoul, Korea)<\/p>\n<h4><strong>Factors affecting the thermal conductivity of liquid phase sintered SiC<\/strong><\/h4>\n<p>&nbsp;<\/p>\n<ul>\n<li><span style=\"color: #ff6600;\"><strong>05.04.2017 at 13:30 h, room 107<\/strong><\/span><\/li>\n<\/ul>\n<p><strong>Prof. Young-Wook\u00a0Kim <\/strong>(Functional Ceramics Laboratory, Department of Mater. Sci. and Engineering, University of Seoul, Korea)<\/p>\n<h4><strong>Influence of grain growth on the electrical conductivity of liquid phase sintered SiC<\/strong><\/h4>\n<p>&nbsp;<\/p>\n<p>&nbsp;<\/p>\n<p>&nbsp;<\/p>\n","protected":false},"excerpt":{"rendered":"<p>31. 10. 2022 Professor Hirotomo Nishihara (Advanced Institute for Materials Research \/ Institute of Multidisciplinary Research for Advanced Materials, Tohoku University, Japan) Functional carbon materials:&#8230;<\/p>\n","protected":false},"author":1,"featured_media":0,"parent":63,"menu_order":30,"comment_status":"closed","ping_status":"closed","template":"","meta":{"footnotes":"","_links_to":"","_links_to_target":""},"class_list":["post-69","page","type-page","status-publish","hentry"],"_links":{"self":[{"href":"https:\/\/uach.sav.sk\/sk\/wp-json\/wp\/v2\/pages\/69","targetHints":{"allow":["GET"]}}],"collection":[{"href":"https:\/\/uach.sav.sk\/sk\/wp-json\/wp\/v2\/pages"}],"about":[{"href":"https:\/\/uach.sav.sk\/sk\/wp-json\/wp\/v2\/types\/page"}],"author":[{"embeddable":true,"href":"https:\/\/uach.sav.sk\/sk\/wp-json\/wp\/v2\/users\/1"}],"replies":[{"embeddable":true,"href":"https:\/\/uach.sav.sk\/sk\/wp-json\/wp\/v2\/comments?post=69"}],"version-history":[{"count":22,"href":"https:\/\/uach.sav.sk\/sk\/wp-json\/wp\/v2\/pages\/69\/revisions"}],"predecessor-version":[{"id":2443,"href":"https:\/\/uach.sav.sk\/sk\/wp-json\/wp\/v2\/pages\/69\/revisions\/2443"}],"up":[{"embeddable":true,"href":"https:\/\/uach.sav.sk\/sk\/wp-json\/wp\/v2\/pages\/63"}],"wp:attachment":[{"href":"https:\/\/uach.sav.sk\/sk\/wp-json\/wp\/v2\/media?parent=69"}],"curies":[{"name":"wp","href":"https:\/\/api.w.org\/{rel}","templated":true}]}}