{"id":709,"date":"2017-03-29T14:24:43","date_gmt":"2017-03-29T12:24:43","guid":{"rendered":"http:\/\/www.uach.sav.sk\/sk\/?page_id=709"},"modified":"2024-02-11T19:01:10","modified_gmt":"2024-02-11T18:01:10","slug":"ocenenia","status":"publish","type":"page","link":"https:\/\/uach.sav.sk\/sk\/udalosti\/ocenenia\/","title":{"rendered":"Ocenenia"},"content":{"rendered":"<p><strong>\u2014\u2014\u20142024\u2014\u2014\u2014\u2014\u2014\u2014\u2014\u2014\u2014\u2014\u2014\u2014\u2014\u2014\u2014\u2014\u2014\u2014\u2014\u2014<\/strong><\/p>\n<p><strong><span style=\"color: #008080;\">Du\u0161an Galusek<\/span><\/strong><\/p>\n<ul>\n<li>Cena Slovenskej akad\u00e9mie vied za budovanie infra\u0161trukt\u00fary, udelen\u00e1 <b>11. janu\u00e1ra 2024<\/b> (<a href=\"https:\/\/www.sav.sk\/?lang=sk&amp;doc=services-news&amp;source_no=20&amp;news_no=11680\" target=\"_blank\" rel=\"noopener\">klikni viac inform\u00e1ci\u00ed<\/a>)<\/li>\n<\/ul>\n<p><strong>\u2014\u2014\u20142023\u2014\u2014\u2014\u2014\u2014\u2014\u2014\u2014\u2014\u2014\u2014\u2014\u2014\u2014\u2014\u2014\u2014\u2014\u2014\u2014<\/strong><\/p>\n<p><span style=\"color: #008080;\"><b>Jana Madejov\u00e1<\/b><\/span><\/p>\n<ul>\n<li>Rad \u013dudov\u00edta \u0160t\u00fara II. triedy za mimoriadne z\u00e1sluhy o rozvoj SR v oblasti vedy, O<em>ce\u0148ovate\u013e: Prezidentka SR Zuzana \u010caputov\u00e1 pri pr\u00edle\u017eitosti 30. v\u00fdro\u010dia vzniku Slovenskej Republiky<\/em><\/li>\n<\/ul>\n<p><span style=\"color: #008080;\"><strong>Malkin O\u013ega<\/strong>\u00a0\u00a0\u00a0<\/span><\/p>\n<ul>\n<li>Cena SAV za v\u00fdsledky dosiahnut\u00e9 vo vedeckov\u00fdskumnej pr\u00e1ci, oce\u0148ovate\u013e: VR SAV,\u00a0 opis: za publikovanie pr\u00e1ce s n\u00e1zvom &#8222;Ako rozl\u00ed\u0161i\u0165 medziv\u00e4zbov\u00fdmi a nev\u00e4zbov\u00fdmi dr\u00e1hami spin-spinovejinterakcie: V\u0161eobecn\u00e9 pr\u00edstupy aplikovan\u00e9 nakomplexn\u00e9 JPP a JPSe skal\u00e1rne dr\u00e1hy&#8220;; 4.9.2023<\/li>\n<li>\u0160pi\u010dkov\u00e1 publik\u00e1cia SAV, oce\u0148oate\u013e: P SAV, opis: Distinguishing &#8222;through-space&#8220; from &#8222;through-bonds&#8220; contribution in indirect nuclear spin-spin coupling: General approaches applied to complex JPP and JPSe scalar couplings, J. Amer. Chem. Soc., v. 144, no. 24 (2022), p. 10768-10784.<\/li>\n<\/ul>\n<p><span style=\"color: #008080;\"><strong>Komorovsk\u00fd Stanislav<\/strong><\/span><\/p>\n<ul>\n<li>\u0160pi\u010dkov\u00e1 publik\u00e1cia SAV, oce\u0148ovate\u013e: Predsedn\u00edctvo Slovenskej akad\u00e9mie vied, opis: Ocenenie v kateg\u00f3rii publik\u00e1cie vo vedeck\u00fdch \u010dasopisoch registrovan\u00fdch v datab\u00e1ze Nature Index za pr\u00e1cu poblikovan\u00fa v Inorganic Chemistry Vol. 61, no. 2 (2022) p. 830-846<\/li>\n<\/ul>\n<p><span style=\"color: #008080;\"><strong>Boh\u00e1\u010d Peter<\/strong>\u00a0<\/span><\/p>\n<ul>\n<li>Ceny Slovenskej akad\u00e9mie vied za populariz\u00e1ciu vedy a spolo\u010densk\u00e9 aplik\u00e1cie vedy, oce\u0148ovate\u013e: SAV, opis: Cena pre kolekt\u00edv moder\u00e1torov populariza\u010dn\u00e9ho form\u00e1tu Vedeck\u00fd podcast SAV<\/li>\n<\/ul>\n<p><span style=\"color: #008080;\"><strong>Slan\u00fd Michal<\/strong><\/span><\/p>\n<ul>\n<li>1. miesto za 2 oddelenie vied v s\u00fa\u0165a\u017ei mlad\u00fdch vedeck\u00fdch pracovn\u00edkov a pracovn\u00ed\u010dok SAV do 35 rokov, oce\u0148ovate\u013e: predsedn\u00edctvo SAV, opis: Predn\u00e1\u0161ka s n\u00e1zvom \u201eAnorganicko-organick\u00e9 hybridn\u00e9 \u00edly pre priemyseln\u00e9 a environment\u00e1lne aplik\u00e1cie\u201c<\/li>\n<\/ul>\n<p><span style=\"color: #008080;\"><strong>Bashir Sanam<\/strong><\/span><\/p>\n<ul>\n<li>3. miesto S\u00fa\u0165a\u017e doktorandov 2023, oce\u0148ovate\u013e: Predsedn\u00edctvo SAV<\/li>\n<\/ul>\n<p><span style=\"color: #008080;\"><strong>Kityk Anna<\/strong><\/span><\/p>\n<ul>\n<li>Prize for technology transfer in Slovakia 2023. Finalists in section innovators. (Cena za transfer technol\u00f3gi\u00ed na Slovensku 2023. Finalisti v kateg\u00f3rii INOV\u00c1TOR\/INOV\u00c1TORKA. 24. okt\u00f3bra 2023).<\/li>\n<\/ul>\n<p>&nbsp;<\/p>\n<p><span style=\"color: #ff6600;\"><strong>Medzin\u00e1rodn\u00e9 ocenenia<\/strong>\u00a0\u00a0\u00a0\u00a0<\/span><\/p>\n<p><span style=\"color: #008080;\"><strong>Tatarko Peter, Hnatko Miroslav, Len\u010d\u00e9\u0161 Zolt\u00e1n, Hanzel Ondrej<\/strong>\u00a0<\/span><\/p>\n<ul>\n<li>1st prize in China-CEEC Youth Innovation and Entrepreneurship Competition, oce\u0148ovate\u013e: China-CEEC Youth Innovation and Entrepreneurship Commitee, opis: Certificate of honour, \u010fal\u0161\u00ed \u010dlenovia kolekt\u00edvu<\/li>\n<\/ul>\n<p><span style=\"color: #008080;\"><strong>Hosseini Naser<\/strong><\/span><\/p>\n<ul>\n<li>JECS Trust grant, oce\u0148ovate\u013e: European Ceramic Society (ECerS), opis: grant na 3-mesa\u010dn\u00fd pobyt na zahrani\u010dnom pracovisku.<\/li>\n<\/ul>\n<p><span style=\"color: #008080;\"><strong>Najafzadehkhoee Aliasghar<\/strong><\/span><\/p>\n<ul>\n<li>JECS TRUST grant, oce\u0148ovate\u013e: European Ceramic Society (ECerS), opis: grant na 3-mesa\u010dn\u00fd pobyt na zahrani\u010dnom pracovisku MONTANUNIVERSIT\u00c4T Leoben, Rak\u00fasko.<\/li>\n<\/ul>\n<p><span style=\"color: #008080;\"><strong>Petriskov\u00e1 Patr\u00edcia<\/strong><\/span><\/p>\n<ul>\n<li>JECS Trust grant, oce\u0148ovate\u013e: European Ceramic Society (ECerS), opis: grant na trojmesa\u010dn\u00fd v\u00fdskumn\u00fd pobyt v zahrani\u010d\u00ed.<\/li>\n<\/ul>\n<p><strong>\u2014\u2014\u20142022\u2014\u2014\u2014\u2014\u2014\u2014\u2014\u2014\u2014\u2014\u2014\u2014\u2014\u2014\u2014\u2014\u2014\u2014\u2014\u2014\u2014\u2014\u2014\u2014<\/strong><\/p>\n<p><span style=\"color: #008080;\"><b>Slan\u00fd Michal<\/b><\/span><\/p>\n<ul>\n<li>S\u00fa\u0165a\u017e mlad\u00fdch vedeck\u00fdch pracovn\u00edkov SAV (1. miesto za II. oddelenie SAV), O<em>ce\u0148ovate\u013e: Predsedn\u00edctvo SAV<\/em><\/li>\n<\/ul>\n<p><strong>\u2014\u2014\u20142021\u2014\u2014\u2014\u2014\u2014\u2014\u2014\u2014\u2014\u2014\u2014\u2014\u2014\u2014\u2014\u2014\u2014\u2014\u2014\u2014\u2014\u2014\u2014\u2014<\/strong><\/p>\n<p><span style=\"color: #008080;\"><b>Boh\u00e1\u010d Peter<\/b><\/span><\/p>\n<ul>\n<li>\u010cestn\u00e9 uznanie za S\u00fa\u0165a\u017e mlad\u00fdch vedeck\u00fdch pracovn\u00edkov SAV , o<em>ce\u0148ovate\u013e: Predsedn\u00edctvo SAV<\/em>\u00a0,\u00a0<em>Opis: Photophysical properties of hybrid systems based on layered silicates and cyanine dyes, 26.4.2021<\/em><\/li>\n<\/ul>\n<p><span style=\"color: #008080;\"><b>Komorovsk\u00fd Stanislav<\/b><\/span><\/p>\n<ul>\n<li>Ocenenie\u00a0\u0161pi\u010dkov\u00e1 publik\u00e1cia SAV v kateg\u00f3rii publik\u00e1cie vo vedeck\u00fdch \u010dasopisoch s najvy\u0161\u0161\u00edm impaktom pod\u013ea SJR, Oce\u0148ovate\u013e: predsedn\u00edctvo SAV,\u00a0<em>Opis: Autori \u010dl\u00e1nku (DOI: 10.1021\/acs.chemrev.9b00785) sformulovali nov\u00fd fundament\u00e1lny koncept v NMR spektroskopii \u010d\u00edm v\u00fdrazne posunuli vedeck\u00e9 poznanie NMR spektier chemick\u00fdch zl\u00fa\u010den\u00edn obsahuj\u00facich jeden \u0165a\u017ek\u00fd prvok (ako napr\u00edklad ir\u00eddium, platina, zlato, ortu\u0165, \u2026). \u010cl\u00e1nok predstavuje \u0161t\u00fadiu v ktorej s\u00fa vysvetlen\u00e9 nezvy\u010dajn\u00e9 NMR posuny \u013eahk\u00fdch prvkov nach\u00e1dzaj\u00facich sa v bl\u00edzkosti \u0165a\u017ek\u00e9ho prvku. V\u010faka pr\u00edtomnosti \u0165a\u017ek\u00fdch elementov museli autori zahrn\u00fa\u0165 do uva\u017eovania Diracovu relativistick\u00fa kvantov\u00fa te\u00f3riu. Tento pokrok otv\u00e1ra \u0161irok\u00e9 mo\u017enosti pri v\u00fdskume l\u00e1tok obsahuj\u00facich \u0165a\u017ek\u00e9 prvky, ako napr\u00edklad pri dizajne nov\u00fdch liekov proti rakovine, \u010di pri \u0161tudovan\u00ed \u0161\u00edrenia uniknut\u00e9ho jadrov\u00e9ho odpadu do prostredia.<\/em><\/li>\n<\/ul>\n<p><span style=\"color: #008080;\"><b>Li\u0161ka Marek<\/b><\/span><\/p>\n<ul>\n<li>Medaila za podporu vedy,\u00a0Oce\u0148ovate\u013e: Predsedn\u00edctvo SAV<\/li>\n<\/ul>\n<p><span style=\"color: #008080;\"><b>Madejov\u00e1 Jana<\/b><\/span><\/p>\n<ul>\n<li>Zlat\u00e1 medaila SAV (28. septembra 2021), Oce\u0148ovate\u013e: Predsedn\u00edctvo SAV, Opis: 28. septembra 2021<\/li>\n<\/ul>\n<p><span style=\"color: #008080;\"><strong>\u0160imko Franti\u0161ek, Korenko Michal, Netriov\u00e1 Zuzana<\/strong><\/span><\/p>\n<ul>\n<li>\u0160pi\u010dkov\u00e1 publik\u00e1cia SAV v kateg\u00f3rii \u201cPublik\u00e1cie vo vedeck\u00fdch \u010dasopisoch registrovan\u00fdch v datab\u00e1ze Nature Index\u201d,\u00a0Oce\u0148ovate\u013e: Predsedn\u00edctvo SAV,\u00a0Opis: Za pr\u00e1cu: Rakhmatullin A.*, \u0160imko F.*, Veron E., Allix M., Martineau-Corcos C., Fitch A., Fayon F., Shakhovoy R., Okhotnikov K., Sarou-Kanian V., Korenko M., Netriov\u00e1 Z. and Bessada C. X-ray diffraction, NMR studies, and DFT calculations of the room and high temperature structures of rubidium cryolite, Rb3AlF6. Inorganic Chemistry 59(9), 2020, 6308?6318; Doi: 10.1021\/acs.inorgchem.0c00415<\/li>\n<\/ul>\n<p><strong>\u2014\u2014\u20142020\u2014\u2014\u2014\u2014\u2014\u2014\u2014\u2014\u2014\u2014\u2014\u2014\u2014\u2014\u2014\u2014\u2014\u2014\u2014\u2014<\/strong><\/p>\n<p><span style=\"color: #008080;\"><b>Du\u0161an Galusek<\/b><\/span><\/p>\n<ul>\n<li>Cena ministerky \u0161kolstva vedy, v\u00fdskumu a \u0161portu SR za vedu a techniku,\u00a0Oce\u0148ovate\u013e: Ministerstvo \u0161kolstva vedy, v\u00fdskumu a \u0161portu SR,\u00a0Opis: Vedecko-v\u00fdskumn\u00fd t\u00edm roka, ved\u00faci t\u00edmu.<\/li>\n<li>Vedec Roka, Oce\u0148ovate\u013e: Centrum vedecko-technick\u00fdch inform\u00e1ci\u00ed, Slovensk\u00e1 akad\u00e9mia vied, Zv\u00e4z slovensk\u00fdch vedecko-technick\u00fdch spolo\u010dnost\u00ed ZSVTS<br \/>\nOpis: Ocenenie v kateg\u00f3rii \u201eOsobnos\u0165 medzin\u00e1rodnej vedecko-technickej spolupr\u00e1ce\u201c<\/li>\n<\/ul>\n<p><strong>\u2014\u2014\u20142019\u2014\u2014\u2014\u2014\u2014\u2014\u2014\u2014\u2014\u2014\u2014\u2014\u2014\u2014\u2014\u2014\u2014\u2014\u2014\u2014<\/strong><\/p>\n<p><span style=\"color: #008080;\"><b>Malkin <\/b><b>O\u013ega<\/b><\/span><\/p>\n<ul>\n<li>Ocenenia SAV za \u0161pi\u010dkov\u00e9 publik\u00e1cie, kateg\u00f3riia Nature Index publik\u00e1cie,\u00a0za pr\u00e1cu M. Dra\u010d\u00ednsk\u00fd, M. Buchta, M. Bud\u011b\u0161\u00ednsk\u00fd, J. Vacek-Chocholou\u0161ov\u00e1, <u>O. L. <\/u><u>Malkina<\/u>, I. Star\u00e1 and I. Star\u00fd, Dihydrogen contacts observed by through-space indirect NMR coupling, Chem. Sci. 9 (2018), 7437-7446.\u00a0Oce\u0148ovate\u013e: Predsedn\u00edctvo SAV<\/li>\n<\/ul>\n<p><span style=\"color: #008080;\"><b>Hanzel <\/b><b>Ondrej<\/b><\/span><\/p>\n<ul>\n<li>S\u00fa\u0165a\u017e mlad\u00fdch vedeck\u00fdch pracovn\u00edkov SAV do 35 rokov, 2. miesto v r\u00e1mci Oddelenia vied SAV,\u00a0Oce\u0148ovate\u013e: Predsedn\u00edctvo SAV<\/li>\n<\/ul>\n<p><strong>\u2014\u2014\u20142018\u2014\u2014\u2014\u2014\u2014\u2014\u2014\u2014\u2014\u2014\u2014\u2014\u2014\u2014\u2014\u2014\u2014\u2014\u2014\u2014<\/strong><\/p>\n<p><strong>Belu\u0161\u00e1kov\u00e1 Silvia<\/strong><\/p>\n<ul>\n<li>Fond \u0160tefana Schwarza, oce\u0148ovate\u013e: Predsedn\u00edctvo SAV, opis: Podporn\u00fd fond \u0160tefana Schwarza na vytv\u00e1ranie postdoktorandsk\u00fdch miest v SAV pre vynikaj\u00facich absolventov doktorandsk\u00e9ho \u0161t\u00fadia.<\/li>\n<li>S\u00fa\u0165a\u017e vedeck\u00fdch pr\u00e1c mlad\u00fdch spektroskopikov, oce\u0148ovate\u013e: Slovensk\u00e1 spektroskopick\u00e1 ,spolo\u010dnos\u0165, opis: ocenenie za pr\u00e1ce venovan\u00e9 opisu F\u00f6rsterovho rezonan\u010dn\u00e9ho prenosu energie v s\u00fastav\u00e1ch hybridn\u00fdch nanomateri\u00e1lov na b\u00e1ze vrstevnat\u00fdch kremi\u010ditanov a organick\u00fdch laserov\u00fdch farb\u00edv (1 miesto).<\/li>\n<\/ul>\n<p><strong>Boh\u00e1\u010d Peter<\/strong><\/p>\n<ul>\n<li>S\u00fa\u0165a\u017e vedeck\u00fdch pr\u00e1c mlad\u00fdch spektroskopikov, oce\u0148ovate\u013e: Slovensk\u00e1 spektroskopick\u00e1 spolo\u010dnos\u0165, opis: ya vedeck\u00fa pr\u00e1cu venovan\u00fa vyu\u017eitiu spektrometrick\u00fdch met\u00f3d pri hodnoten\u00ed fotofyzik\u00e1lnych vlastnost\u00ed kyan\u00ednov\u00fdch farb\u00edv s vrstevnat\u00fdmi kremi\u010ditanmi (3. miesto).<\/li>\n<\/ul>\n<p><strong>Madejov\u00e1 Jana<\/strong><\/p>\n<ul>\n<li>Nominantka ankety Slovenka roka 2018 v kateg\u00f3rii Veda a v\u00fdskum, oce\u0148ovate\u013e: T\u00fd\u017edenn\u00edk Slovenka v spolupr\u00e1ci s RTVS a Slovensk\u00fdm n\u00e1rodn\u00fdm divadlom, opis: Filozofiou ankety SLOVENKA ROKA je prezentova\u0165 d\u00e1my, ktor\u00e9 s\u00fa v\u00fdnimo\u010dn\u00e9 a \u00faspe\u0161n\u00e9 vo svojom povolan\u00ed, svoj\u00edm umom, nadan\u00edm a pracovitos\u0165ou dok\u00e1zali nie\u010do v\u00fdnimo\u010dn\u00e9 a ktor\u00e9 mnohokr\u00e1t svojou pr\u00e1cou zvidite\u013enili Slovensko v zahrani\u010d\u00ed.<\/li>\n<\/ul>\n<p><strong>Komorovsk\u00fd Stanislav<\/strong><\/p>\n<ul>\n<li>Cena Petra Sedmery, oce\u0148ovate\u013e: Spektroskopick\u00e1 spole\u010dnost Jana Marka Marci, \u010cesk\u00e1 Republika<br \/>\nOpis: Cena je udelovan\u00e1 za nejlep\u0161iu publikovan\u00fa pr\u00e1cu v odbore nukle\u00e1rnej magnetickej rezonancie. Cena za rok 2018 bola udelen\u00e1 za \u010dl\u00e1nok J. Am. Chem. Soc. 138, 8432-8445 (2016).<\/li>\n<\/ul>\n<p><strong>Len\u010d\u00e9\u0161 Zolt\u00e1n<\/strong><\/p>\n<ul>\n<li>Cena za medzin\u00e1rodn\u00fa spolupr\u00e1cu (Prize for International Cooperation), oce\u0148ovate\u013e: Po\u013esk\u00e1 keramick\u00e1 spolo\u010dnos\u0165, opis: Cena bola udelen\u00e1 10.9.2018 v Krakowe.<\/li>\n<\/ul>\n<p><strong>\u2014\u2014\u20142017\u2014\u2014\u2014\u2014\u2014\u2014\u2014\u2014\u2014\u2014\u2014\u2014\u2014\u2014\u2014\u2014\u2014\u2014\u2014\u2014<\/strong><\/p>\n<p><strong>Madejov\u00e1 Jana,\u00a0Noga Jozef<\/strong><\/p>\n<ul>\n<li class=\"title\">Ocenenie pre \u00faspe\u0161n\u00fdch autorov \u0161pi\u010dkov\u00fdch publik\u00e1ci\u00ed (kateg\u00f3ria: vysoko citovan\u00e9 publik\u00e1cie), oce\u0148ovate\u013e: Predsedn\u00edctvo SAV <span style=\"color: #ff6600;\"><a style=\"color: #ff6600;\" href=\"http:\/\/www.uach.sav.sk\/sk\/sav-udelila-ocenenia-autorom-spickovych-publikacii\/\" target=\"_blank\" rel=\"noopener\">(viac inform\u00e1ci\u00ed&#8230;)<\/a><\/span><\/li>\n<\/ul>\n<p><strong>\u2014\u2014\u20142016\u2014\u2014\u2014\u2014\u2014\u2014\u2014\u2014\u2014\u2014\u2014\u2014\u2014\u2014\u2014\u2014\u2014\u2014\u2014\u2014<\/strong><\/p>\n<p><strong>Boh\u00e1\u010d Peter<\/strong><\/p>\n<ul>\n<li>S\u00fa\u0165a\u017e o najlep\u0161iu \u0161tudentsk\u00fa predn\u00e1\u0161ku, oce\u0148ovate\u013e: organiza\u010dn\u00fd v\u00fdbor MECC 2016 Mid-European Clay Conference (4.-8.7.2016), Slovensko, opis: Ocenenie sa ude\u013eovalo trom najlep\u0161\u00edm \u0161tudentom<\/li>\n<\/ul>\n<p><strong>Madejov\u00e1 Jana<\/strong><\/p>\n<ul>\n<li>Medaila SAV za podporu vedy, Oce\u0148ovate\u013e: Predsedn\u00edctvo SAV<\/li>\n<\/ul>\n<p><strong>Malkin O\u013ega<\/strong><\/p>\n<ul>\n<li>Medaila SAV za podporu vedy, Oce\u0148ovate\u013e: Predsedn\u00edctvo SAV<\/li>\n<\/ul>\n<p><strong>Malkin Vladim\u00edr<\/strong><\/p>\n<ul>\n<li>Medaila SAV za podporu vedy, <em>Oce\u0148ovate\u013e: Predsedn\u00edctvo SAV<\/em><\/li>\n<\/ul>\n<p><strong>\u0160ajgal\u00edk Pavol<\/strong><\/p>\n<ul>\n<li>Lee Hsun Lecture Award, conferred by:\u00a0Institute of Metals Research, Chinese Academy of Sciences, Shenyang, \u010c\u00edna, Opis: za mimoriadne pr\u00ednos v oblasti v\u00fdskumu materi\u00e1lov<\/li>\n<\/ul>\n<p>&nbsp;<\/p>\n<p><strong>\u2014\u2014\u20142015\u2014\u2014\u2014\u2014\u2014\u2014\u2014\u2014\u2014\u2014\u2014\u2014\u2014\u2014\u2014\u2014\u2014\u2014\u2014\u2014<\/strong><\/p>\n<p><strong>Bujd\u00e1k Juraj<\/strong><\/p>\n<ul>\n<li>\u010cestn\u00e1 plaketa SAV Dion\u00fdza \u0160t\u00fara, Oce\u0148ovate\u013e: Predsedn\u00edctvo SAV, Opis: ocenenie za z\u00e1sluhy v pr\u00edrodn\u00fdch ved\u00e1ch, v odbore anorganickej, materi\u00e1lovej a fyzik\u00e1lnej ch\u00e9mie.<\/li>\n<\/ul>\n<p><strong>Komadel\u00a0Peter<\/strong><\/p>\n<ul>\n<li>Medaila SAV za podporu vedy, Oce\u0148ovate\u013e: Predsedn\u00edctvo SAV<\/li>\n<\/ul>\n<p><strong>Len\u010d\u00e9\u0161\u00a0Zolt\u00e1n\u00a0<\/strong><\/p>\n<ul>\n<li>\u010cestn\u00e1 plaketa SAV Dion\u00fdza Ilkovi\u010da, Oce\u0148ovate\u013e: Predsedn\u00edctvo SAV, Opis: ocenenie za z\u00e1sluhy vo fyzik\u00e1lno-chemick\u00fdch ved\u00e1ch, v odbore anorganickej a materi\u00e1lovej ch\u00e9mie.<\/li>\n<\/ul>\n<p><strong>Madejov\u00e1 Jana<\/strong><\/p>\n<ul>\n<li>Pr\u00e9mia za trojro\u010dn\u00fd vedeck\u00fd ohlas (1. miesto), Oce\u0148ovate\u013e: Liter\u00e1rny fond, Sekcia pre vedeck\u00fa a odborn\u00fa literat\u00faru a po\u010d\u00edta\u010dov\u00e9 programy<\/li>\n<\/ul>\n<p><strong>Malkin<\/strong>\u00a0<strong>Vladim\u00edr<\/strong><\/p>\n<ul>\n<li>August-Wilhelm Scheer visiting profesor@TUM, Oce\u0148ovate\u013e: Technical University of Munich (president)<\/li>\n<\/ul>\n<p><strong>\u0160ajgal\u00edk<\/strong>\u00a0<strong>Pavol<\/strong><\/p>\n<ul>\n<li>\u010cestn\u00fd doktor\u00e1t Technickej univerzity Ostrava, Oce\u0148ovate\u013e: Rektor\u00e1t univerzity<\/li>\n<li>Rad \u013dudov\u00edta \u0160t\u00fara III. triedy za mimoriadne z\u00e1sluhy o rozvoj vedy, techniky a \u0161kolstva, Oce\u0148ovate\u013e: Prezident SR<\/li>\n<\/ul>\n<p>&nbsp;<\/p>\n<p><strong>\u2014\u2014\u20142014\u2014\u2014\u2014\u2014\u2014\u2014\u2014\u2014\u2014\u2014\u2014\u2014\u2014\u2014\u2014\u2014\u2014\u2014\u2014\u2014<\/strong><\/p>\n<p><strong>Cena Slovenskej akad\u00e9mie vied za budovanie infra\u0161trukt\u00fary<\/strong>, <em>Oce\u0148ovate\u013e: Predsedn\u00edctvo SAV<\/em><\/p>\n<ul>\n<li>Opis: Konzorcium v zlo\u017een\u00ed: Technologick\u00fd in\u0161tit\u00fat SAV, Fyzik\u00e1lny \u00fastav SAV, Elektrotechnick\u00fd \u00fastav SAV, \u00dastav anorganickej ch\u00e9mie SAV, \u00dastav materi\u00e1lov a mechaniky strojov SAV a Fakulta elektrotechniky a informatiky STU v Bratislave bolo ocenen\u00e9 za vybudovanie unik\u00e1tneho testovacieho laborat\u00f3ria \u201eSmartGrid\u201c.<\/li>\n<\/ul>\n<p><strong>Bizovsk\u00e1 Val\u00e9ria<\/strong><\/p>\n<ul>\n<li>Best poster award, Oce\u0148ovate\u013e: Organiza\u010dn\u00fd v\u00fdbor IWLM 2014 (Franc\u00fazsko),<em>\u00a0<\/em>Opis: Vth International Workshop on Layered Materials, Mulhouse, Franc\u00fazsko, 27. &#8211; 29. 8. 2014, podujatie organizovala spolo\u010dnos\u0165 La Soci\u00e9t\u00e9 Chimique de France.<\/li>\n<\/ul>\n<p><strong>Bujd\u00e1k Juraj<\/strong><\/p>\n<ul>\n<li>Gerhard-Lagaly-Award of the DTTG, Oce\u0148ovate\u013e: DTTG &#8211; German-Austrian-Swiss Clay Group, Opis: Cena bola udelen\u00e1 za pr\u00ednos vo ved\u00e1ch zameran\u00fdch na v\u00fdskum \u00edlov\u00fdch miner\u00e1lov. Pod\u013ea \u0161tat\u00fatu DTTG oce\u0148uje medzin\u00e1rodne v\u00fdznamn\u00fdch vedcov s v\u00fdnimo\u010dn\u00fdmi v\u00fdsledkami vo vedn\u00fdch oblastiach \u00edlovej mineral\u00f3gie vo veku do 50 rokov. T\u00e1to cena bola v tomto roku ude\u013eovan\u00e1 prv\u00fdkr\u00e1t po\u010das MECC 2014 Mid-European Clay Conference (16.-19.9.2014, Nemecko).<\/li>\n<\/ul>\n<p><strong>Noga Jozef<\/strong><\/p>\n<ul>\n<li>Zvolenie za \u010dlena International Academy of Quantum Molecular Sciences, Oce\u0148ovate\u013e: IAQMS, Opis: www.iaqms.org<\/li>\n<\/ul>\n<p><strong>Petra Luk\u00e1\u0161<\/strong><\/p>\n<ul>\n<li>1. miesto v s\u00fa\u0165a\u017ei o najlep\u0161\u00ed poster \u0161tudentov, Oce\u0148ovate\u013e: Organiza\u010dn\u00fd v\u00fdbor MECC 2014 Mid-European Clay Conference (16.-19.9.2014, Nemecko), Opis: Ocenenie sa udelovalo \u0161tudentom, v dvoch kateg\u00f3ri\u00e1ch \u2013 poster a predn\u00e1\u0161ka.<\/li>\n<\/ul>\n<p><strong>\u0160ajgal\u00edk Pavol<\/strong><\/p>\n<ul>\n<li>Short-Term Oversea Expert (2014-2016), Oce\u0148ovate\u013e: The Center for Advanced Materials and Forming Technology, Northwestern Polytecnical University, Xi\u00b4An, \u010c\u00edna<\/li>\n<\/ul>\n<p>&nbsp;<\/p>\n<p><strong>\u2014\u2014\u20142013\u2014\u2014\u2014\u2014-<\/strong><\/p>\n<p><strong>Medaila \u0161pi\u010dkov\u00e9mu t\u00edmu \u00daACH SAV pri pr\u00edle\u017eitosti 60. v\u00fdro\u010dia zalo\u017eenia SAV (2013<\/strong>), <em>Oce\u0148ovate\u013e: Predseda SAV<\/em><\/p>\n<ul>\n<li>Ved\u00faci t\u00edmu: P. Komadel, J. Bujd\u00e1k, \u010clenovia t\u00edmu: J. Madejov\u00e1,, A. Cz\u00edmerov\u00e1, \u013d. Jankovi\u010d, H. P\u00e1lkov\u00e1, S. Andrejkovi\u010dov\u00e1, J. Hrachov\u00e1, A. \u010ceklovsk\u00fd, M. Pentr\u00e1k<\/li>\n<li>Ved\u00faci t\u00edmu: O.L. Malkina, J. Noga, V.G. Malkin, \u010clenovia t\u00edmu: P. Hrob\u00e1rik, S. Ked\u017euch, S. Komorovsk\u00fd, A. K\u0159\u00edstkov\u00e1<\/li>\n<\/ul>\n<p><strong>Medaila nadpriemern\u00e9mu t\u00edmu \u00daACH SAV pri pr\u00edle\u017eitosti 60. v\u00fdro\u010dia zalo\u017eenia SAV<\/strong> (2013), <em>Oce\u0148ovate\u013e: Predseda SAV<\/em><\/p>\n<ul>\n<li>Ved\u00faci t\u00edmu: P. \u0160ajgal\u00edk, \u010clenovia t\u00edmu: D. Galusek, K. Ghillayniov\u00e1, M. Hnatko, Z. Len\u010d\u00e9\u0161, M. Michalkov\u00e1, J. Sedl\u00e1\u010dek<\/li>\n<\/ul>\n<p><strong>Len\u010d\u00e9\u0161 Zolt\u00e1n<\/strong><\/p>\n<ul>\n<li>Fellow of the European Ceramic Society (2013), <em>Oce\u0148ovate\u013e: European Ceramic Society, <\/em>Opis: Ocenenie vedeckej, pedagogickej a organiza\u010dnej \u010dinnosti \u0161pi\u010dkov\u00fdch vedcov z Eur\u00f3py<\/li>\n<\/ul>\n<p><strong>Malkin O\u013ega<\/strong><\/p>\n<ul>\n<li>Premium of the Slovak Literary Foundation for a Scientific Echo in last three years (2<sup>nd<\/sup>\u00a0place), conferred by: Slovak Literary Foundation<\/li>\n<\/ul>\n<p><strong>Mich\u00e1lkov\u00e1 Monika<\/strong><\/p>\n<ul>\n<li>\u010cestn\u00e9 uznanie zo \u201eS\u00fa\u0165a\u017ee mlad\u00fdch vedeck\u00fdch pracovn\u00edkov SAV do 35 rokov\u201c(2013), Oce\u0148ovate\u013e: SAV, Opis: Ocenenie za 3 ro\u010dn\u00e9 v\u00fdsledky pr\u00e1ce a prezentovanie predn\u00e1\u0161ky s n\u00e1zvom &#8211; Progres\u00edvne keramick\u00e9 materi\u00e1ly s v\u00fdnimo\u010dn\u00fdmi vlastnos\u0165ami<\/li>\n<\/ul>\n<p><strong>Noga Jozef<\/strong><\/p>\n<ul>\n<li>Elected as president of the Learned Society of the SAS, Elected by plenary assembly of the Learned Society of the SAS, 2013<\/li>\n<\/ul>\n<p><strong>\u0160ajgal\u00edk Pavol<\/strong><\/p>\n<ul>\n<li>Fellow of the European Ceramic Society (2013), Oce\u0148ovate\u013e: European Ceramic Society, Opis: ocenenie vedeckej, pedagogickej a organiza\u010dnej \u010dinnosti \u0161pi\u010dkov\u00fdch vedcov z Eur\u00f3py<\/li>\n<li>Stujts Award of the European Ceramic Society (2013), Oce\u0148ovate\u013e: European Ceramic Society (ECerS), Opis: Najvy\u0161\u0161ie ocenenie vedca spolo\u010dnos\u0165ou ECerS za celo\u017eivotn\u00e9 v\u00fdsledky dosiahnut\u00e9 v oblasti v\u00fdskumu keramick\u00fdch materi\u00e1lov<\/li>\n<\/ul>\n<p>&nbsp;<\/p>\n<p><strong>\u2014\u2014\u20142012\u2014\u2014\u2014\u2014-<\/strong><\/p>\n<p><strong>\u00dastav anorganickej ch\u00e9mie SAV za \u201eLaborat\u00f3rny \u017eiarov\u00fd lis ONE!\u201c<\/strong><\/p>\n<ul>\n<li>Oce\u0148ovate\u013e: Medzin\u00e1rodn\u00e1 porota tvoren\u00e1 expertmi na du\u0161evn\u00e9 vlastn\u00edctvo z relevantn\u00fdch vedeck\u00fdch, patentov\u00fdch a technologick\u00fdch in\u0161tit\u00faci\u00ed z Taiwanu, Japonska, Ve\u013ekej Brit\u00e1nie a \u0160vaj\u010diarska na Taipei International<\/li>\n<li>Opis: Za priemyseln\u00e9 vyu\u017eitie patentovan\u00fdch technol\u00f3gi\u00ed, v\u010faka ktor\u00fdm je mo\u017en\u00e9 dosiahnu\u0165 v\u00fdznamn\u00fd technologick\u00fd pokrok a zabezpe\u010di\u0165 trvalo udr\u017eate\u013en\u00fd rast hospod\u00e1rstva zalo\u017een\u00e9ho na vedeck\u00fdch poznatkoch<\/li>\n<\/ul>\n<p><strong>Malkin O\u013ega<\/strong><\/p>\n<ul>\n<li>Pr\u00e9mia za trojro\u010dn\u00fd vedeck\u00fd ohlas (2. miesto), udelen\u00e9 v\u00a0roku 2012,\u00a0Oce\u0148ovate\u013e: Liter\u00e1rny fond, Sekcia pre vedeck\u00fa a odborn\u00fa literat\u00faru a po\u010d\u00edta\u010dov\u00e9 programy<\/li>\n<\/ul>\n","protected":false},"excerpt":{"rendered":"<p>\u2014\u2014\u20142024\u2014\u2014\u2014\u2014\u2014\u2014\u2014\u2014\u2014\u2014\u2014\u2014\u2014\u2014\u2014\u2014\u2014\u2014\u2014\u2014 Du\u0161an Galusek Cena Slovenskej akad\u00e9mie vied za budovanie infra\u0161trukt\u00fary, udelen\u00e1 11. janu\u00e1ra 2024 (klikni viac inform\u00e1ci\u00ed) \u2014\u2014\u20142023\u2014\u2014\u2014\u2014\u2014\u2014\u2014\u2014\u2014\u2014\u2014\u2014\u2014\u2014\u2014\u2014\u2014\u2014\u2014\u2014 Jana Madejov\u00e1 Rad \u013dudov\u00edta \u0160t\u00fara II. triedy&#8230;<\/p>\n","protected":false},"author":1,"featured_media":0,"parent":63,"menu_order":40,"comment_status":"closed","ping_status":"closed","template":"","meta":{"footnotes":"","_links_to":"","_links_to_target":""},"class_list":["post-709","page","type-page","status-publish","hentry"],"_links":{"self":[{"href":"https:\/\/uach.sav.sk\/sk\/wp-json\/wp\/v2\/pages\/709","targetHints":{"allow":["GET"]}}],"collection":[{"href":"https:\/\/uach.sav.sk\/sk\/wp-json\/wp\/v2\/pages"}],"about":[{"href":"https:\/\/uach.sav.sk\/sk\/wp-json\/wp\/v2\/types\/page"}],"author":[{"embeddable":true,"href":"https:\/\/uach.sav.sk\/sk\/wp-json\/wp\/v2\/users\/1"}],"replies":[{"embeddable":true,"href":"https:\/\/uach.sav.sk\/sk\/wp-json\/wp\/v2\/comments?post=709"}],"version-history":[{"count":28,"href":"https:\/\/uach.sav.sk\/sk\/wp-json\/wp\/v2\/pages\/709\/revisions"}],"predecessor-version":[{"id":3341,"href":"https:\/\/uach.sav.sk\/sk\/wp-json\/wp\/v2\/pages\/709\/revisions\/3341"}],"up":[{"embeddable":true,"href":"https:\/\/uach.sav.sk\/sk\/wp-json\/wp\/v2\/pages\/63"}],"wp:attachment":[{"href":"https:\/\/uach.sav.sk\/sk\/wp-json\/wp\/v2\/media?parent=709"}],"curies":[{"name":"wp","href":"https:\/\/api.w.org\/{rel}","templated":true}]}}