{"id":9,"date":"2017-02-15T12:23:45","date_gmt":"2017-02-15T11:23:45","guid":{"rendered":"http:\/\/www.uach.sav.sk\/?page_id=9"},"modified":"2018-09-04T08:32:36","modified_gmt":"2018-09-04T06:32:36","slug":"zameranie-ustavu","status":"publish","type":"page","link":"https:\/\/uach.sav.sk\/sk\/o-ustave\/zameranie-ustavu\/","title":{"rendered":"Zameranie \u00fastavu"},"content":{"rendered":"<p>\u00dastav je zameran\u00fd na z\u00e1kladn\u00fd v\u00fdskum v oblasti anorganick\u00fdch a bioanorganick\u00fdch syst\u00e9mov so zameran\u00edm na optimaliz\u00e1ciu a v\u00fdvoj nov\u00fdch materi\u00e1lov a technologick\u00fdch procesov vo vedn\u00fdch odboroch:<\/p>\n<ul>\n<li>Anorganick\u00e1 ch\u00e9mia<\/li>\n<li>Fyzik\u00e1lna ch\u00e9mia<\/li>\n<li>Materi\u00e1lov\u00e1 ch\u00e9mia<\/li>\n<li>Anorganick\u00e1 technol\u00f3gia a materi\u00e1ly<\/li>\n<li>Teoretick\u00e1 a po\u010d\u00edta\u010dov\u00e1 ch\u00e9mia<\/li>\n<li>Nanotechnol\u00f3gie<\/li>\n<\/ul>\n<p>\u00dastav uskuto\u010d\u0148uje v\u00fdchovu doktorandov v zmysle v\u0161eobecne z\u00e1v\u00e4zn\u00fdch pr\u00e1vnych predpisov<\/p>\n<p>\u00dastav poskytuje poradensk\u00e9 a expert\u00edzne slu\u017eby s\u00favisiace s hlavnou \u010dinnos\u0165ou \u00fastavu<br \/>\nPredmetom v\u00fdskumu s\u00fa najm\u00e4:<\/p>\n<ul>\n<li>vz\u0165ahy medzi zlo\u017een\u00edm, vlastnos\u0165ami a \u0161trukt\u00farou anorganick\u00fdch l\u00e1tok, predov\u0161etk\u00fdm progres\u00edvnych keramick\u00fdch materi\u00e1lov, taveninov\u00fdch s\u00fastav a hydrosilik\u00e1tov,<\/li>\n<li>termodynamika viaczlo\u017ekov\u00fdch s\u00fastav,<\/li>\n<li>javy a chemick\u00e9 reakcie v anorganick\u00fdch s\u00fastav\u00e1ch, vr\u00e1tane f\u00e1zov\u00fdch rozhran\u00ed,<\/li>\n<li>v\u00fdvoj a aplik\u00e1cia teoretick\u00fdch a experiment\u00e1lnych met\u00f3d pre ur\u010dovanie \u0161trukt\u00fary a vlastnost\u00ed l\u00e1tok.<\/li>\n<\/ul>\n","protected":false},"excerpt":{"rendered":"<p>\u00dastav je zameran\u00fd na z\u00e1kladn\u00fd v\u00fdskum v oblasti anorganick\u00fdch a bioanorganick\u00fdch syst\u00e9mov so zameran\u00edm na optimaliz\u00e1ciu a v\u00fdvoj nov\u00fdch materi\u00e1lov a technologick\u00fdch procesov vo vedn\u00fdch&#8230;<\/p>\n","protected":false},"author":1,"featured_media":0,"parent":7,"menu_order":10,"comment_status":"closed","ping_status":"closed","template":"","meta":{"footnotes":"","_links_to":"","_links_to_target":""},"class_list":["post-9","page","type-page","status-publish","hentry"],"_links":{"self":[{"href":"https:\/\/uach.sav.sk\/sk\/wp-json\/wp\/v2\/pages\/9","targetHints":{"allow":["GET"]}}],"collection":[{"href":"https:\/\/uach.sav.sk\/sk\/wp-json\/wp\/v2\/pages"}],"about":[{"href":"https:\/\/uach.sav.sk\/sk\/wp-json\/wp\/v2\/types\/page"}],"author":[{"embeddable":true,"href":"https:\/\/uach.sav.sk\/sk\/wp-json\/wp\/v2\/users\/1"}],"replies":[{"embeddable":true,"href":"https:\/\/uach.sav.sk\/sk\/wp-json\/wp\/v2\/comments?post=9"}],"version-history":[{"count":4,"href":"https:\/\/uach.sav.sk\/sk\/wp-json\/wp\/v2\/pages\/9\/revisions"}],"predecessor-version":[{"id":1329,"href":"https:\/\/uach.sav.sk\/sk\/wp-json\/wp\/v2\/pages\/9\/revisions\/1329"}],"up":[{"embeddable":true,"href":"https:\/\/uach.sav.sk\/sk\/wp-json\/wp\/v2\/pages\/7"}],"wp:attachment":[{"href":"https:\/\/uach.sav.sk\/sk\/wp-json\/wp\/v2\/media?parent=9"}],"curies":[{"name":"wp","href":"https:\/\/api.w.org\/{rel}","templated":true}]}}