{"id":989,"date":"2017-11-19T18:51:59","date_gmt":"2017-11-19T17:51:59","guid":{"rendered":"http:\/\/www.uach.sav.sk\/sk\/?page_id=989"},"modified":"2017-12-14T15:27:49","modified_gmt":"2017-12-14T14:27:49","slug":"dni-otvorenych-dveri","status":"publish","type":"page","link":"https:\/\/uach.sav.sk\/sk\/o-ustave\/fotogaleria\/dni-otvorenych-dveri\/","title":{"rendered":"Dni otvoren\u00fdch dver\u00ed"},"content":{"rendered":"<p><span style=\"color: #008080;\"><strong>DOD 2017<\/strong><\/span><br \/>\n<div class=\"wonderplugingallery-container\" id=\"wonderplugingallery-container-1\" style=\"max-width:640px;margin:0 auto;\"><div class=\"wonderplugingallery\" id=\"wonderplugingallery-1\" data-galleryid=\"1\" data-width=\"640\" data-height=\"360\" data-skin=\"gallery\" data-random=\"false\" data-autoslide=\"false\" data-autoplayvideo=\"false\" data-schemamarkup=\"false\" data-hidetitlewhenvideoisplaying=\"false\" data-disablehovereventontouch=\"false\" data-autoslideandplayafterfirstplayed=\"false\" data-html5player=\"true\" data-responsive=\"true\" data-fullwidth=\"false\" data-showtitle=\"true\" data-showdescription=\"true\" data-showplaybutton=\"true\" data-showfullscreenbutton=\"true\" data-showtimer=\"true\" data-showcarousel=\"true\" data-galleryshadow=\"false\" data-slideshadow=\"true\" data-thumbshowtitle=\"true\" data-thumbshadow=\"true\" data-lightboxshowtitle=\"true\" data-lightboxshowdescription=\"true\" data-specifyid=\"true\" data-donotinit=\"false\" data-addinitscript=\"false\" data-triggerresize=\"false\" data-thumbcolumnsresponsive=\"false\" data-showimgtitle=\"false\" data-titlesmallscreen=\"false\" data-initsocial=\"true\" data-showsocial=\"false\" data-showemail=\"false\" data-showfacebook=\"true\" data-showtwitter=\"true\" data-showpinterest=\"true\" data-socialrotateeffect=\"true\" data-doshortcodeontext=\"false\" data-duration=\"1500\" data-slideduration=\"1000\" data-slideshowinterval=\"6000\" data-googleanalyticsaccount=\"\" data-resizemode=\"fill\" data-imagetoolboxmode=\"mouseover\" data-effect=\"fade\" data-padding=\"12\" data-bgcolor=\"\" data-bgimage=\"\" data-thumbwidth=\"120\" data-thumbheight=\"60\" data-thumbgap=\"8\" data-thumbrowgap=\"16\" data-lightboxtextheight=\"72\" data-lightboxtitlecss=\"{color:#333333; font:bold 12px Arial,Helvetica,sans-serif; overflow:hidden; white-space:normal; line-height:18px;}\" data-lightboxdescriptioncss=\"{color:#333333; font:normal 12px Arial,Helvetica,sans-serif; overflow:hidden; white-space:normal; line-height:14px;}\" data-titlecss=\"{color:#ffffff; font-size:14px; font-family:Armata, sans-serif, Arial; overflow:hidden; text-align:left; padding:10px 0px 10px 10px; background:rgb(102, 102, 102) transparent; background:rgba(102, 102, 102, 0.6);}\" data-descriptioncss=\"{color:#ffffff; font-size:13px; font-family:Armata, sans-serif, Arial; overflow:hidden; text-align:left; padding:0px 0px 10px 10px; background:rgb(102, 102, 102) transparent; background:rgba(102, 102, 102, 0.6);}\" data-titleheight=\"72\" data-titlesmallscreenwidth=\"640\" data-titleheightsmallscreen=\"148\" data-socialmode=\"mouseover\" data-socialposition=\"position:absolute;top:8px;right:8px;\" data-socialpositionlightbox=\"position:absolute;top:8px;right:8px;\" data-socialdirection=\"horizontal\" data-socialbuttonsize=\"32\" data-socialbuttonfontsize=\"18\" data-triggerresizedelay=\"100\" data-thumbmediumsize=\"800\" data-thumbsmallsize=\"480\" data-thumbmediumwidth=\"64\" data-thumbmediumheight=\"64\" data-thumbsmallwidth=\"48\" data-thumbsmallheight=\"48\" data-imgtitle=\"title\" data-jsfolder=\"https:\/\/uach.sav.sk\/sk\/wp-content\/plugins\/wonderplugin-gallery\/engine\/\" style=\"display:none;\" ><a class=\"html5galleryimglink\" href=\"https:\/\/uach.sav.sk\/sk\/wp-content\/uploads\/sites\/2\/1_Ondrej_w.jpg\" data-mediatype=1 rel=\"lightbox[989]\"><img decoding=\"async\" class=\"html5galleryimg html5gallery-tn-image\" src=\"https:\/\/uach.sav.sk\/sk\/wp-content\/uploads\/sites\/2\/1_Ondrej_w-150x150.jpg\" alt=\"\u013dadov\u00e1 romantika... (\u00a9 J. Pri\u0161\u010d\u00e1k)\" data-description=\"Ondrej Hanzel\"><\/a><div class=\"html5gallery-info\"><div class=\"html5gallery-title\">\u013dadov\u00e1 romantika... (\u00a9 J. Pri\u0161\u010d\u00e1k)<\/div><div class=\"html5gallery-description\">Ondrej Hanzel<\/div><\/div><a class=\"html5galleryimglink\" href=\"https:\/\/uach.sav.sk\/sk\/wp-content\/uploads\/sites\/2\/1_Ondrej.jpg\" data-mediatype=1 rel=\"lightbox[989]\"><img decoding=\"async\" class=\"html5galleryimg html5gallery-tn-image\" src=\"https:\/\/uach.sav.sk\/sk\/wp-content\/uploads\/sites\/2\/1_Ondrej-150x150.jpg\" alt=\"De\u0148 otvoren\u00fdch dver\u00ed (\u00a9 J. Pri\u0161\u010d\u00e1k)\"><\/a><div class=\"html5gallery-info\"><div class=\"html5gallery-title\">De\u0148 otvoren\u00fdch dver\u00ed (\u00a9 J. Pri\u0161\u010d\u00e1k)<\/div><\/div><a class=\"html5galleryimglink\" href=\"https:\/\/uach.sav.sk\/sk\/wp-content\/uploads\/sites\/2\/9_Peter_w.jpg\" data-mediatype=1 rel=\"lightbox[989]\"><img decoding=\"async\" class=\"html5galleryimg html5gallery-tn-image\" src=\"https:\/\/uach.sav.sk\/sk\/wp-content\/uploads\/sites\/2\/9_Peter_w-150x150.jpg\" alt=\"Svet modern\u00fdch keramick\u00fdch materi\u00e1lov (\u00a9 J. Pri\u0161\u010d\u00e1k)\" data-description=\"Peter Tatarko\"><\/a><div class=\"html5gallery-info\"><div class=\"html5gallery-title\">Svet modern\u00fdch keramick\u00fdch materi\u00e1lov (\u00a9 J. Pri\u0161\u010d\u00e1k)<\/div><div class=\"html5gallery-description\">Peter Tatarko<\/div><\/div><a class=\"html5galleryimglink\" href=\"https:\/\/uach.sav.sk\/sk\/wp-content\/uploads\/sites\/2\/8_Miso_w.jpg\" data-mediatype=1 rel=\"lightbox[989]\"><img decoding=\"async\" class=\"html5galleryimg html5gallery-tn-image\" src=\"https:\/\/uach.sav.sk\/sk\/wp-content\/uploads\/sites\/2\/8_Miso_w-150x150.jpg\" alt=\"Inteligentn\u00e9 vibr\u00e1cie... (\u00a9 J. Pri\u0161\u010d\u00e1k)\" data-description=\"Michal Slan\u00fd\"><\/a><div class=\"html5gallery-info\"><div class=\"html5gallery-title\">Inteligentn\u00e9 vibr\u00e1cie... (\u00a9 J. Pri\u0161\u010d\u00e1k)<\/div><div class=\"html5gallery-description\">Michal Slan\u00fd<\/div><\/div><a class=\"html5galleryimglink\" href=\"https:\/\/uach.sav.sk\/sk\/wp-content\/uploads\/sites\/2\/7_Roman_w.jpg\" data-mediatype=1 rel=\"lightbox[989]\"><img decoding=\"async\" class=\"html5galleryimg html5gallery-tn-image\" src=\"https:\/\/uach.sav.sk\/sk\/wp-content\/uploads\/sites\/2\/7_Roman_w-150x150.jpg\" alt=\"Stla\u010den\u00e9 peklo... (\u00a9 J. Pri\u0161\u010d\u00e1k)\" data-description=\"Roman Bystrick\u00fd\"><\/a><div class=\"html5gallery-info\"><div class=\"html5gallery-title\">Stla\u010den\u00e9 peklo... (\u00a9 J. Pri\u0161\u010d\u00e1k)<\/div><div class=\"html5gallery-description\">Roman Bystrick\u00fd<\/div><\/div><a class=\"html5galleryimglink\" href=\"https:\/\/uach.sav.sk\/sk\/wp-content\/uploads\/sites\/2\/6_Ada_w.jpg\" data-mediatype=1 rel=\"lightbox[989]\"><img decoding=\"async\" class=\"html5galleryimg html5gallery-tn-image\" src=\"https:\/\/uach.sav.sk\/sk\/wp-content\/uploads\/sites\/2\/6_Ada_w-150x150.jpg\" alt=\"\u010ciarov\u00e9 k\u00f3dy pr\u00edrody... (\u00a9 J. Pri\u0161\u010d\u00e1k)\" data-description=\"Adriana Cz\u00edmerov\u00e1\"><\/a><div class=\"html5gallery-info\"><div class=\"html5gallery-title\">\u010ciarov\u00e9 k\u00f3dy pr\u00edrody... (\u00a9 J. Pri\u0161\u010d\u00e1k)<\/div><div class=\"html5gallery-description\">Adriana Cz\u00edmerov\u00e1<\/div><\/div><a class=\"html5galleryimglink\" href=\"https:\/\/uach.sav.sk\/sk\/wp-content\/uploads\/sites\/2\/6_Ada2_w.jpg\" data-mediatype=1 rel=\"lightbox[989]\"><img decoding=\"async\" class=\"html5galleryimg html5gallery-tn-image\" src=\"https:\/\/uach.sav.sk\/sk\/wp-content\/uploads\/sites\/2\/6_Ada2_w-150x150.jpg\" alt=\"De\u0148 otvoren\u00fdch dver\u00ed (\u00a9 J. Pri\u0161\u010d\u00e1k)\"><\/a><div class=\"html5gallery-info\"><div class=\"html5gallery-title\">De\u0148 otvoren\u00fdch dver\u00ed (\u00a9 J. Pri\u0161\u010d\u00e1k)<\/div><\/div><a class=\"html5galleryimglink\" href=\"https:\/\/uach.sav.sk\/sk\/wp-content\/uploads\/sites\/2\/6_Ada1_w.jpg\" data-mediatype=1 rel=\"lightbox[989]\"><img decoding=\"async\" class=\"html5galleryimg html5gallery-tn-image\" src=\"https:\/\/uach.sav.sk\/sk\/wp-content\/uploads\/sites\/2\/6_Ada1_w-150x150.jpg\" alt=\"De\u0148 otvoren\u00fdch dver\u00ed (\u00a9 J. Pri\u0161\u010d\u00e1k)\"><\/a><div class=\"html5gallery-info\"><div class=\"html5gallery-title\">De\u0148 otvoren\u00fdch dver\u00ed (\u00a9 J. Pri\u0161\u010d\u00e1k)<\/div><\/div><a class=\"html5galleryimglink\" href=\"https:\/\/uach.sav.sk\/sk\/wp-content\/uploads\/sites\/2\/5_Anicka_w.jpg\" data-mediatype=1 rel=\"lightbox[989]\"><img decoding=\"async\" class=\"html5galleryimg html5gallery-tn-image\" src=\"https:\/\/uach.sav.sk\/sk\/wp-content\/uploads\/sites\/2\/5_Anicka_w-150x150.jpg\" alt=\"Elektr\u00f3nov\u00e1 stre\u013eba na \u017eiv\u00e9 organizmy... (\u00a9 J. Pri\u0161\u010d\u00e1k)\" data-description=\"Anna Jurov\u00e1\"><\/a><div class=\"html5gallery-info\"><div class=\"html5gallery-title\">Elektr\u00f3nov\u00e1 stre\u013eba na \u017eiv\u00e9 organizmy... (\u00a9 J. Pri\u0161\u010d\u00e1k)<\/div><div class=\"html5gallery-description\">Anna Jurov\u00e1<\/div><\/div><a class=\"html5galleryimglink\" href=\"https:\/\/uach.sav.sk\/sk\/wp-content\/uploads\/sites\/2\/4_Martin_w.jpg\" data-mediatype=1 rel=\"lightbox[989]\"><img decoding=\"async\" class=\"html5galleryimg html5gallery-tn-image\" src=\"https:\/\/uach.sav.sk\/sk\/wp-content\/uploads\/sites\/2\/4_Martin_w-150x150.jpg\" alt=\"\u00cdl, ktor\u00fd nie je iba hlina... (\u00a9 J. Pri\u0161\u010d\u00e1k)\" data-description=\"Martin Barlog\"><\/a><div class=\"html5gallery-info\"><div class=\"html5gallery-title\">\u00cdl, ktor\u00fd nie je iba hlina... (\u00a9 J. Pri\u0161\u010d\u00e1k)<\/div><div class=\"html5gallery-description\">Martin Barlog<\/div><\/div><a class=\"html5galleryimglink\" href=\"https:\/\/uach.sav.sk\/sk\/wp-content\/uploads\/sites\/2\/3_Michal_w.jpg\" data-mediatype=1 rel=\"lightbox[989]\"><img decoding=\"async\" class=\"html5galleryimg html5gallery-tn-image\" src=\"https:\/\/uach.sav.sk\/sk\/wp-content\/uploads\/sites\/2\/3_Michal_w-150x150.jpg\" alt=\"Tajomstv\u00e1 ch\u00e9mie... (\u00a9 J. Pri\u0161\u010d\u00e1k)\" data-description=\"Michal Hi\u010d\u00e1k\"><\/a><div class=\"html5gallery-info\"><div class=\"html5gallery-title\">Tajomstv\u00e1 ch\u00e9mie... (\u00a9 J. Pri\u0161\u010d\u00e1k)<\/div><div class=\"html5gallery-description\">Michal Hi\u010d\u00e1k<\/div><\/div><a class=\"html5galleryimglink\" href=\"https:\/\/uach.sav.sk\/sk\/wp-content\/uploads\/sites\/2\/3_Michal_1_w.jpg\" data-mediatype=1 rel=\"lightbox[989]\"><img decoding=\"async\" class=\"html5galleryimg html5gallery-tn-image\" src=\"https:\/\/uach.sav.sk\/sk\/wp-content\/uploads\/sites\/2\/3_Michal_1_w-150x150.jpg\" alt=\"Tajomstv\u00e1 ch\u00e9mie (\u00a9 J. Pri\u0161\u010d\u00e1k)\"><\/a><div class=\"html5gallery-info\"><div class=\"html5gallery-title\">Tajomstv\u00e1 ch\u00e9mie (\u00a9 J. Pri\u0161\u010d\u00e1k)<\/div><\/div><a class=\"html5galleryimglink\" href=\"https:\/\/uach.sav.sk\/sk\/wp-content\/uploads\/sites\/2\/2_Viliam_w.jpg\" data-mediatype=1 rel=\"lightbox[989]\"><img decoding=\"async\" class=\"html5galleryimg html5gallery-tn-image\" src=\"https:\/\/uach.sav.sk\/sk\/wp-content\/uploads\/sites\/2\/2_Viliam_w-150x150.jpg\" alt=\"Tajomstv\u00e1 ch\u00e9mie (\u00a9 J. Pri\u0161\u010d\u00e1k)\" data-description=\"Viliam Pavl\u00edk\"><\/a><div class=\"html5gallery-info\"><div class=\"html5gallery-title\">Tajomstv\u00e1 ch\u00e9mie (\u00a9 J. Pri\u0161\u010d\u00e1k)<\/div><div class=\"html5gallery-description\">Viliam Pavl\u00edk<\/div><\/div><a class=\"html5galleryimglink\" href=\"https:\/\/uach.sav.sk\/sk\/wp-content\/uploads\/sites\/2\/2_Viliam_ruky.jpg\" data-mediatype=1 rel=\"lightbox[989]\"><img decoding=\"async\" class=\"html5galleryimg html5gallery-tn-image\" src=\"https:\/\/uach.sav.sk\/sk\/wp-content\/uploads\/sites\/2\/2_Viliam_ruky-150x150.jpg\" alt=\"De\u0148 otvoren\u00fdch dver\u00ed (\u00a9 J. Pri\u0161\u010d\u00e1k)\"><\/a><div class=\"html5gallery-info\"><div class=\"html5gallery-title\">De\u0148 otvoren\u00fdch dver\u00ed (\u00a9 J. Pri\u0161\u010d\u00e1k)<\/div><\/div><div class=\"wonderplugin-engine\"><a href=\"http:\/\/www.wonderplugin.com\/wordpress-gallery\/\" title=\"Responsive WordPress YouTube Gallery Plugin\">Responsive WordPress YouTube Gallery Plugin<\/a><\/div><\/div><\/div><\/p>\n","protected":false},"excerpt":{"rendered":"<p>DOD 2017<\/p>\n","protected":false},"author":1,"featured_media":0,"parent":25,"menu_order":30,"comment_status":"closed","ping_status":"closed","template":"","meta":{"footnotes":"","_links_to":"","_links_to_target":""},"class_list":["post-989","page","type-page","status-publish","hentry"],"_links":{"self":[{"href":"https:\/\/uach.sav.sk\/sk\/wp-json\/wp\/v2\/pages\/989","targetHints":{"allow":["GET"]}}],"collection":[{"href":"https:\/\/uach.sav.sk\/sk\/wp-json\/wp\/v2\/pages"}],"about":[{"href":"https:\/\/uach.sav.sk\/sk\/wp-json\/wp\/v2\/types\/page"}],"author":[{"embeddable":true,"href":"https:\/\/uach.sav.sk\/sk\/wp-json\/wp\/v2\/users\/1"}],"replies":[{"embeddable":true,"href":"https:\/\/uach.sav.sk\/sk\/wp-json\/wp\/v2\/comments?post=989"}],"version-history":[{"count":2,"href":"https:\/\/uach.sav.sk\/sk\/wp-json\/wp\/v2\/pages\/989\/revisions"}],"predecessor-version":[{"id":1006,"href":"https:\/\/uach.sav.sk\/sk\/wp-json\/wp\/v2\/pages\/989\/revisions\/1006"}],"up":[{"embeddable":true,"href":"https:\/\/uach.sav.sk\/sk\/wp-json\/wp\/v2\/pages\/25"}],"wp:attachment":[{"href":"https:\/\/uach.sav.sk\/sk\/wp-json\/wp\/v2\/media?parent=989"}],"curies":[{"name":"wp","href":"https:\/\/api.w.org\/{rel}","templated":true}]}}